{"id":1071,"date":"2017-09-19T14:41:32","date_gmt":"2017-09-19T12:41:32","guid":{"rendered":"https:\/\/www.jasfbg.com.pl\/about-company\/historia\/"},"modified":"2025-07-15T09:37:06","modified_gmt":"2025-07-15T07:37:06","slug":"history","status":"publish","type":"page","link":"https:\/\/www.jasfbg.com.pl\/en\/about-company\/history\/","title":{"rendered":"History"},"content":{"rendered":"<p style=\"text-align: left;\"><div class=\"col-margin\"><\/div><br \/>\n<div class=\"row\"><\/p>\n<p style=\"text-align: left;\"><\/div><\/p>\n<p style=\"text-align: left;\">Our company was founded in&nbsp;1991 in&nbsp;Paw\u0142owice, initially offering customs agency services. In the following years, the network of&nbsp;our branches providing these services was already the largest in&nbsp;the country. The next years brought a&nbsp;gradual expansion with new services \u2013 forwarding (including by&nbsp;rail and sea) and transport. They were supplemented with warehousing and later logistics services, which was just a\u00a0logical consequence.<\/p>\n<p style=\"text-align: left;\">In 2016, the founder and first president of&nbsp;JAS-FBG S.A., Wies\u0142aw Hanczarek, was commemorated when a&nbsp;street in&nbsp;Warszowice, where the logistics center built by&nbsp;us in&nbsp;2013 is&nbsp;located, was named after him.<\/p>\n<h2 style=\"text-align: left;\">Outline of&nbsp;our company development:<\/h2>\n<p style=\"text-align: left;\"><div class=\"timeline\"><br \/>\n<div class=\"timeline-item\">\r\n                <div>\r\n                    <span>1991<\/span>\r\n                <\/div>\r\n                <div>\r\n                    <p><br \/>\nstart of&nbsp;JAS-FBG S.A. business as&nbsp;a&nbsp;customs agency<br \/>\n<\/p>\r\n                <\/div>\r\n            <\/div><br \/>\n<div class=\"timeline-item\">\r\n                <div>\r\n                    <span>1997<\/span>\r\n                <\/div>\r\n                <div>\r\n                    <p><br \/>\nexpanding the scope of&nbsp;services by&nbsp;road forwarding<br \/>\n<\/p>\r\n                <\/div>\r\n            <\/div><br \/>\n<div class=\"timeline-item\">\r\n                <div>\r\n                    <span>1997<\/span>\r\n                <\/div>\r\n                <div>\r\n                    <p><br \/>\nestablishing JAS-FBG GmbH in&nbsp;Germany<br \/>\n<\/p>\r\n                <\/div>\r\n            <\/div><br \/>\n<div class=\"timeline-item\">\r\n                <div>\r\n                    <span>1999<\/span>\r\n                <\/div>\r\n                <div>\r\n                    <p><br \/>\nexpanding the scope of&nbsp;services by&nbsp;rail and sea forwarding<br \/>\n<\/p>\r\n                <\/div>\r\n            <\/div><br \/>\n<div class=\"timeline-item\">\r\n                <div>\r\n                    <span>2000<\/span>\r\n                <\/div>\r\n                <div>\r\n                    <p><br \/>\nobtaining quality certificate according to&nbsp;ISO 9001<br \/>\n<\/p>\r\n                <\/div>\r\n            <\/div><br \/>\n<div class=\"timeline-item\">\r\n                <div>\r\n                    <span>2001<\/span>\r\n                <\/div>\r\n                <div>\r\n                    <p><br \/>\ntaking over 80% shares in&nbsp;Transbud-Katowice S.A.<br \/>\n<\/p>\r\n                <\/div>\r\n            <\/div><br \/>\n<div class=\"timeline-item\">\r\n                <div>\r\n                    <span>2001<\/span>\r\n                <\/div>\r\n                <div>\r\n                    <p><br \/>\nacquisition of&nbsp;C.A.S. CASPOL<br \/>\n<\/p>\r\n                <\/div>\r\n            <\/div><br \/>\n<div class=\"timeline-item\">\r\n                <div>\r\n                    <span>2001<\/span>\r\n                <\/div>\r\n                <div>\r\n                    <p><br \/>\ntaking over 88% shares in&nbsp;Transbud-Masiwa Sp. z&nbsp;o.o.<br \/>\n<\/p>\r\n                <\/div>\r\n            <\/div><br \/>\n<div class=\"timeline-item\">\r\n                <div>\r\n                    <span>2002<\/span>\r\n                <\/div>\r\n                <div>\r\n                    <p><br \/>\nexpanding the scope of&nbsp;services by&nbsp;air freight forwarding<br \/>\n<\/p>\r\n                <\/div>\r\n            <\/div><br \/>\n<div class=\"timeline-item\">\r\n                <div>\r\n                    <span>2003<\/span>\r\n                <\/div>\r\n                <div>\r\n                    <p><br \/>\nstart of&nbsp;domestic bulk shipping distribution system<br \/>\n<\/p>\r\n                <\/div>\r\n            <\/div><br \/>\n<div class=\"timeline-item\">\r\n                <div>\r\n                    <span>2004<\/span>\r\n                <\/div>\r\n                <div>\r\n                    <p><br \/>\nmerger of&nbsp;Transbud-Katowice S.A. and Transbud-Masiwa Sp. z&nbsp;o.o.<br \/>\n<\/p>\r\n                <\/div>\r\n            <\/div><br \/>\n<div class=\"timeline-item\">\r\n                <div>\r\n                    <span>2005<\/span>\r\n                <\/div>\r\n                <div>\r\n                    <p><br \/>\nobtaining ISO 14001 certificate<br \/>\n<\/p>\r\n                <\/div>\r\n            <\/div><br \/>\n<div class=\"timeline-item\">\r\n                <div>\r\n                    <span>2006<\/span>\r\n                <\/div>\r\n                <div>\r\n                    <p><br \/>\nimplementation of&nbsp;the TMS [Transport Management System]<br \/>\n<\/p>\r\n                <\/div>\r\n            <\/div><br \/>\n<div class=\"timeline-item\">\r\n                <div>\r\n                    <span>2008<\/span>\r\n                <\/div>\r\n                <div>\r\n                    <p><br \/>\nobtaining ISO 22000 certificate<br \/>\n<\/p>\r\n                <\/div>\r\n            <\/div><br \/>\n<div class=\"timeline-item\">\r\n                <div>\r\n                    <span>2009<\/span>\r\n                <\/div>\r\n                <div>\r\n                    <p><br \/>\nimplementation of&nbsp;monitoring shipments by&nbsp;means of&nbsp;barcodes<br \/>\n<\/p>\r\n                <\/div>\r\n            <\/div><br \/>\n<div class=\"timeline-item\">\r\n                <div>\r\n                    <span>2010<\/span>\r\n                <\/div>\r\n                <div>\r\n                    <p><br \/>\nestablishing JAS-FBG kft. in&nbsp;Hungary<br \/>\n<\/p>\r\n                <\/div>\r\n            <\/div><br \/>\n<div class=\"timeline-item\">\r\n                <div>\r\n                    <span>2010<\/span>\r\n                <\/div>\r\n                <div>\r\n                    <p><br \/>\nobtaining the AEO status entitling to&nbsp;facilities concerning customs clearance<br \/>\n<\/p>\r\n                <\/div>\r\n            <\/div><br \/>\n<div class=\"timeline-item\">\r\n                <div>\r\n                    <span>2013<\/span>\r\n                <\/div>\r\n                <div>\r\n                    <p><br \/>\ncompletion of&nbsp;construction of&nbsp;our own logistic centre in&nbsp;Warszowice<br \/>\n<\/p>\r\n                <\/div>\r\n            <\/div><br \/>\n<div class=\"timeline-item\">\r\n                <div>\r\n                    <span>2017<\/span>\r\n                <\/div>\r\n                <div>\r\n                    <p><br \/>\n<span class=\"HwtZe\" lang=\"en\"><span class=\"jCAhz ChMk0b\"><span class=\"ryNqvb\">construction of&nbsp;our own domestic forwarding warehouse near <\/span><\/span><\/span>S\u0142upsk<br \/>\n<\/p>\r\n                <\/div>\r\n            <\/div><br \/>\n<div class=\"timeline-item\">\r\n                <div>\r\n                    <span>2020<\/span>\r\n                <\/div>\r\n                <div>\r\n                    <p><br \/>\nbuilding our own warehouse in&nbsp;Bydgoszcz<br \/>\n<\/p>\r\n                <\/div>\r\n            <\/div><br \/>\n<div class=\"timeline-item\">\r\n                <div>\r\n                    <span>2020<\/span>\r\n                <\/div>\r\n                <div>\r\n                    <p><br \/>\nobtaining the URS ISO 28 000 Certificate in&nbsp;the scope of&nbsp;implementation and application of&nbsp;supply chain security management<br \/>\n<\/p>\r\n                <\/div>\r\n            <\/div><br \/>\n<div class=\"timeline-item\">\r\n                <div>\r\n                    <span>2022<\/span>\r\n                <\/div>\r\n                <div>\r\n                    <p><br \/>\n<span class=\"HwtZe\" lang=\"en\"><span class=\"jCAhz ChMk0b\"><span class=\"ryNqvb\">construction of&nbsp;our own domestic forwarding warehouse near Lublin<br \/>\n<\/p>\r\n                <\/div>\r\n            <\/div><br \/>\n<div class=\"timeline-item\">\r\n                <div>\r\n                    <span>2024<\/span>\r\n                <\/div>\r\n                <div>\r\n                    <p><br \/>\nestablishment of&nbsp;JAS-FBG Doradztwo Sp. z&nbsp;o.o.<br \/>\n<\/p>\r\n                <\/div>\r\n            <\/div><br \/>\n<div class=\"timeline-item\">\r\n                <div>\r\n                    <span>2025<\/span>\r\n                <\/div>\r\n                <div>\r\n                    <p><br \/>\nexpansion of&nbsp;the logistics center in&nbsp;Warszowice with a&nbsp;new warehouse<br \/>\n<\/span><\/span><\/span><\/p>\n<p style=\"text-align: left;\"><\/p>\r\n                <\/div>\r\n            <\/div><br \/>\n<\/div><\/p>\n","protected":false},"excerpt":{"rendered":"<p>Our company was founded in&nbsp;1991 in&nbsp;Paw\u0142owice, initially offering customs agency services. In the following years, the network of&nbsp;our branches providing these services was already the largest in&nbsp;the country. The next years brought a&nbsp;gradual expansion with new services \u2013 forwarding (including by&nbsp;rail and sea) and transport. They were supplemented with warehousing and later logistics services, which [&hellip;]<\/p>\n","protected":false},"author":1,"featured_media":0,"parent":1067,"menu_order":4,"comment_status":"closed","ping_status":"closed","template":"","meta":{"_acf_changed":false,"inline_featured_image":false,"footnotes":""},"class_list":["post-1071","page","type-page","status-publish","hentry"],"acf":[],"yoast_head":"<!-- This site is optimized with the Yoast SEO plugin v27.5 - https:\/\/yoast.com\/product\/yoast-seo-wordpress\/ -->\n<title>History - Transport mi\u0119dzynarodowy, spedycja krajowa, firma spedycyjna JAS-FBG - Logistyka<\/title>\n<meta name=\"robots\" content=\"index, follow, max-snippet:-1, max-image-preview:large, max-video-preview:-1\" \/>\n<link rel=\"canonical\" href=\"https:\/\/www.jasfbg.com.pl\/en\/about-company\/history\/\" \/>\n<meta property=\"og:locale\" content=\"en_US\" \/>\n<meta property=\"og:type\" content=\"article\" \/>\n<meta property=\"og:title\" content=\"History - Transport mi\u0119dzynarodowy, spedycja krajowa, firma spedycyjna JAS-FBG - Logistyka\" \/>\n<meta property=\"og:description\" content=\"Our company was founded in&nbsp;1991 in&nbsp;Paw\u0142owice, initially offering customs agency services. In the following years, the network of&nbsp;our branches providing these services was already the largest in&nbsp;the country. The next years brought a&nbsp;gradual expansion with new services \u2013 forwarding (including by&nbsp;rail and sea) and transport. They were supplemented with warehousing and later logistics services, which [&hellip;]\" \/>\n<meta property=\"og:url\" content=\"https:\/\/www.jasfbg.com.pl\/en\/about-company\/history\/\" \/>\n<meta property=\"og:site_name\" content=\"Transport mi\u0119dzynarodowy, spedycja krajowa, firma spedycyjna JAS-FBG - Logistyka\" \/>\n<meta property=\"article:modified_time\" content=\"2025-07-15T07:37:06+00:00\" \/>\n<meta name=\"twitter:card\" content=\"summary_large_image\" \/>\n<meta name=\"twitter:label1\" content=\"Est. reading time\" \/>\n\t<meta name=\"twitter:data1\" content=\"3 minutes\" \/>\n<script type=\"application\/ld+json\" class=\"yoast-schema-graph\">{\"@context\":\"https:\\\/\\\/schema.org\",\"@graph\":[{\"@type\":\"WebPage\",\"@id\":\"https:\\\/\\\/www.jasfbg.com.pl\\\/en\\\/about-company\\\/history\\\/\",\"url\":\"https:\\\/\\\/www.jasfbg.com.pl\\\/en\\\/about-company\\\/history\\\/\",\"name\":\"History - Transport mi\u0119dzynarodowy, spedycja krajowa, firma spedycyjna JAS-FBG - Logistyka\",\"isPartOf\":{\"@id\":\"https:\\\/\\\/www.jasfbg.com.pl\\\/#website\"},\"datePublished\":\"2017-09-19T12:41:32+00:00\",\"dateModified\":\"2025-07-15T07:37:06+00:00\",\"breadcrumb\":{\"@id\":\"https:\\\/\\\/www.jasfbg.com.pl\\\/en\\\/about-company\\\/history\\\/#breadcrumb\"},\"inLanguage\":\"en-US\",\"potentialAction\":[{\"@type\":\"ReadAction\",\"target\":[\"https:\\\/\\\/www.jasfbg.com.pl\\\/en\\\/about-company\\\/history\\\/\"]}]},{\"@type\":\"BreadcrumbList\",\"@id\":\"https:\\\/\\\/www.jasfbg.com.pl\\\/en\\\/about-company\\\/history\\\/#breadcrumb\",\"itemListElement\":[{\"@type\":\"ListItem\",\"position\":1,\"name\":\"JAS-FBG S.A.\",\"item\":\"https:\\\/\\\/www.jasfbg.com.pl\\\/en\\\/\"},{\"@type\":\"ListItem\",\"position\":2,\"name\":\"About company\",\"item\":\"https:\\\/\\\/www.jasfbg.com.pl\\\/en\\\/about-company\\\/\"},{\"@type\":\"ListItem\",\"position\":3,\"name\":\"History\"}]},{\"@type\":\"WebSite\",\"@id\":\"https:\\\/\\\/www.jasfbg.com.pl\\\/#website\",\"url\":\"https:\\\/\\\/www.jasfbg.com.pl\\\/\",\"name\":\"Transport mi\u0119dzynarodowy, spedycja krajowa, firma spedycyjna JAS-FBG - Logistyka\",\"description\":\"Bezpiecznie, szybko i w dobrej cenie! Koniecznie sprawd\u017a nasz\u0105 ofert\u0119! Spedycja drogowa krajowa, mi\u0119dzynarodowa ca\u0142opojazdowa, drobnicowa, spedycja morska, spedycja lotnicza, spedycja kolejowa. Logistyka i magazynowanie. Tylko JAS-FBG!\",\"potentialAction\":[{\"@type\":\"SearchAction\",\"target\":{\"@type\":\"EntryPoint\",\"urlTemplate\":\"https:\\\/\\\/www.jasfbg.com.pl\\\/?s={search_term_string}\"},\"query-input\":{\"@type\":\"PropertyValueSpecification\",\"valueRequired\":true,\"valueName\":\"search_term_string\"}}],\"inLanguage\":\"en-US\"}]}<\/script>\n<!-- \/ Yoast SEO plugin. -->","yoast_head_json":{"title":"History - Transport mi\u0119dzynarodowy, spedycja krajowa, firma spedycyjna JAS-FBG - Logistyka","robots":{"index":"index","follow":"follow","max-snippet":"max-snippet:-1","max-image-preview":"max-image-preview:large","max-video-preview":"max-video-preview:-1"},"canonical":"https:\/\/www.jasfbg.com.pl\/en\/about-company\/history\/","og_locale":"en_US","og_type":"article","og_title":"History - Transport mi\u0119dzynarodowy, spedycja krajowa, firma spedycyjna JAS-FBG - Logistyka","og_description":"Our company was founded in&nbsp;1991 in&nbsp;Paw\u0142owice, initially offering customs agency services. In the following years, the network of&nbsp;our branches providing these services was already the largest in&nbsp;the country. The next years brought a&nbsp;gradual expansion with new services \u2013 forwarding (including by&nbsp;rail and sea) and transport. They were supplemented with warehousing and later logistics services, which [&hellip;]","og_url":"https:\/\/www.jasfbg.com.pl\/en\/about-company\/history\/","og_site_name":"Transport mi\u0119dzynarodowy, spedycja krajowa, firma spedycyjna JAS-FBG - Logistyka","article_modified_time":"2025-07-15T07:37:06+00:00","twitter_card":"summary_large_image","twitter_misc":{"Est. reading time":"3 minutes"},"schema":{"@context":"https:\/\/schema.org","@graph":[{"@type":"WebPage","@id":"https:\/\/www.jasfbg.com.pl\/en\/about-company\/history\/","url":"https:\/\/www.jasfbg.com.pl\/en\/about-company\/history\/","name":"History - Transport mi\u0119dzynarodowy, spedycja krajowa, firma spedycyjna JAS-FBG - Logistyka","isPartOf":{"@id":"https:\/\/www.jasfbg.com.pl\/#website"},"datePublished":"2017-09-19T12:41:32+00:00","dateModified":"2025-07-15T07:37:06+00:00","breadcrumb":{"@id":"https:\/\/www.jasfbg.com.pl\/en\/about-company\/history\/#breadcrumb"},"inLanguage":"en-US","potentialAction":[{"@type":"ReadAction","target":["https:\/\/www.jasfbg.com.pl\/en\/about-company\/history\/"]}]},{"@type":"BreadcrumbList","@id":"https:\/\/www.jasfbg.com.pl\/en\/about-company\/history\/#breadcrumb","itemListElement":[{"@type":"ListItem","position":1,"name":"JAS-FBG S.A.","item":"https:\/\/www.jasfbg.com.pl\/en\/"},{"@type":"ListItem","position":2,"name":"About company","item":"https:\/\/www.jasfbg.com.pl\/en\/about-company\/"},{"@type":"ListItem","position":3,"name":"History"}]},{"@type":"WebSite","@id":"https:\/\/www.jasfbg.com.pl\/#website","url":"https:\/\/www.jasfbg.com.pl\/","name":"Transport mi\u0119dzynarodowy, spedycja krajowa, firma spedycyjna JAS-FBG - Logistyka","description":"Bezpiecznie, szybko i w dobrej cenie! Koniecznie sprawd\u017a nasz\u0105 ofert\u0119! Spedycja drogowa krajowa, mi\u0119dzynarodowa ca\u0142opojazdowa, drobnicowa, spedycja morska, spedycja lotnicza, spedycja kolejowa. Logistyka i magazynowanie. Tylko JAS-FBG!","potentialAction":[{"@type":"SearchAction","target":{"@type":"EntryPoint","urlTemplate":"https:\/\/www.jasfbg.com.pl\/?s={search_term_string}"},"query-input":{"@type":"PropertyValueSpecification","valueRequired":true,"valueName":"search_term_string"}}],"inLanguage":"en-US"}]}},"_links":{"self":[{"href":"https:\/\/www.jasfbg.com.pl\/en\/wp-json\/wp\/v2\/pages\/1071","targetHints":{"allow":["GET"]}}],"collection":[{"href":"https:\/\/www.jasfbg.com.pl\/en\/wp-json\/wp\/v2\/pages"}],"about":[{"href":"https:\/\/www.jasfbg.com.pl\/en\/wp-json\/wp\/v2\/types\/page"}],"author":[{"embeddable":true,"href":"https:\/\/www.jasfbg.com.pl\/en\/wp-json\/wp\/v2\/users\/1"}],"replies":[{"embeddable":true,"href":"https:\/\/www.jasfbg.com.pl\/en\/wp-json\/wp\/v2\/comments?post=1071"}],"version-history":[{"count":39,"href":"https:\/\/www.jasfbg.com.pl\/en\/wp-json\/wp\/v2\/pages\/1071\/revisions"}],"predecessor-version":[{"id":21350,"href":"https:\/\/www.jasfbg.com.pl\/en\/wp-json\/wp\/v2\/pages\/1071\/revisions\/21350"}],"up":[{"embeddable":true,"href":"https:\/\/www.jasfbg.com.pl\/en\/wp-json\/wp\/v2\/pages\/1067"}],"wp:attachment":[{"href":"https:\/\/www.jasfbg.com.pl\/en\/wp-json\/wp\/v2\/media?parent=1071"}],"curies":[{"name":"wp","href":"https:\/\/api.w.org\/{rel}","templated":true}]}}