{"id":1073,"date":"2017-09-19T14:43:01","date_gmt":"2017-09-19T12:43:01","guid":{"rendered":"https:\/\/www.jasfbg.com.pl\/about-company\/csr\/"},"modified":"2025-10-20T14:08:52","modified_gmt":"2025-10-20T12:08:52","slug":"sustainable-development","status":"publish","type":"page","link":"https:\/\/www.jasfbg.com.pl\/en\/about-company\/sustainable-development\/","title":{"rendered":"Sustainable development"},"content":{"rendered":"<p style=\"text-align: left;\"><div class=\"col-margin\"><\/div><\/p>\n<p style=\"text-align: left;\">Sustainable development is&nbsp;a&nbsp;new quality in&nbsp;understanding business honesty, going beyond traditional philanthropy or&nbsp;reliability of&nbsp;the products offered. The actions taken by&nbsp;JAS-FBG S.A. are equally transparent in&nbsp;the scope of&nbsp;waste management, meeting financial liabilities and rela-tionships with employees.<\/p>\n<p style=\"text-align: left;\"><div class=\"hr\"><\/div><\/p>\n","protected":false},"excerpt":{"rendered":"<p>Sustainable development is&nbsp;a&nbsp;new quality in&nbsp;understanding business honesty, going beyond traditional philanthropy or&nbsp;reliability of&nbsp;the products offered. The actions taken by&nbsp;JAS-FBG S.A. are equally transparent in&nbsp;the scope of&nbsp;waste management, meeting financial liabilities and rela-tionships with employees.<\/p>\n","protected":false},"author":1,"featured_media":0,"parent":1067,"menu_order":5,"comment_status":"closed","ping_status":"closed","template":"templates\/o-firmie-csr.php","meta":{"_acf_changed":false,"inline_featured_image":false,"footnotes":""},"class_list":["post-1073","page","type-page","status-publish","hentry"],"acf":[],"yoast_head":"<!-- This site is optimized with the Yoast SEO plugin v27.5 - https:\/\/yoast.com\/product\/yoast-seo-wordpress\/ -->\n<title>Sustainable development - Transport mi\u0119dzynarodowy, spedycja krajowa, firma spedycyjna JAS-FBG - Logistyka<\/title>\n<meta name=\"robots\" content=\"index, follow, max-snippet:-1, max-image-preview:large, max-video-preview:-1\" \/>\n<link rel=\"canonical\" href=\"https:\/\/www.jasfbg.com.pl\/en\/about-company\/sustainable-development\/\" \/>\n<meta property=\"og:locale\" content=\"en_US\" \/>\n<meta property=\"og:type\" content=\"article\" \/>\n<meta property=\"og:title\" content=\"Sustainable development - Transport mi\u0119dzynarodowy, spedycja krajowa, firma spedycyjna JAS-FBG - Logistyka\" \/>\n<meta property=\"og:description\" content=\"Sustainable development is&nbsp;a&nbsp;new quality in&nbsp;understanding business honesty, going beyond traditional philanthropy or&nbsp;reliability of&nbsp;the products offered. The actions taken by&nbsp;JAS-FBG S.A. are equally transparent in&nbsp;the scope of&nbsp;waste management, meeting financial liabilities and rela-tionships with employees.\" \/>\n<meta property=\"og:url\" content=\"https:\/\/www.jasfbg.com.pl\/en\/about-company\/sustainable-development\/\" \/>\n<meta property=\"og:site_name\" content=\"Transport mi\u0119dzynarodowy, spedycja krajowa, firma spedycyjna JAS-FBG - Logistyka\" \/>\n<meta property=\"article:modified_time\" content=\"2025-10-20T12:08:52+00:00\" \/>\n<meta name=\"twitter:card\" content=\"summary_large_image\" \/>\n<meta name=\"twitter:label1\" content=\"Est. reading time\" \/>\n\t<meta name=\"twitter:data1\" content=\"1 minute\" \/>\n<script type=\"application\/ld+json\" class=\"yoast-schema-graph\">{\"@context\":\"https:\\\/\\\/schema.org\",\"@graph\":[{\"@type\":\"WebPage\",\"@id\":\"https:\\\/\\\/www.jasfbg.com.pl\\\/en\\\/about-company\\\/sustainable-development\\\/\",\"url\":\"https:\\\/\\\/www.jasfbg.com.pl\\\/en\\\/about-company\\\/sustainable-development\\\/\",\"name\":\"Sustainable development - Transport mi\u0119dzynarodowy, spedycja krajowa, firma spedycyjna JAS-FBG - Logistyka\",\"isPartOf\":{\"@id\":\"https:\\\/\\\/www.jasfbg.com.pl\\\/#website\"},\"datePublished\":\"2017-09-19T12:43:01+00:00\",\"dateModified\":\"2025-10-20T12:08:52+00:00\",\"breadcrumb\":{\"@id\":\"https:\\\/\\\/www.jasfbg.com.pl\\\/en\\\/about-company\\\/sustainable-development\\\/#breadcrumb\"},\"inLanguage\":\"en-US\",\"potentialAction\":[{\"@type\":\"ReadAction\",\"target\":[\"https:\\\/\\\/www.jasfbg.com.pl\\\/en\\\/about-company\\\/sustainable-development\\\/\"]}]},{\"@type\":\"BreadcrumbList\",\"@id\":\"https:\\\/\\\/www.jasfbg.com.pl\\\/en\\\/about-company\\\/sustainable-development\\\/#breadcrumb\",\"itemListElement\":[{\"@type\":\"ListItem\",\"position\":1,\"name\":\"JAS-FBG S.A.\",\"item\":\"https:\\\/\\\/www.jasfbg.com.pl\\\/en\\\/\"},{\"@type\":\"ListItem\",\"position\":2,\"name\":\"About company\",\"item\":\"https:\\\/\\\/www.jasfbg.com.pl\\\/en\\\/about-company\\\/\"},{\"@type\":\"ListItem\",\"position\":3,\"name\":\"Sustainable development\"}]},{\"@type\":\"WebSite\",\"@id\":\"https:\\\/\\\/www.jasfbg.com.pl\\\/#website\",\"url\":\"https:\\\/\\\/www.jasfbg.com.pl\\\/\",\"name\":\"Transport mi\u0119dzynarodowy, spedycja krajowa, firma spedycyjna JAS-FBG - Logistyka\",\"description\":\"Bezpiecznie, szybko i w dobrej cenie! Koniecznie sprawd\u017a nasz\u0105 ofert\u0119! Spedycja drogowa krajowa, mi\u0119dzynarodowa ca\u0142opojazdowa, drobnicowa, spedycja morska, spedycja lotnicza, spedycja kolejowa. Logistyka i magazynowanie. Tylko JAS-FBG!\",\"potentialAction\":[{\"@type\":\"SearchAction\",\"target\":{\"@type\":\"EntryPoint\",\"urlTemplate\":\"https:\\\/\\\/www.jasfbg.com.pl\\\/?s={search_term_string}\"},\"query-input\":{\"@type\":\"PropertyValueSpecification\",\"valueRequired\":true,\"valueName\":\"search_term_string\"}}],\"inLanguage\":\"en-US\"}]}<\/script>\n<!-- \/ Yoast SEO plugin. -->","yoast_head_json":{"title":"Sustainable development - Transport mi\u0119dzynarodowy, spedycja krajowa, firma spedycyjna JAS-FBG - Logistyka","robots":{"index":"index","follow":"follow","max-snippet":"max-snippet:-1","max-image-preview":"max-image-preview:large","max-video-preview":"max-video-preview:-1"},"canonical":"https:\/\/www.jasfbg.com.pl\/en\/about-company\/sustainable-development\/","og_locale":"en_US","og_type":"article","og_title":"Sustainable development - Transport mi\u0119dzynarodowy, spedycja krajowa, firma spedycyjna JAS-FBG - Logistyka","og_description":"Sustainable development is&nbsp;a&nbsp;new quality in&nbsp;understanding business honesty, going beyond traditional philanthropy or&nbsp;reliability of&nbsp;the products offered. The actions taken by&nbsp;JAS-FBG S.A. are equally transparent in&nbsp;the scope of&nbsp;waste management, meeting financial liabilities and rela-tionships with employees.","og_url":"https:\/\/www.jasfbg.com.pl\/en\/about-company\/sustainable-development\/","og_site_name":"Transport mi\u0119dzynarodowy, spedycja krajowa, firma spedycyjna JAS-FBG - Logistyka","article_modified_time":"2025-10-20T12:08:52+00:00","twitter_card":"summary_large_image","twitter_misc":{"Est. reading time":"1 minute"},"schema":{"@context":"https:\/\/schema.org","@graph":[{"@type":"WebPage","@id":"https:\/\/www.jasfbg.com.pl\/en\/about-company\/sustainable-development\/","url":"https:\/\/www.jasfbg.com.pl\/en\/about-company\/sustainable-development\/","name":"Sustainable development - Transport mi\u0119dzynarodowy, spedycja krajowa, firma spedycyjna JAS-FBG - Logistyka","isPartOf":{"@id":"https:\/\/www.jasfbg.com.pl\/#website"},"datePublished":"2017-09-19T12:43:01+00:00","dateModified":"2025-10-20T12:08:52+00:00","breadcrumb":{"@id":"https:\/\/www.jasfbg.com.pl\/en\/about-company\/sustainable-development\/#breadcrumb"},"inLanguage":"en-US","potentialAction":[{"@type":"ReadAction","target":["https:\/\/www.jasfbg.com.pl\/en\/about-company\/sustainable-development\/"]}]},{"@type":"BreadcrumbList","@id":"https:\/\/www.jasfbg.com.pl\/en\/about-company\/sustainable-development\/#breadcrumb","itemListElement":[{"@type":"ListItem","position":1,"name":"JAS-FBG S.A.","item":"https:\/\/www.jasfbg.com.pl\/en\/"},{"@type":"ListItem","position":2,"name":"About company","item":"https:\/\/www.jasfbg.com.pl\/en\/about-company\/"},{"@type":"ListItem","position":3,"name":"Sustainable development"}]},{"@type":"WebSite","@id":"https:\/\/www.jasfbg.com.pl\/#website","url":"https:\/\/www.jasfbg.com.pl\/","name":"Transport mi\u0119dzynarodowy, spedycja krajowa, firma spedycyjna JAS-FBG - Logistyka","description":"Bezpiecznie, szybko i w dobrej cenie! Koniecznie sprawd\u017a nasz\u0105 ofert\u0119! Spedycja drogowa krajowa, mi\u0119dzynarodowa ca\u0142opojazdowa, drobnicowa, spedycja morska, spedycja lotnicza, spedycja kolejowa. Logistyka i magazynowanie. Tylko JAS-FBG!","potentialAction":[{"@type":"SearchAction","target":{"@type":"EntryPoint","urlTemplate":"https:\/\/www.jasfbg.com.pl\/?s={search_term_string}"},"query-input":{"@type":"PropertyValueSpecification","valueRequired":true,"valueName":"search_term_string"}}],"inLanguage":"en-US"}]}},"_links":{"self":[{"href":"https:\/\/www.jasfbg.com.pl\/en\/wp-json\/wp\/v2\/pages\/1073","targetHints":{"allow":["GET"]}}],"collection":[{"href":"https:\/\/www.jasfbg.com.pl\/en\/wp-json\/wp\/v2\/pages"}],"about":[{"href":"https:\/\/www.jasfbg.com.pl\/en\/wp-json\/wp\/v2\/types\/page"}],"author":[{"embeddable":true,"href":"https:\/\/www.jasfbg.com.pl\/en\/wp-json\/wp\/v2\/users\/1"}],"replies":[{"embeddable":true,"href":"https:\/\/www.jasfbg.com.pl\/en\/wp-json\/wp\/v2\/comments?post=1073"}],"version-history":[{"count":30,"href":"https:\/\/www.jasfbg.com.pl\/en\/wp-json\/wp\/v2\/pages\/1073\/revisions"}],"predecessor-version":[{"id":21834,"href":"https:\/\/www.jasfbg.com.pl\/en\/wp-json\/wp\/v2\/pages\/1073\/revisions\/21834"}],"up":[{"embeddable":true,"href":"https:\/\/www.jasfbg.com.pl\/en\/wp-json\/wp\/v2\/pages\/1067"}],"wp:attachment":[{"href":"https:\/\/www.jasfbg.com.pl\/en\/wp-json\/wp\/v2\/media?parent=1073"}],"curies":[{"name":"wp","href":"https:\/\/api.w.org\/{rel}","templated":true}]}}