{"id":1082,"date":"2017-09-29T10:43:29","date_gmt":"2017-09-29T08:43:29","guid":{"rendered":"https:\/\/www.jasfbg.com.pl\/about-company\/csr\/ekologia\/"},"modified":"2026-02-12T11:42:51","modified_gmt":"2026-02-12T10:42:51","slug":"ecology","status":"publish","type":"page","link":"https:\/\/www.jasfbg.com.pl\/en\/about-company\/sustainable-development\/ecology\/","title":{"rendered":"Ecology"},"content":{"rendered":"<div class=\"col-margin\"><\/div>\n<ul>\n<li>We care about the natural environment and follow a&nbsp;policy based on&nbsp;ISO 14001 Certificate,<\/li>\n<li>99% of&nbsp;our transportation fleet is&nbsp;Euro 6 emission standard compliant.<\/li>\n<li>We seek to&nbsp;minimize our negative environmental impact by&nbsp;reducing consumption of&nbsp;electric energy, gas, and paper, as&nbsp;well as&nbsp;by sorting any waste we&nbsp;generate,<\/li>\n<li>We implement solutions that help reduce the use of&nbsp;conventional energy. Our own warehouse facilities and the headquarters in&nbsp;Katowice are equipped with photovoltaic installations that support emission reduction.<\/li>\n<li>We continue to&nbsp;develop our environmental data collection processes, which allows for more accurate monitoring and reduction of&nbsp;our carbon footprint.<\/li>\n<li>In 2025, we&nbsp;obtained the \u201cCommitted\u201d status in&nbsp;the Science Based Targets initiative (SBTi), confirming our declaration to&nbsp;set emission reduction targets based on&nbsp;the latest scientific knowledge.<\/li>\n<li>As part of&nbsp;our CDP climate disclosures, we&nbsp;received a&nbsp;B\u2011 rating, confirming greater transparency of&nbsp;our actions and progress in&nbsp;managing environmental impact.<\/li>\n<li>As part of&nbsp;the &#8220;Pomaganie przez ubranie&#8221; campaign, we&nbsp;collect unnecessary clothing for use by&nbsp;3R Recycling Solutions, which for each kilogram of&nbsp;collected clothing contains PLN 2 for social purposes, this year it&nbsp;is Ewa B\u0142aszczyk&#8217;s &#8220;Akogo&#8221; foundation.<\/li>\n<\/ul>\n<p>&nbsp;<\/p>\n<div class=\"image_text\" style=\"background-image: url(https:\/\/www.jasfbg.com.pl\/wp-content\/uploads\/2017\/09\/eko.jpg)\"><span><h2>We take care for the environment<\/h2><h4><\/h4><\/span><\/div>\n","protected":false},"excerpt":{"rendered":"<p>We care about the natural environment and follow a&nbsp;policy based on&nbsp;ISO 14001 Certificate, 99% of&nbsp;our transportation fleet is&nbsp;Euro 6 emission standard compliant. We seek to&nbsp;minimize our negative environmental impact by&nbsp;reducing consumption of&nbsp;electric energy, gas, and paper, as&nbsp;well as&nbsp;by sorting any waste we&nbsp;generate, We implement solutions that help reduce the use of&nbsp;conventional energy. Our own warehouse [&hellip;]<\/p>\n","protected":false},"author":1,"featured_media":0,"parent":1073,"menu_order":4,"comment_status":"closed","ping_status":"closed","template":"","meta":{"_acf_changed":false,"inline_featured_image":false,"footnotes":""},"class_list":["post-1082","page","type-page","status-publish","hentry"],"acf":[],"yoast_head":"<!-- This site is optimized with the Yoast SEO plugin v27.5 - https:\/\/yoast.com\/product\/yoast-seo-wordpress\/ -->\n<title>Ecology - Transport mi\u0119dzynarodowy, spedycja krajowa, firma spedycyjna JAS-FBG - Logistyka<\/title>\n<meta name=\"robots\" content=\"index, follow, max-snippet:-1, max-image-preview:large, max-video-preview:-1\" \/>\n<link rel=\"canonical\" href=\"https:\/\/www.jasfbg.com.pl\/en\/about-company\/sustainable-development\/ecology\/\" \/>\n<meta property=\"og:locale\" content=\"en_US\" \/>\n<meta property=\"og:type\" content=\"article\" \/>\n<meta property=\"og:title\" content=\"Ecology - Transport mi\u0119dzynarodowy, spedycja krajowa, firma spedycyjna JAS-FBG - Logistyka\" \/>\n<meta property=\"og:description\" content=\"We care about the natural environment and follow a&nbsp;policy based on&nbsp;ISO 14001 Certificate, 99% of&nbsp;our transportation fleet is&nbsp;Euro 6 emission standard compliant. We seek to&nbsp;minimize our negative environmental impact by&nbsp;reducing consumption of&nbsp;electric energy, gas, and paper, as&nbsp;well as&nbsp;by sorting any waste we&nbsp;generate, We implement solutions that help reduce the use of&nbsp;conventional energy. Our own warehouse [&hellip;]\" \/>\n<meta property=\"og:url\" content=\"https:\/\/www.jasfbg.com.pl\/en\/about-company\/sustainable-development\/ecology\/\" \/>\n<meta property=\"og:site_name\" content=\"Transport mi\u0119dzynarodowy, spedycja krajowa, firma spedycyjna JAS-FBG - Logistyka\" \/>\n<meta property=\"article:modified_time\" content=\"2026-02-12T10:42:51+00:00\" \/>\n<meta name=\"twitter:card\" content=\"summary_large_image\" \/>\n<meta name=\"twitter:label1\" content=\"Est. reading time\" \/>\n\t<meta name=\"twitter:data1\" content=\"2 minutes\" \/>\n<script type=\"application\/ld+json\" class=\"yoast-schema-graph\">{\"@context\":\"https:\\\/\\\/schema.org\",\"@graph\":[{\"@type\":\"WebPage\",\"@id\":\"https:\\\/\\\/www.jasfbg.com.pl\\\/en\\\/about-company\\\/sustainable-development\\\/ecology\\\/\",\"url\":\"https:\\\/\\\/www.jasfbg.com.pl\\\/en\\\/about-company\\\/sustainable-development\\\/ecology\\\/\",\"name\":\"Ecology - Transport mi\u0119dzynarodowy, spedycja krajowa, firma spedycyjna JAS-FBG - Logistyka\",\"isPartOf\":{\"@id\":\"https:\\\/\\\/www.jasfbg.com.pl\\\/#website\"},\"datePublished\":\"2017-09-29T08:43:29+00:00\",\"dateModified\":\"2026-02-12T10:42:51+00:00\",\"breadcrumb\":{\"@id\":\"https:\\\/\\\/www.jasfbg.com.pl\\\/en\\\/about-company\\\/sustainable-development\\\/ecology\\\/#breadcrumb\"},\"inLanguage\":\"en-US\",\"potentialAction\":[{\"@type\":\"ReadAction\",\"target\":[\"https:\\\/\\\/www.jasfbg.com.pl\\\/en\\\/about-company\\\/sustainable-development\\\/ecology\\\/\"]}]},{\"@type\":\"BreadcrumbList\",\"@id\":\"https:\\\/\\\/www.jasfbg.com.pl\\\/en\\\/about-company\\\/sustainable-development\\\/ecology\\\/#breadcrumb\",\"itemListElement\":[{\"@type\":\"ListItem\",\"position\":1,\"name\":\"JAS-FBG S.A.\",\"item\":\"https:\\\/\\\/www.jasfbg.com.pl\\\/en\\\/\"},{\"@type\":\"ListItem\",\"position\":2,\"name\":\"About company\",\"item\":\"https:\\\/\\\/www.jasfbg.com.pl\\\/en\\\/about-company\\\/\"},{\"@type\":\"ListItem\",\"position\":3,\"name\":\"Sustainable development\",\"item\":\"https:\\\/\\\/www.jasfbg.com.pl\\\/en\\\/about-company\\\/sustainable-development\\\/\"},{\"@type\":\"ListItem\",\"position\":4,\"name\":\"Ecology\"}]},{\"@type\":\"WebSite\",\"@id\":\"https:\\\/\\\/www.jasfbg.com.pl\\\/#website\",\"url\":\"https:\\\/\\\/www.jasfbg.com.pl\\\/\",\"name\":\"Transport mi\u0119dzynarodowy, spedycja krajowa, firma spedycyjna JAS-FBG - Logistyka\",\"description\":\"Bezpiecznie, szybko i w dobrej cenie! Koniecznie sprawd\u017a nasz\u0105 ofert\u0119! Spedycja drogowa krajowa, mi\u0119dzynarodowa ca\u0142opojazdowa, drobnicowa, spedycja morska, spedycja lotnicza, spedycja kolejowa. Logistyka i magazynowanie. Tylko JAS-FBG!\",\"potentialAction\":[{\"@type\":\"SearchAction\",\"target\":{\"@type\":\"EntryPoint\",\"urlTemplate\":\"https:\\\/\\\/www.jasfbg.com.pl\\\/?s={search_term_string}\"},\"query-input\":{\"@type\":\"PropertyValueSpecification\",\"valueRequired\":true,\"valueName\":\"search_term_string\"}}],\"inLanguage\":\"en-US\"}]}<\/script>\n<!-- \/ Yoast SEO plugin. -->","yoast_head_json":{"title":"Ecology - Transport mi\u0119dzynarodowy, spedycja krajowa, firma spedycyjna JAS-FBG - Logistyka","robots":{"index":"index","follow":"follow","max-snippet":"max-snippet:-1","max-image-preview":"max-image-preview:large","max-video-preview":"max-video-preview:-1"},"canonical":"https:\/\/www.jasfbg.com.pl\/en\/about-company\/sustainable-development\/ecology\/","og_locale":"en_US","og_type":"article","og_title":"Ecology - Transport mi\u0119dzynarodowy, spedycja krajowa, firma spedycyjna JAS-FBG - Logistyka","og_description":"We care about the natural environment and follow a&nbsp;policy based on&nbsp;ISO 14001 Certificate, 99% of&nbsp;our transportation fleet is&nbsp;Euro 6 emission standard compliant. We seek to&nbsp;minimize our negative environmental impact by&nbsp;reducing consumption of&nbsp;electric energy, gas, and paper, as&nbsp;well as&nbsp;by sorting any waste we&nbsp;generate, We implement solutions that help reduce the use of&nbsp;conventional energy. Our own warehouse [&hellip;]","og_url":"https:\/\/www.jasfbg.com.pl\/en\/about-company\/sustainable-development\/ecology\/","og_site_name":"Transport mi\u0119dzynarodowy, spedycja krajowa, firma spedycyjna JAS-FBG - Logistyka","article_modified_time":"2026-02-12T10:42:51+00:00","twitter_card":"summary_large_image","twitter_misc":{"Est. reading time":"2 minutes"},"schema":{"@context":"https:\/\/schema.org","@graph":[{"@type":"WebPage","@id":"https:\/\/www.jasfbg.com.pl\/en\/about-company\/sustainable-development\/ecology\/","url":"https:\/\/www.jasfbg.com.pl\/en\/about-company\/sustainable-development\/ecology\/","name":"Ecology - Transport mi\u0119dzynarodowy, spedycja krajowa, firma spedycyjna JAS-FBG - Logistyka","isPartOf":{"@id":"https:\/\/www.jasfbg.com.pl\/#website"},"datePublished":"2017-09-29T08:43:29+00:00","dateModified":"2026-02-12T10:42:51+00:00","breadcrumb":{"@id":"https:\/\/www.jasfbg.com.pl\/en\/about-company\/sustainable-development\/ecology\/#breadcrumb"},"inLanguage":"en-US","potentialAction":[{"@type":"ReadAction","target":["https:\/\/www.jasfbg.com.pl\/en\/about-company\/sustainable-development\/ecology\/"]}]},{"@type":"BreadcrumbList","@id":"https:\/\/www.jasfbg.com.pl\/en\/about-company\/sustainable-development\/ecology\/#breadcrumb","itemListElement":[{"@type":"ListItem","position":1,"name":"JAS-FBG S.A.","item":"https:\/\/www.jasfbg.com.pl\/en\/"},{"@type":"ListItem","position":2,"name":"About company","item":"https:\/\/www.jasfbg.com.pl\/en\/about-company\/"},{"@type":"ListItem","position":3,"name":"Sustainable development","item":"https:\/\/www.jasfbg.com.pl\/en\/about-company\/sustainable-development\/"},{"@type":"ListItem","position":4,"name":"Ecology"}]},{"@type":"WebSite","@id":"https:\/\/www.jasfbg.com.pl\/#website","url":"https:\/\/www.jasfbg.com.pl\/","name":"Transport mi\u0119dzynarodowy, spedycja krajowa, firma spedycyjna JAS-FBG - Logistyka","description":"Bezpiecznie, szybko i w dobrej cenie! Koniecznie sprawd\u017a nasz\u0105 ofert\u0119! Spedycja drogowa krajowa, mi\u0119dzynarodowa ca\u0142opojazdowa, drobnicowa, spedycja morska, spedycja lotnicza, spedycja kolejowa. Logistyka i magazynowanie. Tylko JAS-FBG!","potentialAction":[{"@type":"SearchAction","target":{"@type":"EntryPoint","urlTemplate":"https:\/\/www.jasfbg.com.pl\/?s={search_term_string}"},"query-input":{"@type":"PropertyValueSpecification","valueRequired":true,"valueName":"search_term_string"}}],"inLanguage":"en-US"}]}},"_links":{"self":[{"href":"https:\/\/www.jasfbg.com.pl\/en\/wp-json\/wp\/v2\/pages\/1082","targetHints":{"allow":["GET"]}}],"collection":[{"href":"https:\/\/www.jasfbg.com.pl\/en\/wp-json\/wp\/v2\/pages"}],"about":[{"href":"https:\/\/www.jasfbg.com.pl\/en\/wp-json\/wp\/v2\/types\/page"}],"author":[{"embeddable":true,"href":"https:\/\/www.jasfbg.com.pl\/en\/wp-json\/wp\/v2\/users\/1"}],"replies":[{"embeddable":true,"href":"https:\/\/www.jasfbg.com.pl\/en\/wp-json\/wp\/v2\/comments?post=1082"}],"version-history":[{"count":15,"href":"https:\/\/www.jasfbg.com.pl\/en\/wp-json\/wp\/v2\/pages\/1082\/revisions"}],"predecessor-version":[{"id":22447,"href":"https:\/\/www.jasfbg.com.pl\/en\/wp-json\/wp\/v2\/pages\/1082\/revisions\/22447"}],"up":[{"embeddable":true,"href":"https:\/\/www.jasfbg.com.pl\/en\/wp-json\/wp\/v2\/pages\/1073"}],"wp:attachment":[{"href":"https:\/\/www.jasfbg.com.pl\/en\/wp-json\/wp\/v2\/media?parent=1082"}],"curies":[{"name":"wp","href":"https:\/\/api.w.org\/{rel}","templated":true}]}}