{"id":1085,"date":"2017-09-29T14:43:29","date_gmt":"2017-09-29T12:43:29","guid":{"rendered":"https:\/\/www.jasfbg.com.pl\/about-company\/csr\/wspieramy\/"},"modified":"2018-04-09T16:25:20","modified_gmt":"2018-04-09T14:25:20","slug":"sponsoring","status":"publish","type":"page","link":"https:\/\/www.jasfbg.com.pl\/en\/about-company\/sustainable-development\/sponsoring\/","title":{"rendered":"Sponsoring"},"content":{"rendered":"<p style=\"text-align: left;\"><div class=\"col-margin\"><\/div><\/p>\n<p style=\"text-align: left;\">We assume responsibility for our environmental impact. We help make dreams come true and acquire better knowledge. We support charitable initiatives, health care institutions, and sport activities for the youngest children with contributions quite often taking the form of&nbsp;regular, long-term training and teaching. We believe sponsoring to&nbsp;be altruistic work and it&nbsp;gives us&nbsp;special pleasure to&nbsp;participate in&nbsp;the education of&nbsp;future logistics specialists who attend training courses of&nbsp;various levels. Many of&nbsp;us take part in&nbsp;sporting events for charities.<\/p>\n","protected":false},"excerpt":{"rendered":"<p>We assume responsibility for our environmental impact. We help make dreams come true and acquire better knowledge. We support charitable initiatives, health care institutions, and sport activities for the youngest children with contributions quite often taking the form of&nbsp;regular, long-term training and teaching. We believe sponsoring to&nbsp;be altruistic work and it&nbsp;gives us&nbsp;special pleasure to&nbsp;participate in&nbsp;the [&hellip;]<\/p>\n","protected":false},"author":1,"featured_media":0,"parent":1073,"menu_order":3,"comment_status":"closed","ping_status":"closed","template":"","meta":{"_acf_changed":false,"inline_featured_image":false,"footnotes":""},"class_list":["post-1085","page","type-page","status-publish","hentry"],"acf":[],"yoast_head":"<!-- This site is optimized with the Yoast SEO plugin v27.5 - https:\/\/yoast.com\/product\/yoast-seo-wordpress\/ -->\n<title>Sponsoring - Transport mi\u0119dzynarodowy, spedycja krajowa, firma spedycyjna JAS-FBG - Logistyka<\/title>\n<meta name=\"robots\" content=\"index, follow, max-snippet:-1, max-image-preview:large, max-video-preview:-1\" \/>\n<link rel=\"canonical\" href=\"https:\/\/www.jasfbg.com.pl\/en\/about-company\/sustainable-development\/sponsoring\/\" \/>\n<meta property=\"og:locale\" content=\"en_US\" \/>\n<meta property=\"og:type\" content=\"article\" \/>\n<meta property=\"og:title\" content=\"Sponsoring - Transport mi\u0119dzynarodowy, spedycja krajowa, firma spedycyjna JAS-FBG - Logistyka\" \/>\n<meta property=\"og:description\" content=\"We assume responsibility for our environmental impact. We help make dreams come true and acquire better knowledge. We support charitable initiatives, health care institutions, and sport activities for the youngest children with contributions quite often taking the form of&nbsp;regular, long-term training and teaching. We believe sponsoring to&nbsp;be altruistic work and it&nbsp;gives us&nbsp;special pleasure to&nbsp;participate in&nbsp;the [&hellip;]\" \/>\n<meta property=\"og:url\" content=\"https:\/\/www.jasfbg.com.pl\/en\/about-company\/sustainable-development\/sponsoring\/\" \/>\n<meta property=\"og:site_name\" content=\"Transport mi\u0119dzynarodowy, spedycja krajowa, firma spedycyjna JAS-FBG - Logistyka\" \/>\n<meta property=\"article:modified_time\" content=\"2018-04-09T14:25:20+00:00\" \/>\n<meta name=\"twitter:card\" content=\"summary_large_image\" \/>\n<script type=\"application\/ld+json\" class=\"yoast-schema-graph\">{\"@context\":\"https:\\\/\\\/schema.org\",\"@graph\":[{\"@type\":\"WebPage\",\"@id\":\"https:\\\/\\\/www.jasfbg.com.pl\\\/en\\\/about-company\\\/sustainable-development\\\/sponsoring\\\/\",\"url\":\"https:\\\/\\\/www.jasfbg.com.pl\\\/en\\\/about-company\\\/sustainable-development\\\/sponsoring\\\/\",\"name\":\"Sponsoring - Transport mi\u0119dzynarodowy, spedycja krajowa, firma spedycyjna JAS-FBG - Logistyka\",\"isPartOf\":{\"@id\":\"https:\\\/\\\/www.jasfbg.com.pl\\\/#website\"},\"datePublished\":\"2017-09-29T12:43:29+00:00\",\"dateModified\":\"2018-04-09T14:25:20+00:00\",\"breadcrumb\":{\"@id\":\"https:\\\/\\\/www.jasfbg.com.pl\\\/en\\\/about-company\\\/sustainable-development\\\/sponsoring\\\/#breadcrumb\"},\"inLanguage\":\"en-US\",\"potentialAction\":[{\"@type\":\"ReadAction\",\"target\":[\"https:\\\/\\\/www.jasfbg.com.pl\\\/en\\\/about-company\\\/sustainable-development\\\/sponsoring\\\/\"]}]},{\"@type\":\"BreadcrumbList\",\"@id\":\"https:\\\/\\\/www.jasfbg.com.pl\\\/en\\\/about-company\\\/sustainable-development\\\/sponsoring\\\/#breadcrumb\",\"itemListElement\":[{\"@type\":\"ListItem\",\"position\":1,\"name\":\"JAS-FBG S.A.\",\"item\":\"https:\\\/\\\/www.jasfbg.com.pl\\\/en\\\/\"},{\"@type\":\"ListItem\",\"position\":2,\"name\":\"About company\",\"item\":\"https:\\\/\\\/www.jasfbg.com.pl\\\/en\\\/about-company\\\/\"},{\"@type\":\"ListItem\",\"position\":3,\"name\":\"Sustainable development\",\"item\":\"https:\\\/\\\/www.jasfbg.com.pl\\\/en\\\/about-company\\\/sustainable-development\\\/\"},{\"@type\":\"ListItem\",\"position\":4,\"name\":\"Sponsoring\"}]},{\"@type\":\"WebSite\",\"@id\":\"https:\\\/\\\/www.jasfbg.com.pl\\\/#website\",\"url\":\"https:\\\/\\\/www.jasfbg.com.pl\\\/\",\"name\":\"Transport mi\u0119dzynarodowy, spedycja krajowa, firma spedycyjna JAS-FBG - Logistyka\",\"description\":\"Bezpiecznie, szybko i w dobrej cenie! Koniecznie sprawd\u017a nasz\u0105 ofert\u0119! Spedycja drogowa krajowa, mi\u0119dzynarodowa ca\u0142opojazdowa, drobnicowa, spedycja morska, spedycja lotnicza, spedycja kolejowa. Logistyka i magazynowanie. Tylko JAS-FBG!\",\"potentialAction\":[{\"@type\":\"SearchAction\",\"target\":{\"@type\":\"EntryPoint\",\"urlTemplate\":\"https:\\\/\\\/www.jasfbg.com.pl\\\/?s={search_term_string}\"},\"query-input\":{\"@type\":\"PropertyValueSpecification\",\"valueRequired\":true,\"valueName\":\"search_term_string\"}}],\"inLanguage\":\"en-US\"}]}<\/script>\n<!-- \/ Yoast SEO plugin. -->","yoast_head_json":{"title":"Sponsoring - Transport mi\u0119dzynarodowy, spedycja krajowa, firma spedycyjna JAS-FBG - Logistyka","robots":{"index":"index","follow":"follow","max-snippet":"max-snippet:-1","max-image-preview":"max-image-preview:large","max-video-preview":"max-video-preview:-1"},"canonical":"https:\/\/www.jasfbg.com.pl\/en\/about-company\/sustainable-development\/sponsoring\/","og_locale":"en_US","og_type":"article","og_title":"Sponsoring - Transport mi\u0119dzynarodowy, spedycja krajowa, firma spedycyjna JAS-FBG - Logistyka","og_description":"We assume responsibility for our environmental impact. We help make dreams come true and acquire better knowledge. We support charitable initiatives, health care institutions, and sport activities for the youngest children with contributions quite often taking the form of&nbsp;regular, long-term training and teaching. We believe sponsoring to&nbsp;be altruistic work and it&nbsp;gives us&nbsp;special pleasure to&nbsp;participate in&nbsp;the [&hellip;]","og_url":"https:\/\/www.jasfbg.com.pl\/en\/about-company\/sustainable-development\/sponsoring\/","og_site_name":"Transport mi\u0119dzynarodowy, spedycja krajowa, firma spedycyjna JAS-FBG - Logistyka","article_modified_time":"2018-04-09T14:25:20+00:00","twitter_card":"summary_large_image","schema":{"@context":"https:\/\/schema.org","@graph":[{"@type":"WebPage","@id":"https:\/\/www.jasfbg.com.pl\/en\/about-company\/sustainable-development\/sponsoring\/","url":"https:\/\/www.jasfbg.com.pl\/en\/about-company\/sustainable-development\/sponsoring\/","name":"Sponsoring - Transport mi\u0119dzynarodowy, spedycja krajowa, firma spedycyjna JAS-FBG - Logistyka","isPartOf":{"@id":"https:\/\/www.jasfbg.com.pl\/#website"},"datePublished":"2017-09-29T12:43:29+00:00","dateModified":"2018-04-09T14:25:20+00:00","breadcrumb":{"@id":"https:\/\/www.jasfbg.com.pl\/en\/about-company\/sustainable-development\/sponsoring\/#breadcrumb"},"inLanguage":"en-US","potentialAction":[{"@type":"ReadAction","target":["https:\/\/www.jasfbg.com.pl\/en\/about-company\/sustainable-development\/sponsoring\/"]}]},{"@type":"BreadcrumbList","@id":"https:\/\/www.jasfbg.com.pl\/en\/about-company\/sustainable-development\/sponsoring\/#breadcrumb","itemListElement":[{"@type":"ListItem","position":1,"name":"JAS-FBG S.A.","item":"https:\/\/www.jasfbg.com.pl\/en\/"},{"@type":"ListItem","position":2,"name":"About company","item":"https:\/\/www.jasfbg.com.pl\/en\/about-company\/"},{"@type":"ListItem","position":3,"name":"Sustainable development","item":"https:\/\/www.jasfbg.com.pl\/en\/about-company\/sustainable-development\/"},{"@type":"ListItem","position":4,"name":"Sponsoring"}]},{"@type":"WebSite","@id":"https:\/\/www.jasfbg.com.pl\/#website","url":"https:\/\/www.jasfbg.com.pl\/","name":"Transport mi\u0119dzynarodowy, spedycja krajowa, firma spedycyjna JAS-FBG - Logistyka","description":"Bezpiecznie, szybko i w dobrej cenie! Koniecznie sprawd\u017a nasz\u0105 ofert\u0119! Spedycja drogowa krajowa, mi\u0119dzynarodowa ca\u0142opojazdowa, drobnicowa, spedycja morska, spedycja lotnicza, spedycja kolejowa. Logistyka i magazynowanie. Tylko JAS-FBG!","potentialAction":[{"@type":"SearchAction","target":{"@type":"EntryPoint","urlTemplate":"https:\/\/www.jasfbg.com.pl\/?s={search_term_string}"},"query-input":{"@type":"PropertyValueSpecification","valueRequired":true,"valueName":"search_term_string"}}],"inLanguage":"en-US"}]}},"_links":{"self":[{"href":"https:\/\/www.jasfbg.com.pl\/en\/wp-json\/wp\/v2\/pages\/1085","targetHints":{"allow":["GET"]}}],"collection":[{"href":"https:\/\/www.jasfbg.com.pl\/en\/wp-json\/wp\/v2\/pages"}],"about":[{"href":"https:\/\/www.jasfbg.com.pl\/en\/wp-json\/wp\/v2\/types\/page"}],"author":[{"embeddable":true,"href":"https:\/\/www.jasfbg.com.pl\/en\/wp-json\/wp\/v2\/users\/1"}],"replies":[{"embeddable":true,"href":"https:\/\/www.jasfbg.com.pl\/en\/wp-json\/wp\/v2\/comments?post=1085"}],"version-history":[{"count":15,"href":"https:\/\/www.jasfbg.com.pl\/en\/wp-json\/wp\/v2\/pages\/1085\/revisions"}],"predecessor-version":[{"id":4200,"href":"https:\/\/www.jasfbg.com.pl\/en\/wp-json\/wp\/v2\/pages\/1085\/revisions\/4200"}],"up":[{"embeddable":true,"href":"https:\/\/www.jasfbg.com.pl\/en\/wp-json\/wp\/v2\/pages\/1073"}],"wp:attachment":[{"href":"https:\/\/www.jasfbg.com.pl\/en\/wp-json\/wp\/v2\/media?parent=1085"}],"curies":[{"name":"wp","href":"https:\/\/api.w.org\/{rel}","templated":true}]}}