{"id":1097,"date":"2017-09-19T14:43:34","date_gmt":"2017-09-19T12:43:34","guid":{"rendered":"https:\/\/www.jasfbg.com.pl\/about-company\/referencje\/"},"modified":"2024-12-12T08:42:33","modified_gmt":"2024-12-12T07:42:33","slug":"our-clients","status":"publish","type":"page","link":"https:\/\/www.jasfbg.com.pl\/en\/about-company\/our-clients\/","title":{"rendered":"Our Clients"},"content":{"rendered":"<div class=\"col-margin\"><\/div>\n<p>A few thousand companies rely now on&nbsp;high-quality service offered by&nbsp;JAS-FBG S.A. Among them are:<br \/>\n<div class=\"row\"><br \/>\n<div class=\"col col-2\"><\/p>\n<ul>\n<li>4PL Central Station Nordic Ab<\/li>\n<li>Agrolok sp. z&nbsp;o.o.<\/li>\n<li>Albaad Poland sp. z&nbsp;o.o.<\/li>\n<li>Ampol-Merol sp. z&nbsp;o.o.<\/li>\n<li>Animex Foods sp. z&nbsp;o.o.<\/li>\n<li>Arcese Espana S.A.U.<\/li>\n<li>Atlas sp. z&nbsp;o.o.<\/li>\n<li>Audi Aktiengesellschaft<\/li>\n<li>Auta Marocchi S.P.A.<\/li>\n<li>Bel-Pol sp. z&nbsp;o.o.<\/li>\n<li>Bio4Future Polska sp. z&nbsp;o.o.<\/li>\n<li>Bonavita Spol.s.r.o.<\/li>\n<li>Brose Sitech sp. z&nbsp;o.o<\/li>\n<li>Bunge Polska sp. z&nbsp;o.o.<\/li>\n<li>Cargill Poland sp. z&nbsp;o.o<\/li>\n<li>Cerrad sp. z&nbsp;o.o.<\/li>\n<li>Cl Warneton S.A.<\/li>\n<li>Corab SA<\/li>\n<li>Dijo Baking sp. z&nbsp;o.o.<\/li>\n<li>Falken Trade sp. z&nbsp;o.o.<\/li>\n<li>Farby Kabe Polska sp. z&nbsp;o.o.<\/li>\n<li>Goller Logistik Gmbh<\/li>\n<li>Greenyard Frozen Poland sp. z&nbsp;o.o.<\/li>\n<li>Hitachi Astemo Poland sp. z&nbsp;o.o.<\/li>\n<li>Indrol sp. z&nbsp;o.o. sp. k.<\/li>\n<li>Inter Europol S.A.<\/li>\n<li>Karl Knauer Poland sp. z&nbsp;o.o.<\/li>\n<li>KGL SA<\/li>\n<li>Kilargo sp. z&nbsp;o.o.<\/li>\n<li>Lambertz Polonia sp. z&nbsp;o.o.<\/li>\n<li>Laschinger Seafood Gmbh<\/li>\n<li>Lasland sp. z&nbsp;o.o.<\/li>\n<li>Le &amp; Co Ing. Jiri Lenc s.r.o.<\/li>\n<\/ul>\n<p><\/div><\/p>\n<div class=\"col col-2\"><\/p>\n<ul>\n<li>Manuli Ekobal sp. z&nbsp;o.o.<\/li>\n<li>Mapei Polska sp. z&nbsp;o.o.<\/li>\n<li>Maurice Ward&amp;Co. s.r.o.<\/li>\n<li>MW Food sp. z&nbsp;o.o.<\/li>\n<li>Nexler sp. z&nbsp;o.o.<\/li>\n<li>Nowel sp. z&nbsp;o.o.<\/li>\n<li>Okr\u0119gowa Sp\u00f3\u0142dzielnia Mleczarska w&nbsp;Kole<\/li>\n<li>Okr\u0119gowa Sp\u00f3\u0142dzielnia Mleczarska w&nbsp;\u0141owiczu<\/li>\n<li>Paccor Polska sp. z&nbsp;o.o.<\/li>\n<li>Partner In Pet Food Poland SA<\/li>\n<li>Persan Polska S.A.<\/li>\n<li>Pet Food Grzesiak sp. j.<\/li>\n<li>Planta sp. z&nbsp;o.o.<\/li>\n<li>Polmlek sp. z&nbsp;o.o.<\/li>\n<li>Polski Ogr\u00f3d sp. z&nbsp;o.o.<\/li>\n<li>Po\u0142udniowy Koncern W\u0119glowy SA<\/li>\n<li>Przedsi\u0119biorstwo &#8220;Rol-Ry\u017c&#8221; sp. z&nbsp;o.o.<\/li>\n<li>Przedsi\u0119biorstwo Techniczno-Handlowe Certech sp. z&nbsp;o.o.<\/li>\n<li>Robert Bosch Gmbh<\/li>\n<li>Robert Bosch sp. z&nbsp;o.o.<\/li>\n<li>Saint-Gobain Construction Products Polska sp. z&nbsp;o.o.<\/li>\n<li>Saturn Lis Ceramika sp. j.<\/li>\n<li>Savana Group sp. z&nbsp;o.o.<\/li>\n<li>Smurfit Kappa Visurgis Hoya<\/li>\n<li>Sp\u00f3\u0142dzielnia Mleczarska Mlekovita<\/li>\n<li>Stellantis Espana<\/li>\n<li>\u015aredzka Sp\u00f3\u0142dzielnia Mleczarska Jana<\/li>\n<li>Tarczy\u0144ski SA<\/li>\n<li>Torrestir Transitarios Lda.<\/li>\n<li>Volkswagen Konzernlogistik Gmbh &amp; Co.Ohg<\/li>\n<li>Wodadlafirmy.PL sp. z&nbsp;o.o.<\/li>\n<li>ZS Cosmetics Gmbh<\/li>\n<li>\u017bywiec Zdr\u00f3j S.A.<\/li>\n<\/ul>\n<p><\/div>\n<p><\/div><\/p>\n","protected":false},"excerpt":{"rendered":"<p>A few thousand companies rely now on&nbsp;high-quality service offered by&nbsp;JAS-FBG S.A. Among them are:<\/p>\n","protected":false},"author":1,"featured_media":0,"parent":1067,"menu_order":6,"comment_status":"closed","ping_status":"closed","template":"templates\/o-firmie-referencje.php","meta":{"_acf_changed":false,"inline_featured_image":false,"footnotes":""},"class_list":["post-1097","page","type-page","status-publish","hentry"],"acf":[],"yoast_head":"<!-- This site is optimized with the Yoast SEO plugin v27.5 - https:\/\/yoast.com\/product\/yoast-seo-wordpress\/ -->\n<title>Our Clients - Transport mi\u0119dzynarodowy, spedycja krajowa, firma spedycyjna JAS-FBG - Logistyka<\/title>\n<meta name=\"robots\" content=\"index, follow, max-snippet:-1, max-image-preview:large, max-video-preview:-1\" \/>\n<link rel=\"canonical\" href=\"https:\/\/www.jasfbg.com.pl\/en\/about-company\/our-clients\/\" \/>\n<meta property=\"og:locale\" content=\"en_US\" \/>\n<meta property=\"og:type\" content=\"article\" \/>\n<meta property=\"og:title\" content=\"Our Clients - Transport mi\u0119dzynarodowy, spedycja krajowa, firma spedycyjna JAS-FBG - Logistyka\" \/>\n<meta property=\"og:description\" content=\"A few thousand companies rely now on&nbsp;high-quality service offered by&nbsp;JAS-FBG S.A. Among them are:\" \/>\n<meta property=\"og:url\" content=\"https:\/\/www.jasfbg.com.pl\/en\/about-company\/our-clients\/\" \/>\n<meta property=\"og:site_name\" content=\"Transport mi\u0119dzynarodowy, spedycja krajowa, firma spedycyjna JAS-FBG - Logistyka\" \/>\n<meta property=\"article:modified_time\" content=\"2024-12-12T07:42:33+00:00\" \/>\n<meta name=\"twitter:card\" content=\"summary_large_image\" \/>\n<meta name=\"twitter:label1\" content=\"Est. reading time\" \/>\n\t<meta name=\"twitter:data1\" content=\"2 minutes\" \/>\n<script type=\"application\/ld+json\" class=\"yoast-schema-graph\">{\"@context\":\"https:\\\/\\\/schema.org\",\"@graph\":[{\"@type\":\"WebPage\",\"@id\":\"https:\\\/\\\/www.jasfbg.com.pl\\\/en\\\/about-company\\\/our-clients\\\/\",\"url\":\"https:\\\/\\\/www.jasfbg.com.pl\\\/en\\\/about-company\\\/our-clients\\\/\",\"name\":\"Our Clients - Transport mi\u0119dzynarodowy, spedycja krajowa, firma spedycyjna JAS-FBG - Logistyka\",\"isPartOf\":{\"@id\":\"https:\\\/\\\/www.jasfbg.com.pl\\\/#website\"},\"datePublished\":\"2017-09-19T12:43:34+00:00\",\"dateModified\":\"2024-12-12T07:42:33+00:00\",\"breadcrumb\":{\"@id\":\"https:\\\/\\\/www.jasfbg.com.pl\\\/en\\\/about-company\\\/our-clients\\\/#breadcrumb\"},\"inLanguage\":\"en-US\",\"potentialAction\":[{\"@type\":\"ReadAction\",\"target\":[\"https:\\\/\\\/www.jasfbg.com.pl\\\/en\\\/about-company\\\/our-clients\\\/\"]}]},{\"@type\":\"BreadcrumbList\",\"@id\":\"https:\\\/\\\/www.jasfbg.com.pl\\\/en\\\/about-company\\\/our-clients\\\/#breadcrumb\",\"itemListElement\":[{\"@type\":\"ListItem\",\"position\":1,\"name\":\"JAS-FBG S.A.\",\"item\":\"https:\\\/\\\/www.jasfbg.com.pl\\\/en\\\/\"},{\"@type\":\"ListItem\",\"position\":2,\"name\":\"About company\",\"item\":\"https:\\\/\\\/www.jasfbg.com.pl\\\/en\\\/about-company\\\/\"},{\"@type\":\"ListItem\",\"position\":3,\"name\":\"Our Clients\"}]},{\"@type\":\"WebSite\",\"@id\":\"https:\\\/\\\/www.jasfbg.com.pl\\\/#website\",\"url\":\"https:\\\/\\\/www.jasfbg.com.pl\\\/\",\"name\":\"Transport mi\u0119dzynarodowy, spedycja krajowa, firma spedycyjna JAS-FBG - Logistyka\",\"description\":\"Bezpiecznie, szybko i w dobrej cenie! Koniecznie sprawd\u017a nasz\u0105 ofert\u0119! Spedycja drogowa krajowa, mi\u0119dzynarodowa ca\u0142opojazdowa, drobnicowa, spedycja morska, spedycja lotnicza, spedycja kolejowa. Logistyka i magazynowanie. Tylko JAS-FBG!\",\"potentialAction\":[{\"@type\":\"SearchAction\",\"target\":{\"@type\":\"EntryPoint\",\"urlTemplate\":\"https:\\\/\\\/www.jasfbg.com.pl\\\/?s={search_term_string}\"},\"query-input\":{\"@type\":\"PropertyValueSpecification\",\"valueRequired\":true,\"valueName\":\"search_term_string\"}}],\"inLanguage\":\"en-US\"}]}<\/script>\n<!-- \/ Yoast SEO plugin. -->","yoast_head_json":{"title":"Our Clients - Transport mi\u0119dzynarodowy, spedycja krajowa, firma spedycyjna JAS-FBG - Logistyka","robots":{"index":"index","follow":"follow","max-snippet":"max-snippet:-1","max-image-preview":"max-image-preview:large","max-video-preview":"max-video-preview:-1"},"canonical":"https:\/\/www.jasfbg.com.pl\/en\/about-company\/our-clients\/","og_locale":"en_US","og_type":"article","og_title":"Our Clients - Transport mi\u0119dzynarodowy, spedycja krajowa, firma spedycyjna JAS-FBG - Logistyka","og_description":"A few thousand companies rely now on&nbsp;high-quality service offered by&nbsp;JAS-FBG S.A. Among them are:","og_url":"https:\/\/www.jasfbg.com.pl\/en\/about-company\/our-clients\/","og_site_name":"Transport mi\u0119dzynarodowy, spedycja krajowa, firma spedycyjna JAS-FBG - Logistyka","article_modified_time":"2024-12-12T07:42:33+00:00","twitter_card":"summary_large_image","twitter_misc":{"Est. reading time":"2 minutes"},"schema":{"@context":"https:\/\/schema.org","@graph":[{"@type":"WebPage","@id":"https:\/\/www.jasfbg.com.pl\/en\/about-company\/our-clients\/","url":"https:\/\/www.jasfbg.com.pl\/en\/about-company\/our-clients\/","name":"Our Clients - Transport mi\u0119dzynarodowy, spedycja krajowa, firma spedycyjna JAS-FBG - Logistyka","isPartOf":{"@id":"https:\/\/www.jasfbg.com.pl\/#website"},"datePublished":"2017-09-19T12:43:34+00:00","dateModified":"2024-12-12T07:42:33+00:00","breadcrumb":{"@id":"https:\/\/www.jasfbg.com.pl\/en\/about-company\/our-clients\/#breadcrumb"},"inLanguage":"en-US","potentialAction":[{"@type":"ReadAction","target":["https:\/\/www.jasfbg.com.pl\/en\/about-company\/our-clients\/"]}]},{"@type":"BreadcrumbList","@id":"https:\/\/www.jasfbg.com.pl\/en\/about-company\/our-clients\/#breadcrumb","itemListElement":[{"@type":"ListItem","position":1,"name":"JAS-FBG S.A.","item":"https:\/\/www.jasfbg.com.pl\/en\/"},{"@type":"ListItem","position":2,"name":"About company","item":"https:\/\/www.jasfbg.com.pl\/en\/about-company\/"},{"@type":"ListItem","position":3,"name":"Our Clients"}]},{"@type":"WebSite","@id":"https:\/\/www.jasfbg.com.pl\/#website","url":"https:\/\/www.jasfbg.com.pl\/","name":"Transport mi\u0119dzynarodowy, spedycja krajowa, firma spedycyjna JAS-FBG - Logistyka","description":"Bezpiecznie, szybko i w dobrej cenie! Koniecznie sprawd\u017a nasz\u0105 ofert\u0119! Spedycja drogowa krajowa, mi\u0119dzynarodowa ca\u0142opojazdowa, drobnicowa, spedycja morska, spedycja lotnicza, spedycja kolejowa. Logistyka i magazynowanie. Tylko JAS-FBG!","potentialAction":[{"@type":"SearchAction","target":{"@type":"EntryPoint","urlTemplate":"https:\/\/www.jasfbg.com.pl\/?s={search_term_string}"},"query-input":{"@type":"PropertyValueSpecification","valueRequired":true,"valueName":"search_term_string"}}],"inLanguage":"en-US"}]}},"_links":{"self":[{"href":"https:\/\/www.jasfbg.com.pl\/en\/wp-json\/wp\/v2\/pages\/1097","targetHints":{"allow":["GET"]}}],"collection":[{"href":"https:\/\/www.jasfbg.com.pl\/en\/wp-json\/wp\/v2\/pages"}],"about":[{"href":"https:\/\/www.jasfbg.com.pl\/en\/wp-json\/wp\/v2\/types\/page"}],"author":[{"embeddable":true,"href":"https:\/\/www.jasfbg.com.pl\/en\/wp-json\/wp\/v2\/users\/1"}],"replies":[{"embeddable":true,"href":"https:\/\/www.jasfbg.com.pl\/en\/wp-json\/wp\/v2\/comments?post=1097"}],"version-history":[{"count":13,"href":"https:\/\/www.jasfbg.com.pl\/en\/wp-json\/wp\/v2\/pages\/1097\/revisions"}],"predecessor-version":[{"id":19955,"href":"https:\/\/www.jasfbg.com.pl\/en\/wp-json\/wp\/v2\/pages\/1097\/revisions\/19955"}],"up":[{"embeddable":true,"href":"https:\/\/www.jasfbg.com.pl\/en\/wp-json\/wp\/v2\/pages\/1067"}],"wp:attachment":[{"href":"https:\/\/www.jasfbg.com.pl\/en\/wp-json\/wp\/v2\/media?parent=1097"}],"curies":[{"name":"wp","href":"https:\/\/api.w.org\/{rel}","templated":true}]}}