{"id":1125,"date":"2017-09-19T14:56:16","date_gmt":"2017-09-19T12:56:16","guid":{"rendered":"https:\/\/www.jasfbg.com.pl\/career\/benefity\/"},"modified":"2022-12-20T15:28:31","modified_gmt":"2022-12-20T14:28:31","slug":"benefits","status":"publish","type":"page","link":"https:\/\/www.jasfbg.com.pl\/en\/career\/benefits\/","title":{"rendered":"Benefits"},"content":{"rendered":"<div class=\"row\">\n<h1>We offer our employees:<\/h1>\n<table style=\"height: 329px; border-style: solid; width: 89.8547%;\" border=\"0\">\n<caption>\u00a0<\/caption>\n<tbody>\n<tr style=\"height: 131px;\">\n<td style=\"height: 131px; border-style: hidden; width: 90.65px;\"><img decoding=\"async\" class=\"wp-image-7022 alignleft\" src=\"https:\/\/www.jasfbg.com.pl\/wp-content\/uploads\/2019\/02\/warunki-zatrudnienia.svg\" alt=\"\" width=\"80\" \/><\/td>\n<td style=\"height: 131px; width: 794.55px; border-style: none;\">\n<h3>Good conditions of\u00a0employment<\/h3>\n<p>All employees are hired based on&nbsp;a&nbsp;contract of&nbsp;employment, which guarantees stable employment.<\/td>\n<\/tr>\n<tr style=\"height: 22px;\">\n<td style=\"height: 22px; border-style: hidden; width: 90px;\"><img decoding=\"async\" class=\"alignleft wp-image-9662\" src=\"https:\/\/www.jasfbg.com.pl\/wp-content\/uploads\/2020\/01\/ikona-medicover.svg\" alt=\"\" width=\"80\" \/><\/td>\n<td style=\"height: 22px; width: 795.6px; border-style: none;\">\n<h3>Free private medical care<\/h3>\n<p>Our employees have the option of&nbsp;joining the free MEDICOVER private medical care program.<\/td>\n<\/tr>\n<tr style=\"height: 22px;\">\n<td style=\"height: 22px; border-style: hidden; width: 90.65px;\"><img decoding=\"async\" class=\"wp-image-7017 alignleft\" src=\"https:\/\/www.jasfbg.com.pl\/wp-content\/uploads\/2019\/02\/pakiety-sportowe.svg\" alt=\"\" width=\"80\" \/><\/td>\n<td style=\"height: 22px; width: 794.55px; border-style: none;\">\n<h3>Free sports package<\/h3>\n<p>The Multisport card is&nbsp;a&nbsp;unique motivational tool thanks to&nbsp;which our employees are offered the opportunity to&nbsp;improve their psychological and physical fitness. The employee may also avail of&nbsp;a&nbsp;very good deal to&nbsp;purchase a&nbsp;card for his or&nbsp;her children and for an&nbsp;accompanying person.<\/td>\n<\/tr>\n<tr style=\"height: 22px;\">\n<td style=\"height: 22px; border-style: hidden; width: 90.65px;\"><img decoding=\"async\" class=\"wp-image-7020 alignleft\" src=\"https:\/\/www.jasfbg.com.pl\/wp-content\/uploads\/2019\/02\/szkolenia-jezykowe.svg\" alt=\"\" width=\"80\" \/><\/td>\n<td style=\"height: 22px; width: 794.55px; border-style: none;\">\n<h3>Language courses<\/h3>\n<p>We offer our employees the opportunity to&nbsp;participate in&nbsp;free English language courses (including business and industry logistics), German and Spanish on&nbsp;an e-learning platform. Each course participant can invite one accompanying person to&nbsp;study.<\/td>\n<\/tr>\n<tr style=\"height: 22px;\">\n<td style=\"height: 22px; border-style: hidden; width: 90.65px;\"><img decoding=\"async\" class=\"wp-image-7019 alignleft\" src=\"https:\/\/www.jasfbg.com.pl\/wp-content\/uploads\/2019\/02\/szkolenia-branzowe.svg\" alt=\"\" width=\"80\" \/><\/td>\n<td style=\"height: 22px; width: 794.55px; border-style: none;\">\n<h3>Specialist industry training<\/h3>\n<p>We systematically invest in&nbsp;the development of&nbsp;our employees. During your employment, you will be&nbsp;able to&nbsp;take advantage of&nbsp;training suited to&nbsp;your job, financed exclusively by&nbsp;the employer.<\/td>\n<\/tr>\n<tr style=\"height: 22px;\">\n<td style=\"height: 22px; border-style: hidden; width: 90.65px;\"><img decoding=\"async\" class=\"wp-image-7021 alignleft\" src=\"https:\/\/www.jasfbg.com.pl\/wp-content\/uploads\/2019\/02\/ubezpieczenia.svg\" alt=\"\" width=\"80\" \/><\/td>\n<td style=\"height: 22px; width: 794.55px; border-style: none;\">\n<h3>Group insurance<\/h3>\n<p>We offer the opportunity to&nbsp;join voluntary life insurance to&nbsp;our employees and their families . Each employee has the possibility to&nbsp;choose one of&nbsp;several very attractive offers.<\/td>\n<\/tr>\n<tr style=\"height: 22px;\">\n<td style=\"height: 22px; border-style: hidden; width: 90.65px;\"><img decoding=\"async\" class=\"wp-image-7015 alignleft\" src=\"https:\/\/www.jasfbg.com.pl\/wp-content\/uploads\/2019\/02\/bony.svg\" alt=\"\" width=\"80\" \/><\/td>\n<td style=\"height: 22px; width: 794.55px; border-style: none;\">\n<h3>Christmas benefits<\/h3>\n<p>Christmas is&nbsp;a&nbsp;very special time of&nbsp;the year when we&nbsp;particularly want to&nbsp;thank our employees for their work. As Christmas gifts, our company gives benefits to&nbsp;employees every year.<\/td>\n<\/tr>\n<tr style=\"height: 22px;\">\n<td style=\"height: 22px; border-style: hidden; width: 90.65px;\"><img decoding=\"async\" class=\"alignleft wp-image-16632\" src=\"https:\/\/www.jasfbg.com.pl\/wp-content\/uploads\/2022\/12\/obiekty-wypoczynkowe-1.svg\" alt=\"\" width=\"80\" \/><\/td>\n<td style=\"height: 22px; width: 794.55px; border-style: none;\">\n<h3>Co-financing for rest in&nbsp;company recreation facilities<\/h3>\n<p>We have recreation and leisure facilities in&nbsp;our resources and we&nbsp;are happy to&nbsp;provide them for use by&nbsp;our employees.<\/td>\n<\/tr>\n<tr style=\"height: 22px;\">\n<td style=\"height: 22px; border-style: hidden; width: 90.65px;\"><img decoding=\"async\" class=\"wp-image-7014 alignleft\" src=\"https:\/\/www.jasfbg.com.pl\/wp-content\/uploads\/2019\/02\/atmosfera.svg\" alt=\"\" width=\"80\" \/><\/td>\n<td style=\"height: 22px; width: 794.55px; border-style: none;\">\n<h3>A great place to&nbsp;work<\/h3>\n<p>According to&nbsp;our employees, this is&nbsp;one of&nbsp;our greatest strengths.<\/td>\n<\/tr>\n<tr style=\"height: 22px;\">\n<td style=\"height: 22px; border-style: hidden; width: 90.65px;\"><img decoding=\"async\" class=\"wp-image-7016 alignleft\" src=\"https:\/\/www.jasfbg.com.pl\/wp-content\/uploads\/2019\/02\/konkursy.svg\" alt=\"\" width=\"80\" \/><\/td>\n<td style=\"height: 22px; width: 794.55px; border-style: none;\">\n<h3>Competitions for children<\/h3>\n<p>For many years, twice a&nbsp;year, we&nbsp;have been organizing competitions in&nbsp;which the children of&nbsp;our employees can win attractive prizes. There are no&nbsp;losers in&nbsp;such competitions, each child receives a&nbsp;prize.<\/td>\n<\/tr>\n<tr style=\"height: 22px;\">\n<td style=\"height: 22px; border-style: hidden; width: 90.65px;\"><img decoding=\"async\" class=\"wp-image-7018 alignleft\" src=\"https:\/\/www.jasfbg.com.pl\/wp-content\/uploads\/2019\/02\/spotkania.svg\" alt=\"\" width=\"80\" \/><\/td>\n<td style=\"height: 22px; width: 794.55px; border-style: none;\">\n<h3>Integration meetings<\/h3>\n<p>We like spending time together and we&nbsp;care for our relationships. We share common passions and interests.<\/td>\n<\/tr>\n<tr style=\"height: 22px;\">\n<td style=\"height: 22px; border-style: hidden; width: 90.65px;\"><img decoding=\"async\" class=\"alignleft wp-image-16637\" src=\"https:\/\/www.jasfbg.com.pl\/wp-content\/uploads\/2022\/12\/homeoffice.svg\" alt=\"\" width=\"80\" \/><\/td>\n<td style=\"height: 22px; width: 794.55px; border-style: none;\">\n<h3>Ability to&nbsp;work in&nbsp;hybrid or&nbsp;remote mode<\/h3>\n<\/td>\n<\/tr>\n<\/tbody>\n<\/table>\n<\/div>\n","protected":false},"excerpt":{"rendered":"<p>We offer our employees: \u00a0 Good conditions of\u00a0employment All employees are hired based on&nbsp;a&nbsp;contract of&nbsp;employment, which guarantees stable employment. Free private medical care Our employees have the option of&nbsp;joining the free MEDICOVER private medical care program. Free sports package The Multisport card is&nbsp;a&nbsp;unique motivational tool thanks to&nbsp;which our employees are offered the opportunity to&nbsp;improve their [&hellip;]<\/p>\n","protected":false},"author":1,"featured_media":0,"parent":612,"menu_order":2,"comment_status":"closed","ping_status":"closed","template":"","meta":{"_acf_changed":false,"inline_featured_image":false,"footnotes":""},"class_list":["post-1125","page","type-page","status-publish","hentry"],"acf":[],"yoast_head":"<!-- This site is optimized with the Yoast SEO plugin v27.5 - https:\/\/yoast.com\/product\/yoast-seo-wordpress\/ -->\n<title>Benefits - Transport mi\u0119dzynarodowy, spedycja krajowa, firma spedycyjna JAS-FBG - Logistyka<\/title>\n<meta name=\"robots\" content=\"index, follow, max-snippet:-1, max-image-preview:large, max-video-preview:-1\" \/>\n<link rel=\"canonical\" href=\"https:\/\/www.jasfbg.com.pl\/en\/career\/benefits\/\" \/>\n<meta property=\"og:locale\" content=\"en_US\" \/>\n<meta property=\"og:type\" content=\"article\" \/>\n<meta property=\"og:title\" content=\"Benefits - Transport mi\u0119dzynarodowy, spedycja krajowa, firma spedycyjna JAS-FBG - Logistyka\" \/>\n<meta property=\"og:description\" content=\"We offer our employees: \u00a0 Good conditions of\u00a0employment All employees are hired based on&nbsp;a&nbsp;contract of&nbsp;employment, which guarantees stable employment. Free private medical care Our employees have the option of&nbsp;joining the free MEDICOVER private medical care program. Free sports package The Multisport card is&nbsp;a&nbsp;unique motivational tool thanks to&nbsp;which our employees are offered the opportunity to&nbsp;improve their [&hellip;]\" \/>\n<meta property=\"og:url\" content=\"https:\/\/www.jasfbg.com.pl\/en\/career\/benefits\/\" \/>\n<meta property=\"og:site_name\" content=\"Transport mi\u0119dzynarodowy, spedycja krajowa, firma spedycyjna JAS-FBG - Logistyka\" \/>\n<meta property=\"article:modified_time\" content=\"2022-12-20T14:28:31+00:00\" \/>\n<meta property=\"og:image\" content=\"https:\/\/www.jasfbg.com.pl\/wp-content\/uploads\/2019\/02\/warunki-zatrudnienia.svg\" \/>\n<meta name=\"twitter:card\" content=\"summary_large_image\" \/>\n<meta name=\"twitter:label1\" content=\"Est. reading time\" \/>\n\t<meta name=\"twitter:data1\" content=\"5 minutes\" \/>\n<script type=\"application\/ld+json\" class=\"yoast-schema-graph\">{\"@context\":\"https:\\\/\\\/schema.org\",\"@graph\":[{\"@type\":\"WebPage\",\"@id\":\"https:\\\/\\\/www.jasfbg.com.pl\\\/en\\\/career\\\/benefits\\\/\",\"url\":\"https:\\\/\\\/www.jasfbg.com.pl\\\/en\\\/career\\\/benefits\\\/\",\"name\":\"Benefits - Transport mi\u0119dzynarodowy, spedycja krajowa, firma spedycyjna JAS-FBG - Logistyka\",\"isPartOf\":{\"@id\":\"https:\\\/\\\/www.jasfbg.com.pl\\\/#website\"},\"primaryImageOfPage\":{\"@id\":\"https:\\\/\\\/www.jasfbg.com.pl\\\/en\\\/career\\\/benefits\\\/#primaryimage\"},\"image\":{\"@id\":\"https:\\\/\\\/www.jasfbg.com.pl\\\/en\\\/career\\\/benefits\\\/#primaryimage\"},\"thumbnailUrl\":\"https:\\\/\\\/www.jasfbg.com.pl\\\/wp-content\\\/uploads\\\/2019\\\/02\\\/warunki-zatrudnienia.svg\",\"datePublished\":\"2017-09-19T12:56:16+00:00\",\"dateModified\":\"2022-12-20T14:28:31+00:00\",\"breadcrumb\":{\"@id\":\"https:\\\/\\\/www.jasfbg.com.pl\\\/en\\\/career\\\/benefits\\\/#breadcrumb\"},\"inLanguage\":\"en-US\",\"potentialAction\":[{\"@type\":\"ReadAction\",\"target\":[\"https:\\\/\\\/www.jasfbg.com.pl\\\/en\\\/career\\\/benefits\\\/\"]}]},{\"@type\":\"ImageObject\",\"inLanguage\":\"en-US\",\"@id\":\"https:\\\/\\\/www.jasfbg.com.pl\\\/en\\\/career\\\/benefits\\\/#primaryimage\",\"url\":\"https:\\\/\\\/www.jasfbg.com.pl\\\/wp-content\\\/uploads\\\/2019\\\/02\\\/warunki-zatrudnienia.svg\",\"contentUrl\":\"https:\\\/\\\/www.jasfbg.com.pl\\\/wp-content\\\/uploads\\\/2019\\\/02\\\/warunki-zatrudnienia.svg\"},{\"@type\":\"BreadcrumbList\",\"@id\":\"https:\\\/\\\/www.jasfbg.com.pl\\\/en\\\/career\\\/benefits\\\/#breadcrumb\",\"itemListElement\":[{\"@type\":\"ListItem\",\"position\":1,\"name\":\"JAS-FBG S.A.\",\"item\":\"https:\\\/\\\/www.jasfbg.com.pl\\\/en\\\/\"},{\"@type\":\"ListItem\",\"position\":2,\"name\":\"Career\",\"item\":\"https:\\\/\\\/www.jasfbg.com.pl\\\/en\\\/career\\\/\"},{\"@type\":\"ListItem\",\"position\":3,\"name\":\"Benefits\"}]},{\"@type\":\"WebSite\",\"@id\":\"https:\\\/\\\/www.jasfbg.com.pl\\\/#website\",\"url\":\"https:\\\/\\\/www.jasfbg.com.pl\\\/\",\"name\":\"Transport mi\u0119dzynarodowy, spedycja krajowa, firma spedycyjna JAS-FBG - Logistyka\",\"description\":\"Bezpiecznie, szybko i w dobrej cenie! Koniecznie sprawd\u017a nasz\u0105 ofert\u0119! Spedycja drogowa krajowa, mi\u0119dzynarodowa ca\u0142opojazdowa, drobnicowa, spedycja morska, spedycja lotnicza, spedycja kolejowa. Logistyka i magazynowanie. Tylko JAS-FBG!\",\"potentialAction\":[{\"@type\":\"SearchAction\",\"target\":{\"@type\":\"EntryPoint\",\"urlTemplate\":\"https:\\\/\\\/www.jasfbg.com.pl\\\/?s={search_term_string}\"},\"query-input\":{\"@type\":\"PropertyValueSpecification\",\"valueRequired\":true,\"valueName\":\"search_term_string\"}}],\"inLanguage\":\"en-US\"}]}<\/script>\n<!-- \/ Yoast SEO plugin. -->","yoast_head_json":{"title":"Benefits - Transport mi\u0119dzynarodowy, spedycja krajowa, firma spedycyjna JAS-FBG - Logistyka","robots":{"index":"index","follow":"follow","max-snippet":"max-snippet:-1","max-image-preview":"max-image-preview:large","max-video-preview":"max-video-preview:-1"},"canonical":"https:\/\/www.jasfbg.com.pl\/en\/career\/benefits\/","og_locale":"en_US","og_type":"article","og_title":"Benefits - Transport mi\u0119dzynarodowy, spedycja krajowa, firma spedycyjna JAS-FBG - Logistyka","og_description":"We offer our employees: \u00a0 Good conditions of\u00a0employment All employees are hired based on&nbsp;a&nbsp;contract of&nbsp;employment, which guarantees stable employment. Free private medical care Our employees have the option of&nbsp;joining the free MEDICOVER private medical care program. Free sports package The Multisport card is&nbsp;a&nbsp;unique motivational tool thanks to&nbsp;which our employees are offered the opportunity to&nbsp;improve their [&hellip;]","og_url":"https:\/\/www.jasfbg.com.pl\/en\/career\/benefits\/","og_site_name":"Transport mi\u0119dzynarodowy, spedycja krajowa, firma spedycyjna JAS-FBG - Logistyka","article_modified_time":"2022-12-20T14:28:31+00:00","og_image":[{"url":"https:\/\/www.jasfbg.com.pl\/wp-content\/uploads\/2019\/02\/warunki-zatrudnienia.svg","type":"","width":"","height":""}],"twitter_card":"summary_large_image","twitter_misc":{"Est. reading time":"5 minutes"},"schema":{"@context":"https:\/\/schema.org","@graph":[{"@type":"WebPage","@id":"https:\/\/www.jasfbg.com.pl\/en\/career\/benefits\/","url":"https:\/\/www.jasfbg.com.pl\/en\/career\/benefits\/","name":"Benefits - Transport mi\u0119dzynarodowy, spedycja krajowa, firma spedycyjna JAS-FBG - Logistyka","isPartOf":{"@id":"https:\/\/www.jasfbg.com.pl\/#website"},"primaryImageOfPage":{"@id":"https:\/\/www.jasfbg.com.pl\/en\/career\/benefits\/#primaryimage"},"image":{"@id":"https:\/\/www.jasfbg.com.pl\/en\/career\/benefits\/#primaryimage"},"thumbnailUrl":"https:\/\/www.jasfbg.com.pl\/wp-content\/uploads\/2019\/02\/warunki-zatrudnienia.svg","datePublished":"2017-09-19T12:56:16+00:00","dateModified":"2022-12-20T14:28:31+00:00","breadcrumb":{"@id":"https:\/\/www.jasfbg.com.pl\/en\/career\/benefits\/#breadcrumb"},"inLanguage":"en-US","potentialAction":[{"@type":"ReadAction","target":["https:\/\/www.jasfbg.com.pl\/en\/career\/benefits\/"]}]},{"@type":"ImageObject","inLanguage":"en-US","@id":"https:\/\/www.jasfbg.com.pl\/en\/career\/benefits\/#primaryimage","url":"https:\/\/www.jasfbg.com.pl\/wp-content\/uploads\/2019\/02\/warunki-zatrudnienia.svg","contentUrl":"https:\/\/www.jasfbg.com.pl\/wp-content\/uploads\/2019\/02\/warunki-zatrudnienia.svg"},{"@type":"BreadcrumbList","@id":"https:\/\/www.jasfbg.com.pl\/en\/career\/benefits\/#breadcrumb","itemListElement":[{"@type":"ListItem","position":1,"name":"JAS-FBG S.A.","item":"https:\/\/www.jasfbg.com.pl\/en\/"},{"@type":"ListItem","position":2,"name":"Career","item":"https:\/\/www.jasfbg.com.pl\/en\/career\/"},{"@type":"ListItem","position":3,"name":"Benefits"}]},{"@type":"WebSite","@id":"https:\/\/www.jasfbg.com.pl\/#website","url":"https:\/\/www.jasfbg.com.pl\/","name":"Transport mi\u0119dzynarodowy, spedycja krajowa, firma spedycyjna JAS-FBG - Logistyka","description":"Bezpiecznie, szybko i w dobrej cenie! Koniecznie sprawd\u017a nasz\u0105 ofert\u0119! Spedycja drogowa krajowa, mi\u0119dzynarodowa ca\u0142opojazdowa, drobnicowa, spedycja morska, spedycja lotnicza, spedycja kolejowa. Logistyka i magazynowanie. Tylko JAS-FBG!","potentialAction":[{"@type":"SearchAction","target":{"@type":"EntryPoint","urlTemplate":"https:\/\/www.jasfbg.com.pl\/?s={search_term_string}"},"query-input":{"@type":"PropertyValueSpecification","valueRequired":true,"valueName":"search_term_string"}}],"inLanguage":"en-US"}]}},"_links":{"self":[{"href":"https:\/\/www.jasfbg.com.pl\/en\/wp-json\/wp\/v2\/pages\/1125","targetHints":{"allow":["GET"]}}],"collection":[{"href":"https:\/\/www.jasfbg.com.pl\/en\/wp-json\/wp\/v2\/pages"}],"about":[{"href":"https:\/\/www.jasfbg.com.pl\/en\/wp-json\/wp\/v2\/types\/page"}],"author":[{"embeddable":true,"href":"https:\/\/www.jasfbg.com.pl\/en\/wp-json\/wp\/v2\/users\/1"}],"replies":[{"embeddable":true,"href":"https:\/\/www.jasfbg.com.pl\/en\/wp-json\/wp\/v2\/comments?post=1125"}],"version-history":[{"count":32,"href":"https:\/\/www.jasfbg.com.pl\/en\/wp-json\/wp\/v2\/pages\/1125\/revisions"}],"predecessor-version":[{"id":16657,"href":"https:\/\/www.jasfbg.com.pl\/en\/wp-json\/wp\/v2\/pages\/1125\/revisions\/16657"}],"up":[{"embeddable":true,"href":"https:\/\/www.jasfbg.com.pl\/en\/wp-json\/wp\/v2\/pages\/612"}],"wp:attachment":[{"href":"https:\/\/www.jasfbg.com.pl\/en\/wp-json\/wp\/v2\/media?parent=1125"}],"curies":[{"name":"wp","href":"https:\/\/api.w.org\/{rel}","templated":true}]}}