{"id":1137,"date":"2017-09-19T14:59:35","date_gmt":"2017-09-19T12:59:35","guid":{"rendered":"https:\/\/www.jasfbg.com.pl\/contact\/dzial-handlowy\/"},"modified":"2026-03-11T14:37:10","modified_gmt":"2026-03-11T13:37:10","slug":"sales-department","status":"publish","type":"page","link":"https:\/\/www.jasfbg.com.pl\/en\/contact\/sales-department\/","title":{"rendered":"Sales department"},"content":{"rendered":"<p><span><span><a href=\"https:\/\/www.jasfbg.com.pl\/en\/\">JAS-FBG S.A.<\/a><\/span><\/span><br \/>\n<div class=\"row left\"><\/p>\n<div class=\"col col-3\"><\/p>\n<p><div class=\"box\"><\/p>\n<h4 class=\"black\">Agnieszka Por\u0119bska<\/h4>\n<h5 class=\"grey\">Director of&nbsp;the Sales and Marketing Department<\/h5>\n<p><strong>Tel.: <\/strong><a href=\"tel:+48323593569\">+48 32 359 35 69<\/a><\/p>\n<p><strong>Tel.:<\/strong> <a href=\"tel:+48506011841\">+48 506 011 841<\/a><\/p>\n<p><a href=\"mailto:aporebska@jasfbg.pl\">aporebska@jasfbg.pl<\/a><\/p>\n<p><a href=\"mailto:handlowy@jasfbg.pl\">handlowy@jasfbg.pl<\/a><\/p>\n<p><\/div><\/p>\n<p><\/div>\n<div class=\"col col-3\"><\/p>\n<p><div class=\"box\"><\/p>\n<h4 class=\"black\">Dariusz Haehne<\/h4>\n<p><strong>Deputy Sales Director <\/strong><\/p>\n<p><strong>Tel.:<\/strong>\u00a0 \u00a0\u00a0<a href=\"tel:+48506011431\">+48 506 011 431<\/a><\/p>\n<p><a href=\"mailto:dhaehne@jasfbg.pl\">dhaehne@jasfbg.pl<\/a><\/p>\n<p><a href=\"mailto:handlowy@jasfbg.pl\">handlowy@jasfbg.pl<\/a><\/p>\n<p><\/div><\/p>\n<p><\/div>\n<p><\/div><\/p>\n<div class=\"row left\"><\/p>\n<p><div class=\"col col-3\"><\/p>\n<p><div class=\"box\"><\/p>\n<h4><span style=\"color: #000000;\">Bia\u0142ystok<\/span><\/h4>\n<p class=\"black\"><strong>Andrzej Wasiluk<\/strong><\/p>\n<p><strong>Tel.:<\/strong> <a href=\"tel:+48 506 013 582\">+48\u00a0506\u00a0013 582<\/a><\/p>\n<p><a href=\"mailto:awasiluk@jasfbg.pl\">awasiluk@jasfbg.pl<\/a><\/p>\n<p>&nbsp;<\/p>\n<p><\/div><\/p>\n<p><\/div><\/p>\n<p><div class=\"col col-3\"><\/p>\n<p><div class=\"box\"><\/p>\n<h4><span style=\"color: #000000;\">Bydgoszcz<\/span><\/h4>\n<p class=\"black\"><strong>Jakub Urbaniak<\/strong><\/p>\n<p><strong>Tel.:<\/strong> <a href=\"tel:+48797905303\">+48 797 905 303<\/a><\/p>\n<p><a href=\"mailto:jurbaniak@jasfbg.pl\">jurbaniak@jasfbg.pl<\/a><\/p>\n<p><\/div><\/p>\n<p><\/div><\/p>\n<p><div class=\"col col-3\"><\/p>\n<p><div class=\"box\"><\/p>\n<h4 class=\"black\">Cz\u0119stochowa<\/h4>\n<p><strong>Robert Gosiewski<\/strong><\/p>\n<p><strong>Tel.:<\/strong>\u00a0 \u00a0\u00a0<a href=\"tel:+48797905589\">+48 797 905 589<\/a><\/p>\n<p><a href=\"mailto:rgosiewski@jasfbg.pl\">rgosiewski@jasfbg.pl<\/a><\/p>\n<p><\/div><\/p>\n<p><\/div><\/p>\n<p><div class=\"col col-3\"><\/p>\n<p><div class=\"box\"><\/p>\n<h4 class=\"black\">Gda\u0144sk<\/h4>\n<p><strong>Krzysztof Lewczyk<\/strong><\/p>\n<p><strong>Tel.:<\/strong>\u00a0 \u00a0\u00a0<a href=\"tel:+48513 398 160\">+48 513 398 160<\/a><\/p>\n<p><a href=\"mailto:klewczyk@jasfbg.pl\">klewczyk@jasfbg.pl<\/a><\/p>\n<p><\/div><\/p>\n<p><\/div><\/p>\n<p><div class=\"col col-3\"><\/p>\n<p><div class=\"box\"><\/p>\n<h4 class=\"black\">Katowice<\/h4>\n<p><strong>Anna Konopka-Skopczy\u0144ska<\/strong><\/p>\n<p><strong>Tel.:<\/strong>\u00a0 \u00a0\u00a0<a href=\"tel:+48323593576\">+48 32 359 35 76<\/a><\/p>\n<p><strong>Tel.:<\/strong>\u00a0 \u00a0\u00a0<a href=\"tel:+48506013843\">+48 506 013 843<\/a><\/p>\n<p><a href=\"mailto:akonopka@jasfbg.pl\">akonopka@jasfbg.pl<\/a><\/p>\n<p><\/div><\/p>\n<p><\/div><\/p>\n<p><div class=\"col col-3\"><\/p>\n<p><div class=\"box\"><\/p>\n<h4 class=\"black\">Katowice<\/h4>\n<p><strong>Aleksandra Szot<\/strong><\/p>\n<p><strong>Tel.:<\/strong>\u00a0 \u00a0\u00a0<a href=\"tel:+48506011491\">+48 506 011 491<\/a><\/p>\n<p><a href=\"mailto:aszot@jasfbg.pl\">aszot@jasfbg.pl<\/a><\/p>\n<p><\/div><\/p>\n<p><\/div><\/p>\n<p><div class=\"col col-3\"><\/p>\n<p><div class=\"box\"><\/p>\n<h4 class=\"black\">Kielce<\/h4>\n<p><strong>Bart\u0142omiej Kasztelan<\/strong><\/p>\n<p><strong>Tel.:<\/strong>\u00a0 \u00a0\u00a0<a href=\"tel:+48413757602\">+48 41 375 76 02<\/a><\/p>\n<p><strong>Tel.:<\/strong>\u00a0 \u00a0\u00a0<a href=\"tel:+48506011961\">+48 506 011 961<\/a><\/p>\n<p><a href=\"mailto:bkasztelan@jasfbg.pl\">bkasztelan@jasfbg.pl<\/a><\/p>\n<p><\/div><\/p>\n<p><\/div><\/p>\n<p><div class=\"col col-3\"><\/p>\n<p><div class=\"box\"><\/p>\n<h4 class=\"black\">Krak\u00f3w<\/h4>\n<p><strong>Marek N\u0119cki<\/strong><\/p>\n<p><strong>Tel.:<\/strong>\u00a0 \u00a0\u00a0<a href=\"tel:+48126500377\">+48 12 650 03 77<\/a><\/p>\n<p><strong>Tel.:<\/strong>\u00a0 \u00a0\u00a0<a href=\"tel:+48506011425\">+48 506 011 425<\/a><\/p>\n<p><a href=\"mailto:mnecki@jasfbg.pl\">mnecki@jasfbg.pl<\/a><\/p>\n<p><\/div><\/p>\n<p><\/div><\/p>\n<p><div class=\"col col-3\"><\/p>\n<p><div class=\"box\"><\/p>\n<h4 class=\"black\">Legnica<\/h4>\n<p><strong>Sabina Brygicka<\/strong><\/p>\n<p><strong>Tel.:<\/strong>\u00a0 \u00a0\u00a0<a href=\"tel:+48506011418\">+48 506 011 418<\/a><\/p>\n<p><a href=\"mailto:sbrygicka@jasfbg.pl\">sbrygicka@jasfbg.pl<\/a><\/p>\n<p><\/div><\/p>\n<p><\/div><\/p>\n<p><div class=\"col col-3\"><\/p>\n<p><div class=\"box\"><\/p>\n<h4 class=\"black\">Lublin<\/h4>\n<p><strong>Ewa Wi\u015bniewska<\/strong><\/p>\n<p><strong>Tel.:<\/strong>\u00a0 \u00a0\u00a0<a href=\"tel:+48506011436\">+48 506 011 436<\/a><\/p>\n<p><a href=\"mailto:ewisniewska@jasfbg.pl\">ewisniewska@jasfbg.pl<\/a><\/p>\n<p><\/div><\/p>\n<p><\/div><\/p>\n<p><div class=\"col col-3\"><\/p>\n<p><div class=\"box\"><\/p>\n<h4 class=\"black\">\u0141\u00f3d\u017a<\/h4>\n<p><strong>Katarzyna Rosiak-Olczak<\/strong><\/p>\n<p><strong>Tel.:<\/strong>\u00a0 \u00a0\u00a0<a href=\"tel:+48506013586\">+48 506 013 586<\/a><\/p>\n<p><a href=\"mailto:kolczak@jasfbg.pl\">kolczak@jasfbg.pl<\/a><\/p>\n<p><\/div><\/p>\n<p><\/div><\/p>\n<p><div class=\"col col-3\"><\/p>\n<p><div class=\"box\"><\/p>\n<h4 class=\"black\">\u0141\u00f3d\u017a<\/h4>\n<p><strong>Igor R\u00f3g<\/strong><\/p>\n<p><strong>Tel.:<\/strong>\u00a0 \u00a0\u00a0<a href=\"tel:+48502956294\">+48 502 956 294<\/a><\/p>\n<p><a href=\"mailto:irog@jasfbg.pl\">irog@jasfbg.pl<\/a><\/p>\n<p><\/div><\/p>\n<p><\/div><\/p>\n<p><div class=\"col col-3\"><\/p>\n<p><div class=\"box\"><\/p>\n<h4 class=\"black\">Olsztyn<\/h4>\n<p><strong>Natalia Kubacka<\/strong><\/p>\n<p><strong>Tel.:<\/strong>\u00a0 \u00a0\u00a0<a href=\"tel:+48506011512\">+48 506 011 512<\/a><\/p>\n<p><a href=\"mailto:nkubacka@jasfbg.pl\">nkubacka@jasfbg.pl<\/a><\/p>\n<p><\/div><\/p>\n<p><\/div><\/p>\n<p><div class=\"col col-3\"><\/p>\n<p><div class=\"box\"><\/p>\n<h4 class=\"black\">Pozna\u0144<\/h4>\n<p><strong>Marcin Iwaszko<\/strong><\/p>\n<p><strong>Tel.:<\/strong>\u00a0 \u00a0\u00a0<a href=\"tel:+48797 905 654\">+48 797\u00a0905 654<\/a><\/p>\n<p><a href=\"mailto:miwaszko@jasfbg.pl\">miwaszko@jasfbg.pl<\/a><\/p>\n<p><\/div><\/p>\n<p><\/div><\/p>\n<p><div class=\"col col-3\"><\/p>\n<p><div class=\"box\"><\/p>\n<h4 class=\"black\">Pozna\u0144<\/h4>\n<p><strong>Marcin Sygnet<\/strong><\/p>\n<p><strong>Tel.:<\/strong>\u00a0 \u00a0\u00a0<a href=\"tel:+48 798905764\">+48 798905764<\/a><\/p>\n<p><a href=\"mailto:msygnet@jasfbg.pl\">msygnet@jasfbg.pl<\/a><\/p>\n<p><\/div><\/p>\n<p><\/div><\/p>\n<p><div class=\"col col-3\"><\/p>\n<p><div class=\"box\"><\/p>\n<h4 class=\"black\">Rzesz\u00f3w<\/h4>\n<p><strong>\u0141ukasz S\u0142abocha<\/strong><\/p>\n<p><strong>Tel.:<\/strong>\u00a0 \u00a0\u00a0<a href=\"tel:+48506011708\">+48 506 011 708<\/a><\/p>\n<p><a href=\"mailto:lslabocha@jasfbg.pl\">lslabocha@jasfbg.pl<\/a><\/p>\n<p><\/div><\/p>\n<p><\/div><\/p>\n<p><div class=\"col col-3\"><\/p>\n<p><div class=\"box\"><\/p>\n<h4 class=\"black\">S\u0142upsk<\/h4>\n<p><strong>Anna Podlasi\u0144ska<\/strong><\/p>\n<p><strong>Tel.:<\/strong>\u00a0 \u00a0\u00a0<a href=\"tel:+48598481090\">+48 59 848 10 90<\/a><\/p>\n<p><strong>Tel.:<\/strong>\u00a0 \u00a0\u00a0<a href=\"tel:+48506011477\">+48 506 011 477<\/a><\/p>\n<p><a href=\"mailto:apodlasinska@jasfbg.pl\">apodlasinska@jasfbg.pl<\/a><\/p>\n<p><\/div><\/p>\n<p><\/div><\/p>\n<p><div class=\"col col-3\"><\/p>\n<p><div class=\"box\"><\/p>\n<h4 class=\"black\">Szczecin<\/h4>\n<p><strong>Anna Podlasi\u0144ska<\/strong><\/p>\n<p><strong>Tel.:<\/strong>\u00a0 \u00a0\u00a0<a href=\"tel:+48598481090\">+48 59 848 10 90<\/a><\/p>\n<p><strong>Tel.:<\/strong>\u00a0 \u00a0\u00a0<a href=\"tel:+48506011477\">+48 506 011 477<\/a><\/p>\n<p><a href=\"mailto:apodlasinska@jasfbg.pl\">apodlasinska@jasfbg.pl<\/a><\/p>\n<p><\/div><\/p>\n<p><\/div><\/p>\n<p><div class=\"col col-3\"><\/p>\n<p><div class=\"box\"><\/p>\n<h4 class=\"black\">Warszawa<\/h4>\n<p><strong>Anna Czmyr<\/strong><\/p>\n<p><strong>Tel.:<\/strong>\u00a0 \u00a0\u00a0<a href=\"tel:+48797905404\">+48 797 905 404<\/a><\/p>\n<p><a href=\"mailto:aczmyr@jasfbg.pl\">aczmyr@jasfbg.pl<\/a><\/p>\n<p><\/div><\/p>\n<p><\/div><\/p>\n<p><div class=\"col col-3\"><\/p>\n<p><div class=\"box\"><\/p>\n<h4 class=\"black\">Wroc\u0142aw<\/h4>\n<p><strong>Paulina Kalinowska<\/strong><\/p>\n<p><strong>Tel.:<\/strong>\u00a0 \u00a0\u00a0<a href=\"tel:+48506013843\">+48 506 011 451<\/a><\/p>\n<p><a href=\"mailto:pkalinowska@jasfbg.pl\">pkalinowska@jasfbg.pl<\/a><\/p>\n<p><\/div><\/p>\n<p><\/div><\/p>\n<p><div class=\"col col-3\"><\/p>\n<p><div class=\"box\"><\/p>\n<h4 class=\"black\">Wroc\u0142aw<\/h4>\n<p><strong>Krzysztof Odo<\/strong><\/p>\n<p><strong>Tel.:<\/strong>\u00a0 \u00a0\u00a0<a href=\"tel:+48797905472\">+48 797 905 472<\/a><\/p>\n<p><a href=\"mailto:kodo@jasfbg.pl\">kodo@jasfbg.pl<\/a><\/p>\n<p><\/div><\/p>\n<p><\/div><\/p>\n<p>&nbsp;<\/p>\n<p><\/div>\n","protected":false},"excerpt":{"rendered":"","protected":false},"author":1,"featured_media":0,"parent":1129,"menu_order":2,"comment_status":"closed","ping_status":"closed","template":"","meta":{"_acf_changed":false,"inline_featured_image":false,"footnotes":""},"class_list":["post-1137","page","type-page","status-publish","hentry"],"acf":[],"yoast_head":"<!-- This site is optimized with the Yoast SEO plugin v27.5 - https:\/\/yoast.com\/product\/yoast-seo-wordpress\/ -->\n<title>Sales department - Transport mi\u0119dzynarodowy, spedycja krajowa, firma spedycyjna JAS-FBG - Logistyka<\/title>\n<meta name=\"robots\" content=\"index, follow, max-snippet:-1, max-image-preview:large, max-video-preview:-1\" \/>\n<link rel=\"canonical\" href=\"https:\/\/www.jasfbg.com.pl\/en\/contact\/sales-department\/\" \/>\n<meta property=\"og:locale\" content=\"en_US\" \/>\n<meta property=\"og:type\" content=\"article\" \/>\n<meta property=\"og:title\" content=\"3\" \/>\n<meta property=\"og:url\" content=\"https:\/\/www.jasfbg.com.pl\/en\/contact\/sales-department\/\" \/>\n<meta property=\"og:site_name\" content=\"Transport mi\u0119dzynarodowy, spedycja krajowa, firma spedycyjna JAS-FBG - Logistyka\" \/>\n<meta property=\"article:modified_time\" content=\"2026-03-11T13:37:10+00:00\" \/>\n<meta name=\"twitter:card\" content=\"summary_large_image\" \/>\n<meta name=\"twitter:label1\" content=\"Est. reading time\" \/>\n\t<meta name=\"twitter:data1\" content=\"3 minutes\" \/>\n<script type=\"application\/ld+json\" class=\"yoast-schema-graph\">{\"@context\":\"https:\\\/\\\/schema.org\",\"@graph\":[{\"@type\":\"WebPage\",\"@id\":\"https:\\\/\\\/www.jasfbg.com.pl\\\/en\\\/contact\\\/sales-department\\\/\",\"url\":\"https:\\\/\\\/www.jasfbg.com.pl\\\/en\\\/contact\\\/sales-department\\\/\",\"name\":\"Sales department - Transport mi\u0119dzynarodowy, spedycja krajowa, firma spedycyjna JAS-FBG - Logistyka\",\"isPartOf\":{\"@id\":\"https:\\\/\\\/www.jasfbg.com.pl\\\/#website\"},\"datePublished\":\"2017-09-19T12:59:35+00:00\",\"dateModified\":\"2026-03-11T13:37:10+00:00\",\"breadcrumb\":{\"@id\":\"https:\\\/\\\/www.jasfbg.com.pl\\\/en\\\/contact\\\/sales-department\\\/#breadcrumb\"},\"inLanguage\":\"en-US\",\"potentialAction\":[{\"@type\":\"ReadAction\",\"target\":[\"https:\\\/\\\/www.jasfbg.com.pl\\\/en\\\/contact\\\/sales-department\\\/\"]}]},{\"@type\":\"BreadcrumbList\",\"@id\":\"https:\\\/\\\/www.jasfbg.com.pl\\\/en\\\/contact\\\/sales-department\\\/#breadcrumb\",\"itemListElement\":[{\"@type\":\"ListItem\",\"position\":1,\"name\":\"JAS-FBG S.A.\",\"item\":\"https:\\\/\\\/www.jasfbg.com.pl\\\/en\\\/\"},{\"@type\":\"ListItem\",\"position\":2,\"name\":\"Contact\",\"item\":\"https:\\\/\\\/www.jasfbg.com.pl\\\/en\\\/contact\\\/\"},{\"@type\":\"ListItem\",\"position\":3,\"name\":\"Sales department\"}]},{\"@type\":\"WebSite\",\"@id\":\"https:\\\/\\\/www.jasfbg.com.pl\\\/#website\",\"url\":\"https:\\\/\\\/www.jasfbg.com.pl\\\/\",\"name\":\"Transport mi\u0119dzynarodowy, spedycja krajowa, firma spedycyjna JAS-FBG - Logistyka\",\"description\":\"Bezpiecznie, szybko i w dobrej cenie! Koniecznie sprawd\u017a nasz\u0105 ofert\u0119! Spedycja drogowa krajowa, mi\u0119dzynarodowa ca\u0142opojazdowa, drobnicowa, spedycja morska, spedycja lotnicza, spedycja kolejowa. Logistyka i magazynowanie. Tylko JAS-FBG!\",\"potentialAction\":[{\"@type\":\"SearchAction\",\"target\":{\"@type\":\"EntryPoint\",\"urlTemplate\":\"https:\\\/\\\/www.jasfbg.com.pl\\\/?s={search_term_string}\"},\"query-input\":{\"@type\":\"PropertyValueSpecification\",\"valueRequired\":true,\"valueName\":\"search_term_string\"}}],\"inLanguage\":\"en-US\"}]}<\/script>\n<!-- \/ Yoast SEO plugin. -->","yoast_head_json":{"title":"Sales department - Transport mi\u0119dzynarodowy, spedycja krajowa, firma spedycyjna JAS-FBG - Logistyka","robots":{"index":"index","follow":"follow","max-snippet":"max-snippet:-1","max-image-preview":"max-image-preview:large","max-video-preview":"max-video-preview:-1"},"canonical":"https:\/\/www.jasfbg.com.pl\/en\/contact\/sales-department\/","og_locale":"en_US","og_type":"article","og_title":"3","og_url":"https:\/\/www.jasfbg.com.pl\/en\/contact\/sales-department\/","og_site_name":"Transport mi\u0119dzynarodowy, spedycja krajowa, firma spedycyjna JAS-FBG - Logistyka","article_modified_time":"2026-03-11T13:37:10+00:00","twitter_card":"summary_large_image","twitter_misc":{"Est. reading time":"3 minutes"},"schema":{"@context":"https:\/\/schema.org","@graph":[{"@type":"WebPage","@id":"https:\/\/www.jasfbg.com.pl\/en\/contact\/sales-department\/","url":"https:\/\/www.jasfbg.com.pl\/en\/contact\/sales-department\/","name":"Sales department - Transport mi\u0119dzynarodowy, spedycja krajowa, firma spedycyjna JAS-FBG - Logistyka","isPartOf":{"@id":"https:\/\/www.jasfbg.com.pl\/#website"},"datePublished":"2017-09-19T12:59:35+00:00","dateModified":"2026-03-11T13:37:10+00:00","breadcrumb":{"@id":"https:\/\/www.jasfbg.com.pl\/en\/contact\/sales-department\/#breadcrumb"},"inLanguage":"en-US","potentialAction":[{"@type":"ReadAction","target":["https:\/\/www.jasfbg.com.pl\/en\/contact\/sales-department\/"]}]},{"@type":"BreadcrumbList","@id":"https:\/\/www.jasfbg.com.pl\/en\/contact\/sales-department\/#breadcrumb","itemListElement":[{"@type":"ListItem","position":1,"name":"JAS-FBG S.A.","item":"https:\/\/www.jasfbg.com.pl\/en\/"},{"@type":"ListItem","position":2,"name":"Contact","item":"https:\/\/www.jasfbg.com.pl\/en\/contact\/"},{"@type":"ListItem","position":3,"name":"Sales department"}]},{"@type":"WebSite","@id":"https:\/\/www.jasfbg.com.pl\/#website","url":"https:\/\/www.jasfbg.com.pl\/","name":"Transport mi\u0119dzynarodowy, spedycja krajowa, firma spedycyjna JAS-FBG - Logistyka","description":"Bezpiecznie, szybko i w dobrej cenie! Koniecznie sprawd\u017a nasz\u0105 ofert\u0119! Spedycja drogowa krajowa, mi\u0119dzynarodowa ca\u0142opojazdowa, drobnicowa, spedycja morska, spedycja lotnicza, spedycja kolejowa. Logistyka i magazynowanie. Tylko JAS-FBG!","potentialAction":[{"@type":"SearchAction","target":{"@type":"EntryPoint","urlTemplate":"https:\/\/www.jasfbg.com.pl\/?s={search_term_string}"},"query-input":{"@type":"PropertyValueSpecification","valueRequired":true,"valueName":"search_term_string"}}],"inLanguage":"en-US"}]}},"_links":{"self":[{"href":"https:\/\/www.jasfbg.com.pl\/en\/wp-json\/wp\/v2\/pages\/1137","targetHints":{"allow":["GET"]}}],"collection":[{"href":"https:\/\/www.jasfbg.com.pl\/en\/wp-json\/wp\/v2\/pages"}],"about":[{"href":"https:\/\/www.jasfbg.com.pl\/en\/wp-json\/wp\/v2\/types\/page"}],"author":[{"embeddable":true,"href":"https:\/\/www.jasfbg.com.pl\/en\/wp-json\/wp\/v2\/users\/1"}],"replies":[{"embeddable":true,"href":"https:\/\/www.jasfbg.com.pl\/en\/wp-json\/wp\/v2\/comments?post=1137"}],"version-history":[{"count":186,"href":"https:\/\/www.jasfbg.com.pl\/en\/wp-json\/wp\/v2\/pages\/1137\/revisions"}],"predecessor-version":[{"id":22561,"href":"https:\/\/www.jasfbg.com.pl\/en\/wp-json\/wp\/v2\/pages\/1137\/revisions\/22561"}],"up":[{"embeddable":true,"href":"https:\/\/www.jasfbg.com.pl\/en\/wp-json\/wp\/v2\/pages\/1129"}],"wp:attachment":[{"href":"https:\/\/www.jasfbg.com.pl\/en\/wp-json\/wp\/v2\/media?parent=1137"}],"curies":[{"name":"wp","href":"https:\/\/api.w.org\/{rel}","templated":true}]}}