{"id":1144,"date":"2017-10-03T12:11:38","date_gmt":"2017-10-03T10:11:38","guid":{"rendered":"https:\/\/www.jasfbg.com.pl\/polityka-prywatnosci\/"},"modified":"2022-01-17T11:10:01","modified_gmt":"2022-01-17T10:10:01","slug":"privacy-policy","status":"publish","type":"page","link":"https:\/\/www.jasfbg.com.pl\/en\/privacy-policy\/","title":{"rendered":"Privacy policy"},"content":{"rendered":"<p>The Policy is&nbsp;directed to&nbsp;the users of&nbsp;<a href=\"http:\/\/www.jasfbg.com.pl\">www.jasfbg.com.pl<\/a> (hereinafter: \u201c<b>Website<\/b>\u201d). The Policy covers the terms for gathering and using the data of&nbsp;the Website\u2019s users, which is&nbsp;collected directly from said users or&nbsp;through cookies and similar technologies.<\/p>\n<p>The personal data controller is&nbsp;JAS-FBG S.A. with its registered seat at&nbsp;the address of&nbsp;ul. Kolejowa 17 in&nbsp;Katowice, 40-706 Katowice (hereinafter: \u201c<b>Controller<\/b>\u201d).<span class=\"Apple-converted-space\">\u00a0<\/span><\/p>\n<p>In matters concerning the processing of&nbsp;your personal data by&nbsp;the Controller, please contact us&nbsp;by e-mail to&nbsp;<a href=\"mailto:sekretariat@jasfbg.pl\">sekretariat@jasfbg.pl<\/a> or&nbsp;physically to&nbsp;the aforementioned address of&nbsp;the Controller\u2019s registered seat.<\/p>\n<p>All personal data is&nbsp;processed by&nbsp;the Controller pursuant to&nbsp;Regulation (EU) 2016\/679 of&nbsp;the European Parliament and of&nbsp;the Council of&nbsp;27 April 2016 on&nbsp;the protection of&nbsp;natural persons with regard to&nbsp;the processing of&nbsp;personal data and on&nbsp;the free movement of&nbsp;such data, and repealing Directive 95\/46\/EC (hereinafter \u201c<b>GDPR<\/b>\u201d).<span class=\"Apple-converted-space\">\u00a0<\/span><\/p>\n<p>The Controller processes your personal data with respect of&nbsp;all legal and technical requirements imposed upon the Controller by&nbsp;commonly effective personal data protection provisions.<\/p>\n<p>We guarantee that your personal data shall remain confidential within the limits established by&nbsp;this policy and by&nbsp;commonly effective provisions of&nbsp;the law.<\/p>\n<h3><b>\u00a71 Scope of&nbsp;the collected data.<\/b><\/h3>\n<p>1. The Website gives you the opportunity to&nbsp;contact the Controller and provide your identification and contact details as&nbsp;well as&nbsp;the data related to&nbsp;the content of&nbsp;the message sent through the contact forms available on&nbsp;our website.<\/p>\n<p>2. The Website uses cookies in&nbsp;order to&nbsp;ensure proper operation. We may also use own cookies for analytical and marketing purposes, specifically in&nbsp;order to&nbsp;adapt advertising content to&nbsp;your preferences.<span class=\"Apple-converted-space\">\u00a0<\/span><\/p>\n<p>3. The following tools are used to&nbsp;support the Website:<\/p>\n<ul>\n<li>Google Analytics, which is&nbsp;used to&nbsp;collect data for purposes of&nbsp;analyses and statistics concerning visits to&nbsp;the Website.<\/li>\n<li>Hotjar Tracking, which is&nbsp;used to&nbsp;collect data for purposes of&nbsp;analyses and statistics concerning visits to&nbsp;the Website.<\/li>\n<li>Pixel Facebook, which is&nbsp;used to&nbsp;collect data for purposes of&nbsp;analyses and statistics concerning visits to&nbsp;the Website.<\/li>\n<li>Facebook Ads, which is&nbsp;used to&nbsp;carry out advertising campaigns in&nbsp;social media.<\/li>\n<\/ul>\n<p>4. Use of&nbsp;analytical and marketing cookies requires your consent, which you may provide by&nbsp;clicking \u201cAccept\u201d. If you do&nbsp;not want to&nbsp;grant consent to&nbsp;use of&nbsp;specific cookie categories by&nbsp;us and our partners, please go&nbsp;to \u201cManage Cookies\u201d and set your preferences. Expressed consent may be&nbsp;withdrawn at&nbsp;any time by&nbsp;entering the appropriate changes in&nbsp;cookies preferences. <span class=\"Apple-converted-space\">\u00a0<\/span><\/p>\n<p>5. Using cookies for the aforementioned purposes requires processing of&nbsp;your personal data. The personal data Controller is&nbsp;JAS-FBG S.A. with its registered seat in&nbsp;Katowice. In certain instances, our partners may also serve as&nbsp;data controllers. For more information about the use of&nbsp;cookies by&nbsp;us and our partners and about personal data processing, including your relevant rights, please visit the following:<\/p>\n<p>\u2022 Google Analytics: <a href=\"https:\/\/marketingplatform.google.com\/about\/analytics\/terms\/pl\/\">https:\/\/marketingplatform.google.com\/about\/analytics\/terms\/pl\/<\/a><\/p>\n<p>\u2022 Hotjar: <a href=\"https:\/\/www.hotjar.com\/privacy\/\">https:\/\/www.hotjar.com\/privacy\/<\/a><\/p>\n<p>\u2022 Facebook: <a href=\"https:\/\/www.facebook.com\/notes\/368277171038154\/\">https:\/\/www.facebook.com\/notes\/368277171038154\/<\/a><\/p>\n<h3><b>\u00a72 Data sources.<\/b><\/h3>\n<p>1. If you contacted the Controller through e.g. the forms available on&nbsp;the Website, you have provided your data directly.<\/p>\n<p>2. If your data was provided in&nbsp;scope of&nbsp;a&nbsp;matter handled by&nbsp;an individual who referred it&nbsp;to the Controller, the source of&nbsp;the data is&nbsp;said individual. In this case, the Controller receives the identification data, address details, and the case-related information such as&nbsp;the case specification.<\/p>\n<p>3. For data provided under advance consent to&nbsp;its processing, you have the right to&nbsp;withdraw said consent at&nbsp;any time by&nbsp;announcing the desire to&nbsp;do so&nbsp;to the Controller. Withdrawal of&nbsp;your consent may make it&nbsp;difficult or&nbsp;impossible to&nbsp;contact you.<\/p>\n<p>4. When making contact through the contact form provided on&nbsp;the Website, providing data for purposes of&nbsp;the matter is&nbsp;strictly voluntary, but nonetheless required in&nbsp;order to&nbsp;have the matter resolved effectively. If the data is&nbsp;not provided, the matter may be&nbsp;difficult or&nbsp;impossible to&nbsp;resolve.<\/p>\n<p>5. Providing data required for purposes of&nbsp;static analysis of&nbsp;the Website\u2019s users is&nbsp;strictly voluntary. You can use the so-called incognito mode to&nbsp;browse the website without providing information about your visit to&nbsp;the Website to&nbsp;the Controller. Using the incognito mode, i.e. failing to&nbsp;provide the data, has no&nbsp;effect on&nbsp;use of&nbsp;the Website.<\/p>\n<h3><b>\u00a73 Personal data processing objective and legal grounds.<\/b><\/h3>\n<p>Your data may be&nbsp;processed for the following purposes:<\/p>\n<p>\u2022 analysing network traffic, ensuring security of&nbsp;the Website, and adapting content to&nbsp;the needs of&nbsp;the users pursuant to&nbsp;the legitimate interests of&nbsp;the Controller (GDPR art. 6 section 1 point f);<\/p>\n<p>\u2022 responding to&nbsp;inquiries, providing the requested offer, and conducting correspondence in&nbsp;order to&nbsp;resolve a&nbsp;matter pursuant to&nbsp;your consent and the legitimate interest of&nbsp;the Controller, which is&nbsp;fulfilment of&nbsp;user requests<span class=\"Apple-converted-space\">\u00a0 <\/span>(GDPR art. 6 section 1 points a&nbsp;and f);<\/p>\n<p>\u2022 fulfilling agreements concluded with the data subject or&nbsp;taking action preceding conclusion of&nbsp;an agreement requested by&nbsp;said data subject, including provision of&nbsp;the services offered by&nbsp;the Controller (GDPR art. 6 section 1 point b).<\/p>\n<h3><b>\u00a74 Rights in&nbsp;scope of&nbsp;personal data processing resulting from GDPR<span class=\"Apple-converted-space\">\u00a0<\/span><\/b><\/h3>\n<p>You have the right to&nbsp;the following:<span class=\"Apple-converted-space\">\u00a0<\/span><\/p>\n<ul>\n<li>to request the Controller to&nbsp;provide access to&nbsp;your data and to&nbsp;request a&nbsp;copy of&nbsp;said data<br \/>\n(GDPR art. 15);<\/li>\n<li>to request the Controller to&nbsp;correct or&nbsp;rectify the data (GDPR art. 16) \u2013 in&nbsp;reference to&nbsp;requesting data correction if&nbsp;you should notice incorrect or&nbsp;incomplete data;<\/li>\n<li>to request the Controller to&nbsp;delete data (GDPR art. 17);<\/li>\n<li>to request the Controller to&nbsp;restrict processing (GDPR art. 18) \u2013 e.g. when you notice incorrect data, you have the right to&nbsp;demand that the processing of&nbsp;your data be&nbsp;restricted for the time required for us&nbsp;to check its correctness);<\/li>\n<li>to file complaints towards the processing performed by&nbsp;the Controller of&nbsp;your personal data to&nbsp;the President of&nbsp;the Personal Data Protection Office.<\/li>\n<\/ul>\n<h3><b>\u00a75 Recipients of&nbsp;your personal data<\/b><\/h3>\n<p>Your personal data will only be&nbsp;received by&nbsp;entities authorised to&nbsp;receive it&nbsp;pursuant to&nbsp;proviso ions of&nbsp;the law. Your personal data will also be&nbsp;received by&nbsp;employees of&nbsp;the Controller. Furthermore, your data may be&nbsp;provided to&nbsp;courier services, postal services, IT service providers, and providers of&nbsp;other services required for purposes of&nbsp;the matter at&nbsp;hand.<\/p>\n<p>The Controller does not share your personal data with third countries. The Website uses Google Analytics tools, which may involve Google sharing your personal data with third countries. The policy on&nbsp;data collected by&nbsp;Google Analytics is&nbsp;available at&nbsp;the following address: <a href=\"http:\/\/www.google.com\/intl\/pl\/policies\/privacy\/partners\/\">www.google.com\/intl\/pl\/policies\/privacy\/partners\/<\/a><\/p>\n<p>The User\u2019s personal data may be&nbsp;shared in&nbsp;the required scope with data recipients \u2013 entities providing supporting services to&nbsp;the Controller in&nbsp;scope of&nbsp;personal data processing entrustment in&nbsp;relation to&nbsp;use of&nbsp;the services provided by&nbsp;said entities.<\/p>\n<h3><b>\u00a76 Data storage time<\/b><\/h3>\n<p>1. Your personal data will be&nbsp;stored throughout the time required to&nbsp;resolve the given matter or&nbsp;until withdrawal of&nbsp;your consent for its processing. However, we&nbsp;reserve the right to&nbsp;store the required data until expiration of&nbsp;claims of&nbsp;the parties in&nbsp;scope of&nbsp;fulfilment of&nbsp;the matter in&nbsp;question.<\/p>\n<p>2. Network traffic analysis data gathered through cookies and similar technologies may be&nbsp;stored until the cookies expire. Certain cookies never expire. In such cases, the time of&nbsp;storage shall correspond to&nbsp;the time required by&nbsp;the Controller to&nbsp;fulfil data gathering objectives such as&nbsp;ensuring safety and analysing historic website traffic data.<\/p>\n<h3><b>\u00a77 Application of&nbsp;cookies and similar technologies<span class=\"Apple-converted-space\">\u00a0<\/span><\/b><\/h3>\n<p>The Website makes it&nbsp;possible to&nbsp;gather information about the user through cookies and similar technologies, the use of&nbsp;which usually requires installation of&nbsp;said tool on&nbsp;the user\u2019s device (computer, smartphone, etc.). This information is&nbsp;used to&nbsp;remember the user\u2019s decisions (selected font, contrast, policy acceptance), preserve the user\u2019s session (e.g. after signing in), remember the password (subject to&nbsp;approval), and collect information on&nbsp;the user\u2019s device and visit for purposes of&nbsp;ensuring security, visit analysis, and content customisation.<\/p>\n<p>The information obtained through cookies and similar technologies is&nbsp;not combined with data of&nbsp;other users of&nbsp;the Website and is&nbsp;not used for identification purposes by&nbsp;the Controller.<span class=\"Apple-converted-space\">\u00a0<\/span><\/p>\n<p>The user may configure the browser to&nbsp;block certain types of&nbsp;cookies and other technologies by&nbsp;permitting e.g. only the ones necessary for proper display of&nbsp;the website. Most browsers allow all cookies by&nbsp;default, but the user may change the settings in&nbsp;question at&nbsp;any time and can also delete already installed cookies. All browsers support such actions through an&nbsp;option available in&nbsp;settings or&nbsp;preferences.<\/p>\n<p>The user can also use the website \u2018incognito\u2019 to&nbsp;block the option to&nbsp;gather data from the visit.<\/p>\n<p>Use of&nbsp;the website without reconfiguration of&nbsp;the browser, i.e. with default configuration of&nbsp;cookies and similar technologies, constitutes consent to&nbsp;their use for the aforementioned purposes. The Controller does not use the obtained information for marketing purposes.<span class=\"Apple-converted-space\">\u00a0<\/span><\/p>\n<h3><b> \u00a78\u00a0Final provisions<\/b><\/h3>\n<p>1. The Controller applies technological and organisational measures ensuring protection of&nbsp;the processed personal data adequate to&nbsp;the hazards and data categories subject to&nbsp;protection. Specifically, the Controller secures the data from unauthorised access, unauthorised removal, processing in&nbsp;violation of&nbsp;effective provisions, change, loss, damage, or&nbsp;destruction.<\/p>\n<p>2. The Controller provides appropriate technological measures preventing unauthorised acquisition and modification of&nbsp;the personal data provided in&nbsp;electronic format.<\/p>\n<p>3. Matters not regulated by&nbsp;this Policy are subject to&nbsp;the appropriate provisions of&nbsp;GDPR and other appropriate provisions of&nbsp;Polish law.<\/p>\n","protected":false},"excerpt":{"rendered":"<p>The Policy is&nbsp;directed to&nbsp;the users of&nbsp;www.jasfbg.com.pl (hereinafter: \u201cWebsite\u201d). The Policy covers the terms for gathering and using the data of&nbsp;the Website\u2019s users, which is&nbsp;collected directly from said users or&nbsp;through cookies and similar technologies. The personal data controller is&nbsp;JAS-FBG S.A. with its registered seat at&nbsp;the address of&nbsp;ul. Kolejowa 17 in&nbsp;Katowice, 40-706 Katowice (hereinafter: \u201cController\u201d).\u00a0 In matters [&hellip;]<\/p>\n","protected":false},"author":1,"featured_media":0,"parent":0,"menu_order":29,"comment_status":"closed","ping_status":"closed","template":"fullpage.php","meta":{"_acf_changed":false,"inline_featured_image":false,"footnotes":""},"class_list":["post-1144","page","type-page","status-publish","hentry"],"acf":[],"yoast_head":"<!-- This site is optimized with the Yoast SEO plugin v27.5 - https:\/\/yoast.com\/product\/yoast-seo-wordpress\/ -->\n<title>Privacy policy - Transport mi\u0119dzynarodowy, spedycja krajowa, firma spedycyjna JAS-FBG - Logistyka<\/title>\n<meta name=\"robots\" content=\"index, follow, max-snippet:-1, max-image-preview:large, max-video-preview:-1\" \/>\n<link rel=\"canonical\" href=\"https:\/\/www.jasfbg.com.pl\/en\/privacy-policy\/\" \/>\n<meta property=\"og:locale\" content=\"en_US\" \/>\n<meta property=\"og:type\" content=\"article\" \/>\n<meta property=\"og:title\" content=\"Privacy policy - Transport mi\u0119dzynarodowy, spedycja krajowa, firma spedycyjna JAS-FBG - Logistyka\" \/>\n<meta property=\"og:description\" content=\"The Policy is&nbsp;directed to&nbsp;the users of&nbsp;www.jasfbg.com.pl (hereinafter: \u201cWebsite\u201d). The Policy covers the terms for gathering and using the data of&nbsp;the Website\u2019s users, which is&nbsp;collected directly from said users or&nbsp;through cookies and similar technologies. The personal data controller is&nbsp;JAS-FBG S.A. with its registered seat at&nbsp;the address of&nbsp;ul. Kolejowa 17 in&nbsp;Katowice, 40-706 Katowice (hereinafter: \u201cController\u201d).\u00a0 In matters [&hellip;]\" \/>\n<meta property=\"og:url\" content=\"https:\/\/www.jasfbg.com.pl\/en\/privacy-policy\/\" \/>\n<meta property=\"og:site_name\" content=\"Transport mi\u0119dzynarodowy, spedycja krajowa, firma spedycyjna JAS-FBG - Logistyka\" \/>\n<meta property=\"article:modified_time\" content=\"2022-01-17T10:10:01+00:00\" \/>\n<meta name=\"twitter:card\" content=\"summary_large_image\" \/>\n<meta name=\"twitter:label1\" content=\"Est. reading time\" \/>\n\t<meta name=\"twitter:data1\" content=\"7 minutes\" \/>\n<script type=\"application\/ld+json\" class=\"yoast-schema-graph\">{\"@context\":\"https:\\\/\\\/schema.org\",\"@graph\":[{\"@type\":\"WebPage\",\"@id\":\"https:\\\/\\\/www.jasfbg.com.pl\\\/en\\\/privacy-policy\\\/\",\"url\":\"https:\\\/\\\/www.jasfbg.com.pl\\\/en\\\/privacy-policy\\\/\",\"name\":\"Privacy policy - Transport mi\u0119dzynarodowy, spedycja krajowa, firma spedycyjna JAS-FBG - Logistyka\",\"isPartOf\":{\"@id\":\"https:\\\/\\\/www.jasfbg.com.pl\\\/#website\"},\"datePublished\":\"2017-10-03T10:11:38+00:00\",\"dateModified\":\"2022-01-17T10:10:01+00:00\",\"breadcrumb\":{\"@id\":\"https:\\\/\\\/www.jasfbg.com.pl\\\/en\\\/privacy-policy\\\/#breadcrumb\"},\"inLanguage\":\"en-US\",\"potentialAction\":[{\"@type\":\"ReadAction\",\"target\":[\"https:\\\/\\\/www.jasfbg.com.pl\\\/en\\\/privacy-policy\\\/\"]}]},{\"@type\":\"BreadcrumbList\",\"@id\":\"https:\\\/\\\/www.jasfbg.com.pl\\\/en\\\/privacy-policy\\\/#breadcrumb\",\"itemListElement\":[{\"@type\":\"ListItem\",\"position\":1,\"name\":\"JAS-FBG S.A.\",\"item\":\"https:\\\/\\\/www.jasfbg.com.pl\\\/en\\\/\"},{\"@type\":\"ListItem\",\"position\":2,\"name\":\"Privacy policy\"}]},{\"@type\":\"WebSite\",\"@id\":\"https:\\\/\\\/www.jasfbg.com.pl\\\/#website\",\"url\":\"https:\\\/\\\/www.jasfbg.com.pl\\\/\",\"name\":\"Transport mi\u0119dzynarodowy, spedycja krajowa, firma spedycyjna JAS-FBG - Logistyka\",\"description\":\"Bezpiecznie, szybko i w dobrej cenie! Koniecznie sprawd\u017a nasz\u0105 ofert\u0119! Spedycja drogowa krajowa, mi\u0119dzynarodowa ca\u0142opojazdowa, drobnicowa, spedycja morska, spedycja lotnicza, spedycja kolejowa. Logistyka i magazynowanie. Tylko JAS-FBG!\",\"potentialAction\":[{\"@type\":\"SearchAction\",\"target\":{\"@type\":\"EntryPoint\",\"urlTemplate\":\"https:\\\/\\\/www.jasfbg.com.pl\\\/?s={search_term_string}\"},\"query-input\":{\"@type\":\"PropertyValueSpecification\",\"valueRequired\":true,\"valueName\":\"search_term_string\"}}],\"inLanguage\":\"en-US\"}]}<\/script>\n<!-- \/ Yoast SEO plugin. -->","yoast_head_json":{"title":"Privacy policy - Transport mi\u0119dzynarodowy, spedycja krajowa, firma spedycyjna JAS-FBG - Logistyka","robots":{"index":"index","follow":"follow","max-snippet":"max-snippet:-1","max-image-preview":"max-image-preview:large","max-video-preview":"max-video-preview:-1"},"canonical":"https:\/\/www.jasfbg.com.pl\/en\/privacy-policy\/","og_locale":"en_US","og_type":"article","og_title":"Privacy policy - Transport mi\u0119dzynarodowy, spedycja krajowa, firma spedycyjna JAS-FBG - Logistyka","og_description":"The Policy is&nbsp;directed to&nbsp;the users of&nbsp;www.jasfbg.com.pl (hereinafter: \u201cWebsite\u201d). The Policy covers the terms for gathering and using the data of&nbsp;the Website\u2019s users, which is&nbsp;collected directly from said users or&nbsp;through cookies and similar technologies. The personal data controller is&nbsp;JAS-FBG S.A. with its registered seat at&nbsp;the address of&nbsp;ul. Kolejowa 17 in&nbsp;Katowice, 40-706 Katowice (hereinafter: \u201cController\u201d).\u00a0 In matters [&hellip;]","og_url":"https:\/\/www.jasfbg.com.pl\/en\/privacy-policy\/","og_site_name":"Transport mi\u0119dzynarodowy, spedycja krajowa, firma spedycyjna JAS-FBG - Logistyka","article_modified_time":"2022-01-17T10:10:01+00:00","twitter_card":"summary_large_image","twitter_misc":{"Est. reading time":"7 minutes"},"schema":{"@context":"https:\/\/schema.org","@graph":[{"@type":"WebPage","@id":"https:\/\/www.jasfbg.com.pl\/en\/privacy-policy\/","url":"https:\/\/www.jasfbg.com.pl\/en\/privacy-policy\/","name":"Privacy policy - Transport mi\u0119dzynarodowy, spedycja krajowa, firma spedycyjna JAS-FBG - Logistyka","isPartOf":{"@id":"https:\/\/www.jasfbg.com.pl\/#website"},"datePublished":"2017-10-03T10:11:38+00:00","dateModified":"2022-01-17T10:10:01+00:00","breadcrumb":{"@id":"https:\/\/www.jasfbg.com.pl\/en\/privacy-policy\/#breadcrumb"},"inLanguage":"en-US","potentialAction":[{"@type":"ReadAction","target":["https:\/\/www.jasfbg.com.pl\/en\/privacy-policy\/"]}]},{"@type":"BreadcrumbList","@id":"https:\/\/www.jasfbg.com.pl\/en\/privacy-policy\/#breadcrumb","itemListElement":[{"@type":"ListItem","position":1,"name":"JAS-FBG S.A.","item":"https:\/\/www.jasfbg.com.pl\/en\/"},{"@type":"ListItem","position":2,"name":"Privacy policy"}]},{"@type":"WebSite","@id":"https:\/\/www.jasfbg.com.pl\/#website","url":"https:\/\/www.jasfbg.com.pl\/","name":"Transport mi\u0119dzynarodowy, spedycja krajowa, firma spedycyjna JAS-FBG - Logistyka","description":"Bezpiecznie, szybko i w dobrej cenie! Koniecznie sprawd\u017a nasz\u0105 ofert\u0119! Spedycja drogowa krajowa, mi\u0119dzynarodowa ca\u0142opojazdowa, drobnicowa, spedycja morska, spedycja lotnicza, spedycja kolejowa. Logistyka i magazynowanie. Tylko JAS-FBG!","potentialAction":[{"@type":"SearchAction","target":{"@type":"EntryPoint","urlTemplate":"https:\/\/www.jasfbg.com.pl\/?s={search_term_string}"},"query-input":{"@type":"PropertyValueSpecification","valueRequired":true,"valueName":"search_term_string"}}],"inLanguage":"en-US"}]}},"_links":{"self":[{"href":"https:\/\/www.jasfbg.com.pl\/en\/wp-json\/wp\/v2\/pages\/1144","targetHints":{"allow":["GET"]}}],"collection":[{"href":"https:\/\/www.jasfbg.com.pl\/en\/wp-json\/wp\/v2\/pages"}],"about":[{"href":"https:\/\/www.jasfbg.com.pl\/en\/wp-json\/wp\/v2\/types\/page"}],"author":[{"embeddable":true,"href":"https:\/\/www.jasfbg.com.pl\/en\/wp-json\/wp\/v2\/users\/1"}],"replies":[{"embeddable":true,"href":"https:\/\/www.jasfbg.com.pl\/en\/wp-json\/wp\/v2\/comments?post=1144"}],"version-history":[{"count":21,"href":"https:\/\/www.jasfbg.com.pl\/en\/wp-json\/wp\/v2\/pages\/1144\/revisions"}],"predecessor-version":[{"id":12690,"href":"https:\/\/www.jasfbg.com.pl\/en\/wp-json\/wp\/v2\/pages\/1144\/revisions\/12690"}],"wp:attachment":[{"href":"https:\/\/www.jasfbg.com.pl\/en\/wp-json\/wp\/v2\/media?parent=1144"}],"curies":[{"name":"wp","href":"https:\/\/api.w.org\/{rel}","templated":true}]}}