{"id":1267,"date":"2017-10-27T10:20:36","date_gmt":"2017-10-27T08:20:36","guid":{"rendered":"https:\/\/www.jasfbg.com.pl\/?page_id=1267\/"},"modified":"2024-12-12T09:00:47","modified_gmt":"2024-12-12T08:00:47","slug":"cooperation","status":"publish","type":"page","link":"https:\/\/www.jasfbg.com.pl\/en\/carrier-zone\/cooperation\/","title":{"rendered":"Cooperation"},"content":{"rendered":"<div class=\"row\"><\/p>\n<h2>We are looking for carriers to&nbsp;start regular cooperation<\/h2>\n<p style=\"text-align: left;\">Find out how you can benefit by&nbsp;working with us. Check out the pluses of&nbsp;a&nbsp;long-term contract. Do you want regular orders and profitable shipping rates? Or perhaps you have your own idea how to&nbsp;work with us? Working with a&nbsp;stable company with a&nbsp;firm position in&nbsp;the market will give you a&nbsp;sense of&nbsp;comfort and security.<\/p>\n<p style=\"text-align: left;\">JAS-FBG S.A. &#8211; one of&nbsp;top transportation-forwarding-logistics companies in&nbsp;Poland \u2013 provides comprehensive logistics services, including road, rail, sea, and air transportation and forwarding. We also operate the largest network of&nbsp;customs agencies in&nbsp;this country. Currently, JAS-FBG S.A. has openings for:<\/p>\n<h3 lang=\"pl-PL\" style=\"text-align: center;\" align=\"justify\">Carriers<\/h3>\n<p style=\"text-align: center; width: 100%;\"><strong>For regular cooperation carrying full truck loads (FTL) and distribution within this country<\/strong><\/p>\n<p>Carriers interested in&nbsp;working with us&nbsp;must have their own trucks with a&nbsp;capacity of&nbsp;more than 3.5 tons.<\/p>\n<p>&nbsp;<\/p>\n<p>We offer:<\/p>\n<p>Stable cooperation and shipping orders,<\/p>\n<ul>\n<li>Fast payments,<\/li>\n<li>Professional assistance by&nbsp;an experienced team of&nbsp;freight forwarders,<\/li>\n<li>Cooperation with a&nbsp;company which is&nbsp;well-established in&nbsp;the market.<\/li>\n<\/ul>\n<p>Interested? Please contact us&nbsp;at:<\/p>\n<p>Tel. (32) 359 34 71<\/p>\n<p>e-mail:\u00a0<a href=\"mailto:spedycja.krajowa@jasfbg.pl\">spedycja.krajowa@jasfbg.pl<\/a><\/p>\n<p><div class=\"hr\"><\/div><\/p>\n<p><\/div>\n","protected":false},"excerpt":{"rendered":"","protected":false},"author":1,"featured_media":0,"parent":1115,"menu_order":2,"comment_status":"closed","ping_status":"closed","template":"","meta":{"_acf_changed":false,"inline_featured_image":false,"footnotes":""},"class_list":["post-1267","page","type-page","status-publish","hentry"],"acf":[],"yoast_head":"<!-- This site is optimized with the Yoast SEO plugin v27.5 - https:\/\/yoast.com\/product\/yoast-seo-wordpress\/ -->\n<title>Cooperation - Transport mi\u0119dzynarodowy, spedycja krajowa, firma spedycyjna JAS-FBG - Logistyka<\/title>\n<meta name=\"robots\" content=\"index, follow, max-snippet:-1, max-image-preview:large, max-video-preview:-1\" \/>\n<link rel=\"canonical\" href=\"https:\/\/www.jasfbg.com.pl\/en\/carrier-zone\/cooperation\/\" \/>\n<meta property=\"og:locale\" content=\"en_US\" \/>\n<meta property=\"og:type\" content=\"article\" \/>\n<meta property=\"og:title\" content=\"Cooperation - Transport mi\u0119dzynarodowy, spedycja krajowa, firma spedycyjna JAS-FBG - Logistyka\" \/>\n<meta property=\"og:url\" content=\"https:\/\/www.jasfbg.com.pl\/en\/carrier-zone\/cooperation\/\" \/>\n<meta property=\"og:site_name\" content=\"Transport mi\u0119dzynarodowy, spedycja krajowa, firma spedycyjna JAS-FBG - Logistyka\" \/>\n<meta property=\"article:modified_time\" content=\"2024-12-12T08:00:47+00:00\" \/>\n<meta name=\"twitter:card\" content=\"summary_large_image\" \/>\n<meta name=\"twitter:label1\" content=\"Est. reading time\" \/>\n\t<meta name=\"twitter:data1\" content=\"2 minutes\" \/>\n<script type=\"application\/ld+json\" class=\"yoast-schema-graph\">{\"@context\":\"https:\\\/\\\/schema.org\",\"@graph\":[{\"@type\":\"WebPage\",\"@id\":\"https:\\\/\\\/www.jasfbg.com.pl\\\/en\\\/carrier-zone\\\/cooperation\\\/\",\"url\":\"https:\\\/\\\/www.jasfbg.com.pl\\\/en\\\/carrier-zone\\\/cooperation\\\/\",\"name\":\"Cooperation - Transport mi\u0119dzynarodowy, spedycja krajowa, firma spedycyjna JAS-FBG - Logistyka\",\"isPartOf\":{\"@id\":\"https:\\\/\\\/www.jasfbg.com.pl\\\/#website\"},\"datePublished\":\"2017-10-27T08:20:36+00:00\",\"dateModified\":\"2024-12-12T08:00:47+00:00\",\"breadcrumb\":{\"@id\":\"https:\\\/\\\/www.jasfbg.com.pl\\\/en\\\/carrier-zone\\\/cooperation\\\/#breadcrumb\"},\"inLanguage\":\"en-US\",\"potentialAction\":[{\"@type\":\"ReadAction\",\"target\":[\"https:\\\/\\\/www.jasfbg.com.pl\\\/en\\\/carrier-zone\\\/cooperation\\\/\"]}]},{\"@type\":\"BreadcrumbList\",\"@id\":\"https:\\\/\\\/www.jasfbg.com.pl\\\/en\\\/carrier-zone\\\/cooperation\\\/#breadcrumb\",\"itemListElement\":[{\"@type\":\"ListItem\",\"position\":1,\"name\":\"JAS-FBG S.A.\",\"item\":\"https:\\\/\\\/www.jasfbg.com.pl\\\/en\\\/\"},{\"@type\":\"ListItem\",\"position\":2,\"name\":\"Carrier zone\",\"item\":\"https:\\\/\\\/www.jasfbg.com.pl\\\/en\\\/carrier-zone\\\/\"},{\"@type\":\"ListItem\",\"position\":3,\"name\":\"Cooperation\"}]},{\"@type\":\"WebSite\",\"@id\":\"https:\\\/\\\/www.jasfbg.com.pl\\\/#website\",\"url\":\"https:\\\/\\\/www.jasfbg.com.pl\\\/\",\"name\":\"Transport mi\u0119dzynarodowy, spedycja krajowa, firma spedycyjna JAS-FBG - Logistyka\",\"description\":\"Bezpiecznie, szybko i w dobrej cenie! Koniecznie sprawd\u017a nasz\u0105 ofert\u0119! Spedycja drogowa krajowa, mi\u0119dzynarodowa ca\u0142opojazdowa, drobnicowa, spedycja morska, spedycja lotnicza, spedycja kolejowa. Logistyka i magazynowanie. Tylko JAS-FBG!\",\"potentialAction\":[{\"@type\":\"SearchAction\",\"target\":{\"@type\":\"EntryPoint\",\"urlTemplate\":\"https:\\\/\\\/www.jasfbg.com.pl\\\/?s={search_term_string}\"},\"query-input\":{\"@type\":\"PropertyValueSpecification\",\"valueRequired\":true,\"valueName\":\"search_term_string\"}}],\"inLanguage\":\"en-US\"}]}<\/script>\n<!-- \/ Yoast SEO plugin. -->","yoast_head_json":{"title":"Cooperation - Transport mi\u0119dzynarodowy, spedycja krajowa, firma spedycyjna JAS-FBG - Logistyka","robots":{"index":"index","follow":"follow","max-snippet":"max-snippet:-1","max-image-preview":"max-image-preview:large","max-video-preview":"max-video-preview:-1"},"canonical":"https:\/\/www.jasfbg.com.pl\/en\/carrier-zone\/cooperation\/","og_locale":"en_US","og_type":"article","og_title":"Cooperation - Transport mi\u0119dzynarodowy, spedycja krajowa, firma spedycyjna JAS-FBG - Logistyka","og_url":"https:\/\/www.jasfbg.com.pl\/en\/carrier-zone\/cooperation\/","og_site_name":"Transport mi\u0119dzynarodowy, spedycja krajowa, firma spedycyjna JAS-FBG - Logistyka","article_modified_time":"2024-12-12T08:00:47+00:00","twitter_card":"summary_large_image","twitter_misc":{"Est. reading time":"2 minutes"},"schema":{"@context":"https:\/\/schema.org","@graph":[{"@type":"WebPage","@id":"https:\/\/www.jasfbg.com.pl\/en\/carrier-zone\/cooperation\/","url":"https:\/\/www.jasfbg.com.pl\/en\/carrier-zone\/cooperation\/","name":"Cooperation - Transport mi\u0119dzynarodowy, spedycja krajowa, firma spedycyjna JAS-FBG - Logistyka","isPartOf":{"@id":"https:\/\/www.jasfbg.com.pl\/#website"},"datePublished":"2017-10-27T08:20:36+00:00","dateModified":"2024-12-12T08:00:47+00:00","breadcrumb":{"@id":"https:\/\/www.jasfbg.com.pl\/en\/carrier-zone\/cooperation\/#breadcrumb"},"inLanguage":"en-US","potentialAction":[{"@type":"ReadAction","target":["https:\/\/www.jasfbg.com.pl\/en\/carrier-zone\/cooperation\/"]}]},{"@type":"BreadcrumbList","@id":"https:\/\/www.jasfbg.com.pl\/en\/carrier-zone\/cooperation\/#breadcrumb","itemListElement":[{"@type":"ListItem","position":1,"name":"JAS-FBG S.A.","item":"https:\/\/www.jasfbg.com.pl\/en\/"},{"@type":"ListItem","position":2,"name":"Carrier zone","item":"https:\/\/www.jasfbg.com.pl\/en\/carrier-zone\/"},{"@type":"ListItem","position":3,"name":"Cooperation"}]},{"@type":"WebSite","@id":"https:\/\/www.jasfbg.com.pl\/#website","url":"https:\/\/www.jasfbg.com.pl\/","name":"Transport mi\u0119dzynarodowy, spedycja krajowa, firma spedycyjna JAS-FBG - Logistyka","description":"Bezpiecznie, szybko i w dobrej cenie! Koniecznie sprawd\u017a nasz\u0105 ofert\u0119! Spedycja drogowa krajowa, mi\u0119dzynarodowa ca\u0142opojazdowa, drobnicowa, spedycja morska, spedycja lotnicza, spedycja kolejowa. Logistyka i magazynowanie. Tylko JAS-FBG!","potentialAction":[{"@type":"SearchAction","target":{"@type":"EntryPoint","urlTemplate":"https:\/\/www.jasfbg.com.pl\/?s={search_term_string}"},"query-input":{"@type":"PropertyValueSpecification","valueRequired":true,"valueName":"search_term_string"}}],"inLanguage":"en-US"}]}},"_links":{"self":[{"href":"https:\/\/www.jasfbg.com.pl\/en\/wp-json\/wp\/v2\/pages\/1267","targetHints":{"allow":["GET"]}}],"collection":[{"href":"https:\/\/www.jasfbg.com.pl\/en\/wp-json\/wp\/v2\/pages"}],"about":[{"href":"https:\/\/www.jasfbg.com.pl\/en\/wp-json\/wp\/v2\/types\/page"}],"author":[{"embeddable":true,"href":"https:\/\/www.jasfbg.com.pl\/en\/wp-json\/wp\/v2\/users\/1"}],"replies":[{"embeddable":true,"href":"https:\/\/www.jasfbg.com.pl\/en\/wp-json\/wp\/v2\/comments?post=1267"}],"version-history":[{"count":17,"href":"https:\/\/www.jasfbg.com.pl\/en\/wp-json\/wp\/v2\/pages\/1267\/revisions"}],"predecessor-version":[{"id":19969,"href":"https:\/\/www.jasfbg.com.pl\/en\/wp-json\/wp\/v2\/pages\/1267\/revisions\/19969"}],"up":[{"embeddable":true,"href":"https:\/\/www.jasfbg.com.pl\/en\/wp-json\/wp\/v2\/pages\/1115"}],"wp:attachment":[{"href":"https:\/\/www.jasfbg.com.pl\/en\/wp-json\/wp\/v2\/media?parent=1267"}],"curies":[{"name":"wp","href":"https:\/\/api.w.org\/{rel}","templated":true}]}}