{"id":13025,"date":"2022-04-21T14:19:05","date_gmt":"2022-04-21T12:19:05","guid":{"rendered":"https:\/\/www.jasfbg.com.pl\/?page_id=13025\/"},"modified":"2026-02-04T08:37:37","modified_gmt":"2026-02-04T07:37:37","slug":"ochrona-danych-osobowych","status":"publish","type":"page","link":"https:\/\/www.jasfbg.com.pl\/en\/documents-to-download\/ochrona-danych-osobowych\/","title":{"rendered":"Ochrona danych osobowych"},"content":{"rendered":"<p><span><span><a href=\"https:\/\/www.jasfbg.com.pl\/en\/\">JAS-FBG S.A.<\/a><\/span><\/span><br \/>\n<div class=\"col-margin\"><\/div><\/p>\n<h3>Dokumenty i&nbsp;pliki<\/h3>\n<div class=\"attachments_wrap \"><ul class=\"attachments\">\n<li class=\"attachment application pdf has-download\"><a download href=\"https:\/\/www.jasfbg.com.pl\/wp-content\/uploads\/2018\/06\/Regulamin-powierzenia-przetwarzania-danych-osobowych.pdf\"><span class=\"attachment_ico\"><\/span><span class=\"title\">Regulamin powierzenia przetwarzania danych osobowych<\/span><span class=\"extension\">pdf<\/span><span class=\"size\">110 KB<\/span><span class=\"download\"><span>Download file<\/span><\/span><\/a><\/li>\n<li class=\"attachment application pdf has-download\"><a download href=\"https:\/\/www.jasfbg.com.pl\/wp-content\/uploads\/2018\/06\/Regulations-for-the-subcontracting-of-personal-data-processing.pdf\"><span class=\"attachment_ico\"><\/span><span class=\"title\">Regulations for the subcontracting of personal data processing<\/span><span class=\"extension\">pdf<\/span><span class=\"size\">88 KB<\/span><span class=\"download\"><span>Download file<\/span><\/span><\/a><\/li>\n<li class=\"attachment application pdf has-download\"><a download href=\"https:\/\/www.jasfbg.com.pl\/wp-content\/uploads\/2020\/05\/Klauzula-informacyjna-dla-odbiorc-w-faktur-elektronicznych.pdf\"><span class=\"attachment_ico\"><\/span><span class=\"title\">Klauzula informacyjna dla odbiorc\u00f3w faktur elektronicznych<\/span><span class=\"extension\">pdf<\/span><span class=\"size\">42 KB<\/span><span class=\"download\"><span>Download file<\/span><\/span><\/a><\/li>\n<li class=\"attachment application pdf has-download\"><a download href=\"https:\/\/www.jasfbg.com.pl\/wp-content\/uploads\/2020\/05\/Information-clause-for-counterparties-natural-persons-authorized-to-receive-electronic-invoices.pdf\"><span class=\"attachment_ico\"><\/span><span class=\"title\">Information clause for counterparties - natural persons authorized to receive electronic invoices<\/span><span class=\"extension\">pdf<\/span><span class=\"size\">24 KB<\/span><span class=\"download\"><span>Download file<\/span><\/span><\/a><\/li>\n<li class=\"attachment application pdf has-download\"><a download href=\"https:\/\/www.jasfbg.com.pl\/wp-content\/uploads\/2020\/08\/Klauzula-informacyjna-art.-14-RODO.pdf\"><span class=\"attachment_ico\"><\/span><span class=\"title\">Klauzula informacyjna art. 14 RODO<\/span><span class=\"extension\">pdf<\/span><span class=\"size\">54 KB<\/span><span class=\"download\"><span>Download file<\/span><\/span><\/a><\/li>\n<li class=\"attachment application pdf has-download\"><a download href=\"https:\/\/www.jasfbg.com.pl\/wp-content\/uploads\/Klauzula-informacyjna-dotyczaca-przetwarzania-danych-osobowych-osob-bioracych-udzial-w-procesie-rekrutacji.pdf\"><span class=\"attachment_ico\"><\/span><span class=\"title\">Klauzula informacyjna dotycz\u0105ca przetwarzania danych osobowych os\u00f3b bior\u0105cych udzia\u0142 w procesie rekrutacji<\/span><span class=\"extension\">pdf<\/span><span class=\"size\">126 KB<\/span><span class=\"download\"><span>Download file<\/span><\/span><\/a><\/li>\n<li class=\"attachment application pdf has-download\"><a download href=\"https:\/\/www.jasfbg.com.pl\/wp-content\/uploads\/Klauzula-informacyjna-dotyczaca-przetwarzania-danych-osobowych-reprezentantow-pracownikow-podwykonawcow-Kontrahentow.pdf\"><span class=\"attachment_ico\"><\/span><span class=\"title\">Klauzula informacyjna dotycz\u0105ca przetwarzania danych osobowych reprezentant\u00f3w, pracownik\u00f3w, podwykonawc\u00f3w Kontrahent\u00f3w<\/span><span class=\"extension\">pdf<\/span><span class=\"size\">105 KB<\/span><span class=\"download\"><span>Download file<\/span><\/span><\/a><\/li>\n<li class=\"attachment application pdf has-download\"><a download href=\"https:\/\/www.jasfbg.com.pl\/wp-content\/uploads\/KLAUZULA-INFORMACYJNA-DOTYCZACA-PRZETWARZANIA-DANYCH-OSOBOWYCH-W-ZWIAZKU-Z-PROWADZENIEM-MONITORINGU-WIZYJNEGO.pdf\"><span class=\"attachment_ico\"><\/span><span class=\"title\">KLAUZULA INFORMACYJNA DOTYCZ\u0104CA PRZETWARZANIA DANYCH OSOBOWYCH W ZWI\u0104ZKU Z PROWADZENIEM MONITORINGU WIZYJNEGO<\/span><span class=\"extension\">pdf<\/span><span class=\"size\">66 KB<\/span><span class=\"download\"><span>Download file<\/span><\/span><\/a><\/li>\n<li class=\"attachment application pdf has-download\"><a download href=\"https:\/\/www.jasfbg.com.pl\/wp-content\/uploads\/Klauzula-informacyjna-Kontrahenci.pdf\"><span class=\"attachment_ico\"><\/span><span class=\"title\">Klauzula informacyjna - Kontrahenci<\/span><span class=\"extension\">pdf<\/span><span class=\"size\">96 KB<\/span><span class=\"download\"><span>Download file<\/span><\/span><\/a><\/li>\n<\/ul><\/div>\n","protected":false},"excerpt":{"rendered":"<p>Dokumenty i&nbsp;pliki<\/p>\n","protected":false},"author":9,"featured_media":0,"parent":1405,"menu_order":4,"comment_status":"closed","ping_status":"closed","template":"","meta":{"_acf_changed":false,"inline_featured_image":false,"footnotes":""},"class_list":["post-13025","page","type-page","status-publish","hentry"],"acf":[],"yoast_head":"<!-- This site is optimized with the Yoast SEO plugin v27.5 - https:\/\/yoast.com\/product\/yoast-seo-wordpress\/ -->\n<title>Ochrona danych osobowych - Transport mi\u0119dzynarodowy, spedycja krajowa, firma spedycyjna JAS-FBG - Logistyka<\/title>\n<meta name=\"description\" content=\"Dla klienta. Informacje o ochronie danych osobowych.\" \/>\n<meta name=\"robots\" content=\"index, follow, max-snippet:-1, max-image-preview:large, max-video-preview:-1\" \/>\n<link rel=\"canonical\" href=\"https:\/\/www.jasfbg.com.pl\/en\/documents-to-download\/ochrona-danych-osobowych\/\" \/>\n<meta property=\"og:locale\" content=\"en_US\" \/>\n<meta property=\"og:type\" content=\"article\" \/>\n<meta property=\"og:title\" content=\"Ochrona danych osobowych - Transport mi\u0119dzynarodowy, spedycja krajowa, firma spedycyjna JAS-FBG - Logistyka\" \/>\n<meta property=\"og:description\" content=\"Dla klienta. Informacje o ochronie danych osobowych.\" \/>\n<meta property=\"og:url\" content=\"https:\/\/www.jasfbg.com.pl\/en\/documents-to-download\/ochrona-danych-osobowych\/\" \/>\n<meta property=\"og:site_name\" content=\"Transport mi\u0119dzynarodowy, spedycja krajowa, firma spedycyjna JAS-FBG - Logistyka\" \/>\n<meta property=\"article:modified_time\" content=\"2026-02-04T07:37:37+00:00\" \/>\n<meta name=\"twitter:card\" content=\"summary_large_image\" \/>\n<meta name=\"twitter:label1\" content=\"Est. reading time\" \/>\n\t<meta name=\"twitter:data1\" content=\"1 minute\" \/>\n<script type=\"application\/ld+json\" class=\"yoast-schema-graph\">{\"@context\":\"https:\\\/\\\/schema.org\",\"@graph\":[{\"@type\":\"WebPage\",\"@id\":\"https:\\\/\\\/www.jasfbg.com.pl\\\/en\\\/documents-to-download\\\/ochrona-danych-osobowych\\\/\",\"url\":\"https:\\\/\\\/www.jasfbg.com.pl\\\/en\\\/documents-to-download\\\/ochrona-danych-osobowych\\\/\",\"name\":\"Ochrona danych osobowych - Transport mi\u0119dzynarodowy, spedycja krajowa, firma spedycyjna JAS-FBG - Logistyka\",\"isPartOf\":{\"@id\":\"https:\\\/\\\/www.jasfbg.com.pl\\\/#website\"},\"datePublished\":\"2022-04-21T12:19:05+00:00\",\"dateModified\":\"2026-02-04T07:37:37+00:00\",\"description\":\"Dla klienta. Informacje o ochronie danych osobowych.\",\"breadcrumb\":{\"@id\":\"https:\\\/\\\/www.jasfbg.com.pl\\\/en\\\/documents-to-download\\\/ochrona-danych-osobowych\\\/#breadcrumb\"},\"inLanguage\":\"en-US\",\"potentialAction\":[{\"@type\":\"ReadAction\",\"target\":[\"https:\\\/\\\/www.jasfbg.com.pl\\\/en\\\/documents-to-download\\\/ochrona-danych-osobowych\\\/\"]}]},{\"@type\":\"BreadcrumbList\",\"@id\":\"https:\\\/\\\/www.jasfbg.com.pl\\\/en\\\/documents-to-download\\\/ochrona-danych-osobowych\\\/#breadcrumb\",\"itemListElement\":[{\"@type\":\"ListItem\",\"position\":1,\"name\":\"JAS-FBG S.A.\",\"item\":\"https:\\\/\\\/www.jasfbg.com.pl\\\/en\\\/\"},{\"@type\":\"ListItem\",\"position\":2,\"name\":\"Documents to download\",\"item\":\"https:\\\/\\\/www.jasfbg.com.pl\\\/en\\\/documents-to-download\\\/\"},{\"@type\":\"ListItem\",\"position\":3,\"name\":\"Ochrona danych osobowych\"}]},{\"@type\":\"WebSite\",\"@id\":\"https:\\\/\\\/www.jasfbg.com.pl\\\/#website\",\"url\":\"https:\\\/\\\/www.jasfbg.com.pl\\\/\",\"name\":\"Transport mi\u0119dzynarodowy, spedycja krajowa, firma spedycyjna JAS-FBG - Logistyka\",\"description\":\"Bezpiecznie, szybko i w dobrej cenie! Koniecznie sprawd\u017a nasz\u0105 ofert\u0119! Spedycja drogowa krajowa, mi\u0119dzynarodowa ca\u0142opojazdowa, drobnicowa, spedycja morska, spedycja lotnicza, spedycja kolejowa. Logistyka i magazynowanie. Tylko JAS-FBG!\",\"potentialAction\":[{\"@type\":\"SearchAction\",\"target\":{\"@type\":\"EntryPoint\",\"urlTemplate\":\"https:\\\/\\\/www.jasfbg.com.pl\\\/?s={search_term_string}\"},\"query-input\":{\"@type\":\"PropertyValueSpecification\",\"valueRequired\":true,\"valueName\":\"search_term_string\"}}],\"inLanguage\":\"en-US\"}]}<\/script>\n<!-- \/ Yoast SEO plugin. -->","yoast_head_json":{"title":"Ochrona danych osobowych - Transport mi\u0119dzynarodowy, spedycja krajowa, firma spedycyjna JAS-FBG - Logistyka","description":"Dla klienta. Informacje o ochronie danych osobowych.","robots":{"index":"index","follow":"follow","max-snippet":"max-snippet:-1","max-image-preview":"max-image-preview:large","max-video-preview":"max-video-preview:-1"},"canonical":"https:\/\/www.jasfbg.com.pl\/en\/documents-to-download\/ochrona-danych-osobowych\/","og_locale":"en_US","og_type":"article","og_title":"Ochrona danych osobowych - Transport mi\u0119dzynarodowy, spedycja krajowa, firma spedycyjna JAS-FBG - Logistyka","og_description":"Dla klienta. Informacje o ochronie danych osobowych.","og_url":"https:\/\/www.jasfbg.com.pl\/en\/documents-to-download\/ochrona-danych-osobowych\/","og_site_name":"Transport mi\u0119dzynarodowy, spedycja krajowa, firma spedycyjna JAS-FBG - Logistyka","article_modified_time":"2026-02-04T07:37:37+00:00","twitter_card":"summary_large_image","twitter_misc":{"Est. reading time":"1 minute"},"schema":{"@context":"https:\/\/schema.org","@graph":[{"@type":"WebPage","@id":"https:\/\/www.jasfbg.com.pl\/en\/documents-to-download\/ochrona-danych-osobowych\/","url":"https:\/\/www.jasfbg.com.pl\/en\/documents-to-download\/ochrona-danych-osobowych\/","name":"Ochrona danych osobowych - Transport mi\u0119dzynarodowy, spedycja krajowa, firma spedycyjna JAS-FBG - Logistyka","isPartOf":{"@id":"https:\/\/www.jasfbg.com.pl\/#website"},"datePublished":"2022-04-21T12:19:05+00:00","dateModified":"2026-02-04T07:37:37+00:00","description":"Dla klienta. Informacje o ochronie danych osobowych.","breadcrumb":{"@id":"https:\/\/www.jasfbg.com.pl\/en\/documents-to-download\/ochrona-danych-osobowych\/#breadcrumb"},"inLanguage":"en-US","potentialAction":[{"@type":"ReadAction","target":["https:\/\/www.jasfbg.com.pl\/en\/documents-to-download\/ochrona-danych-osobowych\/"]}]},{"@type":"BreadcrumbList","@id":"https:\/\/www.jasfbg.com.pl\/en\/documents-to-download\/ochrona-danych-osobowych\/#breadcrumb","itemListElement":[{"@type":"ListItem","position":1,"name":"JAS-FBG S.A.","item":"https:\/\/www.jasfbg.com.pl\/en\/"},{"@type":"ListItem","position":2,"name":"Documents to download","item":"https:\/\/www.jasfbg.com.pl\/en\/documents-to-download\/"},{"@type":"ListItem","position":3,"name":"Ochrona danych osobowych"}]},{"@type":"WebSite","@id":"https:\/\/www.jasfbg.com.pl\/#website","url":"https:\/\/www.jasfbg.com.pl\/","name":"Transport mi\u0119dzynarodowy, spedycja krajowa, firma spedycyjna JAS-FBG - Logistyka","description":"Bezpiecznie, szybko i w dobrej cenie! Koniecznie sprawd\u017a nasz\u0105 ofert\u0119! Spedycja drogowa krajowa, mi\u0119dzynarodowa ca\u0142opojazdowa, drobnicowa, spedycja morska, spedycja lotnicza, spedycja kolejowa. Logistyka i magazynowanie. Tylko JAS-FBG!","potentialAction":[{"@type":"SearchAction","target":{"@type":"EntryPoint","urlTemplate":"https:\/\/www.jasfbg.com.pl\/?s={search_term_string}"},"query-input":{"@type":"PropertyValueSpecification","valueRequired":true,"valueName":"search_term_string"}}],"inLanguage":"en-US"}]}},"_links":{"self":[{"href":"https:\/\/www.jasfbg.com.pl\/en\/wp-json\/wp\/v2\/pages\/13025","targetHints":{"allow":["GET"]}}],"collection":[{"href":"https:\/\/www.jasfbg.com.pl\/en\/wp-json\/wp\/v2\/pages"}],"about":[{"href":"https:\/\/www.jasfbg.com.pl\/en\/wp-json\/wp\/v2\/types\/page"}],"author":[{"embeddable":true,"href":"https:\/\/www.jasfbg.com.pl\/en\/wp-json\/wp\/v2\/users\/9"}],"replies":[{"embeddable":true,"href":"https:\/\/www.jasfbg.com.pl\/en\/wp-json\/wp\/v2\/comments?post=13025"}],"version-history":[{"count":9,"href":"https:\/\/www.jasfbg.com.pl\/en\/wp-json\/wp\/v2\/pages\/13025\/revisions"}],"predecessor-version":[{"id":22336,"href":"https:\/\/www.jasfbg.com.pl\/en\/wp-json\/wp\/v2\/pages\/13025\/revisions\/22336"}],"up":[{"embeddable":true,"href":"https:\/\/www.jasfbg.com.pl\/en\/wp-json\/wp\/v2\/pages\/1405"}],"wp:attachment":[{"href":"https:\/\/www.jasfbg.com.pl\/en\/wp-json\/wp\/v2\/media?parent=13025"}],"curies":[{"name":"wp","href":"https:\/\/api.w.org\/{rel}","templated":true}]}}