{"id":13045,"date":"2022-04-21T14:18:25","date_gmt":"2022-04-21T12:18:25","guid":{"rendered":"https:\/\/www.jasfbg.com.pl\/?page_id=13045\/"},"modified":"2024-11-27T07:06:26","modified_gmt":"2024-11-27T06:06:26","slug":"ogolne-warunki-spedycyjne","status":"publish","type":"page","link":"https:\/\/www.jasfbg.com.pl\/en\/documents-to-download\/ogolne-warunki-spedycyjne\/","title":{"rendered":"Og\u00f3lne Warunki Spedycyjne"},"content":{"rendered":"<p><span><span><a href=\"https:\/\/www.jasfbg.com.pl\/en\/\">JAS-FBG S.A.<\/a><\/span><\/span><br \/>\n<div class=\"col-margin\"><\/div><\/p>\n<h3>Dokumenty<\/h3>\n<div class=\"attachments_wrap \"><ul class=\"attachments\">\n<li class=\"attachment application pdf has-download\"><a download href=\"https:\/\/www.jasfbg.com.pl\/wp-content\/uploads\/OPWS-2022poprawka2.pdf\"><span class=\"attachment_ico\"><\/span><span class=\"title\">Polish General Freight Forwarding Rules 2022<\/span><span class=\"extension\">pdf<\/span><span class=\"size\">13 MB<\/span><span class=\"download\"><span>Download file<\/span><\/span><\/a><\/li>\n<\/ul><\/div>\n","protected":false},"excerpt":{"rendered":"<p>Dokumenty<\/p>\n","protected":false},"author":9,"featured_media":0,"parent":1405,"menu_order":5,"comment_status":"closed","ping_status":"closed","template":"","meta":{"_acf_changed":false,"inline_featured_image":false,"footnotes":""},"class_list":["post-13045","page","type-page","status-publish","hentry"],"acf":[],"yoast_head":"<!-- This site is optimized with the Yoast SEO plugin v27.5 - https:\/\/yoast.com\/product\/yoast-seo-wordpress\/ -->\n<title>Og\u00f3lne Warunki Spedycyjne - Transport mi\u0119dzynarodowy, spedycja krajowa, firma spedycyjna JAS-FBG - Logistyka<\/title>\n<meta name=\"description\" content=\"Dla klient\u00f3w. Og\u00f3lne Warunki Spedycyjne\" \/>\n<meta name=\"robots\" content=\"index, follow, max-snippet:-1, max-image-preview:large, max-video-preview:-1\" \/>\n<link rel=\"canonical\" href=\"https:\/\/www.jasfbg.com.pl\/en\/documents-to-download\/ogolne-warunki-spedycyjne\/\" \/>\n<meta property=\"og:locale\" content=\"en_US\" \/>\n<meta property=\"og:type\" content=\"article\" \/>\n<meta property=\"og:title\" content=\"Og\u00f3lne Warunki Spedycyjne - Transport mi\u0119dzynarodowy, spedycja krajowa, firma spedycyjna JAS-FBG - Logistyka\" \/>\n<meta property=\"og:description\" content=\"Dla klient\u00f3w. Og\u00f3lne Warunki Spedycyjne\" \/>\n<meta property=\"og:url\" content=\"https:\/\/www.jasfbg.com.pl\/en\/documents-to-download\/ogolne-warunki-spedycyjne\/\" \/>\n<meta property=\"og:site_name\" content=\"Transport mi\u0119dzynarodowy, spedycja krajowa, firma spedycyjna JAS-FBG - Logistyka\" \/>\n<meta property=\"article:modified_time\" content=\"2024-11-27T06:06:26+00:00\" \/>\n<meta name=\"twitter:card\" content=\"summary_large_image\" \/>\n<meta name=\"twitter:label1\" content=\"Est. reading time\" \/>\n\t<meta name=\"twitter:data1\" content=\"1 minute\" \/>\n<script type=\"application\/ld+json\" class=\"yoast-schema-graph\">{\"@context\":\"https:\\\/\\\/schema.org\",\"@graph\":[{\"@type\":\"WebPage\",\"@id\":\"https:\\\/\\\/www.jasfbg.com.pl\\\/en\\\/documents-to-download\\\/ogolne-warunki-spedycyjne\\\/\",\"url\":\"https:\\\/\\\/www.jasfbg.com.pl\\\/en\\\/documents-to-download\\\/ogolne-warunki-spedycyjne\\\/\",\"name\":\"Og\u00f3lne Warunki Spedycyjne - Transport mi\u0119dzynarodowy, spedycja krajowa, firma spedycyjna JAS-FBG - Logistyka\",\"isPartOf\":{\"@id\":\"https:\\\/\\\/www.jasfbg.com.pl\\\/#website\"},\"datePublished\":\"2022-04-21T12:18:25+00:00\",\"dateModified\":\"2024-11-27T06:06:26+00:00\",\"description\":\"Dla klient\u00f3w. Og\u00f3lne Warunki Spedycyjne\",\"breadcrumb\":{\"@id\":\"https:\\\/\\\/www.jasfbg.com.pl\\\/en\\\/documents-to-download\\\/ogolne-warunki-spedycyjne\\\/#breadcrumb\"},\"inLanguage\":\"en-US\",\"potentialAction\":[{\"@type\":\"ReadAction\",\"target\":[\"https:\\\/\\\/www.jasfbg.com.pl\\\/en\\\/documents-to-download\\\/ogolne-warunki-spedycyjne\\\/\"]}]},{\"@type\":\"BreadcrumbList\",\"@id\":\"https:\\\/\\\/www.jasfbg.com.pl\\\/en\\\/documents-to-download\\\/ogolne-warunki-spedycyjne\\\/#breadcrumb\",\"itemListElement\":[{\"@type\":\"ListItem\",\"position\":1,\"name\":\"JAS-FBG S.A.\",\"item\":\"https:\\\/\\\/www.jasfbg.com.pl\\\/en\\\/\"},{\"@type\":\"ListItem\",\"position\":2,\"name\":\"Documents to download\",\"item\":\"https:\\\/\\\/www.jasfbg.com.pl\\\/en\\\/documents-to-download\\\/\"},{\"@type\":\"ListItem\",\"position\":3,\"name\":\"Og\u00f3lne Warunki Spedycyjne\"}]},{\"@type\":\"WebSite\",\"@id\":\"https:\\\/\\\/www.jasfbg.com.pl\\\/#website\",\"url\":\"https:\\\/\\\/www.jasfbg.com.pl\\\/\",\"name\":\"Transport mi\u0119dzynarodowy, spedycja krajowa, firma spedycyjna JAS-FBG - Logistyka\",\"description\":\"Bezpiecznie, szybko i w dobrej cenie! Koniecznie sprawd\u017a nasz\u0105 ofert\u0119! Spedycja drogowa krajowa, mi\u0119dzynarodowa ca\u0142opojazdowa, drobnicowa, spedycja morska, spedycja lotnicza, spedycja kolejowa. Logistyka i magazynowanie. Tylko JAS-FBG!\",\"potentialAction\":[{\"@type\":\"SearchAction\",\"target\":{\"@type\":\"EntryPoint\",\"urlTemplate\":\"https:\\\/\\\/www.jasfbg.com.pl\\\/?s={search_term_string}\"},\"query-input\":{\"@type\":\"PropertyValueSpecification\",\"valueRequired\":true,\"valueName\":\"search_term_string\"}}],\"inLanguage\":\"en-US\"}]}<\/script>\n<!-- \/ Yoast SEO plugin. -->","yoast_head_json":{"title":"Og\u00f3lne Warunki Spedycyjne - Transport mi\u0119dzynarodowy, spedycja krajowa, firma spedycyjna JAS-FBG - Logistyka","description":"Dla klient\u00f3w. Og\u00f3lne Warunki Spedycyjne","robots":{"index":"index","follow":"follow","max-snippet":"max-snippet:-1","max-image-preview":"max-image-preview:large","max-video-preview":"max-video-preview:-1"},"canonical":"https:\/\/www.jasfbg.com.pl\/en\/documents-to-download\/ogolne-warunki-spedycyjne\/","og_locale":"en_US","og_type":"article","og_title":"Og\u00f3lne Warunki Spedycyjne - Transport mi\u0119dzynarodowy, spedycja krajowa, firma spedycyjna JAS-FBG - Logistyka","og_description":"Dla klient\u00f3w. Og\u00f3lne Warunki Spedycyjne","og_url":"https:\/\/www.jasfbg.com.pl\/en\/documents-to-download\/ogolne-warunki-spedycyjne\/","og_site_name":"Transport mi\u0119dzynarodowy, spedycja krajowa, firma spedycyjna JAS-FBG - Logistyka","article_modified_time":"2024-11-27T06:06:26+00:00","twitter_card":"summary_large_image","twitter_misc":{"Est. reading time":"1 minute"},"schema":{"@context":"https:\/\/schema.org","@graph":[{"@type":"WebPage","@id":"https:\/\/www.jasfbg.com.pl\/en\/documents-to-download\/ogolne-warunki-spedycyjne\/","url":"https:\/\/www.jasfbg.com.pl\/en\/documents-to-download\/ogolne-warunki-spedycyjne\/","name":"Og\u00f3lne Warunki Spedycyjne - Transport mi\u0119dzynarodowy, spedycja krajowa, firma spedycyjna JAS-FBG - Logistyka","isPartOf":{"@id":"https:\/\/www.jasfbg.com.pl\/#website"},"datePublished":"2022-04-21T12:18:25+00:00","dateModified":"2024-11-27T06:06:26+00:00","description":"Dla klient\u00f3w. Og\u00f3lne Warunki Spedycyjne","breadcrumb":{"@id":"https:\/\/www.jasfbg.com.pl\/en\/documents-to-download\/ogolne-warunki-spedycyjne\/#breadcrumb"},"inLanguage":"en-US","potentialAction":[{"@type":"ReadAction","target":["https:\/\/www.jasfbg.com.pl\/en\/documents-to-download\/ogolne-warunki-spedycyjne\/"]}]},{"@type":"BreadcrumbList","@id":"https:\/\/www.jasfbg.com.pl\/en\/documents-to-download\/ogolne-warunki-spedycyjne\/#breadcrumb","itemListElement":[{"@type":"ListItem","position":1,"name":"JAS-FBG S.A.","item":"https:\/\/www.jasfbg.com.pl\/en\/"},{"@type":"ListItem","position":2,"name":"Documents to download","item":"https:\/\/www.jasfbg.com.pl\/en\/documents-to-download\/"},{"@type":"ListItem","position":3,"name":"Og\u00f3lne Warunki Spedycyjne"}]},{"@type":"WebSite","@id":"https:\/\/www.jasfbg.com.pl\/#website","url":"https:\/\/www.jasfbg.com.pl\/","name":"Transport mi\u0119dzynarodowy, spedycja krajowa, firma spedycyjna JAS-FBG - Logistyka","description":"Bezpiecznie, szybko i w dobrej cenie! Koniecznie sprawd\u017a nasz\u0105 ofert\u0119! Spedycja drogowa krajowa, mi\u0119dzynarodowa ca\u0142opojazdowa, drobnicowa, spedycja morska, spedycja lotnicza, spedycja kolejowa. Logistyka i magazynowanie. Tylko JAS-FBG!","potentialAction":[{"@type":"SearchAction","target":{"@type":"EntryPoint","urlTemplate":"https:\/\/www.jasfbg.com.pl\/?s={search_term_string}"},"query-input":{"@type":"PropertyValueSpecification","valueRequired":true,"valueName":"search_term_string"}}],"inLanguage":"en-US"}]}},"_links":{"self":[{"href":"https:\/\/www.jasfbg.com.pl\/en\/wp-json\/wp\/v2\/pages\/13045","targetHints":{"allow":["GET"]}}],"collection":[{"href":"https:\/\/www.jasfbg.com.pl\/en\/wp-json\/wp\/v2\/pages"}],"about":[{"href":"https:\/\/www.jasfbg.com.pl\/en\/wp-json\/wp\/v2\/types\/page"}],"author":[{"embeddable":true,"href":"https:\/\/www.jasfbg.com.pl\/en\/wp-json\/wp\/v2\/users\/9"}],"replies":[{"embeddable":true,"href":"https:\/\/www.jasfbg.com.pl\/en\/wp-json\/wp\/v2\/comments?post=13045"}],"version-history":[{"count":4,"href":"https:\/\/www.jasfbg.com.pl\/en\/wp-json\/wp\/v2\/pages\/13045\/revisions"}],"predecessor-version":[{"id":19568,"href":"https:\/\/www.jasfbg.com.pl\/en\/wp-json\/wp\/v2\/pages\/13045\/revisions\/19568"}],"up":[{"embeddable":true,"href":"https:\/\/www.jasfbg.com.pl\/en\/wp-json\/wp\/v2\/pages\/1405"}],"wp:attachment":[{"href":"https:\/\/www.jasfbg.com.pl\/en\/wp-json\/wp\/v2\/media?parent=13045"}],"curies":[{"name":"wp","href":"https:\/\/api.w.org\/{rel}","templated":true}]}}