{"id":1405,"date":"2017-10-27T08:25:31","date_gmt":"2017-10-27T06:25:31","guid":{"rendered":"https:\/\/www.jasfbg.com.pl\/customer-zone\/dokumenty-do-pobrania\/"},"modified":"2025-10-02T13:31:19","modified_gmt":"2025-10-02T11:31:19","slug":"documents-to-download","status":"publish","type":"page","link":"https:\/\/www.jasfbg.com.pl\/en\/documents-to-download\/","title":{"rendered":"Documents to download"},"content":{"rendered":"\n<p><span><span><a href=\"https:\/\/www.jasfbg.com.pl\/en\/\">JAS-FBG S.A.<\/a><\/span><\/span><br \/>\n<div class=\"col-margin\"><\/div><\/p>\n<div class=\"row\"><\/p>\n<p><div class=\"col col-2\"><\/p>\n<h2>Documents<\/h2>\n<h2><a class=\"btn\" href=\"https:\/\/www.jasfbg.com.pl\/dokumenty\/spedycja-drogowa-krajowa\/\">Domestic road forwarding<\/a><\/h2>\n<h2><a class=\"btn\" href=\"https:\/\/www.jasfbg.com.pl\/en\/documents-to-download\/spedycja-drogowa\/\">Road forwarding<\/a><\/h2>\n<h2><a class=\"btn\" href=\"https:\/\/www.jasfbg.com.pl\/en\/documents-to-download\/agencja-celna\/\">Customs agency<\/a><\/h2>\n<h2><a class=\"btn\" href=\"https:\/\/www.jasfbg.com.pl\/en\/documents-to-download\/ochrona-danych-osobowych\/\">Personal data protection<\/a><\/h2>\n<h2><a class=\"btn\" href=\"https:\/\/www.jasfbg.com.pl\/en\/documents-to-download\/formularze-reklamacyjne\/\">Complaint forms<\/a><\/h2>\n<h2><a class=\"btn\" href=\"https:\/\/www.jasfbg.com.pl\/en\/documents-to-download\/ogolne-warunki-spedycyjne\/\">Polish General Forwarding Rules<\/a><\/h2>\n<h2><a class=\"btn\" href=\"https:\/\/www.jasfbg.com.pl\/en\/documents-to-download\/standardy-iway\/\">IWAY Standards<\/a><\/h2>\n<h2><\/h2>\n<h2><a class=\"btn\" href=\"https:\/\/www.jasfbg.com.pl\/en\/documents-to-download\/zrownowazony-rozwoj\/\">SUSTAINABLE DEVELOPMENT<\/a><\/h2>\n<h2><a class=\"btn\" href=\"https:\/\/www.jasfbg.com.pl\/en\/about-company\/other-information\/\">Other information<\/a><\/h2>\n<p><\/div><\/p>\n<p><div class=\"col col-2\"><\/p>\n<p><\/div><\/p>\n<p><\/div>\n","protected":false},"excerpt":{"rendered":"","protected":false},"author":1,"featured_media":0,"parent":0,"menu_order":1,"comment_status":"closed","ping_status":"closed","template":"fullpage.php","meta":{"_acf_changed":false,"inline_featured_image":false,"footnotes":""},"class_list":["post-1405","page","type-page","status-publish","hentry"],"acf":[],"yoast_head":"<!-- This site is optimized with the Yoast SEO plugin v27.5 - https:\/\/yoast.com\/product\/yoast-seo-wordpress\/ -->\n<title>Documents to download - Transport mi\u0119dzynarodowy, spedycja krajowa, firma spedycyjna JAS-FBG - Logistyka<\/title>\n<meta name=\"robots\" content=\"index, follow, max-snippet:-1, max-image-preview:large, max-video-preview:-1\" \/>\n<link rel=\"canonical\" href=\"https:\/\/www.jasfbg.com.pl\/en\/documents-to-download\/\" \/>\n<meta property=\"og:locale\" content=\"en_US\" \/>\n<meta property=\"og:type\" content=\"article\" \/>\n<meta property=\"og:title\" content=\"Documents to download - Transport mi\u0119dzynarodowy, spedycja krajowa, firma spedycyjna JAS-FBG - Logistyka\" \/>\n<meta property=\"og:url\" content=\"https:\/\/www.jasfbg.com.pl\/en\/documents-to-download\/\" \/>\n<meta property=\"og:site_name\" content=\"Transport mi\u0119dzynarodowy, spedycja krajowa, firma spedycyjna JAS-FBG - Logistyka\" \/>\n<meta property=\"article:modified_time\" content=\"2025-10-02T11:31:19+00:00\" \/>\n<meta name=\"twitter:card\" content=\"summary_large_image\" \/>\n<meta name=\"twitter:label1\" content=\"Est. reading time\" \/>\n\t<meta name=\"twitter:data1\" content=\"1 minute\" \/>\n<script type=\"application\/ld+json\" class=\"yoast-schema-graph\">{\"@context\":\"https:\\\/\\\/schema.org\",\"@graph\":[{\"@type\":\"WebPage\",\"@id\":\"https:\\\/\\\/www.jasfbg.com.pl\\\/en\\\/documents-to-download\\\/\",\"url\":\"https:\\\/\\\/www.jasfbg.com.pl\\\/en\\\/documents-to-download\\\/\",\"name\":\"Documents to download - Transport mi\u0119dzynarodowy, spedycja krajowa, firma spedycyjna JAS-FBG - Logistyka\",\"isPartOf\":{\"@id\":\"https:\\\/\\\/www.jasfbg.com.pl\\\/#website\"},\"datePublished\":\"2017-10-27T06:25:31+00:00\",\"dateModified\":\"2025-10-02T11:31:19+00:00\",\"breadcrumb\":{\"@id\":\"https:\\\/\\\/www.jasfbg.com.pl\\\/en\\\/documents-to-download\\\/#breadcrumb\"},\"inLanguage\":\"en-US\",\"potentialAction\":[{\"@type\":\"ReadAction\",\"target\":[\"https:\\\/\\\/www.jasfbg.com.pl\\\/en\\\/documents-to-download\\\/\"]}]},{\"@type\":\"BreadcrumbList\",\"@id\":\"https:\\\/\\\/www.jasfbg.com.pl\\\/en\\\/documents-to-download\\\/#breadcrumb\",\"itemListElement\":[{\"@type\":\"ListItem\",\"position\":1,\"name\":\"JAS-FBG S.A.\",\"item\":\"https:\\\/\\\/www.jasfbg.com.pl\\\/en\\\/\"},{\"@type\":\"ListItem\",\"position\":2,\"name\":\"Documents to download\"}]},{\"@type\":\"WebSite\",\"@id\":\"https:\\\/\\\/www.jasfbg.com.pl\\\/#website\",\"url\":\"https:\\\/\\\/www.jasfbg.com.pl\\\/\",\"name\":\"Transport mi\u0119dzynarodowy, spedycja krajowa, firma spedycyjna JAS-FBG - Logistyka\",\"description\":\"Bezpiecznie, szybko i w dobrej cenie! Koniecznie sprawd\u017a nasz\u0105 ofert\u0119! Spedycja drogowa krajowa, mi\u0119dzynarodowa ca\u0142opojazdowa, drobnicowa, spedycja morska, spedycja lotnicza, spedycja kolejowa. Logistyka i magazynowanie. Tylko JAS-FBG!\",\"potentialAction\":[{\"@type\":\"SearchAction\",\"target\":{\"@type\":\"EntryPoint\",\"urlTemplate\":\"https:\\\/\\\/www.jasfbg.com.pl\\\/?s={search_term_string}\"},\"query-input\":{\"@type\":\"PropertyValueSpecification\",\"valueRequired\":true,\"valueName\":\"search_term_string\"}}],\"inLanguage\":\"en-US\"}]}<\/script>\n<!-- \/ Yoast SEO plugin. -->","yoast_head_json":{"title":"Documents to download - Transport mi\u0119dzynarodowy, spedycja krajowa, firma spedycyjna JAS-FBG - Logistyka","robots":{"index":"index","follow":"follow","max-snippet":"max-snippet:-1","max-image-preview":"max-image-preview:large","max-video-preview":"max-video-preview:-1"},"canonical":"https:\/\/www.jasfbg.com.pl\/en\/documents-to-download\/","og_locale":"en_US","og_type":"article","og_title":"Documents to download - Transport mi\u0119dzynarodowy, spedycja krajowa, firma spedycyjna JAS-FBG - Logistyka","og_url":"https:\/\/www.jasfbg.com.pl\/en\/documents-to-download\/","og_site_name":"Transport mi\u0119dzynarodowy, spedycja krajowa, firma spedycyjna JAS-FBG - Logistyka","article_modified_time":"2025-10-02T11:31:19+00:00","twitter_card":"summary_large_image","twitter_misc":{"Est. reading time":"1 minute"},"schema":{"@context":"https:\/\/schema.org","@graph":[{"@type":"WebPage","@id":"https:\/\/www.jasfbg.com.pl\/en\/documents-to-download\/","url":"https:\/\/www.jasfbg.com.pl\/en\/documents-to-download\/","name":"Documents to download - Transport mi\u0119dzynarodowy, spedycja krajowa, firma spedycyjna JAS-FBG - Logistyka","isPartOf":{"@id":"https:\/\/www.jasfbg.com.pl\/#website"},"datePublished":"2017-10-27T06:25:31+00:00","dateModified":"2025-10-02T11:31:19+00:00","breadcrumb":{"@id":"https:\/\/www.jasfbg.com.pl\/en\/documents-to-download\/#breadcrumb"},"inLanguage":"en-US","potentialAction":[{"@type":"ReadAction","target":["https:\/\/www.jasfbg.com.pl\/en\/documents-to-download\/"]}]},{"@type":"BreadcrumbList","@id":"https:\/\/www.jasfbg.com.pl\/en\/documents-to-download\/#breadcrumb","itemListElement":[{"@type":"ListItem","position":1,"name":"JAS-FBG S.A.","item":"https:\/\/www.jasfbg.com.pl\/en\/"},{"@type":"ListItem","position":2,"name":"Documents to download"}]},{"@type":"WebSite","@id":"https:\/\/www.jasfbg.com.pl\/#website","url":"https:\/\/www.jasfbg.com.pl\/","name":"Transport mi\u0119dzynarodowy, spedycja krajowa, firma spedycyjna JAS-FBG - Logistyka","description":"Bezpiecznie, szybko i w dobrej cenie! Koniecznie sprawd\u017a nasz\u0105 ofert\u0119! Spedycja drogowa krajowa, mi\u0119dzynarodowa ca\u0142opojazdowa, drobnicowa, spedycja morska, spedycja lotnicza, spedycja kolejowa. Logistyka i magazynowanie. Tylko JAS-FBG!","potentialAction":[{"@type":"SearchAction","target":{"@type":"EntryPoint","urlTemplate":"https:\/\/www.jasfbg.com.pl\/?s={search_term_string}"},"query-input":{"@type":"PropertyValueSpecification","valueRequired":true,"valueName":"search_term_string"}}],"inLanguage":"en-US"}]}},"_links":{"self":[{"href":"https:\/\/www.jasfbg.com.pl\/en\/wp-json\/wp\/v2\/pages\/1405","targetHints":{"allow":["GET"]}}],"collection":[{"href":"https:\/\/www.jasfbg.com.pl\/en\/wp-json\/wp\/v2\/pages"}],"about":[{"href":"https:\/\/www.jasfbg.com.pl\/en\/wp-json\/wp\/v2\/types\/page"}],"author":[{"embeddable":true,"href":"https:\/\/www.jasfbg.com.pl\/en\/wp-json\/wp\/v2\/users\/1"}],"replies":[{"embeddable":true,"href":"https:\/\/www.jasfbg.com.pl\/en\/wp-json\/wp\/v2\/comments?post=1405"}],"version-history":[{"count":98,"href":"https:\/\/www.jasfbg.com.pl\/en\/wp-json\/wp\/v2\/pages\/1405\/revisions"}],"predecessor-version":[{"id":21752,"href":"https:\/\/www.jasfbg.com.pl\/en\/wp-json\/wp\/v2\/pages\/1405\/revisions\/21752"}],"wp:attachment":[{"href":"https:\/\/www.jasfbg.com.pl\/en\/wp-json\/wp\/v2\/media?parent=1405"}],"curies":[{"name":"wp","href":"https:\/\/api.w.org\/{rel}","templated":true}]}}