{"id":21331,"date":"2025-07-15T09:01:51","date_gmt":"2025-07-15T07:01:51","guid":{"rendered":"https:\/\/www.jasfbg.com.pl\/?page_id=21331"},"modified":"2025-07-15T09:29:10","modified_gmt":"2025-07-15T07:29:10","slug":"jas-fbg-doradztwo-sp-z-o-o","status":"publish","type":"page","link":"https:\/\/www.jasfbg.com.pl\/en\/about-company\/key-data\/jas-fbg-doradztwo-sp-z-o-o\/","title":{"rendered":"JAS-FBG DORADZTWO Sp. z o.o."},"content":{"rendered":"<p><strong>JAS-FBG Doradztwo Sp. z&nbsp;o.o.<\/strong> is&nbsp;a&nbsp;tax advisory company entered in&nbsp;the register of&nbsp;legal entities authorized to&nbsp;provide customs and tax advisory services, maintained by&nbsp;the National Council of&nbsp;Tax Advisors [entry number \u2013 780].<\/p>\n<p>The company&#8217;s foundation is&nbsp;a&nbsp;combination of&nbsp;over 30 years of&nbsp;experience of&nbsp;JAS-FBG S.A. customs agencies in&nbsp;handling international trade in&nbsp;goods and the knowledge and experience of&nbsp;our experts and practitioners in&nbsp;areas such as&nbsp;customs and indirect taxes (VAT and excise duty).<\/p>\n<p>Our experienced team provides advisory services in&nbsp;the following areas:<\/p>\n<p>customs permits, including Authorized Economic Operator (AEOC) permits, general guarantee permits, and permits for special customs procedures (inward processing, outward processing, customs warehouses); permits for simplified customs procedures; Tariff classification for customs and taxes, including support in&nbsp;obtaining Binding Tariff Information (BTI) for customs purposes and WIA for excise tax purposes; origin of&nbsp;goods for the import of&nbsp;products from outside the European Union and the export of&nbsp;products manufactured in&nbsp;the EU; optimization of&nbsp;applicable customs procedures; customs audits and reviews; representation during customs and goods trade proceedings at&nbsp;every stage of&nbsp;customs and administrative court proceedings; and customs law training.<\/p>\n<p>JAS-FBG Doradztwo Sp. z&nbsp;o.o. also employs specialists in&nbsp;anti-money laundering (AML), international sanctions, and personal data protection (GDPR).<\/p>\n<p>&nbsp;<\/p>\n<p>&nbsp;<\/p>\n<p>&nbsp;<\/p>\n<div class=\"row\"><\/p>\n<p><div class=\"col col-2\"><\/p>\n<p><\/div><\/p>\n<p><div class=\"col col-2\"><br \/>\n<div class=\"box\"><\/p>\n<h4>Registration details:<\/h4>\n<p><strong>KRS: <\/strong>0001060826<strong><br \/>\n<\/strong><\/p>\n<p><strong>NIP: <\/strong>6343028981<strong><br \/>\n<\/strong><\/p>\n<p><strong>Regon: <\/strong>52648068800000<strong><br \/>\n<\/strong><\/p>\n<h4>Contact:<\/h4>\n<p><strong>JAS-FBG Doradztwo Sp. z&nbsp;o.o.<br \/>\n<\/strong><\/p>\n<p>ul. Kolejowa 17<\/p>\n<p>40-706 Katowice<\/p>\n<p>Phone: +48 323 593 430<\/p>\n<p><a href=\"mailto:kontakt@doradztwo.jasfbg.pl\">email: kontakt@doradztwo.jasfbg.pl<\/a><\/p>\n<p>Website: <a href=\"https:\/\/www.doradztwo.jasfbg.pl\">https:\/\/www.doradztwo.jasfbg.pl<\/a><br \/>\n<\/div><\/p>\n<p><\/div><\/p>\n<p><\/div>\n","protected":false},"excerpt":{"rendered":"<p>JAS-FBG Doradztwo Sp. z&nbsp;o.o. is&nbsp;a&nbsp;tax advisory company entered in&nbsp;the register of&nbsp;legal entities authorized to&nbsp;provide customs and tax advisory services, maintained by&nbsp;the National Council of&nbsp;Tax Advisors [entry number \u2013 780]. The company&#8217;s foundation is&nbsp;a&nbsp;combination of&nbsp;over 30 years of&nbsp;experience of&nbsp;JAS-FBG S.A. customs agencies in&nbsp;handling international trade in&nbsp;goods and the knowledge and experience of&nbsp;our experts and practitioners in&nbsp;areas [&hellip;]<\/p>\n","protected":false},"author":6,"featured_media":0,"parent":1096,"menu_order":0,"comment_status":"closed","ping_status":"closed","template":"","meta":{"_acf_changed":false,"inline_featured_image":false,"footnotes":""},"class_list":["post-21331","page","type-page","status-publish","hentry"],"acf":[],"yoast_head":"<!-- This site is optimized with the Yoast SEO plugin v27.5 - https:\/\/yoast.com\/product\/yoast-seo-wordpress\/ -->\n<title>JAS-FBG DORADZTWO Sp. z o.o. - Transport mi\u0119dzynarodowy, spedycja krajowa, firma spedycyjna JAS-FBG - Logistyka<\/title>\n<meta name=\"robots\" content=\"index, follow, max-snippet:-1, max-image-preview:large, max-video-preview:-1\" \/>\n<link rel=\"canonical\" href=\"https:\/\/www.jasfbg.com.pl\/en\/about-company\/key-data\/jas-fbg-doradztwo-sp-z-o-o\/\" \/>\n<meta property=\"og:locale\" content=\"en_US\" \/>\n<meta property=\"og:type\" content=\"article\" \/>\n<meta property=\"og:title\" content=\"JAS-FBG DORADZTWO Sp. z o.o. - Transport mi\u0119dzynarodowy, spedycja krajowa, firma spedycyjna JAS-FBG - Logistyka\" \/>\n<meta property=\"og:description\" content=\"JAS-FBG Doradztwo Sp. z&nbsp;o.o. is&nbsp;a&nbsp;tax advisory company entered in&nbsp;the register of&nbsp;legal entities authorized to&nbsp;provide customs and tax advisory services, maintained by&nbsp;the National Council of&nbsp;Tax Advisors [entry number \u2013 780]. The company&#8217;s foundation is&nbsp;a&nbsp;combination of&nbsp;over 30 years of&nbsp;experience of&nbsp;JAS-FBG S.A. customs agencies in&nbsp;handling international trade in&nbsp;goods and the knowledge and experience of&nbsp;our experts and practitioners in&nbsp;areas [&hellip;]\" \/>\n<meta property=\"og:url\" content=\"https:\/\/www.jasfbg.com.pl\/en\/about-company\/key-data\/jas-fbg-doradztwo-sp-z-o-o\/\" \/>\n<meta property=\"og:site_name\" content=\"Transport mi\u0119dzynarodowy, spedycja krajowa, firma spedycyjna JAS-FBG - Logistyka\" \/>\n<meta property=\"article:modified_time\" content=\"2025-07-15T07:29:10+00:00\" \/>\n<meta name=\"twitter:card\" content=\"summary_large_image\" \/>\n<meta name=\"twitter:label1\" content=\"Est. reading time\" \/>\n\t<meta name=\"twitter:data1\" content=\"2 minutes\" \/>\n<script type=\"application\/ld+json\" class=\"yoast-schema-graph\">{\"@context\":\"https:\\\/\\\/schema.org\",\"@graph\":[{\"@type\":\"WebPage\",\"@id\":\"https:\\\/\\\/www.jasfbg.com.pl\\\/en\\\/about-company\\\/key-data\\\/jas-fbg-doradztwo-sp-z-o-o\\\/\",\"url\":\"https:\\\/\\\/www.jasfbg.com.pl\\\/en\\\/about-company\\\/key-data\\\/jas-fbg-doradztwo-sp-z-o-o\\\/\",\"name\":\"JAS-FBG DORADZTWO Sp. z o.o. - Transport mi\u0119dzynarodowy, spedycja krajowa, firma spedycyjna JAS-FBG - Logistyka\",\"isPartOf\":{\"@id\":\"https:\\\/\\\/www.jasfbg.com.pl\\\/#website\"},\"datePublished\":\"2025-07-15T07:01:51+00:00\",\"dateModified\":\"2025-07-15T07:29:10+00:00\",\"breadcrumb\":{\"@id\":\"https:\\\/\\\/www.jasfbg.com.pl\\\/en\\\/about-company\\\/key-data\\\/jas-fbg-doradztwo-sp-z-o-o\\\/#breadcrumb\"},\"inLanguage\":\"en-US\",\"potentialAction\":[{\"@type\":\"ReadAction\",\"target\":[\"https:\\\/\\\/www.jasfbg.com.pl\\\/en\\\/about-company\\\/key-data\\\/jas-fbg-doradztwo-sp-z-o-o\\\/\"]}]},{\"@type\":\"BreadcrumbList\",\"@id\":\"https:\\\/\\\/www.jasfbg.com.pl\\\/en\\\/about-company\\\/key-data\\\/jas-fbg-doradztwo-sp-z-o-o\\\/#breadcrumb\",\"itemListElement\":[{\"@type\":\"ListItem\",\"position\":1,\"name\":\"JAS-FBG S.A.\",\"item\":\"https:\\\/\\\/www.jasfbg.com.pl\\\/en\\\/\"},{\"@type\":\"ListItem\",\"position\":2,\"name\":\"About company\",\"item\":\"https:\\\/\\\/www.jasfbg.com.pl\\\/en\\\/about-company\\\/\"},{\"@type\":\"ListItem\",\"position\":3,\"name\":\"Key data\",\"item\":\"https:\\\/\\\/www.jasfbg.com.pl\\\/en\\\/about-company\\\/key-data\\\/\"},{\"@type\":\"ListItem\",\"position\":4,\"name\":\"JAS-FBG DORADZTWO Sp. z o.o.\"}]},{\"@type\":\"WebSite\",\"@id\":\"https:\\\/\\\/www.jasfbg.com.pl\\\/#website\",\"url\":\"https:\\\/\\\/www.jasfbg.com.pl\\\/\",\"name\":\"Transport mi\u0119dzynarodowy, spedycja krajowa, firma spedycyjna JAS-FBG - Logistyka\",\"description\":\"Bezpiecznie, szybko i w dobrej cenie! Koniecznie sprawd\u017a nasz\u0105 ofert\u0119! Spedycja drogowa krajowa, mi\u0119dzynarodowa ca\u0142opojazdowa, drobnicowa, spedycja morska, spedycja lotnicza, spedycja kolejowa. Logistyka i magazynowanie. Tylko JAS-FBG!\",\"potentialAction\":[{\"@type\":\"SearchAction\",\"target\":{\"@type\":\"EntryPoint\",\"urlTemplate\":\"https:\\\/\\\/www.jasfbg.com.pl\\\/?s={search_term_string}\"},\"query-input\":{\"@type\":\"PropertyValueSpecification\",\"valueRequired\":true,\"valueName\":\"search_term_string\"}}],\"inLanguage\":\"en-US\"}]}<\/script>\n<!-- \/ Yoast SEO plugin. -->","yoast_head_json":{"title":"JAS-FBG DORADZTWO Sp. z o.o. - Transport mi\u0119dzynarodowy, spedycja krajowa, firma spedycyjna JAS-FBG - Logistyka","robots":{"index":"index","follow":"follow","max-snippet":"max-snippet:-1","max-image-preview":"max-image-preview:large","max-video-preview":"max-video-preview:-1"},"canonical":"https:\/\/www.jasfbg.com.pl\/en\/about-company\/key-data\/jas-fbg-doradztwo-sp-z-o-o\/","og_locale":"en_US","og_type":"article","og_title":"JAS-FBG DORADZTWO Sp. z o.o. - Transport mi\u0119dzynarodowy, spedycja krajowa, firma spedycyjna JAS-FBG - Logistyka","og_description":"JAS-FBG Doradztwo Sp. z&nbsp;o.o. is&nbsp;a&nbsp;tax advisory company entered in&nbsp;the register of&nbsp;legal entities authorized to&nbsp;provide customs and tax advisory services, maintained by&nbsp;the National Council of&nbsp;Tax Advisors [entry number \u2013 780]. The company&#8217;s foundation is&nbsp;a&nbsp;combination of&nbsp;over 30 years of&nbsp;experience of&nbsp;JAS-FBG S.A. customs agencies in&nbsp;handling international trade in&nbsp;goods and the knowledge and experience of&nbsp;our experts and practitioners in&nbsp;areas [&hellip;]","og_url":"https:\/\/www.jasfbg.com.pl\/en\/about-company\/key-data\/jas-fbg-doradztwo-sp-z-o-o\/","og_site_name":"Transport mi\u0119dzynarodowy, spedycja krajowa, firma spedycyjna JAS-FBG - Logistyka","article_modified_time":"2025-07-15T07:29:10+00:00","twitter_card":"summary_large_image","twitter_misc":{"Est. reading time":"2 minutes"},"schema":{"@context":"https:\/\/schema.org","@graph":[{"@type":"WebPage","@id":"https:\/\/www.jasfbg.com.pl\/en\/about-company\/key-data\/jas-fbg-doradztwo-sp-z-o-o\/","url":"https:\/\/www.jasfbg.com.pl\/en\/about-company\/key-data\/jas-fbg-doradztwo-sp-z-o-o\/","name":"JAS-FBG DORADZTWO Sp. z o.o. - Transport mi\u0119dzynarodowy, spedycja krajowa, firma spedycyjna JAS-FBG - Logistyka","isPartOf":{"@id":"https:\/\/www.jasfbg.com.pl\/#website"},"datePublished":"2025-07-15T07:01:51+00:00","dateModified":"2025-07-15T07:29:10+00:00","breadcrumb":{"@id":"https:\/\/www.jasfbg.com.pl\/en\/about-company\/key-data\/jas-fbg-doradztwo-sp-z-o-o\/#breadcrumb"},"inLanguage":"en-US","potentialAction":[{"@type":"ReadAction","target":["https:\/\/www.jasfbg.com.pl\/en\/about-company\/key-data\/jas-fbg-doradztwo-sp-z-o-o\/"]}]},{"@type":"BreadcrumbList","@id":"https:\/\/www.jasfbg.com.pl\/en\/about-company\/key-data\/jas-fbg-doradztwo-sp-z-o-o\/#breadcrumb","itemListElement":[{"@type":"ListItem","position":1,"name":"JAS-FBG S.A.","item":"https:\/\/www.jasfbg.com.pl\/en\/"},{"@type":"ListItem","position":2,"name":"About company","item":"https:\/\/www.jasfbg.com.pl\/en\/about-company\/"},{"@type":"ListItem","position":3,"name":"Key data","item":"https:\/\/www.jasfbg.com.pl\/en\/about-company\/key-data\/"},{"@type":"ListItem","position":4,"name":"JAS-FBG DORADZTWO Sp. z o.o."}]},{"@type":"WebSite","@id":"https:\/\/www.jasfbg.com.pl\/#website","url":"https:\/\/www.jasfbg.com.pl\/","name":"Transport mi\u0119dzynarodowy, spedycja krajowa, firma spedycyjna JAS-FBG - Logistyka","description":"Bezpiecznie, szybko i w dobrej cenie! Koniecznie sprawd\u017a nasz\u0105 ofert\u0119! Spedycja drogowa krajowa, mi\u0119dzynarodowa ca\u0142opojazdowa, drobnicowa, spedycja morska, spedycja lotnicza, spedycja kolejowa. Logistyka i magazynowanie. Tylko JAS-FBG!","potentialAction":[{"@type":"SearchAction","target":{"@type":"EntryPoint","urlTemplate":"https:\/\/www.jasfbg.com.pl\/?s={search_term_string}"},"query-input":{"@type":"PropertyValueSpecification","valueRequired":true,"valueName":"search_term_string"}}],"inLanguage":"en-US"}]}},"_links":{"self":[{"href":"https:\/\/www.jasfbg.com.pl\/en\/wp-json\/wp\/v2\/pages\/21331","targetHints":{"allow":["GET"]}}],"collection":[{"href":"https:\/\/www.jasfbg.com.pl\/en\/wp-json\/wp\/v2\/pages"}],"about":[{"href":"https:\/\/www.jasfbg.com.pl\/en\/wp-json\/wp\/v2\/types\/page"}],"author":[{"embeddable":true,"href":"https:\/\/www.jasfbg.com.pl\/en\/wp-json\/wp\/v2\/users\/6"}],"replies":[{"embeddable":true,"href":"https:\/\/www.jasfbg.com.pl\/en\/wp-json\/wp\/v2\/comments?post=21331"}],"version-history":[{"count":2,"href":"https:\/\/www.jasfbg.com.pl\/en\/wp-json\/wp\/v2\/pages\/21331\/revisions"}],"predecessor-version":[{"id":21345,"href":"https:\/\/www.jasfbg.com.pl\/en\/wp-json\/wp\/v2\/pages\/21331\/revisions\/21345"}],"up":[{"embeddable":true,"href":"https:\/\/www.jasfbg.com.pl\/en\/wp-json\/wp\/v2\/pages\/1096"}],"wp:attachment":[{"href":"https:\/\/www.jasfbg.com.pl\/en\/wp-json\/wp\/v2\/media?parent=21331"}],"curies":[{"name":"wp","href":"https:\/\/api.w.org\/{rel}","templated":true}]}}