{"id":21338,"date":"2025-07-15T09:18:06","date_gmt":"2025-07-15T07:18:06","guid":{"rendered":"https:\/\/www.jasfbg.com.pl\/?page_id=21338"},"modified":"2025-10-23T09:43:25","modified_gmt":"2025-10-23T07:43:25","slug":"caspol-forwarding-sp-z-o-o","status":"publish","type":"page","link":"https:\/\/www.jasfbg.com.pl\/en\/about-company\/key-data\/caspol-forwarding-sp-z-o-o\/","title":{"rendered":"CASPOL FORWARDING SP. Z O.O."},"content":{"rendered":"<p><strong>CASPOL FORWARDING Sp. z&nbsp;o.o.<\/strong> is&nbsp;a&nbsp;wholly-owned subsidiary of&nbsp;the Polish company JAS-FBG S.A., which began operations in&nbsp;1998.<\/p>\n<p>&nbsp;<\/p>\n<div class=\"row\"><\/p>\n<p><div class=\"col col-2\"><\/p>\n<p><\/div><\/p>\n<p><div class=\"col col-2\"><br \/>\n<div class=\"box\"><\/p>\n<h4>Registration details:<\/h4>\n<p><strong>NIP:<\/strong> 5252057309<\/p>\n<p><strong>Regon:<\/strong> 013073925<\/p>\n<h4>Contact:<\/h4>\n<p><strong>CASPOL FORWARDING Sp. z&nbsp;o.o.<\/strong><\/p>\n<p>ul. Kolejowa 17<\/p>\n<p>40-706 Katowice<\/p>\n<p>Phone: +48 32 359 34 75<\/p>\n<p><a href=\"mailto:sekretariat@jasfbg.hu\">email<\/a><br \/>\n<\/div><\/p>\n<p><\/div><\/p>\n<p><\/div>\n","protected":false},"excerpt":{"rendered":"<p>CASPOL FORWARDING Sp. z&nbsp;o.o. is&nbsp;a&nbsp;wholly-owned subsidiary of&nbsp;the Polish company JAS-FBG S.A., which began operations in&nbsp;1998. &nbsp;<\/p>\n","protected":false},"author":6,"featured_media":0,"parent":1096,"menu_order":0,"comment_status":"closed","ping_status":"closed","template":"","meta":{"_acf_changed":false,"inline_featured_image":false,"footnotes":""},"class_list":["post-21338","page","type-page","status-publish","hentry"],"acf":[],"yoast_head":"<!-- This site is optimized with the Yoast SEO plugin v27.5 - https:\/\/yoast.com\/product\/yoast-seo-wordpress\/ -->\n<title>CASPOL FORWARDING SP. Z O.O. - Transport mi\u0119dzynarodowy, spedycja krajowa, firma spedycyjna JAS-FBG - Logistyka<\/title>\n<meta name=\"robots\" content=\"index, follow, max-snippet:-1, max-image-preview:large, max-video-preview:-1\" \/>\n<link rel=\"canonical\" href=\"https:\/\/www.jasfbg.com.pl\/en\/about-company\/key-data\/caspol-forwarding-sp-z-o-o\/\" \/>\n<meta property=\"og:locale\" content=\"en_US\" \/>\n<meta property=\"og:type\" content=\"article\" \/>\n<meta property=\"og:title\" content=\"CASPOL FORWARDING SP. Z O.O. - Transport mi\u0119dzynarodowy, spedycja krajowa, firma spedycyjna JAS-FBG - Logistyka\" \/>\n<meta property=\"og:description\" content=\"CASPOL FORWARDING Sp. z&nbsp;o.o. is&nbsp;a&nbsp;wholly-owned subsidiary of&nbsp;the Polish company JAS-FBG S.A., which began operations in&nbsp;1998. &nbsp;\" \/>\n<meta property=\"og:url\" content=\"https:\/\/www.jasfbg.com.pl\/en\/about-company\/key-data\/caspol-forwarding-sp-z-o-o\/\" \/>\n<meta property=\"og:site_name\" content=\"Transport mi\u0119dzynarodowy, spedycja krajowa, firma spedycyjna JAS-FBG - Logistyka\" \/>\n<meta property=\"article:modified_time\" content=\"2025-10-23T07:43:25+00:00\" \/>\n<meta name=\"twitter:card\" content=\"summary_large_image\" \/>\n<meta name=\"twitter:label1\" content=\"Est. reading time\" \/>\n\t<meta name=\"twitter:data1\" content=\"1 minute\" \/>\n<script type=\"application\/ld+json\" class=\"yoast-schema-graph\">{\"@context\":\"https:\\\/\\\/schema.org\",\"@graph\":[{\"@type\":\"WebPage\",\"@id\":\"https:\\\/\\\/www.jasfbg.com.pl\\\/en\\\/about-company\\\/key-data\\\/caspol-forwarding-sp-z-o-o\\\/\",\"url\":\"https:\\\/\\\/www.jasfbg.com.pl\\\/en\\\/about-company\\\/key-data\\\/caspol-forwarding-sp-z-o-o\\\/\",\"name\":\"CASPOL FORWARDING SP. Z O.O. - Transport mi\u0119dzynarodowy, spedycja krajowa, firma spedycyjna JAS-FBG - Logistyka\",\"isPartOf\":{\"@id\":\"https:\\\/\\\/www.jasfbg.com.pl\\\/#website\"},\"datePublished\":\"2025-07-15T07:18:06+00:00\",\"dateModified\":\"2025-10-23T07:43:25+00:00\",\"breadcrumb\":{\"@id\":\"https:\\\/\\\/www.jasfbg.com.pl\\\/en\\\/about-company\\\/key-data\\\/caspol-forwarding-sp-z-o-o\\\/#breadcrumb\"},\"inLanguage\":\"en-US\",\"potentialAction\":[{\"@type\":\"ReadAction\",\"target\":[\"https:\\\/\\\/www.jasfbg.com.pl\\\/en\\\/about-company\\\/key-data\\\/caspol-forwarding-sp-z-o-o\\\/\"]}]},{\"@type\":\"BreadcrumbList\",\"@id\":\"https:\\\/\\\/www.jasfbg.com.pl\\\/en\\\/about-company\\\/key-data\\\/caspol-forwarding-sp-z-o-o\\\/#breadcrumb\",\"itemListElement\":[{\"@type\":\"ListItem\",\"position\":1,\"name\":\"JAS-FBG S.A.\",\"item\":\"https:\\\/\\\/www.jasfbg.com.pl\\\/en\\\/\"},{\"@type\":\"ListItem\",\"position\":2,\"name\":\"About company\",\"item\":\"https:\\\/\\\/www.jasfbg.com.pl\\\/en\\\/about-company\\\/\"},{\"@type\":\"ListItem\",\"position\":3,\"name\":\"Key data\",\"item\":\"https:\\\/\\\/www.jasfbg.com.pl\\\/en\\\/about-company\\\/key-data\\\/\"},{\"@type\":\"ListItem\",\"position\":4,\"name\":\"CASPOL FORWARDING SP. Z O.O.\"}]},{\"@type\":\"WebSite\",\"@id\":\"https:\\\/\\\/www.jasfbg.com.pl\\\/#website\",\"url\":\"https:\\\/\\\/www.jasfbg.com.pl\\\/\",\"name\":\"Transport mi\u0119dzynarodowy, spedycja krajowa, firma spedycyjna JAS-FBG - Logistyka\",\"description\":\"Bezpiecznie, szybko i w dobrej cenie! Koniecznie sprawd\u017a nasz\u0105 ofert\u0119! Spedycja drogowa krajowa, mi\u0119dzynarodowa ca\u0142opojazdowa, drobnicowa, spedycja morska, spedycja lotnicza, spedycja kolejowa. Logistyka i magazynowanie. Tylko JAS-FBG!\",\"potentialAction\":[{\"@type\":\"SearchAction\",\"target\":{\"@type\":\"EntryPoint\",\"urlTemplate\":\"https:\\\/\\\/www.jasfbg.com.pl\\\/?s={search_term_string}\"},\"query-input\":{\"@type\":\"PropertyValueSpecification\",\"valueRequired\":true,\"valueName\":\"search_term_string\"}}],\"inLanguage\":\"en-US\"}]}<\/script>\n<!-- \/ Yoast SEO plugin. -->","yoast_head_json":{"title":"CASPOL FORWARDING SP. Z O.O. - Transport mi\u0119dzynarodowy, spedycja krajowa, firma spedycyjna JAS-FBG - Logistyka","robots":{"index":"index","follow":"follow","max-snippet":"max-snippet:-1","max-image-preview":"max-image-preview:large","max-video-preview":"max-video-preview:-1"},"canonical":"https:\/\/www.jasfbg.com.pl\/en\/about-company\/key-data\/caspol-forwarding-sp-z-o-o\/","og_locale":"en_US","og_type":"article","og_title":"CASPOL FORWARDING SP. Z O.O. - Transport mi\u0119dzynarodowy, spedycja krajowa, firma spedycyjna JAS-FBG - Logistyka","og_description":"CASPOL FORWARDING Sp. z&nbsp;o.o. is&nbsp;a&nbsp;wholly-owned subsidiary of&nbsp;the Polish company JAS-FBG S.A., which began operations in&nbsp;1998. &nbsp;","og_url":"https:\/\/www.jasfbg.com.pl\/en\/about-company\/key-data\/caspol-forwarding-sp-z-o-o\/","og_site_name":"Transport mi\u0119dzynarodowy, spedycja krajowa, firma spedycyjna JAS-FBG - Logistyka","article_modified_time":"2025-10-23T07:43:25+00:00","twitter_card":"summary_large_image","twitter_misc":{"Est. reading time":"1 minute"},"schema":{"@context":"https:\/\/schema.org","@graph":[{"@type":"WebPage","@id":"https:\/\/www.jasfbg.com.pl\/en\/about-company\/key-data\/caspol-forwarding-sp-z-o-o\/","url":"https:\/\/www.jasfbg.com.pl\/en\/about-company\/key-data\/caspol-forwarding-sp-z-o-o\/","name":"CASPOL FORWARDING SP. Z O.O. - Transport mi\u0119dzynarodowy, spedycja krajowa, firma spedycyjna JAS-FBG - Logistyka","isPartOf":{"@id":"https:\/\/www.jasfbg.com.pl\/#website"},"datePublished":"2025-07-15T07:18:06+00:00","dateModified":"2025-10-23T07:43:25+00:00","breadcrumb":{"@id":"https:\/\/www.jasfbg.com.pl\/en\/about-company\/key-data\/caspol-forwarding-sp-z-o-o\/#breadcrumb"},"inLanguage":"en-US","potentialAction":[{"@type":"ReadAction","target":["https:\/\/www.jasfbg.com.pl\/en\/about-company\/key-data\/caspol-forwarding-sp-z-o-o\/"]}]},{"@type":"BreadcrumbList","@id":"https:\/\/www.jasfbg.com.pl\/en\/about-company\/key-data\/caspol-forwarding-sp-z-o-o\/#breadcrumb","itemListElement":[{"@type":"ListItem","position":1,"name":"JAS-FBG S.A.","item":"https:\/\/www.jasfbg.com.pl\/en\/"},{"@type":"ListItem","position":2,"name":"About company","item":"https:\/\/www.jasfbg.com.pl\/en\/about-company\/"},{"@type":"ListItem","position":3,"name":"Key data","item":"https:\/\/www.jasfbg.com.pl\/en\/about-company\/key-data\/"},{"@type":"ListItem","position":4,"name":"CASPOL FORWARDING SP. Z O.O."}]},{"@type":"WebSite","@id":"https:\/\/www.jasfbg.com.pl\/#website","url":"https:\/\/www.jasfbg.com.pl\/","name":"Transport mi\u0119dzynarodowy, spedycja krajowa, firma spedycyjna JAS-FBG - Logistyka","description":"Bezpiecznie, szybko i w dobrej cenie! Koniecznie sprawd\u017a nasz\u0105 ofert\u0119! Spedycja drogowa krajowa, mi\u0119dzynarodowa ca\u0142opojazdowa, drobnicowa, spedycja morska, spedycja lotnicza, spedycja kolejowa. Logistyka i magazynowanie. Tylko JAS-FBG!","potentialAction":[{"@type":"SearchAction","target":{"@type":"EntryPoint","urlTemplate":"https:\/\/www.jasfbg.com.pl\/?s={search_term_string}"},"query-input":{"@type":"PropertyValueSpecification","valueRequired":true,"valueName":"search_term_string"}}],"inLanguage":"en-US"}]}},"_links":{"self":[{"href":"https:\/\/www.jasfbg.com.pl\/en\/wp-json\/wp\/v2\/pages\/21338","targetHints":{"allow":["GET"]}}],"collection":[{"href":"https:\/\/www.jasfbg.com.pl\/en\/wp-json\/wp\/v2\/pages"}],"about":[{"href":"https:\/\/www.jasfbg.com.pl\/en\/wp-json\/wp\/v2\/types\/page"}],"author":[{"embeddable":true,"href":"https:\/\/www.jasfbg.com.pl\/en\/wp-json\/wp\/v2\/users\/6"}],"replies":[{"embeddable":true,"href":"https:\/\/www.jasfbg.com.pl\/en\/wp-json\/wp\/v2\/comments?post=21338"}],"version-history":[{"count":3,"href":"https:\/\/www.jasfbg.com.pl\/en\/wp-json\/wp\/v2\/pages\/21338\/revisions"}],"predecessor-version":[{"id":21844,"href":"https:\/\/www.jasfbg.com.pl\/en\/wp-json\/wp\/v2\/pages\/21338\/revisions\/21844"}],"up":[{"embeddable":true,"href":"https:\/\/www.jasfbg.com.pl\/en\/wp-json\/wp\/v2\/pages\/1096"}],"wp:attachment":[{"href":"https:\/\/www.jasfbg.com.pl\/en\/wp-json\/wp\/v2\/media?parent=21338"}],"curies":[{"name":"wp","href":"https:\/\/api.w.org\/{rel}","templated":true}]}}