{"id":21442,"date":"2025-07-24T09:23:33","date_gmt":"2025-07-24T07:23:33","guid":{"rendered":"https:\/\/www.jasfbg.com.pl\/?page_id=21442"},"modified":"2025-07-24T09:23:33","modified_gmt":"2025-07-24T07:23:33","slug":"drivers","status":"publish","type":"page","link":"https:\/\/www.jasfbg.com.pl\/en\/career\/drivers\/","title":{"rendered":"Drivers"},"content":{"rendered":"<p><span><span><a href=\"https:\/\/www.jasfbg.com.pl\/en\/\">JAS-FBG S.A.<\/a><\/span><\/span><br \/>\n<div class=\"row\"><\/p>\n<h1>Drivers Hiring<\/h1>\n<h2>International Driver, Category C+E<\/h2>\n<p>JAS-FBG S.A. is&nbsp;looking for experienced international drivers with Category C+E qualifications. Our company specializes in&nbsp;freight forwarding and transporting goods throughout Europe, ensuring high-quality service and on-time delivery.<\/p>\n<div class=\"col col-2\"><\/p>\n<p>&nbsp;<\/p>\n<h4>BASE: Paw\u0142owice (Silesian Voivodeship)<\/h4>\n<ul>\n<li>Driving tractor-trailer combinations (tilt-sided or&nbsp;refrigerated) in&nbsp;international traffic within the EU (Czech Republic, Slovakia, Hungary, Slovenia, Serbia, Austria, Romania, Bulgaria, Croatia).<\/li>\n<\/ul>\n<h5>If you are interested in&nbsp;this offer, please contact us&nbsp;by phone: <strong>506 013 844<\/strong>.<\/h5>\n<p>&nbsp;<\/p>\n<p>&nbsp;<\/p>\n<p><\/div>\n<div class=\"col col-2\"><\/p>\n<p>&nbsp;<\/p>\n<h4>BASE: Katowice (Silesian Voivodeship)<\/h4>\n<ul>\n<li>Driving tractor-trailer combinations (tilt-sided or&nbsp;refrigerated) in&nbsp;international traffic within the EU (Germany, Austria, Italy, Spain, France, Switzerland).<\/li>\n<\/ul>\n<h5>If you are interested in&nbsp;this offer, please contact us&nbsp;by phone: <strong>506 011 565<\/strong>.<\/h5>\n<p>&nbsp;<\/p>\n<p><\/div>\n<p>&nbsp;<\/p>\n<h3>Responsibilities:<\/h3>\n<ul>\n<li>Supervising transport-related documentation (CMR, waybills)<\/li>\n<li>Compliance with road traffic regulations<\/li>\n<li>Ensuring the safety of&nbsp;transported cargo<\/li>\n<li>Implementation We will perform assigned tasks with the utmost care.<\/li>\n<\/ul>\n<h3>Requirements:<\/h3>\n<ul>\n<li>Category C+E driving license (with a&nbsp;95 entry)<\/li>\n<li>Driver card and completed goods transport course<\/li>\n<li>Current medical certificate and psychological assessment<\/li>\n<li>At least one year of&nbsp;experience as&nbsp;a&nbsp;category C+E driver in&nbsp;international transport<\/li>\n<li>Responsibility, professional approach to&nbsp;duties, and motivation to&nbsp;work<\/li>\n<li>ADR qualifications are welcome<\/li>\n<\/ul>\n<h3>We offer:<\/h3>\n<ul>\n<li>Attractive salary (up to&nbsp;PLN 11,000 net), commensurate with experience and results, and dependent on&nbsp;the work system<\/li>\n<li>Stable employment, employment contract with a&nbsp;reputable company<\/li>\n<li><strong>Basic A1 + ERGO insurance (e.g., organization of&nbsp;transport to&nbsp;the home or&nbsp;hotel)<\/strong><\/li>\n<li>Benefits package: Multisport sports card, co-financing from the Employee Benefits Fund (Christmas vouchers), possibility of&nbsp;joining the Social Security and Loan Fund<\/li>\n<li>Modern fleet (up to&nbsp;3 years old), tractors from the following brands: VOLVO, MAN, Mercedes, DAF<\/li>\n<li><strong>Reimbursement of&nbsp;costs related to&nbsp;renewal of&nbsp;driving licenses (driving license, driver card)<\/strong><\/li>\n<li><strong>Assistance for foreigners in&nbsp;the employment legalization process<\/strong><\/li>\n<li>Economic driving training<\/li>\n<li>Individual approach to&nbsp;each employee<\/li>\n<\/ul>\n<p>&nbsp;<\/p>\n<p>&nbsp;<\/p>\n<div class=\"hr\"><\/div>\n<p>&nbsp;<\/p>\n<div class=\"css-2t3g1w-Text\">\n<p><\/div><\/p>\n<\/div>\n","protected":false},"excerpt":{"rendered":"","protected":false},"author":6,"featured_media":0,"parent":612,"menu_order":5,"comment_status":"closed","ping_status":"closed","template":"","meta":{"_acf_changed":false,"inline_featured_image":false,"footnotes":""},"class_list":["post-21442","page","type-page","status-publish","hentry"],"acf":[],"yoast_head":"<!-- This site is optimized with the Yoast SEO plugin v27.5 - https:\/\/yoast.com\/product\/yoast-seo-wordpress\/ -->\n<title>Drivers - Transport mi\u0119dzynarodowy, spedycja krajowa, firma spedycyjna JAS-FBG - Logistyka<\/title>\n<meta name=\"robots\" content=\"index, follow, max-snippet:-1, max-image-preview:large, max-video-preview:-1\" \/>\n<link rel=\"canonical\" href=\"https:\/\/www.jasfbg.com.pl\/en\/career\/drivers\/\" \/>\n<meta property=\"og:locale\" content=\"en_US\" \/>\n<meta property=\"og:type\" content=\"article\" \/>\n<meta property=\"og:title\" content=\"Drivers - Transport mi\u0119dzynarodowy, spedycja krajowa, firma spedycyjna JAS-FBG - Logistyka\" \/>\n<meta property=\"og:url\" content=\"https:\/\/www.jasfbg.com.pl\/en\/career\/drivers\/\" \/>\n<meta property=\"og:site_name\" content=\"Transport mi\u0119dzynarodowy, spedycja krajowa, firma spedycyjna JAS-FBG - Logistyka\" \/>\n<meta name=\"twitter:card\" content=\"summary_large_image\" \/>\n<meta name=\"twitter:label1\" content=\"Est. reading time\" \/>\n\t<meta name=\"twitter:data1\" content=\"2 minutes\" \/>\n<script type=\"application\/ld+json\" class=\"yoast-schema-graph\">{\"@context\":\"https:\\\/\\\/schema.org\",\"@graph\":[{\"@type\":\"WebPage\",\"@id\":\"https:\\\/\\\/www.jasfbg.com.pl\\\/en\\\/career\\\/drivers\\\/\",\"url\":\"https:\\\/\\\/www.jasfbg.com.pl\\\/en\\\/career\\\/drivers\\\/\",\"name\":\"Drivers - Transport mi\u0119dzynarodowy, spedycja krajowa, firma spedycyjna JAS-FBG - Logistyka\",\"isPartOf\":{\"@id\":\"https:\\\/\\\/www.jasfbg.com.pl\\\/#website\"},\"datePublished\":\"2025-07-24T07:23:33+00:00\",\"breadcrumb\":{\"@id\":\"https:\\\/\\\/www.jasfbg.com.pl\\\/en\\\/career\\\/drivers\\\/#breadcrumb\"},\"inLanguage\":\"en-US\",\"potentialAction\":[{\"@type\":\"ReadAction\",\"target\":[\"https:\\\/\\\/www.jasfbg.com.pl\\\/en\\\/career\\\/drivers\\\/\"]}]},{\"@type\":\"BreadcrumbList\",\"@id\":\"https:\\\/\\\/www.jasfbg.com.pl\\\/en\\\/career\\\/drivers\\\/#breadcrumb\",\"itemListElement\":[{\"@type\":\"ListItem\",\"position\":1,\"name\":\"JAS-FBG S.A.\",\"item\":\"https:\\\/\\\/www.jasfbg.com.pl\\\/en\\\/\"},{\"@type\":\"ListItem\",\"position\":2,\"name\":\"Career\",\"item\":\"https:\\\/\\\/www.jasfbg.com.pl\\\/en\\\/career\\\/\"},{\"@type\":\"ListItem\",\"position\":3,\"name\":\"Drivers\"}]},{\"@type\":\"WebSite\",\"@id\":\"https:\\\/\\\/www.jasfbg.com.pl\\\/#website\",\"url\":\"https:\\\/\\\/www.jasfbg.com.pl\\\/\",\"name\":\"Transport mi\u0119dzynarodowy, spedycja krajowa, firma spedycyjna JAS-FBG - Logistyka\",\"description\":\"Bezpiecznie, szybko i w dobrej cenie! Koniecznie sprawd\u017a nasz\u0105 ofert\u0119! Spedycja drogowa krajowa, mi\u0119dzynarodowa ca\u0142opojazdowa, drobnicowa, spedycja morska, spedycja lotnicza, spedycja kolejowa. Logistyka i magazynowanie. Tylko JAS-FBG!\",\"potentialAction\":[{\"@type\":\"SearchAction\",\"target\":{\"@type\":\"EntryPoint\",\"urlTemplate\":\"https:\\\/\\\/www.jasfbg.com.pl\\\/?s={search_term_string}\"},\"query-input\":{\"@type\":\"PropertyValueSpecification\",\"valueRequired\":true,\"valueName\":\"search_term_string\"}}],\"inLanguage\":\"en-US\"}]}<\/script>\n<!-- \/ Yoast SEO plugin. -->","yoast_head_json":{"title":"Drivers - Transport mi\u0119dzynarodowy, spedycja krajowa, firma spedycyjna JAS-FBG - Logistyka","robots":{"index":"index","follow":"follow","max-snippet":"max-snippet:-1","max-image-preview":"max-image-preview:large","max-video-preview":"max-video-preview:-1"},"canonical":"https:\/\/www.jasfbg.com.pl\/en\/career\/drivers\/","og_locale":"en_US","og_type":"article","og_title":"Drivers - Transport mi\u0119dzynarodowy, spedycja krajowa, firma spedycyjna JAS-FBG - Logistyka","og_url":"https:\/\/www.jasfbg.com.pl\/en\/career\/drivers\/","og_site_name":"Transport mi\u0119dzynarodowy, spedycja krajowa, firma spedycyjna JAS-FBG - Logistyka","twitter_card":"summary_large_image","twitter_misc":{"Est. reading time":"2 minutes"},"schema":{"@context":"https:\/\/schema.org","@graph":[{"@type":"WebPage","@id":"https:\/\/www.jasfbg.com.pl\/en\/career\/drivers\/","url":"https:\/\/www.jasfbg.com.pl\/en\/career\/drivers\/","name":"Drivers - Transport mi\u0119dzynarodowy, spedycja krajowa, firma spedycyjna JAS-FBG - Logistyka","isPartOf":{"@id":"https:\/\/www.jasfbg.com.pl\/#website"},"datePublished":"2025-07-24T07:23:33+00:00","breadcrumb":{"@id":"https:\/\/www.jasfbg.com.pl\/en\/career\/drivers\/#breadcrumb"},"inLanguage":"en-US","potentialAction":[{"@type":"ReadAction","target":["https:\/\/www.jasfbg.com.pl\/en\/career\/drivers\/"]}]},{"@type":"BreadcrumbList","@id":"https:\/\/www.jasfbg.com.pl\/en\/career\/drivers\/#breadcrumb","itemListElement":[{"@type":"ListItem","position":1,"name":"JAS-FBG S.A.","item":"https:\/\/www.jasfbg.com.pl\/en\/"},{"@type":"ListItem","position":2,"name":"Career","item":"https:\/\/www.jasfbg.com.pl\/en\/career\/"},{"@type":"ListItem","position":3,"name":"Drivers"}]},{"@type":"WebSite","@id":"https:\/\/www.jasfbg.com.pl\/#website","url":"https:\/\/www.jasfbg.com.pl\/","name":"Transport mi\u0119dzynarodowy, spedycja krajowa, firma spedycyjna JAS-FBG - Logistyka","description":"Bezpiecznie, szybko i w dobrej cenie! Koniecznie sprawd\u017a nasz\u0105 ofert\u0119! Spedycja drogowa krajowa, mi\u0119dzynarodowa ca\u0142opojazdowa, drobnicowa, spedycja morska, spedycja lotnicza, spedycja kolejowa. Logistyka i magazynowanie. Tylko JAS-FBG!","potentialAction":[{"@type":"SearchAction","target":{"@type":"EntryPoint","urlTemplate":"https:\/\/www.jasfbg.com.pl\/?s={search_term_string}"},"query-input":{"@type":"PropertyValueSpecification","valueRequired":true,"valueName":"search_term_string"}}],"inLanguage":"en-US"}]}},"_links":{"self":[{"href":"https:\/\/www.jasfbg.com.pl\/en\/wp-json\/wp\/v2\/pages\/21442","targetHints":{"allow":["GET"]}}],"collection":[{"href":"https:\/\/www.jasfbg.com.pl\/en\/wp-json\/wp\/v2\/pages"}],"about":[{"href":"https:\/\/www.jasfbg.com.pl\/en\/wp-json\/wp\/v2\/types\/page"}],"author":[{"embeddable":true,"href":"https:\/\/www.jasfbg.com.pl\/en\/wp-json\/wp\/v2\/users\/6"}],"replies":[{"embeddable":true,"href":"https:\/\/www.jasfbg.com.pl\/en\/wp-json\/wp\/v2\/comments?post=21442"}],"version-history":[{"count":1,"href":"https:\/\/www.jasfbg.com.pl\/en\/wp-json\/wp\/v2\/pages\/21442\/revisions"}],"predecessor-version":[{"id":21443,"href":"https:\/\/www.jasfbg.com.pl\/en\/wp-json\/wp\/v2\/pages\/21442\/revisions\/21443"}],"up":[{"embeddable":true,"href":"https:\/\/www.jasfbg.com.pl\/en\/wp-json\/wp\/v2\/pages\/612"}],"wp:attachment":[{"href":"https:\/\/www.jasfbg.com.pl\/en\/wp-json\/wp\/v2\/media?parent=21442"}],"curies":[{"name":"wp","href":"https:\/\/api.w.org\/{rel}","templated":true}]}}