{"id":2568,"date":"2018-02-19T13:52:10","date_gmt":"2018-02-19T12:52:10","guid":{"rendered":"https:\/\/www.jasfbg.com.pl\/?page_id=2568\/"},"modified":"2026-03-30T14:17:52","modified_gmt":"2026-03-30T12:17:52","slug":"internships","status":"publish","type":"page","link":"https:\/\/www.jasfbg.com.pl\/en\/career\/internships\/","title":{"rendered":"Internships"},"content":{"rendered":"<p style=\"text-align: left;\"><div class=\"col-margin\"><\/div><\/p>\n<p><img loading=\"lazy\" decoding=\"async\" class=\"alignnone wp-image-14578 size-large\" src=\"https:\/\/www.jasfbg.com.pl\/wp-content\/uploads\/2019\/07\/praktyki_jasne-1024x686.jpg\" alt=\"\" width=\"1024\" height=\"686\" srcset=\"https:\/\/www.jasfbg.com.pl\/wp-content\/uploads\/2019\/07\/praktyki_jasne-1024x686.jpg 1024w, https:\/\/www.jasfbg.com.pl\/wp-content\/uploads\/2019\/07\/praktyki_jasne-300x201.jpg 300w, https:\/\/www.jasfbg.com.pl\/wp-content\/uploads\/2019\/07\/praktyki_jasne-768x514.jpg 768w, https:\/\/www.jasfbg.com.pl\/wp-content\/uploads\/2019\/07\/praktyki_jasne.jpg 1156w\" sizes=\"auto, (max-width: 1024px) 100vw, 1024px\" \/><\/p>\n<p style=\"text-align: left;\">By organizing internships and work placements for graduates, we&nbsp;provide the opportunity to&nbsp;obtain first professional experiences for students and graduates from all over Poland. Thanks to&nbsp;this, we&nbsp;can get to&nbsp;know the current expectations of&nbsp;young people, who after the internships and work placements often become our employees.<\/p>\n<p style=\"text-align: left;\">By joining our you get the opportunity to&nbsp;have an&nbsp;interesting job, full of&nbsp;challenges and opportunities to&nbsp;expand knowledge and acquire new skills. Working for one of&nbsp;the leading Polish logistic operators we&nbsp;are is&nbsp;an investment in&nbsp;our own development and future.<\/p>\n<ul style=\"text-align: left;\">\n<li>Every year, several dozens of&nbsp;enthusiastic students and graduates participate in&nbsp;internships and work placements in&nbsp;our company.<\/li>\n<li>For some years now we&nbsp;have been supporting the National Logistics Contest organized by&nbsp;the Pozna\u0144 School of&nbsp;Logistics; we&nbsp;are the gold sponsor of&nbsp;the 9th edition.<\/li>\n<li>In our state-of-the-art logistics center in&nbsp;Warszowice we&nbsp;have created an&nbsp;opportunity to&nbsp;practice the logistics profession and participate in&nbsp;vocational courses for technical secondary school students.<\/li>\n<li>Our logistic platforms are visited by&nbsp;students of&nbsp;higher education and technical schools with a&nbsp;logistics profile during educational trips, which provide them with the opportunity to&nbsp;see the practical side of&nbsp;logistics and transport.<\/li>\n<li>To broaden your knowledge, we&nbsp;cooperate with scientific clubs at&nbsp;universities, and our employees conduct workshops for students who plan to&nbsp;pursue a&nbsp;career in&nbsp;the TSL industry.<\/li>\n<li>We are a&nbsp;Polish company, but in&nbsp;our international transport departments employees have the possibility of&nbsp;contact with many foreign languages every day.<\/li>\n<li>Persons under 30 years may participate in&nbsp;the Paid Graduate Internship Program.<\/li>\n<\/ul>\n<p style=\"text-align: left;\">If you are interested in&nbsp;an internship or&nbsp;work placement, apply here<\/p>\n<p style=\"text-align: left;\"><a class=\"btn\" href=\"https:\/\/system.erecruiter.pl\/FormTemplates\/RecruitmentForm.aspx?WebID=09b4f06633d9411a8c13e0a938b3e32b\">go to&nbsp;the form<\/a><\/p>\n","protected":false},"excerpt":{"rendered":"<p>By organizing internships and work placements for graduates, we&nbsp;provide the opportunity to&nbsp;obtain first professional experiences for students and graduates from all over Poland. Thanks to&nbsp;this, we&nbsp;can get to&nbsp;know the current expectations of&nbsp;young people, who after the internships and work placements often become our employees. By joining our you get the opportunity to&nbsp;have an&nbsp;interesting job, full [&hellip;]<\/p>\n","protected":false},"author":1,"featured_media":0,"parent":612,"menu_order":5,"comment_status":"closed","ping_status":"closed","template":"","meta":{"_acf_changed":false,"inline_featured_image":false,"footnotes":""},"class_list":["post-2568","page","type-page","status-publish","hentry"],"acf":[],"yoast_head":"<!-- This site is optimized with the Yoast SEO plugin v27.5 - https:\/\/yoast.com\/product\/yoast-seo-wordpress\/ -->\n<title>Internships - Transport mi\u0119dzynarodowy, spedycja krajowa, firma spedycyjna JAS-FBG - Logistyka<\/title>\n<meta name=\"robots\" content=\"index, follow, max-snippet:-1, max-image-preview:large, max-video-preview:-1\" \/>\n<link rel=\"canonical\" href=\"https:\/\/www.jasfbg.com.pl\/en\/career\/internships\/\" \/>\n<meta property=\"og:locale\" content=\"en_US\" \/>\n<meta property=\"og:type\" content=\"article\" \/>\n<meta property=\"og:title\" content=\"Internships - Transport mi\u0119dzynarodowy, spedycja krajowa, firma spedycyjna JAS-FBG - Logistyka\" \/>\n<meta property=\"og:description\" content=\"By organizing internships and work placements for graduates, we&nbsp;provide the opportunity to&nbsp;obtain first professional experiences for students and graduates from all over Poland. Thanks to&nbsp;this, we&nbsp;can get to&nbsp;know the current expectations of&nbsp;young people, who after the internships and work placements often become our employees. By joining our you get the opportunity to&nbsp;have an&nbsp;interesting job, full [&hellip;]\" \/>\n<meta property=\"og:url\" content=\"https:\/\/www.jasfbg.com.pl\/en\/career\/internships\/\" \/>\n<meta property=\"og:site_name\" content=\"Transport mi\u0119dzynarodowy, spedycja krajowa, firma spedycyjna JAS-FBG - Logistyka\" \/>\n<meta property=\"article:modified_time\" content=\"2026-03-30T12:17:52+00:00\" \/>\n<meta property=\"og:image\" content=\"https:\/\/www.jasfbg.com.pl\/wp-content\/uploads\/2019\/07\/praktyki_jasne.jpg\" \/>\n\t<meta property=\"og:image:width\" content=\"1156\" \/>\n\t<meta property=\"og:image:height\" content=\"774\" \/>\n\t<meta property=\"og:image:type\" content=\"image\/jpeg\" \/>\n<meta name=\"twitter:card\" content=\"summary_large_image\" \/>\n<meta name=\"twitter:label1\" content=\"Est. reading time\" \/>\n\t<meta name=\"twitter:data1\" content=\"2 minutes\" \/>\n<script type=\"application\/ld+json\" class=\"yoast-schema-graph\">{\"@context\":\"https:\\\/\\\/schema.org\",\"@graph\":[{\"@type\":\"WebPage\",\"@id\":\"https:\\\/\\\/www.jasfbg.com.pl\\\/en\\\/career\\\/internships\\\/\",\"url\":\"https:\\\/\\\/www.jasfbg.com.pl\\\/en\\\/career\\\/internships\\\/\",\"name\":\"Internships - Transport mi\u0119dzynarodowy, spedycja krajowa, firma spedycyjna JAS-FBG - Logistyka\",\"isPartOf\":{\"@id\":\"https:\\\/\\\/www.jasfbg.com.pl\\\/#website\"},\"primaryImageOfPage\":{\"@id\":\"https:\\\/\\\/www.jasfbg.com.pl\\\/en\\\/career\\\/internships\\\/#primaryimage\"},\"image\":{\"@id\":\"https:\\\/\\\/www.jasfbg.com.pl\\\/en\\\/career\\\/internships\\\/#primaryimage\"},\"thumbnailUrl\":\"https:\\\/\\\/www.jasfbg.com.pl\\\/wp-content\\\/uploads\\\/2019\\\/07\\\/praktyki_jasne-1024x686.jpg\",\"datePublished\":\"2018-02-19T12:52:10+00:00\",\"dateModified\":\"2026-03-30T12:17:52+00:00\",\"breadcrumb\":{\"@id\":\"https:\\\/\\\/www.jasfbg.com.pl\\\/en\\\/career\\\/internships\\\/#breadcrumb\"},\"inLanguage\":\"en-US\",\"potentialAction\":[{\"@type\":\"ReadAction\",\"target\":[\"https:\\\/\\\/www.jasfbg.com.pl\\\/en\\\/career\\\/internships\\\/\"]}]},{\"@type\":\"ImageObject\",\"inLanguage\":\"en-US\",\"@id\":\"https:\\\/\\\/www.jasfbg.com.pl\\\/en\\\/career\\\/internships\\\/#primaryimage\",\"url\":\"https:\\\/\\\/www.jasfbg.com.pl\\\/wp-content\\\/uploads\\\/2019\\\/07\\\/praktyki_jasne-1024x686.jpg\",\"contentUrl\":\"https:\\\/\\\/www.jasfbg.com.pl\\\/wp-content\\\/uploads\\\/2019\\\/07\\\/praktyki_jasne-1024x686.jpg\"},{\"@type\":\"BreadcrumbList\",\"@id\":\"https:\\\/\\\/www.jasfbg.com.pl\\\/en\\\/career\\\/internships\\\/#breadcrumb\",\"itemListElement\":[{\"@type\":\"ListItem\",\"position\":1,\"name\":\"JAS-FBG S.A.\",\"item\":\"https:\\\/\\\/www.jasfbg.com.pl\\\/en\\\/\"},{\"@type\":\"ListItem\",\"position\":2,\"name\":\"Career\",\"item\":\"https:\\\/\\\/www.jasfbg.com.pl\\\/en\\\/career\\\/\"},{\"@type\":\"ListItem\",\"position\":3,\"name\":\"Internships\"}]},{\"@type\":\"WebSite\",\"@id\":\"https:\\\/\\\/www.jasfbg.com.pl\\\/#website\",\"url\":\"https:\\\/\\\/www.jasfbg.com.pl\\\/\",\"name\":\"Transport mi\u0119dzynarodowy, spedycja krajowa, firma spedycyjna JAS-FBG - Logistyka\",\"description\":\"Bezpiecznie, szybko i w dobrej cenie! Koniecznie sprawd\u017a nasz\u0105 ofert\u0119! Spedycja drogowa krajowa, mi\u0119dzynarodowa ca\u0142opojazdowa, drobnicowa, spedycja morska, spedycja lotnicza, spedycja kolejowa. Logistyka i magazynowanie. Tylko JAS-FBG!\",\"potentialAction\":[{\"@type\":\"SearchAction\",\"target\":{\"@type\":\"EntryPoint\",\"urlTemplate\":\"https:\\\/\\\/www.jasfbg.com.pl\\\/?s={search_term_string}\"},\"query-input\":{\"@type\":\"PropertyValueSpecification\",\"valueRequired\":true,\"valueName\":\"search_term_string\"}}],\"inLanguage\":\"en-US\"}]}<\/script>\n<!-- \/ Yoast SEO plugin. -->","yoast_head_json":{"title":"Internships - Transport mi\u0119dzynarodowy, spedycja krajowa, firma spedycyjna JAS-FBG - Logistyka","robots":{"index":"index","follow":"follow","max-snippet":"max-snippet:-1","max-image-preview":"max-image-preview:large","max-video-preview":"max-video-preview:-1"},"canonical":"https:\/\/www.jasfbg.com.pl\/en\/career\/internships\/","og_locale":"en_US","og_type":"article","og_title":"Internships - Transport mi\u0119dzynarodowy, spedycja krajowa, firma spedycyjna JAS-FBG - Logistyka","og_description":"By organizing internships and work placements for graduates, we&nbsp;provide the opportunity to&nbsp;obtain first professional experiences for students and graduates from all over Poland. Thanks to&nbsp;this, we&nbsp;can get to&nbsp;know the current expectations of&nbsp;young people, who after the internships and work placements often become our employees. By joining our you get the opportunity to&nbsp;have an&nbsp;interesting job, full [&hellip;]","og_url":"https:\/\/www.jasfbg.com.pl\/en\/career\/internships\/","og_site_name":"Transport mi\u0119dzynarodowy, spedycja krajowa, firma spedycyjna JAS-FBG - Logistyka","article_modified_time":"2026-03-30T12:17:52+00:00","og_image":[{"width":1156,"height":774,"url":"https:\/\/www.jasfbg.com.pl\/wp-content\/uploads\/2019\/07\/praktyki_jasne.jpg","type":"image\/jpeg"}],"twitter_card":"summary_large_image","twitter_misc":{"Est. reading time":"2 minutes"},"schema":{"@context":"https:\/\/schema.org","@graph":[{"@type":"WebPage","@id":"https:\/\/www.jasfbg.com.pl\/en\/career\/internships\/","url":"https:\/\/www.jasfbg.com.pl\/en\/career\/internships\/","name":"Internships - Transport mi\u0119dzynarodowy, spedycja krajowa, firma spedycyjna JAS-FBG - Logistyka","isPartOf":{"@id":"https:\/\/www.jasfbg.com.pl\/#website"},"primaryImageOfPage":{"@id":"https:\/\/www.jasfbg.com.pl\/en\/career\/internships\/#primaryimage"},"image":{"@id":"https:\/\/www.jasfbg.com.pl\/en\/career\/internships\/#primaryimage"},"thumbnailUrl":"https:\/\/www.jasfbg.com.pl\/wp-content\/uploads\/2019\/07\/praktyki_jasne-1024x686.jpg","datePublished":"2018-02-19T12:52:10+00:00","dateModified":"2026-03-30T12:17:52+00:00","breadcrumb":{"@id":"https:\/\/www.jasfbg.com.pl\/en\/career\/internships\/#breadcrumb"},"inLanguage":"en-US","potentialAction":[{"@type":"ReadAction","target":["https:\/\/www.jasfbg.com.pl\/en\/career\/internships\/"]}]},{"@type":"ImageObject","inLanguage":"en-US","@id":"https:\/\/www.jasfbg.com.pl\/en\/career\/internships\/#primaryimage","url":"https:\/\/www.jasfbg.com.pl\/wp-content\/uploads\/2019\/07\/praktyki_jasne-1024x686.jpg","contentUrl":"https:\/\/www.jasfbg.com.pl\/wp-content\/uploads\/2019\/07\/praktyki_jasne-1024x686.jpg"},{"@type":"BreadcrumbList","@id":"https:\/\/www.jasfbg.com.pl\/en\/career\/internships\/#breadcrumb","itemListElement":[{"@type":"ListItem","position":1,"name":"JAS-FBG S.A.","item":"https:\/\/www.jasfbg.com.pl\/en\/"},{"@type":"ListItem","position":2,"name":"Career","item":"https:\/\/www.jasfbg.com.pl\/en\/career\/"},{"@type":"ListItem","position":3,"name":"Internships"}]},{"@type":"WebSite","@id":"https:\/\/www.jasfbg.com.pl\/#website","url":"https:\/\/www.jasfbg.com.pl\/","name":"Transport mi\u0119dzynarodowy, spedycja krajowa, firma spedycyjna JAS-FBG - Logistyka","description":"Bezpiecznie, szybko i w dobrej cenie! Koniecznie sprawd\u017a nasz\u0105 ofert\u0119! Spedycja drogowa krajowa, mi\u0119dzynarodowa ca\u0142opojazdowa, drobnicowa, spedycja morska, spedycja lotnicza, spedycja kolejowa. Logistyka i magazynowanie. Tylko JAS-FBG!","potentialAction":[{"@type":"SearchAction","target":{"@type":"EntryPoint","urlTemplate":"https:\/\/www.jasfbg.com.pl\/?s={search_term_string}"},"query-input":{"@type":"PropertyValueSpecification","valueRequired":true,"valueName":"search_term_string"}}],"inLanguage":"en-US"}]}},"_links":{"self":[{"href":"https:\/\/www.jasfbg.com.pl\/en\/wp-json\/wp\/v2\/pages\/2568","targetHints":{"allow":["GET"]}}],"collection":[{"href":"https:\/\/www.jasfbg.com.pl\/en\/wp-json\/wp\/v2\/pages"}],"about":[{"href":"https:\/\/www.jasfbg.com.pl\/en\/wp-json\/wp\/v2\/types\/page"}],"author":[{"embeddable":true,"href":"https:\/\/www.jasfbg.com.pl\/en\/wp-json\/wp\/v2\/users\/1"}],"replies":[{"embeddable":true,"href":"https:\/\/www.jasfbg.com.pl\/en\/wp-json\/wp\/v2\/comments?post=2568"}],"version-history":[{"count":20,"href":"https:\/\/www.jasfbg.com.pl\/en\/wp-json\/wp\/v2\/pages\/2568\/revisions"}],"predecessor-version":[{"id":22735,"href":"https:\/\/www.jasfbg.com.pl\/en\/wp-json\/wp\/v2\/pages\/2568\/revisions\/22735"}],"up":[{"embeddable":true,"href":"https:\/\/www.jasfbg.com.pl\/en\/wp-json\/wp\/v2\/pages\/612"}],"wp:attachment":[{"href":"https:\/\/www.jasfbg.com.pl\/en\/wp-json\/wp\/v2\/media?parent=2568"}],"curies":[{"name":"wp","href":"https:\/\/api.w.org\/{rel}","templated":true}]}}