{"id":4930,"date":"2018-05-04T09:15:46","date_gmt":"2018-05-04T07:15:46","guid":{"rendered":"https:\/\/www.jasfbg.com.pl\/?page_id=4930\/"},"modified":"2024-12-12T10:19:00","modified_gmt":"2024-12-12T09:19:00","slug":"human-resources-training-and-administration","status":"publish","type":"page","link":"https:\/\/www.jasfbg.com.pl\/en\/contact\/human-resources-training-and-administration\/","title":{"rendered":"Human Resources and Training"},"content":{"rendered":"<div class=\"row left\"><\/p>\n<p><div class=\"col col-3\"><\/p>\n<p><div class=\"box\"><\/p>\n<h4 class=\"black\">Katarzyna Hanczarek<\/h4>\n<p><strong>Deputy Director for Human Resources and Recruitment<br \/>\n<\/strong><\/p>\n<p><strong>Tel.<\/strong>: <a href=\"tel:+48 506 011 510\">+48 506 011 510<\/a><\/p>\n<p><a href=\"mailto:khanczarek@jasfbg.pl\">khanczarek@jasfbg.pl<\/a><\/p>\n<p><\/div><\/p>\n<p><\/div><\/p>\n<p><div class=\"col col-3\"><\/p>\n<p>&nbsp;<\/p>\n<p><\/div><br \/>\n<\/div>\n<div class=\"row left\"><\/p>\n<p><div class=\"col col-3\"><\/p>\n<p><div class=\"box\"><\/p>\n<h4 class=\"black\">Human Resources<\/h4>\n<p><strong>Tel.:<\/strong>\u00a0 \u00a0 <a href=\"tel:+48323593432\">+48 32 359 34 32<\/a>-33<\/p>\n<p><strong>fax:<\/strong> +48 32 359 34 35<\/p>\n<p><a href=\"mailto:kadry@jasfbg.pl\">kadry@jasfbg.pl<\/a><\/p>\n<p><\/div><\/p>\n<p><\/div><\/p>\n<p><div class=\"col col-3\"><\/p>\n<p><div class=\"box\"><\/p>\n<h4 class=\"black\">Rekruitment<\/h4>\n<p><strong>Tel.:<\/strong>\u00a0 \u00a0 <a href=\"tel:+48323593501\">+48 32 359 35 01<\/a><\/p>\n<p><a href=\"mailto:praca@jasfbg.pl\">praca@jasfbg.pl<\/a><\/p>\n<p><\/div><\/p>\n<p><\/div><\/p>\n<p><\/div>\n","protected":false},"excerpt":{"rendered":"","protected":false},"author":9,"featured_media":0,"parent":1129,"menu_order":8,"comment_status":"closed","ping_status":"closed","template":"","meta":{"_acf_changed":false,"inline_featured_image":false,"footnotes":""},"class_list":["post-4930","page","type-page","status-publish","hentry"],"acf":[],"yoast_head":"<!-- This site is optimized with the Yoast SEO plugin v27.5 - https:\/\/yoast.com\/product\/yoast-seo-wordpress\/ -->\n<title>Human Resources and Training - Transport mi\u0119dzynarodowy, spedycja krajowa, firma spedycyjna JAS-FBG - Logistyka<\/title>\n<meta name=\"robots\" content=\"index, follow, max-snippet:-1, max-image-preview:large, max-video-preview:-1\" \/>\n<link rel=\"canonical\" href=\"https:\/\/www.jasfbg.com.pl\/en\/contact\/human-resources-training-and-administration\/\" \/>\n<meta property=\"og:locale\" content=\"en_US\" \/>\n<meta property=\"og:type\" content=\"article\" \/>\n<meta property=\"og:title\" content=\"Human Resources and Training - Transport mi\u0119dzynarodowy, spedycja krajowa, firma spedycyjna JAS-FBG - Logistyka\" \/>\n<meta property=\"og:url\" content=\"https:\/\/www.jasfbg.com.pl\/en\/contact\/human-resources-training-and-administration\/\" \/>\n<meta property=\"og:site_name\" content=\"Transport mi\u0119dzynarodowy, spedycja krajowa, firma spedycyjna JAS-FBG - Logistyka\" \/>\n<meta property=\"article:modified_time\" content=\"2024-12-12T09:19:00+00:00\" \/>\n<meta name=\"twitter:card\" content=\"summary_large_image\" \/>\n<meta name=\"twitter:label1\" content=\"Est. reading time\" \/>\n\t<meta name=\"twitter:data1\" content=\"1 minute\" \/>\n<script type=\"application\/ld+json\" class=\"yoast-schema-graph\">{\"@context\":\"https:\\\/\\\/schema.org\",\"@graph\":[{\"@type\":\"WebPage\",\"@id\":\"https:\\\/\\\/www.jasfbg.com.pl\\\/en\\\/contact\\\/human-resources-training-and-administration\\\/\",\"url\":\"https:\\\/\\\/www.jasfbg.com.pl\\\/en\\\/contact\\\/human-resources-training-and-administration\\\/\",\"name\":\"Human Resources and Training - Transport mi\u0119dzynarodowy, spedycja krajowa, firma spedycyjna JAS-FBG - Logistyka\",\"isPartOf\":{\"@id\":\"https:\\\/\\\/www.jasfbg.com.pl\\\/#website\"},\"datePublished\":\"2018-05-04T07:15:46+00:00\",\"dateModified\":\"2024-12-12T09:19:00+00:00\",\"breadcrumb\":{\"@id\":\"https:\\\/\\\/www.jasfbg.com.pl\\\/en\\\/contact\\\/human-resources-training-and-administration\\\/#breadcrumb\"},\"inLanguage\":\"en-US\",\"potentialAction\":[{\"@type\":\"ReadAction\",\"target\":[\"https:\\\/\\\/www.jasfbg.com.pl\\\/en\\\/contact\\\/human-resources-training-and-administration\\\/\"]}]},{\"@type\":\"BreadcrumbList\",\"@id\":\"https:\\\/\\\/www.jasfbg.com.pl\\\/en\\\/contact\\\/human-resources-training-and-administration\\\/#breadcrumb\",\"itemListElement\":[{\"@type\":\"ListItem\",\"position\":1,\"name\":\"JAS-FBG S.A.\",\"item\":\"https:\\\/\\\/www.jasfbg.com.pl\\\/en\\\/\"},{\"@type\":\"ListItem\",\"position\":2,\"name\":\"Contact\",\"item\":\"https:\\\/\\\/www.jasfbg.com.pl\\\/en\\\/contact\\\/\"},{\"@type\":\"ListItem\",\"position\":3,\"name\":\"Human Resources and Training\"}]},{\"@type\":\"WebSite\",\"@id\":\"https:\\\/\\\/www.jasfbg.com.pl\\\/#website\",\"url\":\"https:\\\/\\\/www.jasfbg.com.pl\\\/\",\"name\":\"Transport mi\u0119dzynarodowy, spedycja krajowa, firma spedycyjna JAS-FBG - Logistyka\",\"description\":\"Bezpiecznie, szybko i w dobrej cenie! Koniecznie sprawd\u017a nasz\u0105 ofert\u0119! Spedycja drogowa krajowa, mi\u0119dzynarodowa ca\u0142opojazdowa, drobnicowa, spedycja morska, spedycja lotnicza, spedycja kolejowa. Logistyka i magazynowanie. Tylko JAS-FBG!\",\"potentialAction\":[{\"@type\":\"SearchAction\",\"target\":{\"@type\":\"EntryPoint\",\"urlTemplate\":\"https:\\\/\\\/www.jasfbg.com.pl\\\/?s={search_term_string}\"},\"query-input\":{\"@type\":\"PropertyValueSpecification\",\"valueRequired\":true,\"valueName\":\"search_term_string\"}}],\"inLanguage\":\"en-US\"}]}<\/script>\n<!-- \/ Yoast SEO plugin. -->","yoast_head_json":{"title":"Human Resources and Training - Transport mi\u0119dzynarodowy, spedycja krajowa, firma spedycyjna JAS-FBG - Logistyka","robots":{"index":"index","follow":"follow","max-snippet":"max-snippet:-1","max-image-preview":"max-image-preview:large","max-video-preview":"max-video-preview:-1"},"canonical":"https:\/\/www.jasfbg.com.pl\/en\/contact\/human-resources-training-and-administration\/","og_locale":"en_US","og_type":"article","og_title":"Human Resources and Training - Transport mi\u0119dzynarodowy, spedycja krajowa, firma spedycyjna JAS-FBG - Logistyka","og_url":"https:\/\/www.jasfbg.com.pl\/en\/contact\/human-resources-training-and-administration\/","og_site_name":"Transport mi\u0119dzynarodowy, spedycja krajowa, firma spedycyjna JAS-FBG - Logistyka","article_modified_time":"2024-12-12T09:19:00+00:00","twitter_card":"summary_large_image","twitter_misc":{"Est. reading time":"1 minute"},"schema":{"@context":"https:\/\/schema.org","@graph":[{"@type":"WebPage","@id":"https:\/\/www.jasfbg.com.pl\/en\/contact\/human-resources-training-and-administration\/","url":"https:\/\/www.jasfbg.com.pl\/en\/contact\/human-resources-training-and-administration\/","name":"Human Resources and Training - Transport mi\u0119dzynarodowy, spedycja krajowa, firma spedycyjna JAS-FBG - Logistyka","isPartOf":{"@id":"https:\/\/www.jasfbg.com.pl\/#website"},"datePublished":"2018-05-04T07:15:46+00:00","dateModified":"2024-12-12T09:19:00+00:00","breadcrumb":{"@id":"https:\/\/www.jasfbg.com.pl\/en\/contact\/human-resources-training-and-administration\/#breadcrumb"},"inLanguage":"en-US","potentialAction":[{"@type":"ReadAction","target":["https:\/\/www.jasfbg.com.pl\/en\/contact\/human-resources-training-and-administration\/"]}]},{"@type":"BreadcrumbList","@id":"https:\/\/www.jasfbg.com.pl\/en\/contact\/human-resources-training-and-administration\/#breadcrumb","itemListElement":[{"@type":"ListItem","position":1,"name":"JAS-FBG S.A.","item":"https:\/\/www.jasfbg.com.pl\/en\/"},{"@type":"ListItem","position":2,"name":"Contact","item":"https:\/\/www.jasfbg.com.pl\/en\/contact\/"},{"@type":"ListItem","position":3,"name":"Human Resources and Training"}]},{"@type":"WebSite","@id":"https:\/\/www.jasfbg.com.pl\/#website","url":"https:\/\/www.jasfbg.com.pl\/","name":"Transport mi\u0119dzynarodowy, spedycja krajowa, firma spedycyjna JAS-FBG - Logistyka","description":"Bezpiecznie, szybko i w dobrej cenie! Koniecznie sprawd\u017a nasz\u0105 ofert\u0119! Spedycja drogowa krajowa, mi\u0119dzynarodowa ca\u0142opojazdowa, drobnicowa, spedycja morska, spedycja lotnicza, spedycja kolejowa. Logistyka i magazynowanie. Tylko JAS-FBG!","potentialAction":[{"@type":"SearchAction","target":{"@type":"EntryPoint","urlTemplate":"https:\/\/www.jasfbg.com.pl\/?s={search_term_string}"},"query-input":{"@type":"PropertyValueSpecification","valueRequired":true,"valueName":"search_term_string"}}],"inLanguage":"en-US"}]}},"_links":{"self":[{"href":"https:\/\/www.jasfbg.com.pl\/en\/wp-json\/wp\/v2\/pages\/4930","targetHints":{"allow":["GET"]}}],"collection":[{"href":"https:\/\/www.jasfbg.com.pl\/en\/wp-json\/wp\/v2\/pages"}],"about":[{"href":"https:\/\/www.jasfbg.com.pl\/en\/wp-json\/wp\/v2\/types\/page"}],"author":[{"embeddable":true,"href":"https:\/\/www.jasfbg.com.pl\/en\/wp-json\/wp\/v2\/users\/9"}],"replies":[{"embeddable":true,"href":"https:\/\/www.jasfbg.com.pl\/en\/wp-json\/wp\/v2\/comments?post=4930"}],"version-history":[{"count":40,"href":"https:\/\/www.jasfbg.com.pl\/en\/wp-json\/wp\/v2\/pages\/4930\/revisions"}],"predecessor-version":[{"id":20057,"href":"https:\/\/www.jasfbg.com.pl\/en\/wp-json\/wp\/v2\/pages\/4930\/revisions\/20057"}],"up":[{"embeddable":true,"href":"https:\/\/www.jasfbg.com.pl\/en\/wp-json\/wp\/v2\/pages\/1129"}],"wp:attachment":[{"href":"https:\/\/www.jasfbg.com.pl\/en\/wp-json\/wp\/v2\/media?parent=4930"}],"curies":[{"name":"wp","href":"https:\/\/api.w.org\/{rel}","templated":true}]}}