{"id":612,"date":"2017-10-10T11:12:35","date_gmt":"2017-10-10T09:12:35","guid":{"rendered":"https:\/\/www.jasfbg.com.pl\/?page_id=612\/"},"modified":"2025-07-24T09:01:14","modified_gmt":"2025-07-24T07:01:14","slug":"career","status":"publish","type":"page","link":"https:\/\/www.jasfbg.com.pl\/en\/career\/","title":{"rendered":"Career"},"content":{"rendered":"<div class=\"row\"><br \/>\n<div class=\"col col-2\"><\/p>\n<h2>Our team<\/h2>\n<p style=\"text-align: left;\">Our company\u2019s success to&nbsp;a&nbsp;large degree depends on&nbsp;our employees. Since the beginning of&nbsp;JAS-FBG, we&nbsp;have been able to&nbsp;build a&nbsp;team of&nbsp;very well trained and committed employees. It is&nbsp;thanks to&nbsp;them that our company has become one of&nbsp;the leaders of&nbsp;the transportation and logistics industry in&nbsp;Poland.<\/p>\n<p><\/div><\/p>\n<p><div class=\"col col-2\"><\/p>\n<p><img loading=\"lazy\" decoding=\"async\" class=\"alignnone wp-image-4227\" src=\"https:\/\/www.jasfbg.com.pl\/wp-content\/uploads\/2018\/04\/work-300x202.jpg\" alt=\"\" width=\"600\" height=\"404\" srcset=\"https:\/\/www.jasfbg.com.pl\/wp-content\/uploads\/2018\/04\/work-300x202.jpg 300w, https:\/\/www.jasfbg.com.pl\/wp-content\/uploads\/2018\/04\/work-768x517.jpg 768w, https:\/\/www.jasfbg.com.pl\/wp-content\/uploads\/2018\/04\/work-1024x690.jpg 1024w, https:\/\/www.jasfbg.com.pl\/wp-content\/uploads\/2018\/04\/work-280x190.jpg 280w, https:\/\/www.jasfbg.com.pl\/wp-content\/uploads\/2018\/04\/work.jpg 1679w\" sizes=\"auto, (max-width: 600px) 100vw, 600px\" \/><\/p>\n<p><\/div><br \/>\n<\/div>\n<div class=\"row\"><\/p>\n<p><div class=\"col col-2\"><\/p>\n<p><div class=\"large-box green\"><\/p>\n<h2>For future employees<\/h2>\n<p style=\"text-align: left;\">Check what our recruitment process looks like and what we&nbsp;have to&nbsp;offer. If you have questions please contact us\u00a0or check the answers to&nbsp;frequently asked questions.<\/p>\n<p><a class=\"btn\" href=\"https:\/\/www.jasfbg.com.pl\/en\/career\/recruitment-stages\/\">recruitment stages<\/a><\/p>\n<p><a class=\"btn\" href=\"https:\/\/www.jasfbg.com.pl\/en\/career\/benefits\/\">benefits<\/a><\/p>\n<p><a class=\"btn\" href=\"https:\/\/www.jasfbg.com.pl\/en\/career\/contact-form\/\">contact form<\/a><\/p>\n<p><\/div><\/p>\n<p>&nbsp;<\/p>\n<p><\/div><\/p>\n<p><div class=\"col col-2\"><\/p>\n<p><div class=\"large-box black\"><\/p>\n<h2 class=\"black\">HR news<\/h2>\n<p style=\"text-align: left;\">Training, workshops or&nbsp;lectures provided by&nbsp;our employees &#8211; check what&#8217;s new at&nbsp;our company. Find out where you can meet us&nbsp;during the job fair, see where we&nbsp;have already been.<\/p>\n<p style=\"text-align: left;\"><a class=\"btn\" href=\"https:\/\/www.jasfbg.com.pl\/category\/wszystkie\/aktualnosci-hr\/\">HR News<\/a><\/p>\n<p><a class=\"btn\" href=\"https:\/\/www.jasfbg.com.pl\/en\/career\/job-offers\/\">job offers<\/a><\/p>\n<p><a class=\"btn\" href=\"https:\/\/www.jasfbg.com.pl\/en\/career\/faq\/\">FAQ<\/a><\/p>\n<p><\/div><\/p>\n<p><\/div><\/p>\n<p><\/div>\n","protected":false},"excerpt":{"rendered":"","protected":false},"author":1,"featured_media":0,"parent":0,"menu_order":20,"comment_status":"closed","ping_status":"closed","template":"fullpage.php","meta":{"_acf_changed":false,"inline_featured_image":false,"footnotes":""},"class_list":["post-612","page","type-page","status-publish","hentry"],"acf":[],"yoast_head":"<!-- This site is optimized with the Yoast SEO plugin v27.5 - https:\/\/yoast.com\/product\/yoast-seo-wordpress\/ -->\n<title>Career - Transport mi\u0119dzynarodowy, spedycja krajowa, firma spedycyjna JAS-FBG - Logistyka<\/title>\n<meta name=\"robots\" content=\"index, follow, max-snippet:-1, max-image-preview:large, max-video-preview:-1\" \/>\n<link rel=\"canonical\" href=\"https:\/\/www.jasfbg.com.pl\/en\/career\/\" \/>\n<meta property=\"og:locale\" content=\"en_US\" \/>\n<meta property=\"og:type\" content=\"article\" \/>\n<meta property=\"og:title\" content=\"Career - Transport mi\u0119dzynarodowy, spedycja krajowa, firma spedycyjna JAS-FBG - Logistyka\" \/>\n<meta property=\"og:url\" content=\"https:\/\/www.jasfbg.com.pl\/en\/career\/\" \/>\n<meta property=\"og:site_name\" content=\"Transport mi\u0119dzynarodowy, spedycja krajowa, firma spedycyjna JAS-FBG - Logistyka\" \/>\n<meta property=\"article:modified_time\" content=\"2025-07-24T07:01:14+00:00\" \/>\n<meta property=\"og:image\" content=\"https:\/\/www.jasfbg.com.pl\/wp-content\/uploads\/2018\/04\/work.jpg\" \/>\n\t<meta property=\"og:image:width\" content=\"1679\" \/>\n\t<meta property=\"og:image:height\" content=\"1131\" \/>\n\t<meta property=\"og:image:type\" content=\"image\/jpeg\" \/>\n<meta name=\"twitter:card\" content=\"summary_large_image\" \/>\n<meta name=\"twitter:label1\" content=\"Est. reading time\" \/>\n\t<meta name=\"twitter:data1\" content=\"2 minutes\" \/>\n<script type=\"application\/ld+json\" class=\"yoast-schema-graph\">{\"@context\":\"https:\\\/\\\/schema.org\",\"@graph\":[{\"@type\":\"WebPage\",\"@id\":\"https:\\\/\\\/www.jasfbg.com.pl\\\/en\\\/career\\\/\",\"url\":\"https:\\\/\\\/www.jasfbg.com.pl\\\/en\\\/career\\\/\",\"name\":\"Career - Transport mi\u0119dzynarodowy, spedycja krajowa, firma spedycyjna JAS-FBG - Logistyka\",\"isPartOf\":{\"@id\":\"https:\\\/\\\/www.jasfbg.com.pl\\\/#website\"},\"primaryImageOfPage\":{\"@id\":\"https:\\\/\\\/www.jasfbg.com.pl\\\/en\\\/career\\\/#primaryimage\"},\"image\":{\"@id\":\"https:\\\/\\\/www.jasfbg.com.pl\\\/en\\\/career\\\/#primaryimage\"},\"thumbnailUrl\":\"https:\\\/\\\/www.jasfbg.com.pl\\\/wp-content\\\/uploads\\\/2018\\\/04\\\/work-300x202.jpg\",\"datePublished\":\"2017-10-10T09:12:35+00:00\",\"dateModified\":\"2025-07-24T07:01:14+00:00\",\"breadcrumb\":{\"@id\":\"https:\\\/\\\/www.jasfbg.com.pl\\\/en\\\/career\\\/#breadcrumb\"},\"inLanguage\":\"en-US\",\"potentialAction\":[{\"@type\":\"ReadAction\",\"target\":[\"https:\\\/\\\/www.jasfbg.com.pl\\\/en\\\/career\\\/\"]}]},{\"@type\":\"ImageObject\",\"inLanguage\":\"en-US\",\"@id\":\"https:\\\/\\\/www.jasfbg.com.pl\\\/en\\\/career\\\/#primaryimage\",\"url\":\"https:\\\/\\\/www.jasfbg.com.pl\\\/wp-content\\\/uploads\\\/2018\\\/04\\\/work-300x202.jpg\",\"contentUrl\":\"https:\\\/\\\/www.jasfbg.com.pl\\\/wp-content\\\/uploads\\\/2018\\\/04\\\/work-300x202.jpg\"},{\"@type\":\"BreadcrumbList\",\"@id\":\"https:\\\/\\\/www.jasfbg.com.pl\\\/en\\\/career\\\/#breadcrumb\",\"itemListElement\":[{\"@type\":\"ListItem\",\"position\":1,\"name\":\"JAS-FBG S.A.\",\"item\":\"https:\\\/\\\/www.jasfbg.com.pl\\\/en\\\/\"},{\"@type\":\"ListItem\",\"position\":2,\"name\":\"Career\"}]},{\"@type\":\"WebSite\",\"@id\":\"https:\\\/\\\/www.jasfbg.com.pl\\\/#website\",\"url\":\"https:\\\/\\\/www.jasfbg.com.pl\\\/\",\"name\":\"Transport mi\u0119dzynarodowy, spedycja krajowa, firma spedycyjna JAS-FBG - Logistyka\",\"description\":\"Bezpiecznie, szybko i w dobrej cenie! Koniecznie sprawd\u017a nasz\u0105 ofert\u0119! Spedycja drogowa krajowa, mi\u0119dzynarodowa ca\u0142opojazdowa, drobnicowa, spedycja morska, spedycja lotnicza, spedycja kolejowa. Logistyka i magazynowanie. Tylko JAS-FBG!\",\"potentialAction\":[{\"@type\":\"SearchAction\",\"target\":{\"@type\":\"EntryPoint\",\"urlTemplate\":\"https:\\\/\\\/www.jasfbg.com.pl\\\/?s={search_term_string}\"},\"query-input\":{\"@type\":\"PropertyValueSpecification\",\"valueRequired\":true,\"valueName\":\"search_term_string\"}}],\"inLanguage\":\"en-US\"}]}<\/script>\n<!-- \/ Yoast SEO plugin. -->","yoast_head_json":{"title":"Career - Transport mi\u0119dzynarodowy, spedycja krajowa, firma spedycyjna JAS-FBG - Logistyka","robots":{"index":"index","follow":"follow","max-snippet":"max-snippet:-1","max-image-preview":"max-image-preview:large","max-video-preview":"max-video-preview:-1"},"canonical":"https:\/\/www.jasfbg.com.pl\/en\/career\/","og_locale":"en_US","og_type":"article","og_title":"Career - Transport mi\u0119dzynarodowy, spedycja krajowa, firma spedycyjna JAS-FBG - Logistyka","og_url":"https:\/\/www.jasfbg.com.pl\/en\/career\/","og_site_name":"Transport mi\u0119dzynarodowy, spedycja krajowa, firma spedycyjna JAS-FBG - Logistyka","article_modified_time":"2025-07-24T07:01:14+00:00","og_image":[{"width":1679,"height":1131,"url":"https:\/\/www.jasfbg.com.pl\/wp-content\/uploads\/2018\/04\/work.jpg","type":"image\/jpeg"}],"twitter_card":"summary_large_image","twitter_misc":{"Est. reading time":"2 minutes"},"schema":{"@context":"https:\/\/schema.org","@graph":[{"@type":"WebPage","@id":"https:\/\/www.jasfbg.com.pl\/en\/career\/","url":"https:\/\/www.jasfbg.com.pl\/en\/career\/","name":"Career - Transport mi\u0119dzynarodowy, spedycja krajowa, firma spedycyjna JAS-FBG - Logistyka","isPartOf":{"@id":"https:\/\/www.jasfbg.com.pl\/#website"},"primaryImageOfPage":{"@id":"https:\/\/www.jasfbg.com.pl\/en\/career\/#primaryimage"},"image":{"@id":"https:\/\/www.jasfbg.com.pl\/en\/career\/#primaryimage"},"thumbnailUrl":"https:\/\/www.jasfbg.com.pl\/wp-content\/uploads\/2018\/04\/work-300x202.jpg","datePublished":"2017-10-10T09:12:35+00:00","dateModified":"2025-07-24T07:01:14+00:00","breadcrumb":{"@id":"https:\/\/www.jasfbg.com.pl\/en\/career\/#breadcrumb"},"inLanguage":"en-US","potentialAction":[{"@type":"ReadAction","target":["https:\/\/www.jasfbg.com.pl\/en\/career\/"]}]},{"@type":"ImageObject","inLanguage":"en-US","@id":"https:\/\/www.jasfbg.com.pl\/en\/career\/#primaryimage","url":"https:\/\/www.jasfbg.com.pl\/wp-content\/uploads\/2018\/04\/work-300x202.jpg","contentUrl":"https:\/\/www.jasfbg.com.pl\/wp-content\/uploads\/2018\/04\/work-300x202.jpg"},{"@type":"BreadcrumbList","@id":"https:\/\/www.jasfbg.com.pl\/en\/career\/#breadcrumb","itemListElement":[{"@type":"ListItem","position":1,"name":"JAS-FBG S.A.","item":"https:\/\/www.jasfbg.com.pl\/en\/"},{"@type":"ListItem","position":2,"name":"Career"}]},{"@type":"WebSite","@id":"https:\/\/www.jasfbg.com.pl\/#website","url":"https:\/\/www.jasfbg.com.pl\/","name":"Transport mi\u0119dzynarodowy, spedycja krajowa, firma spedycyjna JAS-FBG - Logistyka","description":"Bezpiecznie, szybko i w dobrej cenie! Koniecznie sprawd\u017a nasz\u0105 ofert\u0119! Spedycja drogowa krajowa, mi\u0119dzynarodowa ca\u0142opojazdowa, drobnicowa, spedycja morska, spedycja lotnicza, spedycja kolejowa. Logistyka i magazynowanie. Tylko JAS-FBG!","potentialAction":[{"@type":"SearchAction","target":{"@type":"EntryPoint","urlTemplate":"https:\/\/www.jasfbg.com.pl\/?s={search_term_string}"},"query-input":{"@type":"PropertyValueSpecification","valueRequired":true,"valueName":"search_term_string"}}],"inLanguage":"en-US"}]}},"_links":{"self":[{"href":"https:\/\/www.jasfbg.com.pl\/en\/wp-json\/wp\/v2\/pages\/612","targetHints":{"allow":["GET"]}}],"collection":[{"href":"https:\/\/www.jasfbg.com.pl\/en\/wp-json\/wp\/v2\/pages"}],"about":[{"href":"https:\/\/www.jasfbg.com.pl\/en\/wp-json\/wp\/v2\/types\/page"}],"author":[{"embeddable":true,"href":"https:\/\/www.jasfbg.com.pl\/en\/wp-json\/wp\/v2\/users\/1"}],"replies":[{"embeddable":true,"href":"https:\/\/www.jasfbg.com.pl\/en\/wp-json\/wp\/v2\/comments?post=612"}],"version-history":[{"count":53,"href":"https:\/\/www.jasfbg.com.pl\/en\/wp-json\/wp\/v2\/pages\/612\/revisions"}],"predecessor-version":[{"id":21437,"href":"https:\/\/www.jasfbg.com.pl\/en\/wp-json\/wp\/v2\/pages\/612\/revisions\/21437"}],"wp:attachment":[{"href":"https:\/\/www.jasfbg.com.pl\/en\/wp-json\/wp\/v2\/media?parent=612"}],"curies":[{"name":"wp","href":"https:\/\/api.w.org\/{rel}","templated":true}]}}