{"id":13047,"date":"2022-04-21T14:18:25","date_gmt":"2022-04-21T12:18:25","guid":{"rendered":"https:\/\/www.jasfbg.com.pl\/?page_id=13047\/"},"modified":"2023-11-22T11:05:17","modified_gmt":"2023-11-22T10:05:17","slug":"ogolne-warunki-spedycyjne","status":"publish","type":"page","link":"https:\/\/www.jasfbg.com.pl\/ru\/dokumenty-dlya-zagruzki\/ogolne-warunki-spedycyjne\/","title":{"rendered":"Og\u00f3lne Warunki Spedycyjne"},"content":{"rendered":"<p><span><span><a href=\"https:\/\/www.jasfbg.com.pl\/ru\/\">JAS-FBG S.A.<\/a><\/span><\/span><br \/>\n<div class=\"col-margin\"><\/div><\/p>\n<h3>Dokumenty<\/h3>\n<div class=\"attachments_wrap \"><ul class=\"attachments\">\n<li class=\"attachment application pdf has-download\"><a download href=\"https:\/\/www.jasfbg.com.pl\/wp-content\/uploads\/OPWS-2022poprawka2.pdf\"><span class=\"attachment_ico\"><\/span><span class=\"title\">Polish General Freight Forwarding Rules 2022<\/span><span class=\"extension\">pdf<\/span><span class=\"size\">13 \u041c\u0411<\/span><span class=\"download\"><span>Download file<\/span><\/span><\/a><\/li>\n<\/ul><\/div>\n","protected":false},"excerpt":{"rendered":"<p>Dokumenty<\/p>\n","protected":false},"author":9,"featured_media":0,"parent":1461,"menu_order":5,"comment_status":"closed","ping_status":"closed","template":"","meta":{"_acf_changed":false,"inline_featured_image":false,"footnotes":""},"class_list":["post-13047","page","type-page","status-publish","hentry"],"acf":[],"yoast_head":"<!-- This site is optimized with the Yoast SEO plugin v27.5 - https:\/\/yoast.com\/product\/yoast-seo-wordpress\/ -->\n<title>Og\u00f3lne Warunki Spedycyjne - JAS FBG<\/title>\n<meta name=\"description\" content=\"Dla klient\u00f3w. Og\u00f3lne Warunki Spedycyjne\" \/>\n<meta name=\"robots\" content=\"index, follow, max-snippet:-1, max-image-preview:large, max-video-preview:-1\" \/>\n<link rel=\"canonical\" href=\"https:\/\/www.jasfbg.com.pl\/ru\/dokumenty-dlya-zagruzki\/ogolne-warunki-spedycyjne\/\" \/>\n<meta property=\"og:locale\" content=\"ru_RU\" \/>\n<meta property=\"og:type\" content=\"article\" \/>\n<meta property=\"og:title\" content=\"Og\u00f3lne Warunki Spedycyjne - JAS FBG\" \/>\n<meta property=\"og:description\" content=\"Dla klient\u00f3w. Og\u00f3lne Warunki Spedycyjne\" \/>\n<meta property=\"og:url\" content=\"https:\/\/www.jasfbg.com.pl\/ru\/dokumenty-dlya-zagruzki\/ogolne-warunki-spedycyjne\/\" \/>\n<meta property=\"og:site_name\" content=\"JAS FBG\" \/>\n<meta property=\"article:modified_time\" content=\"2023-11-22T10:05:17+00:00\" \/>\n<meta name=\"twitter:card\" content=\"summary_large_image\" \/>\n<meta name=\"twitter:label1\" content=\"\u041f\u0440\u0438\u043c\u0435\u0440\u043d\u043e\u0435 \u0432\u0440\u0435\u043c\u044f \u0434\u043b\u044f \u0447\u0442\u0435\u043d\u0438\u044f\" \/>\n\t<meta name=\"twitter:data1\" content=\"1 \u043c\u0438\u043d\u0443\u0442\u0430\" \/>\n<script type=\"application\/ld+json\" class=\"yoast-schema-graph\">{\"@context\":\"https:\\\/\\\/schema.org\",\"@graph\":[{\"@type\":\"WebPage\",\"@id\":\"https:\\\/\\\/www.jasfbg.com.pl\\\/ru\\\/dokumenty-dlya-zagruzki\\\/ogolne-warunki-spedycyjne\\\/\",\"url\":\"https:\\\/\\\/www.jasfbg.com.pl\\\/ru\\\/dokumenty-dlya-zagruzki\\\/ogolne-warunki-spedycyjne\\\/\",\"name\":\"Og\u00f3lne Warunki Spedycyjne - JAS FBG\",\"isPartOf\":{\"@id\":\"https:\\\/\\\/www.jasfbg.com.pl\\\/#website\"},\"datePublished\":\"2022-04-21T12:18:25+00:00\",\"dateModified\":\"2023-11-22T10:05:17+00:00\",\"description\":\"Dla klient\u00f3w. Og\u00f3lne Warunki Spedycyjne\",\"breadcrumb\":{\"@id\":\"https:\\\/\\\/www.jasfbg.com.pl\\\/ru\\\/dokumenty-dlya-zagruzki\\\/ogolne-warunki-spedycyjne\\\/#breadcrumb\"},\"inLanguage\":\"ru-RU\",\"potentialAction\":[{\"@type\":\"ReadAction\",\"target\":[\"https:\\\/\\\/www.jasfbg.com.pl\\\/ru\\\/dokumenty-dlya-zagruzki\\\/ogolne-warunki-spedycyjne\\\/\"]}]},{\"@type\":\"BreadcrumbList\",\"@id\":\"https:\\\/\\\/www.jasfbg.com.pl\\\/ru\\\/dokumenty-dlya-zagruzki\\\/ogolne-warunki-spedycyjne\\\/#breadcrumb\",\"itemListElement\":[{\"@type\":\"ListItem\",\"position\":1,\"name\":\"JAS-FBG S.A.\",\"item\":\"https:\\\/\\\/www.jasfbg.com.pl\\\/ru\\\/\"},{\"@type\":\"ListItem\",\"position\":2,\"name\":\"\u0414\u043e\u043a\u0443\u043c\u0435\u043d\u0442\u044b \u0434\u043b\u044f \u0437\u0430\u0433\u0440\u0443\u0437\u043a\u0438\",\"item\":\"https:\\\/\\\/www.jasfbg.com.pl\\\/ru\\\/dokumenty-dlya-zagruzki\\\/\"},{\"@type\":\"ListItem\",\"position\":3,\"name\":\"Og\u00f3lne Warunki Spedycyjne\"}]},{\"@type\":\"WebSite\",\"@id\":\"https:\\\/\\\/www.jasfbg.com.pl\\\/#website\",\"url\":\"https:\\\/\\\/www.jasfbg.com.pl\\\/\",\"name\":\"JAS FBG\",\"description\":\"Twoja Logistyka\",\"potentialAction\":[{\"@type\":\"SearchAction\",\"target\":{\"@type\":\"EntryPoint\",\"urlTemplate\":\"https:\\\/\\\/www.jasfbg.com.pl\\\/?s={search_term_string}\"},\"query-input\":{\"@type\":\"PropertyValueSpecification\",\"valueRequired\":true,\"valueName\":\"search_term_string\"}}],\"inLanguage\":\"ru-RU\"}]}<\/script>\n<!-- \/ Yoast SEO plugin. -->","yoast_head_json":{"title":"Og\u00f3lne Warunki Spedycyjne - JAS FBG","description":"Dla klient\u00f3w. Og\u00f3lne Warunki Spedycyjne","robots":{"index":"index","follow":"follow","max-snippet":"max-snippet:-1","max-image-preview":"max-image-preview:large","max-video-preview":"max-video-preview:-1"},"canonical":"https:\/\/www.jasfbg.com.pl\/ru\/dokumenty-dlya-zagruzki\/ogolne-warunki-spedycyjne\/","og_locale":"ru_RU","og_type":"article","og_title":"Og\u00f3lne Warunki Spedycyjne - JAS FBG","og_description":"Dla klient\u00f3w. Og\u00f3lne Warunki Spedycyjne","og_url":"https:\/\/www.jasfbg.com.pl\/ru\/dokumenty-dlya-zagruzki\/ogolne-warunki-spedycyjne\/","og_site_name":"JAS FBG","article_modified_time":"2023-11-22T10:05:17+00:00","twitter_card":"summary_large_image","twitter_misc":{"\u041f\u0440\u0438\u043c\u0435\u0440\u043d\u043e\u0435 \u0432\u0440\u0435\u043c\u044f \u0434\u043b\u044f \u0447\u0442\u0435\u043d\u0438\u044f":"1 \u043c\u0438\u043d\u0443\u0442\u0430"},"schema":{"@context":"https:\/\/schema.org","@graph":[{"@type":"WebPage","@id":"https:\/\/www.jasfbg.com.pl\/ru\/dokumenty-dlya-zagruzki\/ogolne-warunki-spedycyjne\/","url":"https:\/\/www.jasfbg.com.pl\/ru\/dokumenty-dlya-zagruzki\/ogolne-warunki-spedycyjne\/","name":"Og\u00f3lne Warunki Spedycyjne - JAS FBG","isPartOf":{"@id":"https:\/\/www.jasfbg.com.pl\/#website"},"datePublished":"2022-04-21T12:18:25+00:00","dateModified":"2023-11-22T10:05:17+00:00","description":"Dla klient\u00f3w. Og\u00f3lne Warunki Spedycyjne","breadcrumb":{"@id":"https:\/\/www.jasfbg.com.pl\/ru\/dokumenty-dlya-zagruzki\/ogolne-warunki-spedycyjne\/#breadcrumb"},"inLanguage":"ru-RU","potentialAction":[{"@type":"ReadAction","target":["https:\/\/www.jasfbg.com.pl\/ru\/dokumenty-dlya-zagruzki\/ogolne-warunki-spedycyjne\/"]}]},{"@type":"BreadcrumbList","@id":"https:\/\/www.jasfbg.com.pl\/ru\/dokumenty-dlya-zagruzki\/ogolne-warunki-spedycyjne\/#breadcrumb","itemListElement":[{"@type":"ListItem","position":1,"name":"JAS-FBG S.A.","item":"https:\/\/www.jasfbg.com.pl\/ru\/"},{"@type":"ListItem","position":2,"name":"\u0414\u043e\u043a\u0443\u043c\u0435\u043d\u0442\u044b \u0434\u043b\u044f \u0437\u0430\u0433\u0440\u0443\u0437\u043a\u0438","item":"https:\/\/www.jasfbg.com.pl\/ru\/dokumenty-dlya-zagruzki\/"},{"@type":"ListItem","position":3,"name":"Og\u00f3lne Warunki Spedycyjne"}]},{"@type":"WebSite","@id":"https:\/\/www.jasfbg.com.pl\/#website","url":"https:\/\/www.jasfbg.com.pl\/","name":"JAS FBG","description":"Twoja Logistyka","potentialAction":[{"@type":"SearchAction","target":{"@type":"EntryPoint","urlTemplate":"https:\/\/www.jasfbg.com.pl\/?s={search_term_string}"},"query-input":{"@type":"PropertyValueSpecification","valueRequired":true,"valueName":"search_term_string"}}],"inLanguage":"ru-RU"}]}},"_links":{"self":[{"href":"https:\/\/www.jasfbg.com.pl\/ru\/wp-json\/wp\/v2\/pages\/13047","targetHints":{"allow":["GET"]}}],"collection":[{"href":"https:\/\/www.jasfbg.com.pl\/ru\/wp-json\/wp\/v2\/pages"}],"about":[{"href":"https:\/\/www.jasfbg.com.pl\/ru\/wp-json\/wp\/v2\/types\/page"}],"author":[{"embeddable":true,"href":"https:\/\/www.jasfbg.com.pl\/ru\/wp-json\/wp\/v2\/users\/9"}],"replies":[{"embeddable":true,"href":"https:\/\/www.jasfbg.com.pl\/ru\/wp-json\/wp\/v2\/comments?post=13047"}],"version-history":[{"count":3,"href":"https:\/\/www.jasfbg.com.pl\/ru\/wp-json\/wp\/v2\/pages\/13047\/revisions"}],"predecessor-version":[{"id":18078,"href":"https:\/\/www.jasfbg.com.pl\/ru\/wp-json\/wp\/v2\/pages\/13047\/revisions\/18078"}],"up":[{"embeddable":true,"href":"https:\/\/www.jasfbg.com.pl\/ru\/wp-json\/wp\/v2\/pages\/1461"}],"wp:attachment":[{"href":"https:\/\/www.jasfbg.com.pl\/ru\/wp-json\/wp\/v2\/media?parent=13047"}],"curies":[{"name":"wp","href":"https:\/\/api.w.org\/{rel}","templated":true}]}}