{"id":13064,"date":"2022-04-21T14:41:00","date_gmt":"2022-04-21T12:41:00","guid":{"rendered":"https:\/\/www.jasfbg.com.pl\/?page_id=13064\/"},"modified":"2025-11-27T10:01:45","modified_gmt":"2025-11-27T09:01:45","slug":"zrownowazony-rozwoj","status":"publish","type":"page","link":"https:\/\/www.jasfbg.com.pl\/ru\/dokumenty-dlya-zagruzki\/zrownowazony-rozwoj\/","title":{"rendered":"Zr\u00f3wnowa\u017cony rozw\u00f3j"},"content":{"rendered":"<p><span><span><a href=\"https:\/\/www.jasfbg.com.pl\/ru\/\">JAS-FBG S.A.<\/a><\/span><\/span><br \/>\n<div class=\"col-margin\"><\/div><\/p>\n<h3>Dokumenty i&nbsp;pliki<\/h3>\n<p>&nbsp;<\/p>\n<div class=\"attachments_wrap \"><ul class=\"attachments\">\n<li class=\"attachment application pdf has-download\"><a download href=\"https:\/\/www.jasfbg.com.pl\/wp-content\/uploads\/raport-ESG-0825.pdf\"><span class=\"attachment_ico\"><\/span><span class=\"title\">raport ESG 0825<\/span><span class=\"extension\">pdf<\/span><span class=\"size\">13 \u041c\u0411<\/span><span class=\"download\"><span>Download file<\/span><\/span><\/a><\/li>\n<\/ul><\/div>\n<div class=\"attachments_wrap \"><ul class=\"attachments\">\n<li class=\"attachment application pdf has-download\"><a download href=\"https:\/\/www.jasfbg.com.pl\/wp-content\/uploads\/Sustainability-Report-ENG.pdf\"><span class=\"attachment_ico\"><\/span><span class=\"title\">Sustainability Report ENG<\/span><span class=\"extension\">pdf<\/span><span class=\"size\">13 \u041c\u0411<\/span><span class=\"download\"><span>Download file<\/span><\/span><\/a><\/li>\n<\/ul><\/div>\n<div class=\"attachments_wrap \"><ul class=\"attachments\">\n<li class=\"attachment application pdf has-download\"><a download href=\"https:\/\/www.jasfbg.com.pl\/wp-content\/uploads\/Raport_Zrownowazonego_Rozwoju_2024-1.pdf\"><span class=\"attachment_ico\"><\/span><span class=\"title\">Raport_Zrownowazonego_Rozwoju_2024<\/span><span class=\"extension\">pdf<\/span><span class=\"size\">27 \u041c\u0411<\/span><span class=\"download\"><span>Download file<\/span><\/span><\/a><\/li>\n<\/ul><\/div>\n<div class=\"attachments_wrap \"><ul class=\"attachments\">\n<li class=\"attachment application pdf has-download\"><a download href=\"https:\/\/www.jasfbg.com.pl\/wp-content\/uploads\/Raport_Zrownowazonego_Rozwoju_2024_EN-2.pdf\"><span class=\"attachment_ico\"><\/span><span class=\"title\">Raport_Zrownowazonego_Rozwoju_2024_EN<\/span><span class=\"extension\">pdf<\/span><span class=\"size\">14 \u041c\u0411<\/span><span class=\"download\"><span>Download file<\/span><\/span><\/a><\/li>\n<\/ul><\/div>\n<div class=\"attachments_wrap \"><ul class=\"attachments\">\n<li class=\"attachment application pdf has-download\"><a download href=\"https:\/\/www.jasfbg.com.pl\/wp-content\/uploads\/Raport_spoleczny_za_rok_2022.pdf\"><span class=\"attachment_ico\"><\/span><span class=\"title\">Raport_spoleczny_za_rok_2022<\/span><span class=\"extension\">pdf<\/span><span class=\"size\">17 \u041c\u0411<\/span><span class=\"download\"><span>Download file<\/span><\/span><\/a><\/li>\n<\/ul><\/div>\n<div class=\"attachments_wrap \"><ul class=\"attachments\">\n<li class=\"attachment application pdf has-download\"><a download href=\"https:\/\/www.jasfbg.com.pl\/wp-content\/uploads\/Wymagania-wzgledem-dostawcow.pdf\"><span class=\"attachment_ico\"><\/span><span class=\"title\">Wymagania wzgl\u0119dem dostawc\u00f3w<\/span><span class=\"extension\">pdf<\/span><span class=\"size\">433 \u041a\u0411<\/span><span class=\"download\"><span>Download file<\/span><\/span><\/a><\/li>\n<\/ul><\/div>\n","protected":false},"excerpt":{"rendered":"<p>Dokumenty i&nbsp;pliki &nbsp;<\/p>\n","protected":false},"author":9,"featured_media":15495,"parent":1461,"menu_order":9,"comment_status":"closed","ping_status":"closed","template":"","meta":{"_acf_changed":false,"inline_featured_image":false,"footnotes":""},"class_list":["post-13064","page","type-page","status-publish","has-post-thumbnail","hentry"],"acf":[],"yoast_head":"<!-- This site is optimized with the Yoast SEO plugin v27.5 - https:\/\/yoast.com\/product\/yoast-seo-wordpress\/ -->\n<title>Zr\u00f3wnowa\u017cony rozw\u00f3j - JAS FBG<\/title>\n<meta name=\"description\" content=\"Firma odpowiedzialna spo\u0142ecznie.\" \/>\n<meta name=\"robots\" content=\"index, follow, max-snippet:-1, max-image-preview:large, max-video-preview:-1\" \/>\n<link rel=\"canonical\" href=\"https:\/\/www.jasfbg.com.pl\/ru\/dokumenty-dlya-zagruzki\/zrownowazony-rozwoj\/\" \/>\n<meta property=\"og:locale\" content=\"ru_RU\" \/>\n<meta property=\"og:type\" content=\"article\" \/>\n<meta property=\"og:title\" content=\"Zr\u00f3wnowa\u017cony rozw\u00f3j - JAS FBG\" \/>\n<meta property=\"og:description\" content=\"Firma odpowiedzialna spo\u0142ecznie.\" \/>\n<meta property=\"og:url\" content=\"https:\/\/www.jasfbg.com.pl\/ru\/dokumenty-dlya-zagruzki\/zrownowazony-rozwoj\/\" \/>\n<meta property=\"og:site_name\" content=\"JAS FBG\" \/>\n<meta property=\"article:modified_time\" content=\"2025-11-27T09:01:45+00:00\" \/>\n<meta property=\"og:image\" content=\"https:\/\/www.jasfbg.com.pl\/wp-content\/uploads\/2021\/05\/tree-5725540_1920.jpg\" \/>\n\t<meta property=\"og:image:width\" content=\"1920\" \/>\n\t<meta property=\"og:image:height\" content=\"1280\" \/>\n\t<meta property=\"og:image:type\" content=\"image\/jpeg\" \/>\n<meta name=\"twitter:card\" content=\"summary_large_image\" \/>\n<meta name=\"twitter:label1\" content=\"\u041f\u0440\u0438\u043c\u0435\u0440\u043d\u043e\u0435 \u0432\u0440\u0435\u043c\u044f \u0434\u043b\u044f \u0447\u0442\u0435\u043d\u0438\u044f\" \/>\n\t<meta name=\"twitter:data1\" content=\"1 \u043c\u0438\u043d\u0443\u0442\u0430\" \/>\n<script type=\"application\/ld+json\" class=\"yoast-schema-graph\">{\"@context\":\"https:\\\/\\\/schema.org\",\"@graph\":[{\"@type\":\"WebPage\",\"@id\":\"https:\\\/\\\/www.jasfbg.com.pl\\\/ru\\\/dokumenty-dlya-zagruzki\\\/zrownowazony-rozwoj\\\/\",\"url\":\"https:\\\/\\\/www.jasfbg.com.pl\\\/ru\\\/dokumenty-dlya-zagruzki\\\/zrownowazony-rozwoj\\\/\",\"name\":\"Zr\u00f3wnowa\u017cony rozw\u00f3j - JAS FBG\",\"isPartOf\":{\"@id\":\"https:\\\/\\\/www.jasfbg.com.pl\\\/#website\"},\"primaryImageOfPage\":{\"@id\":\"https:\\\/\\\/www.jasfbg.com.pl\\\/ru\\\/dokumenty-dlya-zagruzki\\\/zrownowazony-rozwoj\\\/#primaryimage\"},\"image\":{\"@id\":\"https:\\\/\\\/www.jasfbg.com.pl\\\/ru\\\/dokumenty-dlya-zagruzki\\\/zrownowazony-rozwoj\\\/#primaryimage\"},\"thumbnailUrl\":\"https:\\\/\\\/www.jasfbg.com.pl\\\/wp-content\\\/uploads\\\/2021\\\/05\\\/tree-5725540_1920.jpg\",\"datePublished\":\"2022-04-21T12:41:00+00:00\",\"dateModified\":\"2025-11-27T09:01:45+00:00\",\"description\":\"Firma odpowiedzialna spo\u0142ecznie.\",\"breadcrumb\":{\"@id\":\"https:\\\/\\\/www.jasfbg.com.pl\\\/ru\\\/dokumenty-dlya-zagruzki\\\/zrownowazony-rozwoj\\\/#breadcrumb\"},\"inLanguage\":\"ru-RU\",\"potentialAction\":[{\"@type\":\"ReadAction\",\"target\":[\"https:\\\/\\\/www.jasfbg.com.pl\\\/ru\\\/dokumenty-dlya-zagruzki\\\/zrownowazony-rozwoj\\\/\"]}]},{\"@type\":\"ImageObject\",\"inLanguage\":\"ru-RU\",\"@id\":\"https:\\\/\\\/www.jasfbg.com.pl\\\/ru\\\/dokumenty-dlya-zagruzki\\\/zrownowazony-rozwoj\\\/#primaryimage\",\"url\":\"https:\\\/\\\/www.jasfbg.com.pl\\\/wp-content\\\/uploads\\\/2021\\\/05\\\/tree-5725540_1920.jpg\",\"contentUrl\":\"https:\\\/\\\/www.jasfbg.com.pl\\\/wp-content\\\/uploads\\\/2021\\\/05\\\/tree-5725540_1920.jpg\",\"width\":1920,\"height\":1280},{\"@type\":\"BreadcrumbList\",\"@id\":\"https:\\\/\\\/www.jasfbg.com.pl\\\/ru\\\/dokumenty-dlya-zagruzki\\\/zrownowazony-rozwoj\\\/#breadcrumb\",\"itemListElement\":[{\"@type\":\"ListItem\",\"position\":1,\"name\":\"JAS-FBG S.A.\",\"item\":\"https:\\\/\\\/www.jasfbg.com.pl\\\/ru\\\/\"},{\"@type\":\"ListItem\",\"position\":2,\"name\":\"\u0414\u043e\u043a\u0443\u043c\u0435\u043d\u0442\u044b \u0434\u043b\u044f \u0437\u0430\u0433\u0440\u0443\u0437\u043a\u0438\",\"item\":\"https:\\\/\\\/www.jasfbg.com.pl\\\/ru\\\/dokumenty-dlya-zagruzki\\\/\"},{\"@type\":\"ListItem\",\"position\":3,\"name\":\"Zr\u00f3wnowa\u017cony rozw\u00f3j\"}]},{\"@type\":\"WebSite\",\"@id\":\"https:\\\/\\\/www.jasfbg.com.pl\\\/#website\",\"url\":\"https:\\\/\\\/www.jasfbg.com.pl\\\/\",\"name\":\"JAS FBG\",\"description\":\"Twoja Logistyka\",\"potentialAction\":[{\"@type\":\"SearchAction\",\"target\":{\"@type\":\"EntryPoint\",\"urlTemplate\":\"https:\\\/\\\/www.jasfbg.com.pl\\\/?s={search_term_string}\"},\"query-input\":{\"@type\":\"PropertyValueSpecification\",\"valueRequired\":true,\"valueName\":\"search_term_string\"}}],\"inLanguage\":\"ru-RU\"}]}<\/script>\n<!-- \/ Yoast SEO plugin. -->","yoast_head_json":{"title":"Zr\u00f3wnowa\u017cony rozw\u00f3j - JAS FBG","description":"Firma odpowiedzialna spo\u0142ecznie.","robots":{"index":"index","follow":"follow","max-snippet":"max-snippet:-1","max-image-preview":"max-image-preview:large","max-video-preview":"max-video-preview:-1"},"canonical":"https:\/\/www.jasfbg.com.pl\/ru\/dokumenty-dlya-zagruzki\/zrownowazony-rozwoj\/","og_locale":"ru_RU","og_type":"article","og_title":"Zr\u00f3wnowa\u017cony rozw\u00f3j - JAS FBG","og_description":"Firma odpowiedzialna spo\u0142ecznie.","og_url":"https:\/\/www.jasfbg.com.pl\/ru\/dokumenty-dlya-zagruzki\/zrownowazony-rozwoj\/","og_site_name":"JAS FBG","article_modified_time":"2025-11-27T09:01:45+00:00","og_image":[{"width":1920,"height":1280,"url":"https:\/\/www.jasfbg.com.pl\/wp-content\/uploads\/2021\/05\/tree-5725540_1920.jpg","type":"image\/jpeg"}],"twitter_card":"summary_large_image","twitter_misc":{"\u041f\u0440\u0438\u043c\u0435\u0440\u043d\u043e\u0435 \u0432\u0440\u0435\u043c\u044f \u0434\u043b\u044f \u0447\u0442\u0435\u043d\u0438\u044f":"1 \u043c\u0438\u043d\u0443\u0442\u0430"},"schema":{"@context":"https:\/\/schema.org","@graph":[{"@type":"WebPage","@id":"https:\/\/www.jasfbg.com.pl\/ru\/dokumenty-dlya-zagruzki\/zrownowazony-rozwoj\/","url":"https:\/\/www.jasfbg.com.pl\/ru\/dokumenty-dlya-zagruzki\/zrownowazony-rozwoj\/","name":"Zr\u00f3wnowa\u017cony rozw\u00f3j - JAS FBG","isPartOf":{"@id":"https:\/\/www.jasfbg.com.pl\/#website"},"primaryImageOfPage":{"@id":"https:\/\/www.jasfbg.com.pl\/ru\/dokumenty-dlya-zagruzki\/zrownowazony-rozwoj\/#primaryimage"},"image":{"@id":"https:\/\/www.jasfbg.com.pl\/ru\/dokumenty-dlya-zagruzki\/zrownowazony-rozwoj\/#primaryimage"},"thumbnailUrl":"https:\/\/www.jasfbg.com.pl\/wp-content\/uploads\/2021\/05\/tree-5725540_1920.jpg","datePublished":"2022-04-21T12:41:00+00:00","dateModified":"2025-11-27T09:01:45+00:00","description":"Firma odpowiedzialna spo\u0142ecznie.","breadcrumb":{"@id":"https:\/\/www.jasfbg.com.pl\/ru\/dokumenty-dlya-zagruzki\/zrownowazony-rozwoj\/#breadcrumb"},"inLanguage":"ru-RU","potentialAction":[{"@type":"ReadAction","target":["https:\/\/www.jasfbg.com.pl\/ru\/dokumenty-dlya-zagruzki\/zrownowazony-rozwoj\/"]}]},{"@type":"ImageObject","inLanguage":"ru-RU","@id":"https:\/\/www.jasfbg.com.pl\/ru\/dokumenty-dlya-zagruzki\/zrownowazony-rozwoj\/#primaryimage","url":"https:\/\/www.jasfbg.com.pl\/wp-content\/uploads\/2021\/05\/tree-5725540_1920.jpg","contentUrl":"https:\/\/www.jasfbg.com.pl\/wp-content\/uploads\/2021\/05\/tree-5725540_1920.jpg","width":1920,"height":1280},{"@type":"BreadcrumbList","@id":"https:\/\/www.jasfbg.com.pl\/ru\/dokumenty-dlya-zagruzki\/zrownowazony-rozwoj\/#breadcrumb","itemListElement":[{"@type":"ListItem","position":1,"name":"JAS-FBG S.A.","item":"https:\/\/www.jasfbg.com.pl\/ru\/"},{"@type":"ListItem","position":2,"name":"\u0414\u043e\u043a\u0443\u043c\u0435\u043d\u0442\u044b \u0434\u043b\u044f \u0437\u0430\u0433\u0440\u0443\u0437\u043a\u0438","item":"https:\/\/www.jasfbg.com.pl\/ru\/dokumenty-dlya-zagruzki\/"},{"@type":"ListItem","position":3,"name":"Zr\u00f3wnowa\u017cony rozw\u00f3j"}]},{"@type":"WebSite","@id":"https:\/\/www.jasfbg.com.pl\/#website","url":"https:\/\/www.jasfbg.com.pl\/","name":"JAS FBG","description":"Twoja Logistyka","potentialAction":[{"@type":"SearchAction","target":{"@type":"EntryPoint","urlTemplate":"https:\/\/www.jasfbg.com.pl\/?s={search_term_string}"},"query-input":{"@type":"PropertyValueSpecification","valueRequired":true,"valueName":"search_term_string"}}],"inLanguage":"ru-RU"}]}},"_links":{"self":[{"href":"https:\/\/www.jasfbg.com.pl\/ru\/wp-json\/wp\/v2\/pages\/13064","targetHints":{"allow":["GET"]}}],"collection":[{"href":"https:\/\/www.jasfbg.com.pl\/ru\/wp-json\/wp\/v2\/pages"}],"about":[{"href":"https:\/\/www.jasfbg.com.pl\/ru\/wp-json\/wp\/v2\/types\/page"}],"author":[{"embeddable":true,"href":"https:\/\/www.jasfbg.com.pl\/ru\/wp-json\/wp\/v2\/users\/9"}],"replies":[{"embeddable":true,"href":"https:\/\/www.jasfbg.com.pl\/ru\/wp-json\/wp\/v2\/comments?post=13064"}],"version-history":[{"count":12,"href":"https:\/\/www.jasfbg.com.pl\/ru\/wp-json\/wp\/v2\/pages\/13064\/revisions"}],"predecessor-version":[{"id":22092,"href":"https:\/\/www.jasfbg.com.pl\/ru\/wp-json\/wp\/v2\/pages\/13064\/revisions\/22092"}],"up":[{"embeddable":true,"href":"https:\/\/www.jasfbg.com.pl\/ru\/wp-json\/wp\/v2\/pages\/1461"}],"wp:featuredmedia":[{"embeddable":true,"href":"https:\/\/www.jasfbg.com.pl\/ru\/wp-json\/wp\/v2\/media\/15495"}],"wp:attachment":[{"href":"https:\/\/www.jasfbg.com.pl\/ru\/wp-json\/wp\/v2\/media?parent=13064"}],"curies":[{"name":"wp","href":"https:\/\/api.w.org\/{rel}","templated":true}]}}