{"id":21481,"date":"2025-07-28T11:31:12","date_gmt":"2025-07-28T09:31:12","guid":{"rendered":"https:\/\/www.jasfbg.com.pl\/?page_id=21481"},"modified":"2026-02-09T13:09:50","modified_gmt":"2026-02-09T12:09:50","slug":"transbud-katowice-sp-z-o-o","status":"publish","type":"page","link":"https:\/\/www.jasfbg.com.pl\/ru\/o-firme\/osnovnye-dannye\/transbud-katowice-sp-z-o-o\/","title":{"rendered":"TRANSBUD-KATOWICE Sp. z o.o."},"content":{"rendered":"<p>\u041d\u0430\u0448\u0430 \u043a\u043e\u043c\u043f\u0430\u043d\u0438\u044f \u0431\u044b\u043b\u0430 \u043e\u0441\u043d\u043e\u0432\u0430\u043d\u0430 \u0432 1952 \u0433\u043e\u0434\u0443 \u043f\u043e\u0434 \u043d\u0430\u0437\u0432\u0430\u043d\u0438\u0435\u043c \u00ab\u041a\u0430\u0442\u043e\u0432\u0438\u0446\u043a\u0430\u044f \u0442\u0440\u0430\u043d\u0441\u043f\u043e\u0440\u0442\u043d\u0430\u044f \u043a\u043e\u043c\u043f\u0430\u043d\u0438\u044f \u043f\u0440\u043e\u043c\u044b\u0448\u043b\u0435\u043d\u043d\u043e\u0433\u043e \u0441\u0442\u0440\u043e\u0438\u0442\u0435\u043b\u044c\u0441\u0442\u0432\u0430\u00bb. \u0421 2001 \u0433\u043e\u0434\u0430 \u043c\u044b \u0432\u0445\u043e\u0434\u0438\u043c \u0432 \u0441\u043e\u0441\u0442\u0430\u0432 \u0438\u043d\u0432\u0435\u0441\u0442\u0438\u0446\u0438\u043e\u043d\u043d\u043e\u0439 \u0433\u0440\u0443\u043f\u043f\u044b JAS-FBG. \u0423\u0436\u0435 \u043f\u043e\u0447\u0442\u0438 60 \u043b\u0435\u0442 \u0433\u043b\u0430\u0432\u043d\u044b\u0439 \u043e\u0444\u0438\u0441 \u043a\u043e\u043c\u043f\u0430\u043d\u0438\u0438 \u043d\u0430\u0445\u043e\u0434\u0438\u0442\u0441\u044f \u043f\u043e \u0430\u0434\u0440\u0435\u0441\u0443: \u0443\u043b. \u041a\u043e\u043b\u0435\u0439\u043e\u0432\u0430, 17, \u0432 \u041a\u0430\u0442\u043e\u0432\u0438\u0446\u0435, \u043d\u0430 \u0443\u0447\u0430\u0441\u0442\u043a\u0435 \u043f\u043b\u043e\u0449\u0430\u0434\u044c\u044e 3,5 \u0433\u0435\u043a\u0442\u0430\u0440\u0430, \u043a\u043e\u0442\u043e\u0440\u044b\u0439 \u0432 \u043d\u0430\u0441\u0442\u043e\u044f\u0449\u0435\u0435 \u0432\u0440\u0435\u043c\u044f \u0441\u043b\u0443\u0436\u0438\u0442 \u0442\u0440\u0430\u043d\u0441\u043f\u043e\u0440\u0442\u043d\u043e\u0439 \u0431\u0430\u0437\u043e\u0439 \u0441 \u043f\u043e\u043b\u043d\u044b\u043c \u0441\u043f\u0435\u043a\u0442\u0440\u043e\u043c \u0443\u0441\u043b\u0443\u0433 \u043f\u043e \u043e\u0431\u0441\u043b\u0443\u0436\u0438\u0432\u0430\u043d\u0438\u044e \u0438 \u0440\u0435\u043c\u043e\u043d\u0442\u0443, \u0432\u043a\u043b\u044e\u0447\u0430\u044f \u043e\u043a\u0440\u0443\u0436\u043d\u043e\u0439 \u043f\u0443\u043d\u043a\u0442 \u0442\u0435\u0445\u043e\u0441\u043c\u043e\u0442\u0440\u0430, \u0440\u0435\u043c\u043e\u043d\u0442\u043d\u0443\u044e \u043c\u0430\u0441\u0442\u0435\u0440\u0441\u043a\u0443\u044e, \u0448\u0438\u043d\u043e\u043c\u043e\u043d\u0442\u0430\u0436, \u0430\u0432\u0442\u043e\u043c\u043e\u0439\u043a\u0443 \u0438 \u0441\u043e\u0431\u0441\u0442\u0432\u0435\u043d\u043d\u0443\u044e \u0437\u0430\u043f\u0440\u0430\u0432\u043e\u0447\u043d\u0443\u044e \u0441\u0442\u0430\u043d\u0446\u0438\u044e.<\/p>\n<div class=\"row\"><\/p>\n<p>&nbsp;<\/p>\n<p><div class=\"col col-2\"><br \/>\n<div class=\"box\"><\/p>\n<h4>\u0420\u0435\u0433\u0438\u0441\u0442\u0440\u0430\u0446\u0438\u043e\u043d\u043d\u044b\u0435 \u0434\u0430\u043d\u043d\u044b\u0435:<\/h4>\n<p><strong>NIP:<\/strong> 634-019-58-10<\/p>\n<p><strong>Regon:<\/strong> 273635824<\/p>\n<h4>\u041a\u043e\u043d\u0442\u0430\u043a\u0442\u043d\u0430\u044f \u0438\u043d\u0444\u043e\u0440\u043c\u0430\u0446\u0438\u044f:<\/h4>\n<p><strong>\u0410\u0434\u0440\u0435\u0441:<\/strong>\u00a0\u00a0\u00a0\u00a0\u00a0\u00a0 40-706 Katowice, ul. Kolejowa 17<\/p>\n<p><strong>\u0422\u0435\u043b.:<\/strong> \u00a0 \u00a0 \u00a0 \u00a0 \u00a0<span id=\"lTelefon\"><\/span><a href=\"tel: +48 32 359 35 25\"><span id=\"lTelefon\">(+48) 32 359 35 25<\/span><\/a><\/p>\n<p><span id=\"lTelefon\"><strong>\u0424\u0430\u043a\u0441:<\/strong> \u00a0 \u00a0 \u00a0 \u00a0 (+48) 32 252 67 20<\/span><\/p>\n<p><strong>\u042d\u043b. \u043f\u043e\u0447\u0442\u0430:<\/strong> \u00a0 \u00a0 <a href=\"mailto:transbud-sekretariat@jasfbg.pl\">transbud-sekretariat@jasfbg.pl<\/a><\/p>\n<p><\/div><\/p>\n<p><\/div><\/p>\n<p><\/div>\n<p>&nbsp;<\/p>\n<p>&nbsp;<\/p>\n<h2>\u041e\u0442\u0434\u0435\u043b\u044b \u043a\u043e\u043c\u043f\u0430\u043d\u0438\u0438<\/h2>\n<p><strong>\u0411\u0443\u0445\u0433\u0430\u043b\u0442\u0435\u0440\u0438\u044f<\/strong><\/p>\n<p><strong>\u0422\u0435\u043b.:<\/strong><span id=\"lTelefon\"> <\/span><a href=\"tel: +48 32 359 35 32\"><span id=\"lTelefon\">(+48) 32 359 35 32<\/span><\/a><strong>, \u0424\u0430\u043a\u0441:<\/strong><span id=\"lTelefon\"> <\/span><span id=\"lTelefon\">(+48) 32 252 82 08<\/span><\/p>\n<p><strong>\u0420\u0430\u0441\u0447\u0435\u0442\u043d\u044b\u0439 \u043e\u0442\u0434\u0435\u043b<\/strong><\/p>\n<p><strong>\u0422\u0435\u043b.:<\/strong><span id=\"lTelefon\"> <\/span><a href=\"tel: +48 32 359 35 41\"><span id=\"lTelefon\">(+48) 32 359 35 41<\/span><\/a><\/p>\n<p><strong>\u041e\u0442\u0434\u0435\u043b \u043f\u043e\u0434\u0431\u043e\u0440\u0430 \u043f\u0435\u0440\u0441\u043e\u043d\u0430\u043b\u0430<\/strong><\/p>\n<p><strong>\u0422\u0435\u043b.:<\/strong><span id=\"lTelefon\"> <\/span><a href=\"tel: +48 32 359 35 01\"><span id=\"lTelefon\">(+48) 32 359 35 01<\/span><\/a><\/p>\n<p><strong>\u041e\u0442\u0434\u0435\u043b \u043a\u0430\u0434\u0440\u043e\u0432<\/strong><\/p>\n<p><strong><span id=\"lTelefon\">\u0422\u0435\u043b.: <\/span><\/strong><a href=\"tel: +48 32 359 34 32\"><span id=\"lTelefon\">(+48) 32 359 34 32-33<\/span><\/a><\/p>\n<p>&nbsp;<\/p>\n<div class=\"col col-2\"><\/div>\n<p>&nbsp;<\/p>\n<h2>\u0410\u0432\u0442\u043e\u0441\u0435\u0440\u0432\u0438\u0441<\/h2>\n<p>\u041e\u0431\u0441\u043b\u0443\u0436\u0438\u0432\u0430\u043d\u0438\u0435 \u043a\u043b\u0438\u0435\u043d\u0442\u043e\u0432<\/p>\n<p><strong><span id=\"lTelefon\">\u0422\u0435\u043b.:<\/span><span id=\"lTelefon\"> <\/span><\/strong><a href=\"tel: +48 32 359 35 80\"><span id=\"lTelefon\">(+48) 32 359 35 80<\/span><\/a><\/p>\n<p><span id=\"lTelefon\"><strong>\u0424\u0430\u043a\u0441.:<\/strong> (+48) 32 359 35 91<\/span><\/p>\n<p><strong>\u041c\u043e\u0431\u0438\u043b\u044c\u043d\u044b\u0439:<\/strong><span id=\"lTelefon\"> <\/span><a href=\"tel: +48 506 011 716\"><span id=\"lTelefon\">(+48) 506 011 716<\/span><\/a><\/p>\n<p><strong>\u042d\u043b. \u043f\u043e\u0447\u0442\u0430:<\/strong><a href=\"mailto:serwis@jasfbg.pl\"> serwis@jasfbg.pl<\/a><\/p>\n<p>&nbsp;<\/p>\n<div class=\"col col-2\"><\/div>\n<p>&nbsp;<\/p>\n<div class=\"row\"><\/div>\n<div class=\"col col-2\"><\/div>\n<h2>\u0420\u0430\u0439\u043e\u043d\u043d\u044b\u0439 \u043f\u0443\u043d\u043a\u0442 \u0442\u0435\u0445\u043e\u0441\u043c\u043e\u0442\u0440\u0430 \u041a\u0430\u0442\u043e\u0432\u0438\u0446\u0435<\/h2>\n<p>Okr\u0119gowa Stacja Kontroli Pojazd\u00f3w Katowice, ul. Kolejowa 17<\/p>\n<p><strong>\u041f\u043e\u043d\u0435\u0434\u0435\u043b\u044c\u043d\u0438\u043a \u2013 \u043f\u044f\u0442\u043d\u0438\u0446\u0430: \u00a0<\/strong> 7.00 &#8212; 19.00<\/p>\n<p><strong>\u0421\u0443\u0431\u0431\u043e\u0442\u0430:<\/strong>\u00a0\u00a0 \u00a0 7.00 &#8212; 15.00<\/p>\n<p><strong>\u0422\u0435\u043b.:\u00a0<\/strong>\u00a0\u00a0\u00a0\u00a0\u00a0\u00a0\u00a0\u00a0\u00a0 <span id=\"lTelefon\"><\/span><a href=\"tel: +48 32 359 35 92\"><span id=\"lTelefon\">(+48) 32 359 35 92<\/span><\/a><\/p>\n<p><strong>\u042d\u043b. \u043f\u043e\u0447\u0442\u0430:\u00a0<\/strong>\u00a0\u00a0\u00a0\u00a0 <a href=\"mailto:diagnostyka@jasfbg.pl\">diagnostyka@jasfbg.pl<\/a><\/p>\n<div class=\"col col-2\"><\/div>\n<h2>\u0420\u0430\u0439\u043e\u043d\u043d\u044b\u0439 \u043f\u0443\u043d\u043a\u0442 \u0442\u0435\u0445\u043e\u0441\u043c\u043e\u0442\u0440\u0430 \u0420\u0430\u0446\u0438\u0431\u0443\u0436<\/h2>\n<p>Okr\u0119gowa Stacja Kontroli Pojazd\u00f3w Racib\u00f3rz, ul. Komunalna 2<\/p>\n<p><strong>\u041f\u043e\u043d\u0435\u0434\u0435\u043b\u044c\u043d\u0438\u043a \u2013 \u043f\u044f\u0442\u043d\u0438\u0446\u0430:\u00a0<\/strong> \u00a0 7.00 &#8212; 20.00<\/p>\n<p><strong>\u0421\u0443\u0431\u0431\u043e\u0442\u0430:<\/strong> \u00a0 \u00a07.00 &#8212; 14.00<\/p>\n<p><strong>\u0422\u0435\u043b.: \u00a0<\/strong> \u00a0 \u00a0 \u00a0 <a href=\"tel: +48 32 415 38 37\"><span id=\"lTelefon\">(+48) 32 415 38 37<\/span><\/a><\/p>\n<p><strong>\u0422\u0435\u043b.: <\/strong>\u00a0 \u00a0 \u00a0 \u00a0 \u00a0<a href=\"tel: +48 506 011 760\"><span id=\"lTelefon\">(+48) 506 011 760<\/span><\/a><\/p>\n<p><strong>\u0424\u0430\u043a\u0441:\u00a0<\/strong>\u00a0\u00a0\u00a0\u00a0\u00a0\u00a0\u00a0\u00a0 <span id=\"lTelefon\">(+48) 32 415 38 37<\/span><\/p>\n<p><strong>\u042d\u043b. \u043f\u043e\u0447\u0442\u0430:<\/strong> \u00a0 \u00a0 <a href=\"mailto:src05@diagnosta.pl\">src05@diagnosta.pl<\/a><\/p>\n","protected":false},"excerpt":{"rendered":"<p>\u041d\u0430\u0448\u0430 \u043a\u043e\u043c\u043f\u0430\u043d\u0438\u044f \u0431\u044b\u043b\u0430 \u043e\u0441\u043d\u043e\u0432\u0430\u043d\u0430 \u0432 1952 \u0433\u043e\u0434\u0443 \u043f\u043e\u0434 \u043d\u0430\u0437\u0432\u0430\u043d\u0438\u0435\u043c \u00ab\u041a\u0430\u0442\u043e\u0432\u0438\u0446\u043a\u0430\u044f \u0442\u0440\u0430\u043d\u0441\u043f\u043e\u0440\u0442\u043d\u0430\u044f \u043a\u043e\u043c\u043f\u0430\u043d\u0438\u044f \u043f\u0440\u043e\u043c\u044b\u0448\u043b\u0435\u043d\u043d\u043e\u0433\u043e \u0441\u0442\u0440\u043e\u0438\u0442\u0435\u043b\u044c\u0441\u0442\u0432\u0430\u00bb. \u0421 2001 \u0433\u043e\u0434\u0430 \u043c\u044b \u0432\u0445\u043e\u0434\u0438\u043c \u0432 \u0441\u043e\u0441\u0442\u0430\u0432 \u0438\u043d\u0432\u0435\u0441\u0442\u0438\u0446\u0438\u043e\u043d\u043d\u043e\u0439 \u0433\u0440\u0443\u043f\u043f\u044b JAS-FBG. \u0423\u0436\u0435 \u043f\u043e\u0447\u0442\u0438 60 \u043b\u0435\u0442 \u0433\u043b\u0430\u0432\u043d\u044b\u0439 \u043e\u0444\u0438\u0441 \u043a\u043e\u043c\u043f\u0430\u043d\u0438\u0438 \u043d\u0430\u0445\u043e\u0434\u0438\u0442\u0441\u044f \u043f\u043e \u0430\u0434\u0440\u0435\u0441\u0443: \u0443\u043b. \u041a\u043e\u043b\u0435\u0439\u043e\u0432\u0430, 17, \u0432 \u041a\u0430\u0442\u043e\u0432\u0438\u0446\u0435, \u043d\u0430 \u0443\u0447\u0430\u0441\u0442\u043a\u0435 \u043f\u043b\u043e\u0449\u0430\u0434\u044c\u044e 3,5 \u0433\u0435\u043a\u0442\u0430\u0440\u0430, \u043a\u043e\u0442\u043e\u0440\u044b\u0439 \u0432 \u043d\u0430\u0441\u0442\u043e\u044f\u0449\u0435\u0435 \u0432\u0440\u0435\u043c\u044f \u0441\u043b\u0443\u0436\u0438\u0442 \u0442\u0440\u0430\u043d\u0441\u043f\u043e\u0440\u0442\u043d\u043e\u0439 \u0431\u0430\u0437\u043e\u0439 \u0441 \u043f\u043e\u043b\u043d\u044b\u043c \u0441\u043f\u0435\u043a\u0442\u0440\u043e\u043c \u0443\u0441\u043b\u0443\u0433 [&hellip;]<\/p>\n","protected":false},"author":6,"featured_media":0,"parent":730,"menu_order":9,"comment_status":"closed","ping_status":"closed","template":"","meta":{"_acf_changed":false,"inline_featured_image":false,"footnotes":""},"class_list":["post-21481","page","type-page","status-publish","hentry"],"acf":[],"yoast_head":"<!-- This site is optimized with the Yoast SEO plugin v27.5 - https:\/\/yoast.com\/product\/yoast-seo-wordpress\/ -->\n<title>TRANSBUD-KATOWICE Sp. z o.o. - JAS FBG<\/title>\n<meta name=\"robots\" content=\"index, follow, max-snippet:-1, max-image-preview:large, max-video-preview:-1\" \/>\n<link rel=\"canonical\" href=\"https:\/\/www.jasfbg.com.pl\/o-firmie\/najwazniejsze-dane\/transbud-katowice\/\" \/>\n<meta property=\"og:locale\" content=\"ru_RU\" \/>\n<meta property=\"og:type\" content=\"article\" \/>\n<meta property=\"og:title\" content=\"TRANSBUD-KATOWICE Sp. z o.o. - JAS FBG\" \/>\n<meta property=\"og:description\" content=\"\u041d\u0430\u0448\u0430 \u043a\u043e\u043c\u043f\u0430\u043d\u0438\u044f \u0431\u044b\u043b\u0430 \u043e\u0441\u043d\u043e\u0432\u0430\u043d\u0430 \u0432 1952 \u0433\u043e\u0434\u0443 \u043f\u043e\u0434 \u043d\u0430\u0437\u0432\u0430\u043d\u0438\u0435\u043c \u00ab\u041a\u0430\u0442\u043e\u0432\u0438\u0446\u043a\u0430\u044f \u0442\u0440\u0430\u043d\u0441\u043f\u043e\u0440\u0442\u043d\u0430\u044f \u043a\u043e\u043c\u043f\u0430\u043d\u0438\u044f \u043f\u0440\u043e\u043c\u044b\u0448\u043b\u0435\u043d\u043d\u043e\u0433\u043e \u0441\u0442\u0440\u043e\u0438\u0442\u0435\u043b\u044c\u0441\u0442\u0432\u0430\u00bb. \u0421 2001 \u0433\u043e\u0434\u0430 \u043c\u044b \u0432\u0445\u043e\u0434\u0438\u043c \u0432 \u0441\u043e\u0441\u0442\u0430\u0432 \u0438\u043d\u0432\u0435\u0441\u0442\u0438\u0446\u0438\u043e\u043d\u043d\u043e\u0439 \u0433\u0440\u0443\u043f\u043f\u044b JAS-FBG. \u0423\u0436\u0435 \u043f\u043e\u0447\u0442\u0438 60 \u043b\u0435\u0442 \u0433\u043b\u0430\u0432\u043d\u044b\u0439 \u043e\u0444\u0438\u0441 \u043a\u043e\u043c\u043f\u0430\u043d\u0438\u0438 \u043d\u0430\u0445\u043e\u0434\u0438\u0442\u0441\u044f \u043f\u043e \u0430\u0434\u0440\u0435\u0441\u0443: \u0443\u043b. \u041a\u043e\u043b\u0435\u0439\u043e\u0432\u0430, 17, \u0432 \u041a\u0430\u0442\u043e\u0432\u0438\u0446\u0435, \u043d\u0430 \u0443\u0447\u0430\u0441\u0442\u043a\u0435 \u043f\u043b\u043e\u0449\u0430\u0434\u044c\u044e 3,5 \u0433\u0435\u043a\u0442\u0430\u0440\u0430, \u043a\u043e\u0442\u043e\u0440\u044b\u0439 \u0432 \u043d\u0430\u0441\u0442\u043e\u044f\u0449\u0435\u0435 \u0432\u0440\u0435\u043c\u044f \u0441\u043b\u0443\u0436\u0438\u0442 \u0442\u0440\u0430\u043d\u0441\u043f\u043e\u0440\u0442\u043d\u043e\u0439 \u0431\u0430\u0437\u043e\u0439 \u0441 \u043f\u043e\u043b\u043d\u044b\u043c \u0441\u043f\u0435\u043a\u0442\u0440\u043e\u043c \u0443\u0441\u043b\u0443\u0433 [&hellip;]\" \/>\n<meta property=\"og:url\" content=\"https:\/\/www.jasfbg.com.pl\/o-firmie\/najwazniejsze-dane\/transbud-katowice\/\" \/>\n<meta property=\"og:site_name\" content=\"JAS FBG\" \/>\n<meta property=\"article:modified_time\" content=\"2026-02-09T12:09:50+00:00\" \/>\n<meta name=\"twitter:card\" content=\"summary_large_image\" \/>\n<meta name=\"twitter:label1\" content=\"\u041f\u0440\u0438\u043c\u0435\u0440\u043d\u043e\u0435 \u0432\u0440\u0435\u043c\u044f \u0434\u043b\u044f \u0447\u0442\u0435\u043d\u0438\u044f\" \/>\n\t<meta name=\"twitter:data1\" content=\"2 \u043c\u0438\u043d\u0443\u0442\u044b\" \/>\n<script type=\"application\/ld+json\" class=\"yoast-schema-graph\">{\"@context\":\"https:\\\/\\\/schema.org\",\"@graph\":[{\"@type\":\"WebPage\",\"@id\":\"https:\\\/\\\/www.jasfbg.com.pl\\\/o-firmie\\\/najwazniejsze-dane\\\/transbud-katowice\\\/\",\"url\":\"https:\\\/\\\/www.jasfbg.com.pl\\\/o-firmie\\\/najwazniejsze-dane\\\/transbud-katowice\\\/\",\"name\":\"TRANSBUD-KATOWICE Sp. z o.o. - JAS FBG\",\"isPartOf\":{\"@id\":\"https:\\\/\\\/www.jasfbg.com.pl\\\/#website\"},\"datePublished\":\"2025-07-28T09:31:12+00:00\",\"dateModified\":\"2026-02-09T12:09:50+00:00\",\"breadcrumb\":{\"@id\":\"https:\\\/\\\/www.jasfbg.com.pl\\\/o-firmie\\\/najwazniejsze-dane\\\/transbud-katowice\\\/#breadcrumb\"},\"inLanguage\":\"ru-RU\",\"potentialAction\":[{\"@type\":\"ReadAction\",\"target\":[\"https:\\\/\\\/www.jasfbg.com.pl\\\/o-firmie\\\/najwazniejsze-dane\\\/transbud-katowice\\\/\"]}]},{\"@type\":\"BreadcrumbList\",\"@id\":\"https:\\\/\\\/www.jasfbg.com.pl\\\/o-firmie\\\/najwazniejsze-dane\\\/transbud-katowice\\\/#breadcrumb\",\"itemListElement\":[{\"@type\":\"ListItem\",\"position\":1,\"name\":\"JAS-FBG S.A.\",\"item\":\"https:\\\/\\\/www.jasfbg.com.pl\\\/ru\\\/\"},{\"@type\":\"ListItem\",\"position\":2,\"name\":\"\u041e \u0444\u0438\u0440\u043c\u0435\",\"item\":\"https:\\\/\\\/www.jasfbg.com.pl\\\/ru\\\/o-firme\\\/\"},{\"@type\":\"ListItem\",\"position\":3,\"name\":\"\u041e\u0441\u043d\u043e\u0432\u043d\u044b\u0435 \u0434\u0430\u043d\u043d\u044b\u0435\",\"item\":\"https:\\\/\\\/www.jasfbg.com.pl\\\/ru\\\/o-firme\\\/osnovnye-dannye\\\/\"},{\"@type\":\"ListItem\",\"position\":4,\"name\":\"TRANSBUD-KATOWICE Sp. z o.o.\"}]},{\"@type\":\"WebSite\",\"@id\":\"https:\\\/\\\/www.jasfbg.com.pl\\\/#website\",\"url\":\"https:\\\/\\\/www.jasfbg.com.pl\\\/\",\"name\":\"JAS FBG\",\"description\":\"Twoja Logistyka\",\"potentialAction\":[{\"@type\":\"SearchAction\",\"target\":{\"@type\":\"EntryPoint\",\"urlTemplate\":\"https:\\\/\\\/www.jasfbg.com.pl\\\/?s={search_term_string}\"},\"query-input\":{\"@type\":\"PropertyValueSpecification\",\"valueRequired\":true,\"valueName\":\"search_term_string\"}}],\"inLanguage\":\"ru-RU\"}]}<\/script>\n<!-- \/ Yoast SEO plugin. -->","yoast_head_json":{"title":"TRANSBUD-KATOWICE Sp. z o.o. - JAS FBG","robots":{"index":"index","follow":"follow","max-snippet":"max-snippet:-1","max-image-preview":"max-image-preview:large","max-video-preview":"max-video-preview:-1"},"canonical":"https:\/\/www.jasfbg.com.pl\/o-firmie\/najwazniejsze-dane\/transbud-katowice\/","og_locale":"ru_RU","og_type":"article","og_title":"TRANSBUD-KATOWICE Sp. z o.o. - JAS FBG","og_description":"\u041d\u0430\u0448\u0430 \u043a\u043e\u043c\u043f\u0430\u043d\u0438\u044f \u0431\u044b\u043b\u0430 \u043e\u0441\u043d\u043e\u0432\u0430\u043d\u0430 \u0432 1952 \u0433\u043e\u0434\u0443 \u043f\u043e\u0434 \u043d\u0430\u0437\u0432\u0430\u043d\u0438\u0435\u043c \u00ab\u041a\u0430\u0442\u043e\u0432\u0438\u0446\u043a\u0430\u044f \u0442\u0440\u0430\u043d\u0441\u043f\u043e\u0440\u0442\u043d\u0430\u044f \u043a\u043e\u043c\u043f\u0430\u043d\u0438\u044f \u043f\u0440\u043e\u043c\u044b\u0448\u043b\u0435\u043d\u043d\u043e\u0433\u043e \u0441\u0442\u0440\u043e\u0438\u0442\u0435\u043b\u044c\u0441\u0442\u0432\u0430\u00bb. \u0421 2001 \u0433\u043e\u0434\u0430 \u043c\u044b \u0432\u0445\u043e\u0434\u0438\u043c \u0432 \u0441\u043e\u0441\u0442\u0430\u0432 \u0438\u043d\u0432\u0435\u0441\u0442\u0438\u0446\u0438\u043e\u043d\u043d\u043e\u0439 \u0433\u0440\u0443\u043f\u043f\u044b JAS-FBG. \u0423\u0436\u0435 \u043f\u043e\u0447\u0442\u0438 60 \u043b\u0435\u0442 \u0433\u043b\u0430\u0432\u043d\u044b\u0439 \u043e\u0444\u0438\u0441 \u043a\u043e\u043c\u043f\u0430\u043d\u0438\u0438 \u043d\u0430\u0445\u043e\u0434\u0438\u0442\u0441\u044f \u043f\u043e \u0430\u0434\u0440\u0435\u0441\u0443: \u0443\u043b. \u041a\u043e\u043b\u0435\u0439\u043e\u0432\u0430, 17, \u0432 \u041a\u0430\u0442\u043e\u0432\u0438\u0446\u0435, \u043d\u0430 \u0443\u0447\u0430\u0441\u0442\u043a\u0435 \u043f\u043b\u043e\u0449\u0430\u0434\u044c\u044e 3,5 \u0433\u0435\u043a\u0442\u0430\u0440\u0430, \u043a\u043e\u0442\u043e\u0440\u044b\u0439 \u0432 \u043d\u0430\u0441\u0442\u043e\u044f\u0449\u0435\u0435 \u0432\u0440\u0435\u043c\u044f \u0441\u043b\u0443\u0436\u0438\u0442 \u0442\u0440\u0430\u043d\u0441\u043f\u043e\u0440\u0442\u043d\u043e\u0439 \u0431\u0430\u0437\u043e\u0439 \u0441 \u043f\u043e\u043b\u043d\u044b\u043c \u0441\u043f\u0435\u043a\u0442\u0440\u043e\u043c \u0443\u0441\u043b\u0443\u0433 [&hellip;]","og_url":"https:\/\/www.jasfbg.com.pl\/o-firmie\/najwazniejsze-dane\/transbud-katowice\/","og_site_name":"JAS FBG","article_modified_time":"2026-02-09T12:09:50+00:00","twitter_card":"summary_large_image","twitter_misc":{"\u041f\u0440\u0438\u043c\u0435\u0440\u043d\u043e\u0435 \u0432\u0440\u0435\u043c\u044f \u0434\u043b\u044f \u0447\u0442\u0435\u043d\u0438\u044f":"2 \u043c\u0438\u043d\u0443\u0442\u044b"},"schema":{"@context":"https:\/\/schema.org","@graph":[{"@type":"WebPage","@id":"https:\/\/www.jasfbg.com.pl\/o-firmie\/najwazniejsze-dane\/transbud-katowice\/","url":"https:\/\/www.jasfbg.com.pl\/o-firmie\/najwazniejsze-dane\/transbud-katowice\/","name":"TRANSBUD-KATOWICE Sp. z o.o. - JAS FBG","isPartOf":{"@id":"https:\/\/www.jasfbg.com.pl\/#website"},"datePublished":"2025-07-28T09:31:12+00:00","dateModified":"2026-02-09T12:09:50+00:00","breadcrumb":{"@id":"https:\/\/www.jasfbg.com.pl\/o-firmie\/najwazniejsze-dane\/transbud-katowice\/#breadcrumb"},"inLanguage":"ru-RU","potentialAction":[{"@type":"ReadAction","target":["https:\/\/www.jasfbg.com.pl\/o-firmie\/najwazniejsze-dane\/transbud-katowice\/"]}]},{"@type":"BreadcrumbList","@id":"https:\/\/www.jasfbg.com.pl\/o-firmie\/najwazniejsze-dane\/transbud-katowice\/#breadcrumb","itemListElement":[{"@type":"ListItem","position":1,"name":"JAS-FBG S.A.","item":"https:\/\/www.jasfbg.com.pl\/ru\/"},{"@type":"ListItem","position":2,"name":"\u041e \u0444\u0438\u0440\u043c\u0435","item":"https:\/\/www.jasfbg.com.pl\/ru\/o-firme\/"},{"@type":"ListItem","position":3,"name":"\u041e\u0441\u043d\u043e\u0432\u043d\u044b\u0435 \u0434\u0430\u043d\u043d\u044b\u0435","item":"https:\/\/www.jasfbg.com.pl\/ru\/o-firme\/osnovnye-dannye\/"},{"@type":"ListItem","position":4,"name":"TRANSBUD-KATOWICE Sp. z o.o."}]},{"@type":"WebSite","@id":"https:\/\/www.jasfbg.com.pl\/#website","url":"https:\/\/www.jasfbg.com.pl\/","name":"JAS FBG","description":"Twoja Logistyka","potentialAction":[{"@type":"SearchAction","target":{"@type":"EntryPoint","urlTemplate":"https:\/\/www.jasfbg.com.pl\/?s={search_term_string}"},"query-input":{"@type":"PropertyValueSpecification","valueRequired":true,"valueName":"search_term_string"}}],"inLanguage":"ru-RU"}]}},"_links":{"self":[{"href":"https:\/\/www.jasfbg.com.pl\/ru\/wp-json\/wp\/v2\/pages\/21481","targetHints":{"allow":["GET"]}}],"collection":[{"href":"https:\/\/www.jasfbg.com.pl\/ru\/wp-json\/wp\/v2\/pages"}],"about":[{"href":"https:\/\/www.jasfbg.com.pl\/ru\/wp-json\/wp\/v2\/types\/page"}],"author":[{"embeddable":true,"href":"https:\/\/www.jasfbg.com.pl\/ru\/wp-json\/wp\/v2\/users\/6"}],"replies":[{"embeddable":true,"href":"https:\/\/www.jasfbg.com.pl\/ru\/wp-json\/wp\/v2\/comments?post=21481"}],"version-history":[{"count":2,"href":"https:\/\/www.jasfbg.com.pl\/ru\/wp-json\/wp\/v2\/pages\/21481\/revisions"}],"predecessor-version":[{"id":21483,"href":"https:\/\/www.jasfbg.com.pl\/ru\/wp-json\/wp\/v2\/pages\/21481\/revisions\/21483"}],"up":[{"embeddable":true,"href":"https:\/\/www.jasfbg.com.pl\/ru\/wp-json\/wp\/v2\/pages\/730"}],"wp:attachment":[{"href":"https:\/\/www.jasfbg.com.pl\/ru\/wp-json\/wp\/v2\/media?parent=21481"}],"curies":[{"name":"wp","href":"https:\/\/api.w.org\/{rel}","templated":true}]}}