{"id":4914,"date":"2018-11-02T14:05:18","date_gmt":"2018-11-02T13:05:18","guid":{"rendered":"https:\/\/www.jasfbg.com.pl\/?page_id=4914\/"},"modified":"2026-03-11T14:55:59","modified_gmt":"2026-03-11T13:55:59","slug":"kommercheskij-otdel","status":"publish","type":"page","link":"https:\/\/www.jasfbg.com.pl\/ru\/kontakt\/kommercheskij-otdel\/","title":{"rendered":"\u041a\u043e\u043c\u043c\u0435\u0440\u0447\u0435\u0441\u043a\u0438\u0439 \u043e\u0442\u0434\u0435\u043b"},"content":{"rendered":"<p><span><span><a href=\"https:\/\/www.jasfbg.com.pl\/ru\/\">JAS-FBG S.A.<\/a><\/span><\/span><br \/>\n<div class=\"row left\"><\/p>\n<div class=\"col col-3\"><\/p>\n<p><div class=\"box\"><\/p>\n<h4 class=\"black\">\u0410\u0433\u043d\u0435\u0448\u043a\u0430 \u041f\u043e\u0440\u0435\u043c\u0431\u0441\u043a\u0430 (Agnieszka Por\u0119bska)<\/h4>\n<h5><span lang=\"ru\">\u0414\u0438\u0440\u0435\u043a\u0442\u043e\u0440 \u0434\u0435\u043f\u0430\u0440\u0442\u0430\u043c\u0435\u043d\u0442\u0430 \u043f\u0440\u043e\u0434\u0430\u0436 \u0438 \u043c\u0430\u0440\u043a\u0435\u0442\u0438\u043d\u0433\u0430<\/span><\/h5>\n<p><strong>\u0422\u0435\u043b.: <\/strong><a href=\"tel:+48323593569\">+48 32 359 35 69<\/a><\/p>\n<p><strong>\u0422\u0435\u043b.:<\/strong> <a href=\"tel:+48506011841\">+48 506 011 841<\/a><\/p>\n<p><a href=\"mailto:aporebska@jasfbg.pl\">aporebska@jasfbg.pl<\/a><\/p>\n<p><a href=\"mailto:handlowy@jasfbg.pl\">handlowy@jasfbg.pl<\/a><\/p>\n<p><\/div><\/p>\n<p><\/div>\n<div class=\"col col-3\"><\/p>\n<p><div class=\"box\"><\/p>\n<h4 class=\"black\">\u0414\u0430\u0440\u044e\u0448 \u0425\u0435\u043d\u0435 (Dariusz Haehne)<\/h4>\n<p><strong>\u0417\u0430\u043c. \u043a\u043e\u043c\u043c\u0435\u0440\u0447\u0435\u0441\u043a\u0435\u0433\u043e \u0434\u0438\u0440\u0435\u043a\u0442\u043e\u0440\u0430<\/strong><\/p>\n<p><strong>\u0422\u0435\u043b.:<\/strong>\u00a0 \u00a0\u00a0<a href=\"tel:+48506011431\">+48 506 011 431<\/a><\/p>\n<p><a href=\"mailto:dhaehne@jasfbg.pl\">dhaehne@jasfbg.pl<\/a><\/p>\n<p><a href=\"mailto:handlowy@jasfbg.pl\">handlowy@jasfbg.pl<\/a><\/p>\n<p><\/div><\/p>\n<p><\/div>\n<p><\/div><\/p>\n<div class=\"row left\"><\/p>\n<p>&nbsp;<\/p>\n<p><div class=\"col col-3\"><\/p>\n<p><div class=\"box\"><\/p>\n<h4><span style=\"color: #000000;\">Bia\u0142ystok \/ \u0411\u0435\u043b\u043e\u0441\u0442\u043e\u043a<\/span><\/h4>\n<p class=\"black\"><strong>\u0410\u043d\u0434\u0436\u0435\u0439 \u0412\u0430\u0441\u0438\u043b\u044e\u043a (Andrzej Wasiluk)<\/strong><\/p>\n<p><strong>\u0422\u0435\u043b.:<\/strong>\u00a0 \u00a0\u00a0<a href=\"tel:+48 506 013 582\">+48\u00a0506\u00a0013 582<\/a><\/p>\n<p><a href=\"mailto:awasiluk@jasfbg.pl\">awasiluk@jasfbg.pl<\/a><\/p>\n<p>&nbsp;<\/p>\n<p><\/div><\/p>\n<p><\/div><\/p>\n<p><div class=\"col col-3\"><\/p>\n<p><div class=\"box\"><\/p>\n<h4><span style=\"color: #000000;\">Bydgoszcz \/ \u0411\u044b\u0434\u0433\u043e\u0449<\/span><\/h4>\n<p class=\"black\"><strong>\u042f\u043a\u0443\u0431 \u0423\u0440\u0431\u0430\u043d\u044f\u043a (Jakub Urbaniak)<\/strong><\/p>\n<p><strong>\u0422\u0435\u043b.:<\/strong>\u00a0 \u00a0\u00a0<a href=\"tel:+48797905303\">+48 797 905 303<\/a><\/p>\n<p><a href=\"mailto:jurbaniak@jasfbg.pl\">jurbaniak@jasfbg.pl<\/a><\/p>\n<p><\/div><\/p>\n<p><\/div><\/p>\n<p><div class=\"col col-3\"><\/p>\n<p><div class=\"box\"><\/p>\n<h4 class=\"black\">Cz\u0119stochowa \/ \u0427\u0435\u043d\u0441\u0442\u043e\u0445\u043e\u0432\u0430<\/h4>\n<p><strong>\u0420\u043e\u0431\u0435\u0440\u0442 \u0413\u043e\u0441\u0435\u0432\u0441\u043a\u0438 (Robert Gosiewski)<\/strong><\/p>\n<p><strong>\u0422\u0435\u043b.:<\/strong> \u00a0 <a href=\"tel:+48797905589\">+48 797 905 589<\/a><\/p>\n<p><a href=\"mailto:rgosiewski@jasfbg.pl\">rgosiewski@jasfbg.pl<\/a><\/p>\n<p><\/div><\/p>\n<p><\/div><\/p>\n<p><div class=\"col col-3\"><\/p>\n<p><div class=\"box\"><\/p>\n<h4 class=\"black\">Gda\u0144sk \/ \u0413\u0434\u0430\u043d\u044c\u0441\u043a<\/h4>\n<p id=\"tw-target-text\" class=\"tw-data-text tw-text-large tw-ta\" dir=\"ltr\" data-placeholder=\"T\u0142umaczenie\" aria-label=\"Przet\u0142umaczony tekst\" data-ved=\"2ahUKEwjNpp7u8oyHAxX83wIHHfYWCBoQ3ewLegQICRAU\"><strong><span class=\"Y2IQFc\" lang=\"ru\">\u041a\u0448\u0438\u0448\u0442\u043e\u0444 \u041b\u0435\u0432\u0447\u0438\u043a (<\/span>Krzysztof Lewczyk)<\/strong><\/p>\n<p><strong>\u0422\u0435\u043b.:<\/strong>\u00a0 \u00a0<a href=\"tel:+48513 398 160\">+48 513 398 160<\/a><\/p>\n<p><a href=\"mailto:klewczyk@jasfbg.pl\">klewczyk@jasfbg.pl<\/a><\/p>\n<p><\/div><\/p>\n<p><\/div><\/p>\n<p><div class=\"col col-3\"><\/p>\n<p><div class=\"box\"><\/p>\n<h4 class=\"black\">Katowice \/ \u041a\u0430\u0442\u043e\u0432\u0438\u0446\u0435<\/h4>\n<p><strong>\u0410\u043d\u043d\u0430 \u041a\u043e\u043d\u043e\u043f\u043a\u0430-\u0421\u043a\u043e\u043f\u0447\u0438\u043d\u0441\u043a\u0430 (Anna Konopka-Skopczy\u0144ska)<\/strong><\/p>\n<p><strong>\u0422\u0435\u043b.:<\/strong>\u00a0 \u00a0\u00a0<a href=\"tel:+48323593576\">+48 32 359 35 76<\/a><\/p>\n<p><strong>\u0422\u0435\u043b.:<\/strong>\u00a0 \u00a0\u00a0<a href=\"tel:+48506013843\">+48 506 013 843<\/a><\/p>\n<p><a href=\"mailto:konopkaa@jasfbg.pl\">konopkaa@jasfbg.pl<\/a><\/p>\n<p><\/div><\/p>\n<p><\/div><\/p>\n<p><div class=\"col col-3\"><\/p>\n<p><div class=\"box\"><\/p>\n<h4 class=\"black\">Katowice \/ \u041a\u0430\u0442\u043e\u0432\u0438\u0446\u0435<\/h4>\n<p><strong>\u0410\u043b\u0435\u043a\u0441\u0430\u043d\u0434\u0440\u0430 \u0421\u043e\u0442 (Aleksandra Szot)<br \/>\n<\/strong><\/p>\n<p><strong>\u0422\u0435\u043b.:<\/strong>\u00a0 \u00a0 <a href=\"tel:+48506011491\">+48 506 011 491<\/a><\/p>\n<p><a href=\"mailto:aszot@jasfbg.pl\">aszot@jasfbg.pl<\/a><\/p>\n<p><\/div><\/p>\n<p><\/div><\/p>\n<p><div class=\"col col-3\"><\/p>\n<p><div class=\"box\"><\/p>\n<h4 class=\"black\">Kielce \/ \u041a\u0435\u043b\u044c\u0446\u0435<\/h4>\n<p><strong>\u0411\u0430\u0440\u0442\u043b\u043e\u043c\u0435\u0439 \u041a\u0430\u0448\u0442\u0435\u043b\u0430\u043d (Bart\u0142omiej Kasztelan)<\/strong><\/p>\n<p><strong>\u0422\u0435\u043b.:<\/strong>\u00a0 \u00a0\u00a0<a href=\"tel:+48413757602\">+48 41 375 76 02<\/a><\/p>\n<p><strong>\u0422\u0435\u043b.:<\/strong>\u00a0 \u00a0\u00a0<a href=\"tel:+48506011961\">+48 506 011 961<\/a><\/p>\n<p><a href=\"mailto:bkasztelan@jasfbg.pl\">bkasztelan@jasfbg.pl<\/a><\/p>\n<p><\/div><\/p>\n<p><\/div><\/p>\n<p><div class=\"col col-3\"><\/p>\n<p><div class=\"box\"><\/p>\n<h4 class=\"black\">Krak\u00f3w\/ \u041a\u0440\u0430\u043a\u043e\u0432<\/h4>\n<p><strong>\u041c\u0430\u0440\u0435\u043a \u041d\u0435\u043d\u0446\u043a\u0438 (Marek N\u0119cki)<\/strong><\/p>\n<p><strong>\u0422\u0435\u043b.:<\/strong>\u00a0 \u00a0\u00a0<a href=\"tel:+48126500377\">+48 12 650 03 77<\/a><\/p>\n<p><strong>\u0422\u0435\u043b.:<\/strong>\u00a0 \u00a0\u00a0<a href=\"tel:+48506011425\">+48 506 011 425<\/a><\/p>\n<p><a href=\"mailto:mnecki@jasfbg.pl\">mnecki@jasfbg.pl<\/a><\/p>\n<p><\/div><\/p>\n<p><\/div><\/p>\n<p><div class=\"col col-3\"><\/p>\n<p><div class=\"box\"><\/p>\n<h4 class=\"black\">Legnica \/ \u041b\u0435\u0433\u043d\u0438\u0446\u0430<\/h4>\n<p><strong>Sabina Brygicka (\u0421\u0430\u0431\u0438\u043d\u0430 \u0411\u0440\u044b\u0433\u0438\u0446\u043a\u0430)<\/strong><\/p>\n<p><strong>\u0422\u0435\u043b.:<\/strong>\u00a0 \u00a0\u00a0<a href=\"tel:+48506011418\">+48 506 011 418<\/a><\/p>\n<p><a href=\"mailto:sbrygicka@jasfbg.pl\">sbrygicka@jasfbg.pl<\/a><\/p>\n<p><\/div><\/p>\n<p><\/div><\/p>\n<p><div class=\"col col-3\"><\/p>\n<p><div class=\"box\"><\/p>\n<h4 class=\"black\">Lublin \/ \u041b\u044e\u0431\u043b\u0438\u043d<\/h4>\n<p><strong>\u0415\u0432\u0430 \u0412\u0438\u0448\u043d\u0435\u0432\u0441\u043a\u0430 (Ewa Wi\u015bniewska)<\/strong><\/p>\n<p><strong>\u0422\u0435\u043b.:<\/strong> \u00a0\u00a0<a href=\"tel:+48506011436\">+48 506 011 436<\/a><\/p>\n<p><a href=\"mailto:ewisniewska@jasfbg.pl\">ewisniewska@jasfbg.pl<\/a><\/p>\n<p><\/div><\/p>\n<p><\/div><\/p>\n<p><div class=\"col col-3\"><\/p>\n<p><div class=\"box\"><\/p>\n<h4 class=\"black\">\u0141\u00f3d\u017a \/ \u041b\u0443\u0434\u0437\u044c<\/h4>\n<p><strong>\u041a\u0430\u0442\u0430\u0436\u044b\u043d\u0430 \u0420\u043e\u0441\u0438\u0430\u043a-\u041e\u043b\u0447\u0430\u043a (Katarzyna Rosiak-Olczak)<\/strong><\/p>\n<p><strong>\u0422\u0435\u043b.:<\/strong>\u00a0 \u00a0 <a href=\"tel:+48506013586\">+48 506 013 586<\/a><\/p>\n<p><a href=\"mailto:kolczak@jasfbg.pl\">kolczak@jasfbg.pl<\/a><\/p>\n<p><\/div><\/p>\n<p><\/div><\/p>\n<p><div class=\"col col-3\"><\/p>\n<p><div class=\"box\"><\/p>\n<h4 class=\"black\">\u0141\u00f3d\u017a \/ \u041b\u0443\u0434\u0437\u044c<\/h4>\n<p><strong>\u0418\u0433\u043e\u0440\u044c \u0420\u043e\u0433 (Igor R\u00f3g)<\/strong><\/p>\n<p><strong>\u0422\u0435\u043b.:<\/strong> \u00a0 <a href=\"tel:+48502956294\">+48 502 956 294<\/a><\/p>\n<p><a href=\"mailto:irog@jasfbg.pl\">irog@jasfbg.pl<\/a><\/p>\n<p><\/div><\/p>\n<p><\/div><\/p>\n<p><div class=\"col col-3\"><\/p>\n<p><div class=\"box\"><\/p>\n<h4 class=\"black\">Olsztyn \/ \u041e\u043b\u044c\u0448\u0442\u044b\u043d<\/h4>\n<p><strong>\u041d\u0430\u0442\u0430\u043b\u044c\u044f \u041a\u0443\u0431\u0430\u0447\u043a\u0430 (Natalia Kubacka)<\/strong><\/p>\n<p><strong>\u0422\u0435\u043b.:<\/strong>\u00a0 \u00a0\u00a0<a href=\"tel:+48506011512\">+48 506 011 512<\/a><\/p>\n<p><a href=\"mailto:nkubacka@jasfbg.pl\">nkubacka@jasfbg.pl<\/a><\/p>\n<p><\/div><\/p>\n<p><\/div><\/p>\n<p><div class=\"col col-3\"><\/p>\n<p><div class=\"box\"><\/p>\n<h4 class=\"black\">Pozna\u0144 \/ \u041f\u043e\u0437\u043d\u0430\u043d\u044c<\/h4>\n<p><strong>\u041c\u0430\u0440\u0446\u0438\u043d \u0418\u0432\u0430\u0448\u043a\u043e (Marcin Iwaszko)<\/strong><\/p>\n<p><strong>\u0422\u0435\u043b.:<\/strong>\u00a0 \u00a0\u00a0<a href=\"tel:+48797 905 654\">+48 797\u00a0905 654<\/a><\/p>\n<p><a href=\"mailto:miwaszko@jasfbg.pl\">miwaszko@jasfbg.pl<\/a><\/p>\n<p><\/div><\/p>\n<p><\/div><\/p>\n<p><div class=\"col col-3\"><\/p>\n<p><div class=\"box\"><\/p>\n<h4 class=\"black\">Pozna\u0144 \/ \u041f\u043e\u0437\u043d\u0430\u043d\u044c<\/h4>\n<p id=\"tw-target-text\" class=\"tw-data-text tw-text-large tw-ta\" dir=\"ltr\" data-placeholder=\"T\u0142umaczenie\" data-ved=\"2ahUKEwjOs9mW0bOJAxWLLRAIHfwcCnAQ3ewLegQIBxAU\" aria-label=\"Przet\u0142umaczony tekst: \u041c\u0430\u0440\u0447\u0438\u043d \u0421\u0438\u0433\u043d\u0435\u0442\"><strong><span class=\"Y2IQFc\" lang=\"ru\">\u041c\u0430\u0440\u0447\u0438\u043d \u0421\u0438\u0433\u043d\u0435\u0442 (Marcin Sygnet)<br \/>\n<\/span><\/strong><\/p>\n<p><strong>\u0422\u0435\u043b.:<\/strong> \u00a0 <a href=\"tel:+48 798905764\">+48 798905764<\/a><\/p>\n<p><a href=\"mailto:msygnet@jasfbg.pl\">msygnet@jasfbg.pl<\/a><\/p>\n<p><\/div><\/p>\n<p><\/div><\/p>\n<p><div class=\"col col-3\"><\/p>\n<p><div class=\"box\"><\/p>\n<h4 class=\"black\">Rzesz\u00f3w<\/h4>\n<p><strong>\u041b\u0443\u043a\u0430\u0448 \u0421\u043b\u0430\u0431\u043e\u0445\u0430 (\u0141ukasz S\u0142abocha)<\/strong><\/p>\n<p><strong>\u0422\u0435\u043b.:<\/strong> \u00a0 <a href=\"tel:+48506011708\">+48 506 011 708<\/a><\/p>\n<p><a href=\"mailto:lslabocha@jasfbg.pl\">lslabocha@jasfbg.pl<\/a><\/p>\n<p><\/div><\/p>\n<p><\/div><\/p>\n<p><div class=\"col col-3\"><\/p>\n<p><div class=\"box\"><\/p>\n<h4 class=\"black\">S\u0142upsk \/ \u0421\u043b\u0443\u043f\u0441\u043a<\/h4>\n<p><strong>\u0410\u043d\u043d\u0430 \u041f\u043e\u0434\u043b\u0430\u0441\u0438\u043d\u0441\u043a\u0430 (Anna Podlasi\u0144ska)<\/strong><\/p>\n<p><strong>\u0422\u0435\u043b.:<\/strong>\u00a0 \u00a0\u00a0<a href=\"tel:+48598481090\">+48 59 848 10 90<\/a><\/p>\n<p><strong>\u0422\u0435\u043b.:<\/strong>\u00a0 \u00a0\u00a0<a href=\"tel:+48506011477\">+48 506 011 477<\/a><\/p>\n<p><a href=\"mailto:apodlasinska@jasfbg.pl\">apodlasinska@jasfbg.pl<\/a><\/p>\n<p><\/div><\/p>\n<p><\/div><\/p>\n<p><div class=\"col col-3\"><\/p>\n<p><div class=\"box\"><\/p>\n<h4 class=\"black\">Szczecin \/ \u0429\u0435\u0446\u0438\u043d<\/h4>\n<p><strong>\u0410\u043d\u043d\u0430 \u041f\u043e\u0434\u043b\u0430\u0441\u0438\u043d\u0441\u043a\u0430 (Anna Podlasi\u0144ska)<\/strong><\/p>\n<p><strong>\u0422\u0435\u043b.:<\/strong>\u00a0 \u00a0\u00a0<a href=\"tel:+48598481090\">+48 59 848 10 90<\/a><\/p>\n<p><strong>\u0422\u0435\u043b.:<\/strong>\u00a0 \u00a0\u00a0<a href=\"tel:+48506011477\">+48 506 011 477<\/a><\/p>\n<p><a href=\"mailto:apodlasinska@jasfbg.pl\">apodlasinska@jasfbg.pl<\/a><\/p>\n<p><\/div><\/p>\n<p><\/div><\/p>\n<p><div class=\"col col-3\"><\/p>\n<p><div class=\"box\"><\/p>\n<h4 class=\"black\">Warszawa \/ \u0412\u0430\u0440\u0448\u0430\u0432\u0430<\/h4>\n<p><strong>\u0410\u043d\u043d\u0430 \u0427\u043c\u044b\u0440 (Anna Czmyr)<\/strong><\/p>\n<p><strong>\u0422\u0435\u043b.:<\/strong>\u00a0 \u00a0\u00a0<a href=\"tel:+48797905404\">+48 797 905 404<\/a><\/p>\n<p><a href=\"mailto:aczmyr@jasfbg.pl\">aczmyr@jasfbg.pl<\/a><\/p>\n<p><\/div><\/p>\n<p><\/div><\/p>\n<p><div class=\"col col-3\"><\/p>\n<p><div class=\"box\"><\/p>\n<h4 class=\"black\">Wroc\u0142aw \/ \u0412\u0440\u043e\u0446\u043b\u0430\u0432<\/h4>\n<p id=\"tw-target-text\" class=\"tw-data-text tw-text-large tw-ta\" dir=\"ltr\" data-placeholder=\"T\u0142umaczenie\" aria-label=\"Przet\u0142umaczony tekst\" data-ved=\"2ahUKEwitkdWUjoqGAxXBAxAIHXfxCLYQ3ewLegQIBRAU\"><span class=\"Y2IQFc\" lang=\"ru\"><strong>\u041f\u043e\u043b\u0438\u043d\u0430 \u041a\u0430\u043b\u0438\u043d\u043e\u0432\u0441\u043a\u0430\u044f <\/strong><\/span>(<strong>Paulina Kalinowska)<\/strong><\/p>\n<p><strong>Tel.:<\/strong>\u00a0 \u00a0\u00a0<a href=\"tel:+48506013843\">+48 506 011 451<\/a><\/p>\n<p><a href=\"mailto:pkalinowska@jasfbg.pl\">pkalinowska@jasfbg.pl<\/a><\/p>\n<p><\/div><\/p>\n<p><\/div><\/p>\n<p><div class=\"col col-3\"><\/p>\n<p><div class=\"box\"><\/p>\n<h4 class=\"black\">Wroc\u0142aw \/ \u0412\u0440\u043e\u0446\u043b\u0430\u0432<\/h4>\n<p id=\"tw-target-text\" class=\"tw-data-text tw-text-large tw-ta\" dir=\"ltr\" data-placeholder=\"T\u0142umaczenie\" aria-label=\"Przet\u0142umaczony tekst\" data-ved=\"2ahUKEwitkdWUjoqGAxXBAxAIHXfxCLYQ3ewLegQIBRAU\"><span class=\"Y2IQFc\" lang=\"ru\"><strong>\u041a\u0448\u0438\u0448\u0442\u043e\u0444 \u041e\u0434\u043e <\/strong><\/span>(<strong>Krzysztof Odo)<\/strong><\/p>\n<p><strong>Tel.:<\/strong>\u00a0 \u00a0\u00a0<a href=\"tel:+48797905472\">+48 797 905 472<\/a><\/p>\n<p><a href=\"mailto:kodo@jasfbg.pl\">kodo@jasfbg.pl<\/a><\/p>\n<p><\/div><\/p>\n<p><\/div><\/p>\n<p><\/div>\n","protected":false},"excerpt":{"rendered":"","protected":false},"author":1,"featured_media":0,"parent":663,"menu_order":2,"comment_status":"closed","ping_status":"closed","template":"","meta":{"_acf_changed":false,"inline_featured_image":false,"footnotes":""},"class_list":["post-4914","page","type-page","status-publish","hentry"],"acf":[],"yoast_head":"<!-- This site is optimized with the Yoast SEO plugin v27.5 - https:\/\/yoast.com\/product\/yoast-seo-wordpress\/ -->\n<title>\u041a\u043e\u043c\u043c\u0435\u0440\u0447\u0435\u0441\u043a\u0438\u0439 \u043e\u0442\u0434\u0435\u043b - JAS FBG<\/title>\n<meta name=\"robots\" content=\"index, follow, max-snippet:-1, max-image-preview:large, max-video-preview:-1\" \/>\n<link rel=\"canonical\" href=\"https:\/\/www.jasfbg.com.pl\/ru\/kontakt\/kommercheskij-otdel\/\" \/>\n<meta property=\"og:locale\" content=\"ru_RU\" \/>\n<meta property=\"og:type\" content=\"article\" \/>\n<meta property=\"og:title\" content=\"60\" \/>\n<meta property=\"og:description\" content=\"false\" \/>\n<meta property=\"og:url\" content=\"https:\/\/www.jasfbg.com.pl\/ru\/kontakt\/kommercheskij-otdel\/\" \/>\n<meta property=\"og:site_name\" content=\"JAS FBG\" \/>\n<meta property=\"article:modified_time\" content=\"2026-03-11T13:55:59+00:00\" \/>\n<meta property=\"og:image\" content=\"http:\/\/3\" \/>\n<meta name=\"twitter:card\" content=\"summary_large_image\" \/>\n<meta name=\"twitter:label1\" content=\"\u041f\u0440\u0438\u043c\u0435\u0440\u043d\u043e\u0435 \u0432\u0440\u0435\u043c\u044f \u0434\u043b\u044f \u0447\u0442\u0435\u043d\u0438\u044f\" \/>\n\t<meta name=\"twitter:data1\" content=\"3 \u043c\u0438\u043d\u0443\u0442\u044b\" \/>\n<script type=\"application\/ld+json\" class=\"yoast-schema-graph\">{\"@context\":\"https:\\\/\\\/schema.org\",\"@graph\":[{\"@type\":\"WebPage\",\"@id\":\"https:\\\/\\\/www.jasfbg.com.pl\\\/ru\\\/kontakt\\\/kommercheskij-otdel\\\/\",\"url\":\"https:\\\/\\\/www.jasfbg.com.pl\\\/ru\\\/kontakt\\\/kommercheskij-otdel\\\/\",\"name\":\"\u041a\u043e\u043c\u043c\u0435\u0440\u0447\u0435\u0441\u043a\u0438\u0439 \u043e\u0442\u0434\u0435\u043b - JAS FBG\",\"isPartOf\":{\"@id\":\"https:\\\/\\\/www.jasfbg.com.pl\\\/#website\"},\"datePublished\":\"2018-11-02T13:05:18+00:00\",\"dateModified\":\"2026-03-11T13:55:59+00:00\",\"breadcrumb\":{\"@id\":\"https:\\\/\\\/www.jasfbg.com.pl\\\/ru\\\/kontakt\\\/kommercheskij-otdel\\\/#breadcrumb\"},\"inLanguage\":\"ru-RU\",\"potentialAction\":[{\"@type\":\"ReadAction\",\"target\":[\"https:\\\/\\\/www.jasfbg.com.pl\\\/ru\\\/kontakt\\\/kommercheskij-otdel\\\/\"]}]},{\"@type\":\"BreadcrumbList\",\"@id\":\"https:\\\/\\\/www.jasfbg.com.pl\\\/ru\\\/kontakt\\\/kommercheskij-otdel\\\/#breadcrumb\",\"itemListElement\":[{\"@type\":\"ListItem\",\"position\":1,\"name\":\"JAS-FBG S.A.\",\"item\":\"https:\\\/\\\/www.jasfbg.com.pl\\\/ru\\\/\"},{\"@type\":\"ListItem\",\"position\":2,\"name\":\"\u041a\u043e\u043d\u0442\u0430\u043a\u0442\",\"item\":\"https:\\\/\\\/www.jasfbg.com.pl\\\/ru\\\/kontakt\\\/\"},{\"@type\":\"ListItem\",\"position\":3,\"name\":\"\u041a\u043e\u043c\u043c\u0435\u0440\u0447\u0435\u0441\u043a\u0438\u0439 \u043e\u0442\u0434\u0435\u043b\"}]},{\"@type\":\"WebSite\",\"@id\":\"https:\\\/\\\/www.jasfbg.com.pl\\\/#website\",\"url\":\"https:\\\/\\\/www.jasfbg.com.pl\\\/\",\"name\":\"JAS FBG\",\"description\":\"Twoja Logistyka\",\"potentialAction\":[{\"@type\":\"SearchAction\",\"target\":{\"@type\":\"EntryPoint\",\"urlTemplate\":\"https:\\\/\\\/www.jasfbg.com.pl\\\/?s={search_term_string}\"},\"query-input\":{\"@type\":\"PropertyValueSpecification\",\"valueRequired\":true,\"valueName\":\"search_term_string\"}}],\"inLanguage\":\"ru-RU\"}]}<\/script>\n<!-- \/ Yoast SEO plugin. -->","yoast_head_json":{"title":"\u041a\u043e\u043c\u043c\u0435\u0440\u0447\u0435\u0441\u043a\u0438\u0439 \u043e\u0442\u0434\u0435\u043b - JAS FBG","robots":{"index":"index","follow":"follow","max-snippet":"max-snippet:-1","max-image-preview":"max-image-preview:large","max-video-preview":"max-video-preview:-1"},"canonical":"https:\/\/www.jasfbg.com.pl\/ru\/kontakt\/kommercheskij-otdel\/","og_locale":"ru_RU","og_type":"article","og_title":"60","og_description":"false","og_url":"https:\/\/www.jasfbg.com.pl\/ru\/kontakt\/kommercheskij-otdel\/","og_site_name":"JAS FBG","article_modified_time":"2026-03-11T13:55:59+00:00","og_image":[{"url":"3","type":"","width":"","height":""}],"twitter_card":"summary_large_image","twitter_misc":{"\u041f\u0440\u0438\u043c\u0435\u0440\u043d\u043e\u0435 \u0432\u0440\u0435\u043c\u044f \u0434\u043b\u044f \u0447\u0442\u0435\u043d\u0438\u044f":"3 \u043c\u0438\u043d\u0443\u0442\u044b"},"schema":{"@context":"https:\/\/schema.org","@graph":[{"@type":"WebPage","@id":"https:\/\/www.jasfbg.com.pl\/ru\/kontakt\/kommercheskij-otdel\/","url":"https:\/\/www.jasfbg.com.pl\/ru\/kontakt\/kommercheskij-otdel\/","name":"\u041a\u043e\u043c\u043c\u0435\u0440\u0447\u0435\u0441\u043a\u0438\u0439 \u043e\u0442\u0434\u0435\u043b - JAS FBG","isPartOf":{"@id":"https:\/\/www.jasfbg.com.pl\/#website"},"datePublished":"2018-11-02T13:05:18+00:00","dateModified":"2026-03-11T13:55:59+00:00","breadcrumb":{"@id":"https:\/\/www.jasfbg.com.pl\/ru\/kontakt\/kommercheskij-otdel\/#breadcrumb"},"inLanguage":"ru-RU","potentialAction":[{"@type":"ReadAction","target":["https:\/\/www.jasfbg.com.pl\/ru\/kontakt\/kommercheskij-otdel\/"]}]},{"@type":"BreadcrumbList","@id":"https:\/\/www.jasfbg.com.pl\/ru\/kontakt\/kommercheskij-otdel\/#breadcrumb","itemListElement":[{"@type":"ListItem","position":1,"name":"JAS-FBG S.A.","item":"https:\/\/www.jasfbg.com.pl\/ru\/"},{"@type":"ListItem","position":2,"name":"\u041a\u043e\u043d\u0442\u0430\u043a\u0442","item":"https:\/\/www.jasfbg.com.pl\/ru\/kontakt\/"},{"@type":"ListItem","position":3,"name":"\u041a\u043e\u043c\u043c\u0435\u0440\u0447\u0435\u0441\u043a\u0438\u0439 \u043e\u0442\u0434\u0435\u043b"}]},{"@type":"WebSite","@id":"https:\/\/www.jasfbg.com.pl\/#website","url":"https:\/\/www.jasfbg.com.pl\/","name":"JAS FBG","description":"Twoja Logistyka","potentialAction":[{"@type":"SearchAction","target":{"@type":"EntryPoint","urlTemplate":"https:\/\/www.jasfbg.com.pl\/?s={search_term_string}"},"query-input":{"@type":"PropertyValueSpecification","valueRequired":true,"valueName":"search_term_string"}}],"inLanguage":"ru-RU"}]}},"_links":{"self":[{"href":"https:\/\/www.jasfbg.com.pl\/ru\/wp-json\/wp\/v2\/pages\/4914","targetHints":{"allow":["GET"]}}],"collection":[{"href":"https:\/\/www.jasfbg.com.pl\/ru\/wp-json\/wp\/v2\/pages"}],"about":[{"href":"https:\/\/www.jasfbg.com.pl\/ru\/wp-json\/wp\/v2\/types\/page"}],"author":[{"embeddable":true,"href":"https:\/\/www.jasfbg.com.pl\/ru\/wp-json\/wp\/v2\/users\/1"}],"replies":[{"embeddable":true,"href":"https:\/\/www.jasfbg.com.pl\/ru\/wp-json\/wp\/v2\/comments?post=4914"}],"version-history":[{"count":117,"href":"https:\/\/www.jasfbg.com.pl\/ru\/wp-json\/wp\/v2\/pages\/4914\/revisions"}],"predecessor-version":[{"id":22571,"href":"https:\/\/www.jasfbg.com.pl\/ru\/wp-json\/wp\/v2\/pages\/4914\/revisions\/22571"}],"up":[{"embeddable":true,"href":"https:\/\/www.jasfbg.com.pl\/ru\/wp-json\/wp\/v2\/pages\/663"}],"wp:attachment":[{"href":"https:\/\/www.jasfbg.com.pl\/ru\/wp-json\/wp\/v2\/media?parent=4914"}],"curies":[{"name":"wp","href":"https:\/\/api.w.org\/{rel}","templated":true}]}}