{"id":6174,"date":"2018-11-02T12:31:29","date_gmt":"2018-11-02T11:31:29","guid":{"rendered":"https:\/\/www.jasfbg.com.pl\/?page_id=6174\/"},"modified":"2026-03-03T12:18:02","modified_gmt":"2026-03-03T11:18:02","slug":"jas-fbg-kft","status":"publish","type":"page","link":"https:\/\/www.jasfbg.com.pl\/ru\/o-firme\/osnovnye-dannye\/jas-fbg-kft\/","title":{"rendered":"JAS-FBG kft"},"content":{"rendered":"<p style=\"text-align: left;\">JAS-FBG kft \u2014 \u0434\u043e\u0447\u0435\u0440\u043d\u0435\u0435 \u043f\u0440\u0435\u0434\u043f\u0440\u0438\u044f\u0442\u0438\u0435 \u043f\u043e\u043b\u044c\u0441\u043a\u043e\u0439 \u043a\u043e\u043c\u043f\u0430\u043d\u0438\u0438 JAS-FBG S.A., \u043d\u0430\u0447\u0430\u0432\u0448\u0435\u0435 \u0441\u0432\u043e\u044e \u0434\u0435\u044f\u0442\u0435\u043b\u044c\u043d\u043e\u0441\u0442\u044c 9 \u043d\u043e\u044f\u0431\u0440\u044f 2010 \u0433\u043e\u0434\u0430.<\/p>\n<p style=\"text-align: left;\"><div class=\"row\"><\/p>\n<p style=\"text-align: left;\"><div class=\"col col-2\"><\/p>\n<p style=\"text-align: left;\">\u0412\u0435\u043d\u0433\u0435\u0440\u0441\u043a\u0438\u0439 \u0444\u0438\u043b\u0438\u0430\u043b JAS-FBG S.A. \u043f\u0440\u0435\u0434\u043e\u0441\u0442\u0430\u0432\u043b\u044f\u0435\u0442 \u0443\u0441\u043b\u0443\u0433\u0438 \u043f\u043e \u043c\u0435\u0436\u0434\u0443\u043d\u0430\u0440\u043e\u0434\u043d\u044b\u043c \u0430\u0432\u0442\u043e\u043c\u043e\u0431\u0438\u043b\u044c\u043d\u044b\u043c \u043f\u0435\u0440\u0435\u0432\u043e\u0437\u043a\u0430\u043c \u043f\u043e\u043b\u043d\u044b\u0445 \u0433\u0440\u0443\u0437\u043e\u0432 \u0438 \u043f\u0440\u0435\u0434\u043b\u0430\u0433\u0430\u0435\u0442 \u043f\u043e\u043b\u043d\u044b\u0439 \u0441\u043f\u0435\u043a\u0442\u0440 \u043b\u043e\u0433\u0438\u0441\u0442\u0438\u0447\u0435\u0441\u043a\u0438\u0445 \u0443\u0441\u043b\u0443\u0433, \u0432\u043a\u043b\u044e\u0447\u0430\u044f:<\/p>\n<ul>\n<li>\u043e\u0431\u0440\u0430\u0431\u043e\u0442\u043a\u0443 \u0433\u0440\u0443\u0437\u043e\u0432;<\/li>\n<li>\u0441\u043a\u043b\u0430\u0434\u0438\u0440\u043e\u0432\u0430\u043d\u0438\u0435 \u0438 \u0445\u0440\u0430\u043d\u0435\u043d\u0438\u0435 \u0442\u043e\u0432\u0430\u0440\u043e\u0432;<\/li>\n<li>\u043e\u0442\u0447\u0435\u0442\u043d\u043e\u0441\u0442\u044c \u043f\u043e \u0438\u043d\u0432\u0435\u043d\u0442\u0430\u0440\u0438\u0437\u0430\u0446\u0438\u0438, \u0432 \u0447\u0430\u0441\u0442\u043d\u043e\u0441\u0442\u0438, \u0438\u043d\u0444\u043e\u0440\u043c\u0430\u0446\u0438\u044e \u043e \u043a\u0430\u0447\u0435\u0441\u0442\u0432\u0435 \u0438 \u043a\u043e\u043b\u0438\u0447\u0435\u0441\u0442\u0432\u0435 \u0442\u043e\u0432\u0430\u0440\u043e\u0432 \u043d\u0430 \u0441\u043a\u043b\u0430\u0434\u0435;<\/li>\n<li>\u043f\u0430\u043b\u043b\u0435\u0442\u0438\u0440\u043e\u0432\u0430\u043d\u0438\u0435 \u0442\u043e\u0432\u0430\u0440\u043e\u0432;<\/li>\n<li>\u043a\u0440\u043e\u0441\u0441-\u0434\u043e\u043a\u0438\u043d\u0433;<\/li>\n<li>\u043a\u043e-\u0443\u043f\u0430\u043a\u043e\u0432\u043a\u0443;<\/li>\n<li>\u043a\u043e\u043c\u043f\u043b\u0435\u043a\u0442\u0430\u0446\u0438\u044e \u0437\u0430\u043a\u0430\u0437\u043e\u0432;<\/li>\n<li>\u043a\u043e\u043c\u043f\u043b\u0435\u043a\u0442\u0430\u0446\u0438\u044e;<\/li>\n<li>\u043c\u0430\u0440\u043a\u0438\u0440\u043e\u0432\u043a\u0443;<\/li>\n<li>\u0445\u0440\u0430\u043d\u0435\u043d\u0438\u0435 \u0432 \u0445\u043e\u043b\u043e\u0434\u0438\u043b\u044c\u043d\u044b\u0445 \u043a\u0430\u043c\u0435\u0440\u0430\u0445;<\/li>\n<li>\u0443\u043f\u0440\u0430\u0432\u043b\u0435\u043d\u0438\u0435 \u0432\u043e\u0437\u0432\u0440\u0430\u0442\u043d\u043e\u0439 \u0442\u0430\u0440\u043e\u0439.<\/li>\n<\/ul>\n<p style=\"text-align: left;\"><\/div><\/p>\n<p style=\"text-align: left;\"><div class=\"col col-2\"><br \/>\n<div class=\"box\"><\/p>\n<h4 style=\"text-align: left;\">\u0420\u0435\u0433\u0438\u0441\u0442\u0440\u0430\u0446\u0438\u043e\u043d\u043d\u044b\u0435 \u0434\u0430\u043d\u043d\u044b\u0435:<\/h4>\n<p style=\"text-align: left;\"><strong>NIP:<\/strong> HU23021945<\/p>\n<p style=\"text-align: left;\"><strong>Regon:<\/strong> 23021945-5229-113-13<\/p>\n<h4 style=\"text-align: left;\">\u041a\u043e\u043d\u0442\u0430\u043a\u0442:<\/h4>\n<p style=\"text-align: left;\"><strong>JAS-FBG Kft<\/strong><\/p>\n<p style=\"text-align: left;\">\u00d6regorsz\u00e1g\u00fat utca 3401<\/p>\n<p style=\"text-align: left;\">2351 Als\u00f3n\u00e9medi<\/p>\n<p style=\"text-align: left;\">\u0412\u0435\u043d\u0433\u0440\u0438\u044f<\/p>\n<p style=\"text-align: left;\">\u0442\u0435\u043b.: +36 29 346 161, +36 29 346 162 , +36 29 346 163<\/p>\n<p style=\"text-align: left;\">\u0444\u0430\u043a\u0441: +36 29 346 160<\/p>\n<p style=\"text-align: left;\"><a href=\"mailto:info@jasfbg.hu\">\u044d\u043b\u0435\u043a\u0442\u0440\u043e\u043d\u043d\u0430\u044f \u043f\u043e\u0447\u0442\u0430<\/a><br \/>\n<\/div><\/p>\n<p style=\"text-align: left;\"><\/div><\/p>\n<p style=\"text-align: left;\"><\/div><\/p>\n","protected":false},"excerpt":{"rendered":"<p>JAS-FBG kft \u2014 \u0434\u043e\u0447\u0435\u0440\u043d\u0435\u0435 \u043f\u0440\u0435\u0434\u043f\u0440\u0438\u044f\u0442\u0438\u0435 \u043f\u043e\u043b\u044c\u0441\u043a\u043e\u0439 \u043a\u043e\u043c\u043f\u0430\u043d\u0438\u0438 JAS-FBG S.A., \u043d\u0430\u0447\u0430\u0432\u0448\u0435\u0435 \u0441\u0432\u043e\u044e \u0434\u0435\u044f\u0442\u0435\u043b\u044c\u043d\u043e\u0441\u0442\u044c 9 \u043d\u043e\u044f\u0431\u0440\u044f 2010 \u0433\u043e\u0434\u0430.<\/p>\n","protected":false},"author":1,"featured_media":0,"parent":730,"menu_order":8,"comment_status":"closed","ping_status":"closed","template":"","meta":{"_acf_changed":false,"inline_featured_image":false,"footnotes":""},"class_list":["post-6174","page","type-page","status-publish","hentry"],"acf":[],"yoast_head":"<!-- This site is optimized with the Yoast SEO plugin v27.5 - https:\/\/yoast.com\/product\/yoast-seo-wordpress\/ -->\n<title>JAS-FBG kft - JAS FBG<\/title>\n<meta name=\"robots\" content=\"index, follow, max-snippet:-1, max-image-preview:large, max-video-preview:-1\" \/>\n<link rel=\"canonical\" href=\"https:\/\/www.jasfbg.com.pl\/ru\/o-firme\/osnovnye-dannye\/jas-fbg-kft\/\" \/>\n<meta property=\"og:locale\" content=\"ru_RU\" \/>\n<meta property=\"og:type\" content=\"article\" \/>\n<meta property=\"og:title\" content=\"JAS-FBG kft - JAS FBG\" \/>\n<meta property=\"og:description\" content=\"JAS-FBG kft \u2014 \u0434\u043e\u0447\u0435\u0440\u043d\u0435\u0435 \u043f\u0440\u0435\u0434\u043f\u0440\u0438\u044f\u0442\u0438\u0435 \u043f\u043e\u043b\u044c\u0441\u043a\u043e\u0439 \u043a\u043e\u043c\u043f\u0430\u043d\u0438\u0438 JAS-FBG S.A., \u043d\u0430\u0447\u0430\u0432\u0448\u0435\u0435 \u0441\u0432\u043e\u044e \u0434\u0435\u044f\u0442\u0435\u043b\u044c\u043d\u043e\u0441\u0442\u044c 9 \u043d\u043e\u044f\u0431\u0440\u044f 2010 \u0433\u043e\u0434\u0430.\" \/>\n<meta property=\"og:url\" content=\"https:\/\/www.jasfbg.com.pl\/ru\/o-firme\/osnovnye-dannye\/jas-fbg-kft\/\" \/>\n<meta property=\"og:site_name\" content=\"JAS FBG\" \/>\n<meta property=\"article:modified_time\" content=\"2026-03-03T11:18:02+00:00\" \/>\n<meta name=\"twitter:card\" content=\"summary_large_image\" \/>\n<meta name=\"twitter:label1\" content=\"\u041f\u0440\u0438\u043c\u0435\u0440\u043d\u043e\u0435 \u0432\u0440\u0435\u043c\u044f \u0434\u043b\u044f \u0447\u0442\u0435\u043d\u0438\u044f\" \/>\n\t<meta name=\"twitter:data1\" content=\"1 \u043c\u0438\u043d\u0443\u0442\u0430\" \/>\n<script type=\"application\/ld+json\" class=\"yoast-schema-graph\">{\"@context\":\"https:\\\/\\\/schema.org\",\"@graph\":[{\"@type\":\"WebPage\",\"@id\":\"https:\\\/\\\/www.jasfbg.com.pl\\\/ru\\\/o-firme\\\/osnovnye-dannye\\\/jas-fbg-kft\\\/\",\"url\":\"https:\\\/\\\/www.jasfbg.com.pl\\\/ru\\\/o-firme\\\/osnovnye-dannye\\\/jas-fbg-kft\\\/\",\"name\":\"JAS-FBG kft - JAS FBG\",\"isPartOf\":{\"@id\":\"https:\\\/\\\/www.jasfbg.com.pl\\\/#website\"},\"datePublished\":\"2018-11-02T11:31:29+00:00\",\"dateModified\":\"2026-03-03T11:18:02+00:00\",\"breadcrumb\":{\"@id\":\"https:\\\/\\\/www.jasfbg.com.pl\\\/ru\\\/o-firme\\\/osnovnye-dannye\\\/jas-fbg-kft\\\/#breadcrumb\"},\"inLanguage\":\"ru-RU\",\"potentialAction\":[{\"@type\":\"ReadAction\",\"target\":[\"https:\\\/\\\/www.jasfbg.com.pl\\\/ru\\\/o-firme\\\/osnovnye-dannye\\\/jas-fbg-kft\\\/\"]}]},{\"@type\":\"BreadcrumbList\",\"@id\":\"https:\\\/\\\/www.jasfbg.com.pl\\\/ru\\\/o-firme\\\/osnovnye-dannye\\\/jas-fbg-kft\\\/#breadcrumb\",\"itemListElement\":[{\"@type\":\"ListItem\",\"position\":1,\"name\":\"JAS-FBG S.A.\",\"item\":\"https:\\\/\\\/www.jasfbg.com.pl\\\/ru\\\/\"},{\"@type\":\"ListItem\",\"position\":2,\"name\":\"\u041e \u0444\u0438\u0440\u043c\u0435\",\"item\":\"https:\\\/\\\/www.jasfbg.com.pl\\\/ru\\\/o-firme\\\/\"},{\"@type\":\"ListItem\",\"position\":3,\"name\":\"\u041e\u0441\u043d\u043e\u0432\u043d\u044b\u0435 \u0434\u0430\u043d\u043d\u044b\u0435\",\"item\":\"https:\\\/\\\/www.jasfbg.com.pl\\\/ru\\\/o-firme\\\/osnovnye-dannye\\\/\"},{\"@type\":\"ListItem\",\"position\":4,\"name\":\"JAS-FBG kft\"}]},{\"@type\":\"WebSite\",\"@id\":\"https:\\\/\\\/www.jasfbg.com.pl\\\/#website\",\"url\":\"https:\\\/\\\/www.jasfbg.com.pl\\\/\",\"name\":\"JAS FBG\",\"description\":\"Twoja Logistyka\",\"potentialAction\":[{\"@type\":\"SearchAction\",\"target\":{\"@type\":\"EntryPoint\",\"urlTemplate\":\"https:\\\/\\\/www.jasfbg.com.pl\\\/?s={search_term_string}\"},\"query-input\":{\"@type\":\"PropertyValueSpecification\",\"valueRequired\":true,\"valueName\":\"search_term_string\"}}],\"inLanguage\":\"ru-RU\"}]}<\/script>\n<!-- \/ Yoast SEO plugin. -->","yoast_head_json":{"title":"JAS-FBG kft - JAS FBG","robots":{"index":"index","follow":"follow","max-snippet":"max-snippet:-1","max-image-preview":"max-image-preview:large","max-video-preview":"max-video-preview:-1"},"canonical":"https:\/\/www.jasfbg.com.pl\/ru\/o-firme\/osnovnye-dannye\/jas-fbg-kft\/","og_locale":"ru_RU","og_type":"article","og_title":"JAS-FBG kft - JAS FBG","og_description":"JAS-FBG kft \u2014 \u0434\u043e\u0447\u0435\u0440\u043d\u0435\u0435 \u043f\u0440\u0435\u0434\u043f\u0440\u0438\u044f\u0442\u0438\u0435 \u043f\u043e\u043b\u044c\u0441\u043a\u043e\u0439 \u043a\u043e\u043c\u043f\u0430\u043d\u0438\u0438 JAS-FBG S.A., \u043d\u0430\u0447\u0430\u0432\u0448\u0435\u0435 \u0441\u0432\u043e\u044e \u0434\u0435\u044f\u0442\u0435\u043b\u044c\u043d\u043e\u0441\u0442\u044c 9 \u043d\u043e\u044f\u0431\u0440\u044f 2010 \u0433\u043e\u0434\u0430.","og_url":"https:\/\/www.jasfbg.com.pl\/ru\/o-firme\/osnovnye-dannye\/jas-fbg-kft\/","og_site_name":"JAS FBG","article_modified_time":"2026-03-03T11:18:02+00:00","twitter_card":"summary_large_image","twitter_misc":{"\u041f\u0440\u0438\u043c\u0435\u0440\u043d\u043e\u0435 \u0432\u0440\u0435\u043c\u044f \u0434\u043b\u044f \u0447\u0442\u0435\u043d\u0438\u044f":"1 \u043c\u0438\u043d\u0443\u0442\u0430"},"schema":{"@context":"https:\/\/schema.org","@graph":[{"@type":"WebPage","@id":"https:\/\/www.jasfbg.com.pl\/ru\/o-firme\/osnovnye-dannye\/jas-fbg-kft\/","url":"https:\/\/www.jasfbg.com.pl\/ru\/o-firme\/osnovnye-dannye\/jas-fbg-kft\/","name":"JAS-FBG kft - JAS FBG","isPartOf":{"@id":"https:\/\/www.jasfbg.com.pl\/#website"},"datePublished":"2018-11-02T11:31:29+00:00","dateModified":"2026-03-03T11:18:02+00:00","breadcrumb":{"@id":"https:\/\/www.jasfbg.com.pl\/ru\/o-firme\/osnovnye-dannye\/jas-fbg-kft\/#breadcrumb"},"inLanguage":"ru-RU","potentialAction":[{"@type":"ReadAction","target":["https:\/\/www.jasfbg.com.pl\/ru\/o-firme\/osnovnye-dannye\/jas-fbg-kft\/"]}]},{"@type":"BreadcrumbList","@id":"https:\/\/www.jasfbg.com.pl\/ru\/o-firme\/osnovnye-dannye\/jas-fbg-kft\/#breadcrumb","itemListElement":[{"@type":"ListItem","position":1,"name":"JAS-FBG S.A.","item":"https:\/\/www.jasfbg.com.pl\/ru\/"},{"@type":"ListItem","position":2,"name":"\u041e \u0444\u0438\u0440\u043c\u0435","item":"https:\/\/www.jasfbg.com.pl\/ru\/o-firme\/"},{"@type":"ListItem","position":3,"name":"\u041e\u0441\u043d\u043e\u0432\u043d\u044b\u0435 \u0434\u0430\u043d\u043d\u044b\u0435","item":"https:\/\/www.jasfbg.com.pl\/ru\/o-firme\/osnovnye-dannye\/"},{"@type":"ListItem","position":4,"name":"JAS-FBG kft"}]},{"@type":"WebSite","@id":"https:\/\/www.jasfbg.com.pl\/#website","url":"https:\/\/www.jasfbg.com.pl\/","name":"JAS FBG","description":"Twoja Logistyka","potentialAction":[{"@type":"SearchAction","target":{"@type":"EntryPoint","urlTemplate":"https:\/\/www.jasfbg.com.pl\/?s={search_term_string}"},"query-input":{"@type":"PropertyValueSpecification","valueRequired":true,"valueName":"search_term_string"}}],"inLanguage":"ru-RU"}]}},"_links":{"self":[{"href":"https:\/\/www.jasfbg.com.pl\/ru\/wp-json\/wp\/v2\/pages\/6174","targetHints":{"allow":["GET"]}}],"collection":[{"href":"https:\/\/www.jasfbg.com.pl\/ru\/wp-json\/wp\/v2\/pages"}],"about":[{"href":"https:\/\/www.jasfbg.com.pl\/ru\/wp-json\/wp\/v2\/types\/page"}],"author":[{"embeddable":true,"href":"https:\/\/www.jasfbg.com.pl\/ru\/wp-json\/wp\/v2\/users\/1"}],"replies":[{"embeddable":true,"href":"https:\/\/www.jasfbg.com.pl\/ru\/wp-json\/wp\/v2\/comments?post=6174"}],"version-history":[{"count":6,"href":"https:\/\/www.jasfbg.com.pl\/ru\/wp-json\/wp\/v2\/pages\/6174\/revisions"}],"predecessor-version":[{"id":22493,"href":"https:\/\/www.jasfbg.com.pl\/ru\/wp-json\/wp\/v2\/pages\/6174\/revisions\/22493"}],"up":[{"embeddable":true,"href":"https:\/\/www.jasfbg.com.pl\/ru\/wp-json\/wp\/v2\/pages\/730"}],"wp:attachment":[{"href":"https:\/\/www.jasfbg.com.pl\/ru\/wp-json\/wp\/v2\/media?parent=6174"}],"curies":[{"name":"wp","href":"https:\/\/api.w.org\/{rel}","templated":true}]}}