{"id":732,"date":"2017-10-10T13:15:46","date_gmt":"2017-10-10T11:15:46","guid":{"rendered":"https:\/\/www.jasfbg.com.pl\/?page_id=732\/"},"modified":"2024-12-12T08:43:16","modified_gmt":"2024-12-12T07:43:16","slug":"nashi-klienty","status":"publish","type":"page","link":"https:\/\/www.jasfbg.com.pl\/ru\/o-firme\/nashi-klienty\/","title":{"rendered":"\u041d\u0430\u0448\u0438 \u043a\u043b\u0438\u0435\u043d\u0442\u044b"},"content":{"rendered":"<div class=\"col-margin\"><\/div>\n<p>\u041d\u0435\u0441\u043a\u043e\u043b\u044c\u043a\u043e \u0442\u044b\u0441\u044f\u0447 \u043a\u043e\u043c\u043f\u0430\u043d\u0438\u0439 \u0443\u0436\u0435 \u0431\u044b\u043b\u0438 \u0443\u0432\u0435\u0440\u0435\u043d\u044b \u0432 \u0432\u044b\u0441\u043e\u043a\u043e\u043c \u043a\u0430\u0447\u0435\u0441\u0442\u0432\u0435 \u043d\u0430\u0448\u0438\u0445 \u0443\u0441\u043b\u0443\u0433, \u0432 \u0442\u043e\u043c \u0447\u0438\u0441\u043b\u0435:<br \/>\n<div class=\"row\"><br \/>\n<div class=\"col col-2\"><\/p>\n<ul>\n<li>4PL Central Station Nordic Ab<\/li>\n<li>Agrolok sp. z&nbsp;o.o.<\/li>\n<li>Albaad Poland sp. z&nbsp;o.o.<\/li>\n<li>Ampol-Merol sp. z&nbsp;o.o.<\/li>\n<li>Animex Foods sp. z&nbsp;o.o.<\/li>\n<li>Arcese Espana S.A.U.<\/li>\n<li>Atlas sp. z&nbsp;o.o.<\/li>\n<li>Audi Aktiengesellschaft<\/li>\n<li>Auta Marocchi S.P.A.<\/li>\n<li>Bel-Pol sp. z&nbsp;o.o.<\/li>\n<li>Bio4Future Polska sp. z&nbsp;o.o.<\/li>\n<li>Bonavita Spol.s.r.o.<\/li>\n<li>Brose Sitech sp. z&nbsp;o.o<\/li>\n<li>Bunge Polska sp. z&nbsp;o.o.<\/li>\n<li>Cargill Poland sp. z&nbsp;o.o<\/li>\n<li>Cerrad sp. z&nbsp;o.o.<\/li>\n<li>Cl Warneton S.A.<\/li>\n<li>Corab SA<\/li>\n<li>Dijo Baking sp. z&nbsp;o.o.<\/li>\n<li>Falken Trade sp. z&nbsp;o.o.<\/li>\n<li>Farby Kabe Polska sp. z&nbsp;o.o.<\/li>\n<li>Goller Logistik Gmbh<\/li>\n<li>Greenyard Frozen Poland sp. z&nbsp;o.o.<\/li>\n<li>Hitachi Astemo Poland sp. z&nbsp;o.o.<\/li>\n<li>Indrol sp. z&nbsp;o.o. sp. k.<\/li>\n<li>Inter Europol S.A.<\/li>\n<li>Karl Knauer Poland sp. z&nbsp;o.o.<\/li>\n<li>KGL SA<\/li>\n<li>Kilargo sp. z&nbsp;o.o.<\/li>\n<li>Lambertz Polonia sp. z&nbsp;o.o.<\/li>\n<li>Laschinger Seafood Gmbh<\/li>\n<li>Lasland sp. z&nbsp;o.o.<\/li>\n<li>Le &amp; Co Ing. Jiri Lenc s.r.o.<\/li>\n<\/ul>\n<p><\/div><\/p>\n<div class=\"col col-2\"><\/p>\n<ul>\n<li>Manuli Ekobal sp. z&nbsp;o.o.<\/li>\n<li>Mapei Polska sp. z&nbsp;o.o.<\/li>\n<li>Maurice Ward&amp;Co. s.r.o.<\/li>\n<li>MW Food sp. z&nbsp;o.o.<\/li>\n<li>Nexler sp. z&nbsp;o.o.<\/li>\n<li>Nowel sp. z&nbsp;o.o.<\/li>\n<li>Okr\u0119gowa Sp\u00f3\u0142dzielnia Mleczarska w&nbsp;Kole<\/li>\n<li>Okr\u0119gowa Sp\u00f3\u0142dzielnia Mleczarska w&nbsp;\u0141owiczu<\/li>\n<li>Paccor Polska sp. z&nbsp;o.o.<\/li>\n<li>Partner In Pet Food Poland SA<\/li>\n<li>Persan Polska S.A.<\/li>\n<li>Pet Food Grzesiak sp. j.<\/li>\n<li>Planta sp. z&nbsp;o.o.<\/li>\n<li>Polmlek sp. z&nbsp;o.o.<\/li>\n<li>Polski Ogr\u00f3d sp. z&nbsp;o.o.<\/li>\n<li>Po\u0142udniowy Koncern W\u0119glowy SA<\/li>\n<li>Przedsi\u0119biorstwo &#171;Rol-Ry\u017c&#187; sp. z&nbsp;o.o.<\/li>\n<li>Przedsi\u0119biorstwo Techniczno-Handlowe Certech sp. z&nbsp;o.o.<\/li>\n<li>Robert Bosch Gmbh<\/li>\n<li>Robert Bosch sp. z&nbsp;o.o.<\/li>\n<li>Saint-Gobain Construction Products Polska sp. z&nbsp;o.o.<\/li>\n<li>Saturn Lis Ceramika sp. j.<\/li>\n<li>Savana Group sp. z&nbsp;o.o.<\/li>\n<li>Smurfit Kappa Visurgis Hoya<\/li>\n<li>Sp\u00f3\u0142dzielnia Mleczarska Mlekovita<\/li>\n<li>Stellantis Espana<\/li>\n<li>\u015aredzka Sp\u00f3\u0142dzielnia Mleczarska Jana<\/li>\n<li>Tarczy\u0144ski SA<\/li>\n<li>Torrestir Transitarios Lda.<\/li>\n<li>Volkswagen Konzernlogistik Gmbh &amp; Co.Ohg<\/li>\n<li>Wodadlafirmy.PL sp. z&nbsp;o.o.<\/li>\n<li>ZS Cosmetics Gmbh<\/li>\n<li>\u017bywiec Zdr\u00f3j S.A.<\/li>\n<\/ul>\n<p><\/div>\n<p><\/div><\/p>\n<p>&nbsp;<\/p>\n","protected":false},"excerpt":{"rendered":"<p>\u041d\u0435\u0441\u043a\u043e\u043b\u044c\u043a\u043e \u0442\u044b\u0441\u044f\u0447 \u043a\u043e\u043c\u043f\u0430\u043d\u0438\u0439 \u0443\u0436\u0435 \u0431\u044b\u043b\u0438 \u0443\u0432\u0435\u0440\u0435\u043d\u044b \u0432 \u0432\u044b\u0441\u043e\u043a\u043e\u043c \u043a\u0430\u0447\u0435\u0441\u0442\u0432\u0435 \u043d\u0430\u0448\u0438\u0445 \u0443\u0441\u043b\u0443\u0433, \u0432 \u0442\u043e\u043c \u0447\u0438\u0441\u043b\u0435: &nbsp;<\/p>\n","protected":false},"author":1,"featured_media":0,"parent":674,"menu_order":6,"comment_status":"closed","ping_status":"closed","template":"templates\/o-firmie-referencje.php","meta":{"_acf_changed":false,"inline_featured_image":false,"footnotes":""},"class_list":["post-732","page","type-page","status-publish","hentry"],"acf":[],"yoast_head":"<!-- This site is optimized with the Yoast SEO plugin v27.5 - https:\/\/yoast.com\/product\/yoast-seo-wordpress\/ -->\n<title>\u041d\u0430\u0448\u0438 \u043a\u043b\u0438\u0435\u043d\u0442\u044b - JAS FBG<\/title>\n<meta name=\"robots\" content=\"index, follow, max-snippet:-1, max-image-preview:large, max-video-preview:-1\" \/>\n<link rel=\"canonical\" href=\"https:\/\/www.jasfbg.com.pl\/ru\/o-firme\/nashi-klienty\/\" \/>\n<meta property=\"og:locale\" content=\"ru_RU\" \/>\n<meta property=\"og:type\" content=\"article\" \/>\n<meta property=\"og:title\" content=\"\u041d\u0430\u0448\u0438 \u043a\u043b\u0438\u0435\u043d\u0442\u044b - JAS FBG\" \/>\n<meta property=\"og:description\" content=\"\u041d\u0435\u0441\u043a\u043e\u043b\u044c\u043a\u043e \u0442\u044b\u0441\u044f\u0447 \u043a\u043e\u043c\u043f\u0430\u043d\u0438\u0439 \u0443\u0436\u0435 \u0431\u044b\u043b\u0438 \u0443\u0432\u0435\u0440\u0435\u043d\u044b \u0432 \u0432\u044b\u0441\u043e\u043a\u043e\u043c \u043a\u0430\u0447\u0435\u0441\u0442\u0432\u0435 \u043d\u0430\u0448\u0438\u0445 \u0443\u0441\u043b\u0443\u0433, \u0432 \u0442\u043e\u043c \u0447\u0438\u0441\u043b\u0435: &nbsp;\" \/>\n<meta property=\"og:url\" content=\"https:\/\/www.jasfbg.com.pl\/ru\/o-firme\/nashi-klienty\/\" \/>\n<meta property=\"og:site_name\" content=\"JAS FBG\" \/>\n<meta property=\"article:modified_time\" content=\"2024-12-12T07:43:16+00:00\" \/>\n<meta name=\"twitter:card\" content=\"summary_large_image\" \/>\n<meta name=\"twitter:label1\" content=\"\u041f\u0440\u0438\u043c\u0435\u0440\u043d\u043e\u0435 \u0432\u0440\u0435\u043c\u044f \u0434\u043b\u044f \u0447\u0442\u0435\u043d\u0438\u044f\" \/>\n\t<meta name=\"twitter:data1\" content=\"2 \u043c\u0438\u043d\u0443\u0442\u044b\" \/>\n<script type=\"application\/ld+json\" class=\"yoast-schema-graph\">{\"@context\":\"https:\\\/\\\/schema.org\",\"@graph\":[{\"@type\":\"WebPage\",\"@id\":\"https:\\\/\\\/www.jasfbg.com.pl\\\/ru\\\/o-firme\\\/nashi-klienty\\\/\",\"url\":\"https:\\\/\\\/www.jasfbg.com.pl\\\/ru\\\/o-firme\\\/nashi-klienty\\\/\",\"name\":\"\u041d\u0430\u0448\u0438 \u043a\u043b\u0438\u0435\u043d\u0442\u044b - JAS FBG\",\"isPartOf\":{\"@id\":\"https:\\\/\\\/www.jasfbg.com.pl\\\/#website\"},\"datePublished\":\"2017-10-10T11:15:46+00:00\",\"dateModified\":\"2024-12-12T07:43:16+00:00\",\"breadcrumb\":{\"@id\":\"https:\\\/\\\/www.jasfbg.com.pl\\\/ru\\\/o-firme\\\/nashi-klienty\\\/#breadcrumb\"},\"inLanguage\":\"ru-RU\",\"potentialAction\":[{\"@type\":\"ReadAction\",\"target\":[\"https:\\\/\\\/www.jasfbg.com.pl\\\/ru\\\/o-firme\\\/nashi-klienty\\\/\"]}]},{\"@type\":\"BreadcrumbList\",\"@id\":\"https:\\\/\\\/www.jasfbg.com.pl\\\/ru\\\/o-firme\\\/nashi-klienty\\\/#breadcrumb\",\"itemListElement\":[{\"@type\":\"ListItem\",\"position\":1,\"name\":\"JAS-FBG S.A.\",\"item\":\"https:\\\/\\\/www.jasfbg.com.pl\\\/ru\\\/\"},{\"@type\":\"ListItem\",\"position\":2,\"name\":\"\u041e \u0444\u0438\u0440\u043c\u0435\",\"item\":\"https:\\\/\\\/www.jasfbg.com.pl\\\/ru\\\/o-firme\\\/\"},{\"@type\":\"ListItem\",\"position\":3,\"name\":\"\u041d\u0430\u0448\u0438 \u043a\u043b\u0438\u0435\u043d\u0442\u044b\"}]},{\"@type\":\"WebSite\",\"@id\":\"https:\\\/\\\/www.jasfbg.com.pl\\\/#website\",\"url\":\"https:\\\/\\\/www.jasfbg.com.pl\\\/\",\"name\":\"JAS FBG\",\"description\":\"Twoja Logistyka\",\"potentialAction\":[{\"@type\":\"SearchAction\",\"target\":{\"@type\":\"EntryPoint\",\"urlTemplate\":\"https:\\\/\\\/www.jasfbg.com.pl\\\/?s={search_term_string}\"},\"query-input\":{\"@type\":\"PropertyValueSpecification\",\"valueRequired\":true,\"valueName\":\"search_term_string\"}}],\"inLanguage\":\"ru-RU\"}]}<\/script>\n<!-- \/ Yoast SEO plugin. -->","yoast_head_json":{"title":"\u041d\u0430\u0448\u0438 \u043a\u043b\u0438\u0435\u043d\u0442\u044b - JAS FBG","robots":{"index":"index","follow":"follow","max-snippet":"max-snippet:-1","max-image-preview":"max-image-preview:large","max-video-preview":"max-video-preview:-1"},"canonical":"https:\/\/www.jasfbg.com.pl\/ru\/o-firme\/nashi-klienty\/","og_locale":"ru_RU","og_type":"article","og_title":"\u041d\u0430\u0448\u0438 \u043a\u043b\u0438\u0435\u043d\u0442\u044b - JAS FBG","og_description":"\u041d\u0435\u0441\u043a\u043e\u043b\u044c\u043a\u043e \u0442\u044b\u0441\u044f\u0447 \u043a\u043e\u043c\u043f\u0430\u043d\u0438\u0439 \u0443\u0436\u0435 \u0431\u044b\u043b\u0438 \u0443\u0432\u0435\u0440\u0435\u043d\u044b \u0432 \u0432\u044b\u0441\u043e\u043a\u043e\u043c \u043a\u0430\u0447\u0435\u0441\u0442\u0432\u0435 \u043d\u0430\u0448\u0438\u0445 \u0443\u0441\u043b\u0443\u0433, \u0432 \u0442\u043e\u043c \u0447\u0438\u0441\u043b\u0435: &nbsp;","og_url":"https:\/\/www.jasfbg.com.pl\/ru\/o-firme\/nashi-klienty\/","og_site_name":"JAS FBG","article_modified_time":"2024-12-12T07:43:16+00:00","twitter_card":"summary_large_image","twitter_misc":{"\u041f\u0440\u0438\u043c\u0435\u0440\u043d\u043e\u0435 \u0432\u0440\u0435\u043c\u044f \u0434\u043b\u044f \u0447\u0442\u0435\u043d\u0438\u044f":"2 \u043c\u0438\u043d\u0443\u0442\u044b"},"schema":{"@context":"https:\/\/schema.org","@graph":[{"@type":"WebPage","@id":"https:\/\/www.jasfbg.com.pl\/ru\/o-firme\/nashi-klienty\/","url":"https:\/\/www.jasfbg.com.pl\/ru\/o-firme\/nashi-klienty\/","name":"\u041d\u0430\u0448\u0438 \u043a\u043b\u0438\u0435\u043d\u0442\u044b - JAS FBG","isPartOf":{"@id":"https:\/\/www.jasfbg.com.pl\/#website"},"datePublished":"2017-10-10T11:15:46+00:00","dateModified":"2024-12-12T07:43:16+00:00","breadcrumb":{"@id":"https:\/\/www.jasfbg.com.pl\/ru\/o-firme\/nashi-klienty\/#breadcrumb"},"inLanguage":"ru-RU","potentialAction":[{"@type":"ReadAction","target":["https:\/\/www.jasfbg.com.pl\/ru\/o-firme\/nashi-klienty\/"]}]},{"@type":"BreadcrumbList","@id":"https:\/\/www.jasfbg.com.pl\/ru\/o-firme\/nashi-klienty\/#breadcrumb","itemListElement":[{"@type":"ListItem","position":1,"name":"JAS-FBG S.A.","item":"https:\/\/www.jasfbg.com.pl\/ru\/"},{"@type":"ListItem","position":2,"name":"\u041e \u0444\u0438\u0440\u043c\u0435","item":"https:\/\/www.jasfbg.com.pl\/ru\/o-firme\/"},{"@type":"ListItem","position":3,"name":"\u041d\u0430\u0448\u0438 \u043a\u043b\u0438\u0435\u043d\u0442\u044b"}]},{"@type":"WebSite","@id":"https:\/\/www.jasfbg.com.pl\/#website","url":"https:\/\/www.jasfbg.com.pl\/","name":"JAS FBG","description":"Twoja Logistyka","potentialAction":[{"@type":"SearchAction","target":{"@type":"EntryPoint","urlTemplate":"https:\/\/www.jasfbg.com.pl\/?s={search_term_string}"},"query-input":{"@type":"PropertyValueSpecification","valueRequired":true,"valueName":"search_term_string"}}],"inLanguage":"ru-RU"}]}},"_links":{"self":[{"href":"https:\/\/www.jasfbg.com.pl\/ru\/wp-json\/wp\/v2\/pages\/732","targetHints":{"allow":["GET"]}}],"collection":[{"href":"https:\/\/www.jasfbg.com.pl\/ru\/wp-json\/wp\/v2\/pages"}],"about":[{"href":"https:\/\/www.jasfbg.com.pl\/ru\/wp-json\/wp\/v2\/types\/page"}],"author":[{"embeddable":true,"href":"https:\/\/www.jasfbg.com.pl\/ru\/wp-json\/wp\/v2\/users\/1"}],"replies":[{"embeddable":true,"href":"https:\/\/www.jasfbg.com.pl\/ru\/wp-json\/wp\/v2\/comments?post=732"}],"version-history":[{"count":11,"href":"https:\/\/www.jasfbg.com.pl\/ru\/wp-json\/wp\/v2\/pages\/732\/revisions"}],"predecessor-version":[{"id":19957,"href":"https:\/\/www.jasfbg.com.pl\/ru\/wp-json\/wp\/v2\/pages\/732\/revisions\/19957"}],"up":[{"embeddable":true,"href":"https:\/\/www.jasfbg.com.pl\/ru\/wp-json\/wp\/v2\/pages\/674"}],"wp:attachment":[{"href":"https:\/\/www.jasfbg.com.pl\/ru\/wp-json\/wp\/v2\/media?parent=732"}],"curies":[{"name":"wp","href":"https:\/\/api.w.org\/{rel}","templated":true}]}}