{"id":749,"date":"2017-10-10T13:22:28","date_gmt":"2017-10-10T11:22:28","guid":{"rendered":"https:\/\/www.jasfbg.com.pl\/?page_id=749\/"},"modified":"2018-03-27T09:52:45","modified_gmt":"2018-03-27T07:52:45","slug":"dlya-perevozchika","status":"publish","type":"page","link":"https:\/\/www.jasfbg.com.pl\/ru\/dlya-perevozchika\/","title":{"rendered":"\u0414\u043b\u044f \u043f\u0435\u0440\u0435\u0432\u043e\u0437\u0447\u0438\u043a\u0430"},"content":{"rendered":"<div class=\"row\"><\/p>\n<p class=\"western\" lang=\"pl-PL\" align=\"justify\">Przekonaj si\u0119, jakie korzy\u015bci odniesiesz wsp\u00f3\u0142pracuj\u0105c z&nbsp;nami. Sprawd\u017a zalety d\u0142ugoterminowej umowy. Zale\u017cy Ci na&nbsp;regularnych zleceniach i&nbsp;korzystnych stawkach przewozowych? A mo\u017ce chcia\u0142by\u015b zrealizowa\u0107 w\u0142asny pomys\u0142 wsp\u00f3\u0142pracy z&nbsp;nami? Wsp\u00f3\u0142praca ze&nbsp;stabiln\u0105 firm\u0105 o&nbsp;ugruntowanej pozycji na&nbsp;rynku, zapewni Ci poczucie komfortu i&nbsp;bezpiecze\u0144stwa.<\/p>\n<p lang=\"pl-PL\" align=\"justify\"><div class=\"hr\"><\/div><\/p>\n<p><\/div>\n","protected":false},"excerpt":{"rendered":"","protected":false},"author":1,"featured_media":0,"parent":0,"menu_order":19,"comment_status":"closed","ping_status":"closed","template":"","meta":{"_acf_changed":false,"inline_featured_image":false,"footnotes":""},"class_list":["post-749","page","type-page","status-publish","hentry"],"acf":[],"yoast_head":"<!-- This site is optimized with the Yoast SEO plugin v27.5 - https:\/\/yoast.com\/product\/yoast-seo-wordpress\/ -->\n<title>\u0414\u043b\u044f \u043f\u0435\u0440\u0435\u0432\u043e\u0437\u0447\u0438\u043a\u0430 - JAS FBG<\/title>\n<meta name=\"robots\" content=\"index, follow, max-snippet:-1, max-image-preview:large, max-video-preview:-1\" \/>\n<link rel=\"canonical\" href=\"https:\/\/www.jasfbg.com.pl\/ru\/dlya-perevozchika\/\" \/>\n<meta property=\"og:locale\" content=\"ru_RU\" \/>\n<meta property=\"og:type\" content=\"article\" \/>\n<meta property=\"og:title\" content=\"\u0414\u043b\u044f \u043f\u0435\u0440\u0435\u0432\u043e\u0437\u0447\u0438\u043a\u0430 - JAS FBG\" \/>\n<meta property=\"og:url\" content=\"https:\/\/www.jasfbg.com.pl\/ru\/dlya-perevozchika\/\" \/>\n<meta property=\"og:site_name\" content=\"JAS FBG\" \/>\n<meta property=\"article:modified_time\" content=\"2018-03-27T07:52:45+00:00\" \/>\n<meta name=\"twitter:card\" content=\"summary_large_image\" \/>\n<script type=\"application\/ld+json\" class=\"yoast-schema-graph\">{\"@context\":\"https:\\\/\\\/schema.org\",\"@graph\":[{\"@type\":\"WebPage\",\"@id\":\"https:\\\/\\\/www.jasfbg.com.pl\\\/ru\\\/dlya-perevozchika\\\/\",\"url\":\"https:\\\/\\\/www.jasfbg.com.pl\\\/ru\\\/dlya-perevozchika\\\/\",\"name\":\"\u0414\u043b\u044f \u043f\u0435\u0440\u0435\u0432\u043e\u0437\u0447\u0438\u043a\u0430 - JAS FBG\",\"isPartOf\":{\"@id\":\"https:\\\/\\\/www.jasfbg.com.pl\\\/#website\"},\"datePublished\":\"2017-10-10T11:22:28+00:00\",\"dateModified\":\"2018-03-27T07:52:45+00:00\",\"breadcrumb\":{\"@id\":\"https:\\\/\\\/www.jasfbg.com.pl\\\/ru\\\/dlya-perevozchika\\\/#breadcrumb\"},\"inLanguage\":\"ru-RU\",\"potentialAction\":[{\"@type\":\"ReadAction\",\"target\":[\"https:\\\/\\\/www.jasfbg.com.pl\\\/ru\\\/dlya-perevozchika\\\/\"]}]},{\"@type\":\"BreadcrumbList\",\"@id\":\"https:\\\/\\\/www.jasfbg.com.pl\\\/ru\\\/dlya-perevozchika\\\/#breadcrumb\",\"itemListElement\":[{\"@type\":\"ListItem\",\"position\":1,\"name\":\"JAS-FBG S.A.\",\"item\":\"https:\\\/\\\/www.jasfbg.com.pl\\\/ru\\\/\"},{\"@type\":\"ListItem\",\"position\":2,\"name\":\"\u0414\u043b\u044f \u043f\u0435\u0440\u0435\u0432\u043e\u0437\u0447\u0438\u043a\u0430\"}]},{\"@type\":\"WebSite\",\"@id\":\"https:\\\/\\\/www.jasfbg.com.pl\\\/#website\",\"url\":\"https:\\\/\\\/www.jasfbg.com.pl\\\/\",\"name\":\"JAS FBG\",\"description\":\"Twoja Logistyka\",\"potentialAction\":[{\"@type\":\"SearchAction\",\"target\":{\"@type\":\"EntryPoint\",\"urlTemplate\":\"https:\\\/\\\/www.jasfbg.com.pl\\\/?s={search_term_string}\"},\"query-input\":{\"@type\":\"PropertyValueSpecification\",\"valueRequired\":true,\"valueName\":\"search_term_string\"}}],\"inLanguage\":\"ru-RU\"}]}<\/script>\n<!-- \/ Yoast SEO plugin. -->","yoast_head_json":{"title":"\u0414\u043b\u044f \u043f\u0435\u0440\u0435\u0432\u043e\u0437\u0447\u0438\u043a\u0430 - JAS FBG","robots":{"index":"index","follow":"follow","max-snippet":"max-snippet:-1","max-image-preview":"max-image-preview:large","max-video-preview":"max-video-preview:-1"},"canonical":"https:\/\/www.jasfbg.com.pl\/ru\/dlya-perevozchika\/","og_locale":"ru_RU","og_type":"article","og_title":"\u0414\u043b\u044f \u043f\u0435\u0440\u0435\u0432\u043e\u0437\u0447\u0438\u043a\u0430 - JAS FBG","og_url":"https:\/\/www.jasfbg.com.pl\/ru\/dlya-perevozchika\/","og_site_name":"JAS FBG","article_modified_time":"2018-03-27T07:52:45+00:00","twitter_card":"summary_large_image","schema":{"@context":"https:\/\/schema.org","@graph":[{"@type":"WebPage","@id":"https:\/\/www.jasfbg.com.pl\/ru\/dlya-perevozchika\/","url":"https:\/\/www.jasfbg.com.pl\/ru\/dlya-perevozchika\/","name":"\u0414\u043b\u044f \u043f\u0435\u0440\u0435\u0432\u043e\u0437\u0447\u0438\u043a\u0430 - JAS FBG","isPartOf":{"@id":"https:\/\/www.jasfbg.com.pl\/#website"},"datePublished":"2017-10-10T11:22:28+00:00","dateModified":"2018-03-27T07:52:45+00:00","breadcrumb":{"@id":"https:\/\/www.jasfbg.com.pl\/ru\/dlya-perevozchika\/#breadcrumb"},"inLanguage":"ru-RU","potentialAction":[{"@type":"ReadAction","target":["https:\/\/www.jasfbg.com.pl\/ru\/dlya-perevozchika\/"]}]},{"@type":"BreadcrumbList","@id":"https:\/\/www.jasfbg.com.pl\/ru\/dlya-perevozchika\/#breadcrumb","itemListElement":[{"@type":"ListItem","position":1,"name":"JAS-FBG S.A.","item":"https:\/\/www.jasfbg.com.pl\/ru\/"},{"@type":"ListItem","position":2,"name":"\u0414\u043b\u044f \u043f\u0435\u0440\u0435\u0432\u043e\u0437\u0447\u0438\u043a\u0430"}]},{"@type":"WebSite","@id":"https:\/\/www.jasfbg.com.pl\/#website","url":"https:\/\/www.jasfbg.com.pl\/","name":"JAS FBG","description":"Twoja Logistyka","potentialAction":[{"@type":"SearchAction","target":{"@type":"EntryPoint","urlTemplate":"https:\/\/www.jasfbg.com.pl\/?s={search_term_string}"},"query-input":{"@type":"PropertyValueSpecification","valueRequired":true,"valueName":"search_term_string"}}],"inLanguage":"ru-RU"}]}},"_links":{"self":[{"href":"https:\/\/www.jasfbg.com.pl\/ru\/wp-json\/wp\/v2\/pages\/749","targetHints":{"allow":["GET"]}}],"collection":[{"href":"https:\/\/www.jasfbg.com.pl\/ru\/wp-json\/wp\/v2\/pages"}],"about":[{"href":"https:\/\/www.jasfbg.com.pl\/ru\/wp-json\/wp\/v2\/types\/page"}],"author":[{"embeddable":true,"href":"https:\/\/www.jasfbg.com.pl\/ru\/wp-json\/wp\/v2\/users\/1"}],"replies":[{"embeddable":true,"href":"https:\/\/www.jasfbg.com.pl\/ru\/wp-json\/wp\/v2\/comments?post=749"}],"version-history":[{"count":8,"href":"https:\/\/www.jasfbg.com.pl\/ru\/wp-json\/wp\/v2\/pages\/749\/revisions"}],"predecessor-version":[{"id":3830,"href":"https:\/\/www.jasfbg.com.pl\/ru\/wp-json\/wp\/v2\/pages\/749\/revisions\/3830"}],"wp:attachment":[{"href":"https:\/\/www.jasfbg.com.pl\/ru\/wp-json\/wp\/v2\/media?parent=749"}],"curies":[{"name":"wp","href":"https:\/\/api.w.org\/{rel}","templated":true}]}}